{"id":3292,"date":"2024-05-27T10:26:33","date_gmt":"2024-05-27T08:26:33","guid":{"rendered":"https:\/\/bnuto.cultura.gov.it\/?page_id=3292"},"modified":"2025-09-04T11:31:11","modified_gmt":"2025-09-04T09:31:11","slug":"miniatura-n-14-f-251r","status":"publish","type":"page","link":"https:\/\/bnuto.cultura.gov.it\/fr\/patrimonio-digitale\/c-plinius-secundus-historia-naturalis\/miniatura-n-14-f-251r\/","title":{"rendered":"Miniatura n. 14 \u2013 f. 251r"},"content":{"rendered":"\n<h3 class=\"wp-block-heading has-text-color has-link-color wp-elements-a650d9248dbe26f49ce0604b873335a2\" style=\"color:#00496f;font-size:26px;font-style:normal;font-weight:600\"><strong>Miniatura n. 14 \u2013 f. 251r<\/strong><\/h3>\n\n\n\n<p class=\"has-text-color has-link-color wp-elements-1c2013992c43d2d47b25131222f2a6fe\" style=\"color:#00496f;font-size:21px;font-style:normal;font-weight:600\">Libro XVIII (Naturae frugum)<\/p>\n\n\n\n<div class=\"wp-block-getwid-image-hotspot\" data-appearance-animation=\"none\" data-image-points=\"[{&quot;link&quot;:&quot;&quot;,&quot;icon&quot;:&quot;fas fa-plus&quot;,&quot;title&quot;:&quot;Iniziale S&quot;,&quot;color&quot;:&quot;#ffffff&quot;,&quot;content&quot;:&quot;<div class=\\&quot;open-point\\&quot;&gt;\\n<div class=\\&quot;container-open-point\\&quot;&gt;\\n<p&gt;\\nin oro in forma di gioiello posta entro riquadro lapideo porpora;  \\n<\/p&gt;\\n<div class=\\&quot;container-img\\&quot;&gt;\\n<img src=\\&quot;\/wp-content\/uploads\/2024\/05\/MINIATURA_14_S.jpg\\&quot;&gt;\\n\\n<\/div&gt;\\n<\/div&gt;\\n<\/div&gt;&quot;,&quot;backgroundColor&quot;:&quot;#e8b916&quot;,&quot;newTab&quot;:false,&quot;popUpOpen&quot;:false,&quot;popUpWidth&quot;:&quot;&quot;,&quot;placement&quot;:&quot;bottom&quot;,&quot;position&quot;:{&quot;x&quot;:&quot;12.20%&quot;,&quot;y&quot;:&quot;53.64%&quot;}},{&quot;link&quot;:&quot;&quot;,&quot;icon&quot;:&quot;fas fa-plus&quot;,&quot;title&quot;:&quot;Miniatura&quot;,&quot;color&quot;:&quot;&quot;,&quot;content&quot;:&quot;<div class=\\&quot;open-point\\&quot;&gt;\\n<div class=\\&quot;container-open-point\\&quot;&gt;\\n<p&gt;\\n\u00c8 uno dei tondi pi\u00f9 acclamati dalla critica storico artistica che si \u00e8 occupata del manoscritto tanto che, per la qualit\u00e0 della resa grafica e la luminosit\u00e0 della scena, si \u00e8 proposta anche un\u2019attribuzione ad Andrea Mantegna. Un giovane di spalle con in mano un ramo sorveglia l\u2019andare di due buoi che trascinano l\u2019aratro; alla sua destra \u00e8 visibile un altro contadino intento a guidare l\u2019aratro con cappello da sole rotondo, indossato anche da altre figure dipinte nel manoscritto da Guindaleri.  \\n<\/p&gt;\\n<div class=\\&quot;container-img\\&quot;&gt;\\n<img src=\\&quot;\/wp-content\/uploads\/2024\/05\/MINIATURA_14_tondo.jpg\\&quot;&gt;\\n\\n<\/div&gt;\\n<\/div&gt;\\n<\/div&gt;&quot;,&quot;backgroundColor&quot;:&quot;#e8b916&quot;,&quot;newTab&quot;:false,&quot;popUpOpen&quot;:false,&quot;popUpWidth&quot;:&quot;&quot;,&quot;placement&quot;:&quot;bottom&quot;,&quot;position&quot;:{&quot;x&quot;:&quot;26.73%&quot;,&quot;y&quot;:&quot;77.48%&quot;}},{&quot;link&quot;:&quot;&quot;,&quot;icon&quot;:&quot;fas fa-plus&quot;,&quot;title&quot;:&quot;Margini&quot;,&quot;color&quot;:&quot;#ffffff&quot;,&quot;content&quot;:&quot;<div class=\\&quot;open-point\\&quot;&gt;\\n<div class=\\&quot;container-open-point\\&quot;&gt;\\n<p&gt;\\nfregio sui quattro margini, racchiuso entro cornice modanata, decorato a candelabre all\u2019antica in risparmiato su fondo blu; al centro del margine inferiore tondo con cornice modanata raffigurante una scena di aratura  \\n<\/p&gt;\\n<div class=\\&quot;container-img\\&quot;&gt;\\n<img src=\\&quot;\/wp-content\/uploads\/2024\/05\/MINIATURA_14_margine-e1716798188417.jpg\\&quot;&gt;\\n\\n<\/div&gt;\\n<\/div&gt;\\n<\/div&gt;&quot;,&quot;newTab&quot;:false,&quot;popUpOpen&quot;:false,&quot;popUpWidth&quot;:350,&quot;placement&quot;:&quot;top&quot;,&quot;position&quot;:{&quot;x&quot;:&quot;76.49%&quot;,&quot;y&quot;:&quot;72.59%&quot;},&quot;backgroundColor&quot;:&quot;#e8b916&quot;}]\" data-trigger=\"multiple\" data-theme=\"light\" data-tooltip-animation=\"shift-toward\" data-arrow=\"true\"><div class=\"wp-block-getwid-image-hotspot__wrapper\"><img loading=\"lazy\" decoding=\"async\" width=\"1670\" height=\"2560\" src=\"https:\/\/bnuto.cultura.gov.it\/wp-content\/uploads\/2024\/05\/MINIATURA_14-scaled.jpg\" alt=\"\" class=\"wp-block-getwid-image-hotspot__image wp-image-3293\" srcset=\"https:\/\/bnuto.cultura.gov.it\/wp-content\/uploads\/2024\/05\/MINIATURA_14-scaled.jpg 1670w, https:\/\/bnuto.cultura.gov.it\/wp-content\/uploads\/2024\/05\/MINIATURA_14-196x300.jpg 196w, https:\/\/bnuto.cultura.gov.it\/wp-content\/uploads\/2024\/05\/MINIATURA_14-668x1024.jpg 668w, https:\/\/bnuto.cultura.gov.it\/wp-content\/uploads\/2024\/05\/MINIATURA_14-294x450.jpg 294w\" sizes=\"auto, (max-width: 1670px) 100vw, 1670px\" \/><div data-point-id=\"0\" class=\"wp-block-getwid-image-hotspot__dot has-animation-pulse\" style=\"left:12.20%;top:53.64%;background-color:#e8b916\"><div class=\"wp-block-getwid-image-hotspot__dot-wrapper\"><div style=\"color:#ffffff;font-size:20px\" class=\"wp-block-getwid-image-hotspot__dot-content\"><i class=\"fas fa-plus wp-block-getwid-image-hotspot__dot-icon\"><\/i><\/div><\/div><div class=\"wp-block-getwid-image-hotspot__dot-description\"><div class=\"wp-block-getwid-image-hotspot__dot-title\">Iniziale S<\/div><\/div><\/div><div data-point-id=\"1\" class=\"wp-block-getwid-image-hotspot__dot has-animation-pulse\" style=\"left:26.73%;top:77.48%;background-color:#e8b916\"><div class=\"wp-block-getwid-image-hotspot__dot-wrapper\"><div style=\"font-size:20px\" class=\"wp-block-getwid-image-hotspot__dot-content\"><i class=\"fas fa-plus wp-block-getwid-image-hotspot__dot-icon\"><\/i><\/div><\/div><div class=\"wp-block-getwid-image-hotspot__dot-description\"><div class=\"wp-block-getwid-image-hotspot__dot-title\">Miniatura<\/div><\/div><\/div><div data-point-id=\"2\" class=\"wp-block-getwid-image-hotspot__dot has-animation-pulse\" style=\"left:76.49%;top:72.59%;background-color:#e8b916\"><div class=\"wp-block-getwid-image-hotspot__dot-wrapper\"><div style=\"color:#ffffff;font-size:20px\" class=\"wp-block-getwid-image-hotspot__dot-content\"><i class=\"fas fa-plus wp-block-getwid-image-hotspot__dot-icon\"><\/i><\/div><\/div><div class=\"wp-block-getwid-image-hotspot__dot-description\"><div class=\"wp-block-getwid-image-hotspot__dot-title\">Margini<\/div><\/div><\/div><\/div><\/div>\n","protected":false},"excerpt":{"rendered":"<p>Miniatura n. 14 \u2013 f. 251r Libro XVIII (Naturae frugum)<\/p>\n","protected":false},"author":7,"featured_media":0,"parent":2670,"menu_order":0,"comment_status":"closed","ping_status":"closed","template":"","meta":{"_acf_changed":false,"footnotes":""},"category_page":[],"class_list":["post-3292","page","type-page","status-publish","hentry"],"acf":[],"yoast_head":"<!-- This site is optimized with the Yoast SEO plugin v27.3 - https:\/\/yoast.com\/product\/yoast-seo-wordpress\/ -->\n<title>Miniatura n. 14 \u2013 f. 251r | Biblioteca Nazionale Universitaria di Torino<\/title>\n<meta name=\"robots\" content=\"index, follow, max-snippet:-1, max-image-preview:large, max-video-preview:-1\" \/>\n<link rel=\"canonical\" href=\"https:\/\/bnuto.cultura.gov.it\/fr\/patrimonio-digitale\/c-plinius-secundus-historia-naturalis\/miniatura-n-14-f-251r\/\" \/>\n<meta property=\"og:locale\" content=\"fr_FR\" \/>\n<meta property=\"og:type\" content=\"article\" \/>\n<meta property=\"og:title\" content=\"Miniatura n. 14 \u2013 f. 251r | Biblioteca Nazionale Universitaria di Torino\" \/>\n<meta property=\"og:description\" content=\"Miniatura n. 14 \u2013 f. 251r Libro XVIII (Naturae frugum)\" \/>\n<meta property=\"og:url\" content=\"https:\/\/bnuto.cultura.gov.it\/fr\/patrimonio-digitale\/c-plinius-secundus-historia-naturalis\/miniatura-n-14-f-251r\/\" \/>\n<meta property=\"og:site_name\" content=\"Biblioteca Nazionale Universitaria di Torino\" \/>\n<meta property=\"article:modified_time\" content=\"2025-09-04T09:31:11+00:00\" \/>\n<meta property=\"og:image\" content=\"https:\/\/bnuto.cultura.gov.it\/wp-content\/uploads\/2024\/05\/MINIATURA_14-scaled.jpg\" \/>\n\t<meta property=\"og:image:width\" content=\"1670\" \/>\n\t<meta property=\"og:image:height\" content=\"2560\" \/>\n\t<meta property=\"og:image:type\" content=\"image\/jpeg\" \/>\n<meta name=\"twitter:card\" content=\"summary_large_image\" \/>\n<meta name=\"twitter:label1\" content=\"Est. reading time\" \/>\n\t<meta name=\"twitter:data1\" content=\"1 minute\" \/>\n<script type=\"application\/ld+json\" class=\"yoast-schema-graph\">{\"@context\":\"https:\\\/\\\/schema.org\",\"@graph\":[{\"@type\":\"WebPage\",\"@id\":\"https:\\\/\\\/bnuto.cultura.gov.it\\\/fr\\\/patrimonio-digitale\\\/c-plinius-secundus-historia-naturalis\\\/miniatura-n-14-f-251r\\\/\",\"url\":\"https:\\\/\\\/bnuto.cultura.gov.it\\\/fr\\\/patrimonio-digitale\\\/c-plinius-secundus-historia-naturalis\\\/miniatura-n-14-f-251r\\\/\",\"name\":\"Miniatura n. 14 \u2013 f. 251r | Biblioteca Nazionale Universitaria di Torino\",\"isPartOf\":{\"@id\":\"https:\\\/\\\/bnuto.cultura.gov.it\\\/fr\\\/#website\"},\"primaryImageOfPage\":{\"@id\":\"https:\\\/\\\/bnuto.cultura.gov.it\\\/fr\\\/patrimonio-digitale\\\/c-plinius-secundus-historia-naturalis\\\/miniatura-n-14-f-251r\\\/#primaryimage\"},\"image\":{\"@id\":\"https:\\\/\\\/bnuto.cultura.gov.it\\\/fr\\\/patrimonio-digitale\\\/c-plinius-secundus-historia-naturalis\\\/miniatura-n-14-f-251r\\\/#primaryimage\"},\"thumbnailUrl\":\"https:\\\/\\\/bnuto.cultura.gov.it\\\/wp-content\\\/uploads\\\/2024\\\/05\\\/MINIATURA_14-scaled.jpg\",\"datePublished\":\"2024-05-27T08:26:33+00:00\",\"dateModified\":\"2025-09-04T09:31:11+00:00\",\"breadcrumb\":{\"@id\":\"https:\\\/\\\/bnuto.cultura.gov.it\\\/fr\\\/patrimonio-digitale\\\/c-plinius-secundus-historia-naturalis\\\/miniatura-n-14-f-251r\\\/#breadcrumb\"},\"inLanguage\":\"fr-FR\",\"potentialAction\":[{\"@type\":\"ReadAction\",\"target\":[\"https:\\\/\\\/bnuto.cultura.gov.it\\\/fr\\\/patrimonio-digitale\\\/c-plinius-secundus-historia-naturalis\\\/miniatura-n-14-f-251r\\\/\"]}]},{\"@type\":\"ImageObject\",\"inLanguage\":\"fr-FR\",\"@id\":\"https:\\\/\\\/bnuto.cultura.gov.it\\\/fr\\\/patrimonio-digitale\\\/c-plinius-secundus-historia-naturalis\\\/miniatura-n-14-f-251r\\\/#primaryimage\",\"url\":\"https:\\\/\\\/bnuto.cultura.gov.it\\\/wp-content\\\/uploads\\\/2024\\\/05\\\/MINIATURA_14-scaled.jpg\",\"contentUrl\":\"https:\\\/\\\/bnuto.cultura.gov.it\\\/wp-content\\\/uploads\\\/2024\\\/05\\\/MINIATURA_14-scaled.jpg\"},{\"@type\":\"BreadcrumbList\",\"@id\":\"https:\\\/\\\/bnuto.cultura.gov.it\\\/fr\\\/patrimonio-digitale\\\/c-plinius-secundus-historia-naturalis\\\/miniatura-n-14-f-251r\\\/#breadcrumb\",\"itemListElement\":[{\"@type\":\"ListItem\",\"position\":1,\"name\":\"Home\",\"item\":\"https:\\\/\\\/bnuto.cultura.gov.it\\\/fr\\\/\"},{\"@type\":\"ListItem\",\"position\":2,\"name\":\"Patrimonio in digitale\",\"item\":\"https:\\\/\\\/bnuto.cultura.gov.it\\\/fr\\\/patrimonio-digitale\\\/\"},{\"@type\":\"ListItem\",\"position\":3,\"name\":\"C. Plinius Secundus, Historia Naturalis\",\"item\":\"https:\\\/\\\/bnuto.cultura.gov.it\\\/fr\\\/patrimonio-digitale\\\/c-plinius-secundus-historia-naturalis\\\/\"},{\"@type\":\"ListItem\",\"position\":4,\"name\":\"Miniatura n. 14 \u2013 f. 251r\"}]},{\"@type\":\"WebSite\",\"@id\":\"https:\\\/\\\/bnuto.cultura.gov.it\\\/fr\\\/#website\",\"url\":\"https:\\\/\\\/bnuto.cultura.gov.it\\\/fr\\\/\",\"name\":\"Biblioteca Nazionale Universitaria di Torino\",\"description\":\"Un nuovo sito targato WordPress\",\"publisher\":{\"@id\":\"https:\\\/\\\/bnuto.cultura.gov.it\\\/fr\\\/#organization\"},\"potentialAction\":[{\"@type\":\"SearchAction\",\"target\":{\"@type\":\"EntryPoint\",\"urlTemplate\":\"https:\\\/\\\/bnuto.cultura.gov.it\\\/fr\\\/?s={search_term_string}\"},\"query-input\":{\"@type\":\"PropertyValueSpecification\",\"valueRequired\":true,\"valueName\":\"search_term_string\"}}],\"inLanguage\":\"fr-FR\"},{\"@type\":\"Organization\",\"@id\":\"https:\\\/\\\/bnuto.cultura.gov.it\\\/fr\\\/#organization\",\"name\":\"Biblioteca Nazionale Universitaria di Torino\",\"url\":\"https:\\\/\\\/bnuto.cultura.gov.it\\\/fr\\\/\",\"logo\":{\"@type\":\"ImageObject\",\"inLanguage\":\"fr-FR\",\"@id\":\"https:\\\/\\\/bnuto.cultura.gov.it\\\/fr\\\/#\\\/schema\\\/logo\\\/image\\\/\",\"url\":\"https:\\\/\\\/bnuto.cultura.gov.it\\\/wp-content\\\/uploads\\\/2022\\\/10\\\/logo-biblioteca-nazionale-nero.png\",\"contentUrl\":\"https:\\\/\\\/bnuto.cultura.gov.it\\\/wp-content\\\/uploads\\\/2022\\\/10\\\/logo-biblioteca-nazionale-nero.png\",\"width\":70,\"height\":77,\"caption\":\"Biblioteca Nazionale Universitaria di Torino\"},\"image\":{\"@id\":\"https:\\\/\\\/bnuto.cultura.gov.it\\\/fr\\\/#\\\/schema\\\/logo\\\/image\\\/\"}}]}<\/script>\n<!-- \/ Yoast SEO plugin. -->","yoast_head_json":{"title":"Miniatura n. 14 \u2013 f. 251r | Biblioteca Nazionale Universitaria di Torino","robots":{"index":"index","follow":"follow","max-snippet":"max-snippet:-1","max-image-preview":"max-image-preview:large","max-video-preview":"max-video-preview:-1"},"canonical":"https:\/\/bnuto.cultura.gov.it\/fr\/patrimonio-digitale\/c-plinius-secundus-historia-naturalis\/miniatura-n-14-f-251r\/","og_locale":"fr_FR","og_type":"article","og_title":"Miniatura n. 14 \u2013 f. 251r | Biblioteca Nazionale Universitaria di Torino","og_description":"Miniatura n. 14 \u2013 f. 251r Libro XVIII (Naturae frugum)","og_url":"https:\/\/bnuto.cultura.gov.it\/fr\/patrimonio-digitale\/c-plinius-secundus-historia-naturalis\/miniatura-n-14-f-251r\/","og_site_name":"Biblioteca Nazionale Universitaria di Torino","article_modified_time":"2025-09-04T09:31:11+00:00","og_image":[{"width":1670,"height":2560,"url":"https:\/\/bnuto.cultura.gov.it\/wp-content\/uploads\/2024\/05\/MINIATURA_14-scaled.jpg","type":"image\/jpeg"}],"twitter_card":"summary_large_image","twitter_misc":{"Est. reading time":"1 minute"},"schema":{"@context":"https:\/\/schema.org","@graph":[{"@type":"WebPage","@id":"https:\/\/bnuto.cultura.gov.it\/fr\/patrimonio-digitale\/c-plinius-secundus-historia-naturalis\/miniatura-n-14-f-251r\/","url":"https:\/\/bnuto.cultura.gov.it\/fr\/patrimonio-digitale\/c-plinius-secundus-historia-naturalis\/miniatura-n-14-f-251r\/","name":"Miniatura n. 14 \u2013 f. 251r | Biblioteca Nazionale Universitaria di Torino","isPartOf":{"@id":"https:\/\/bnuto.cultura.gov.it\/fr\/#website"},"primaryImageOfPage":{"@id":"https:\/\/bnuto.cultura.gov.it\/fr\/patrimonio-digitale\/c-plinius-secundus-historia-naturalis\/miniatura-n-14-f-251r\/#primaryimage"},"image":{"@id":"https:\/\/bnuto.cultura.gov.it\/fr\/patrimonio-digitale\/c-plinius-secundus-historia-naturalis\/miniatura-n-14-f-251r\/#primaryimage"},"thumbnailUrl":"https:\/\/bnuto.cultura.gov.it\/wp-content\/uploads\/2024\/05\/MINIATURA_14-scaled.jpg","datePublished":"2024-05-27T08:26:33+00:00","dateModified":"2025-09-04T09:31:11+00:00","breadcrumb":{"@id":"https:\/\/bnuto.cultura.gov.it\/fr\/patrimonio-digitale\/c-plinius-secundus-historia-naturalis\/miniatura-n-14-f-251r\/#breadcrumb"},"inLanguage":"fr-FR","potentialAction":[{"@type":"ReadAction","target":["https:\/\/bnuto.cultura.gov.it\/fr\/patrimonio-digitale\/c-plinius-secundus-historia-naturalis\/miniatura-n-14-f-251r\/"]}]},{"@type":"ImageObject","inLanguage":"fr-FR","@id":"https:\/\/bnuto.cultura.gov.it\/fr\/patrimonio-digitale\/c-plinius-secundus-historia-naturalis\/miniatura-n-14-f-251r\/#primaryimage","url":"https:\/\/bnuto.cultura.gov.it\/wp-content\/uploads\/2024\/05\/MINIATURA_14-scaled.jpg","contentUrl":"https:\/\/bnuto.cultura.gov.it\/wp-content\/uploads\/2024\/05\/MINIATURA_14-scaled.jpg"},{"@type":"BreadcrumbList","@id":"https:\/\/bnuto.cultura.gov.it\/fr\/patrimonio-digitale\/c-plinius-secundus-historia-naturalis\/miniatura-n-14-f-251r\/#breadcrumb","itemListElement":[{"@type":"ListItem","position":1,"name":"Home","item":"https:\/\/bnuto.cultura.gov.it\/fr\/"},{"@type":"ListItem","position":2,"name":"Patrimonio in digitale","item":"https:\/\/bnuto.cultura.gov.it\/fr\/patrimonio-digitale\/"},{"@type":"ListItem","position":3,"name":"C. Plinius Secundus, Historia Naturalis","item":"https:\/\/bnuto.cultura.gov.it\/fr\/patrimonio-digitale\/c-plinius-secundus-historia-naturalis\/"},{"@type":"ListItem","position":4,"name":"Miniatura n. 14 \u2013 f. 251r"}]},{"@type":"WebSite","@id":"https:\/\/bnuto.cultura.gov.it\/fr\/#website","url":"https:\/\/bnuto.cultura.gov.it\/fr\/","name":"Biblioteca Nazionale Universitaria di Torino","description":"Un nuovo sito targato WordPress","publisher":{"@id":"https:\/\/bnuto.cultura.gov.it\/fr\/#organization"},"potentialAction":[{"@type":"SearchAction","target":{"@type":"EntryPoint","urlTemplate":"https:\/\/bnuto.cultura.gov.it\/fr\/?s={search_term_string}"},"query-input":{"@type":"PropertyValueSpecification","valueRequired":true,"valueName":"search_term_string"}}],"inLanguage":"fr-FR"},{"@type":"Organization","@id":"https:\/\/bnuto.cultura.gov.it\/fr\/#organization","name":"Biblioteca Nazionale Universitaria di Torino","url":"https:\/\/bnuto.cultura.gov.it\/fr\/","logo":{"@type":"ImageObject","inLanguage":"fr-FR","@id":"https:\/\/bnuto.cultura.gov.it\/fr\/#\/schema\/logo\/image\/","url":"https:\/\/bnuto.cultura.gov.it\/wp-content\/uploads\/2022\/10\/logo-biblioteca-nazionale-nero.png","contentUrl":"https:\/\/bnuto.cultura.gov.it\/wp-content\/uploads\/2022\/10\/logo-biblioteca-nazionale-nero.png","width":70,"height":77,"caption":"Biblioteca Nazionale Universitaria di Torino"},"image":{"@id":"https:\/\/bnuto.cultura.gov.it\/fr\/#\/schema\/logo\/image\/"}}]}},"_links":{"self":[{"href":"https:\/\/bnuto.cultura.gov.it\/fr\/wp-json\/wp\/v2\/pages\/3292","targetHints":{"allow":["GET"]}}],"collection":[{"href":"https:\/\/bnuto.cultura.gov.it\/fr\/wp-json\/wp\/v2\/pages"}],"about":[{"href":"https:\/\/bnuto.cultura.gov.it\/fr\/wp-json\/wp\/v2\/types\/page"}],"author":[{"embeddable":true,"href":"https:\/\/bnuto.cultura.gov.it\/fr\/wp-json\/wp\/v2\/users\/7"}],"replies":[{"embeddable":true,"href":"https:\/\/bnuto.cultura.gov.it\/fr\/wp-json\/wp\/v2\/comments?post=3292"}],"version-history":[{"count":4,"href":"https:\/\/bnuto.cultura.gov.it\/fr\/wp-json\/wp\/v2\/pages\/3292\/revisions"}],"predecessor-version":[{"id":3304,"href":"https:\/\/bnuto.cultura.gov.it\/fr\/wp-json\/wp\/v2\/pages\/3292\/revisions\/3304"}],"up":[{"embeddable":true,"href":"https:\/\/bnuto.cultura.gov.it\/fr\/wp-json\/wp\/v2\/pages\/2670"}],"wp:attachment":[{"href":"https:\/\/bnuto.cultura.gov.it\/fr\/wp-json\/wp\/v2\/media?parent=3292"}],"wp:term":[{"taxonomy":"category_page","embeddable":true,"href":"https:\/\/bnuto.cultura.gov.it\/fr\/wp-json\/wp\/v2\/category_page?post=3292"}],"curies":[{"name":"wp","href":"https:\/\/api.w.org\/{rel}","templated":true}]}}