{"id":7131,"date":"2022-10-26T19:37:52","date_gmt":"2022-10-26T17:37:52","guid":{"rendered":"https:\/\/bnuto.cultura.gov.it\/vivaldi-manuscripts-foa-collection-and-giordano-collection\/"},"modified":"2026-02-13T09:29:40","modified_gmt":"2026-02-13T08:29:40","slug":"vivaldi-manuscripts-foa-collection-and-giordano-collection","status":"publish","type":"page","link":"https:\/\/bnuto.cultura.gov.it\/fr\/patrimoine\/vivaldi-manuscripts-foa-collection-and-giordano-collection\/","title":{"rendered":"Manuscrits Vivaldi : Collection Fo\u00e0 et Collection Giordano"},"content":{"rendered":"<section class=\"l-section wpb_row height_auto\"><div class=\"l-section-h i-cf\"><div class=\"g-cols vc_row via_flex valign_top type_default stacking_default\"><div class=\"vc_col-sm-12 wpb_column vc_column_container\"><div class=\"vc_column-inner\"><div class=\"wpb_wrapper\"><div class=\"wpb_text_column\"><div class=\"wpb_wrapper\"><p>Parmi les collections musicales de l&#8217;Institut, la collection Mauro Fo\u00e0 (compos\u00e9e de 87 manuscrits et 66 \u0153uvres imprim\u00e9es) et la collection Renzo Giordano (compos\u00e9e de 167 manuscrits et 145 \u0153uvres imprim\u00e9es) occupent une place pr\u00e9pond\u00e9rante. La valeur et l&#8217;unicit\u00e9 de ces deux collections r\u00e9sultent de la pr\u00e9sence d&#8217;\u0153uvres largement autographes d&#8217;Antonio Vivaldi, d&#8217;\u0153uvres d&#8217;Alessandro Stradella, de rares volumes de tablatures d&#8217;orgue allemandes du XVIIe si\u00e8cle, de partitions manuscrites et imprim\u00e9es de Gluck, Haydn, Traetta, Rameau, Favart, Philidor, ainsi que de manuscrits et d&#8217;\u00e9ditions imprim\u00e9es de compositions italiennes et fran\u00e7aises de la fin du XVIIIe si\u00e8cle et du d\u00e9but du XIXe si\u00e8cle.<\/p>\n<p>Les collections remontent presque enti\u00e8rement au comte Giacomo Durazzo (1717-1794), bibliophile et ambassadeur imp\u00e9rial aupr\u00e8s de la S\u00e9r\u00e9nissime : vers 1780, il acquiert un ensemble de manuscrits musicaux, dont les papiers d&#8217;Antonio Vivaldi, vendus par les h\u00e9ritiers de Vivaldi au s\u00e9nateur v\u00e9nitien Jacopo Soranzo (1686-1761), puis achet\u00e9s par le collectionneur Matteo Luigi Canonici (1727-1805) et enfin entr\u00e9s dans le patrimoine de Durazzo et de ses h\u00e9ritiers. Gr\u00e2ce au travail du professeur Alberto Gentili (professeur d&#8217;histoire de la musique \u00e0 l&#8217;universit\u00e9 de Turin, il a v\u00e9cu entre 1873 et 1954), de Luigi Torri (directeur de la biblioth\u00e8que entre 1918 et 1932) et du biblioth\u00e9caire Faustino Curlo (1867-1935), la collection de Durazzo est parvenue \u00e0 la biblioth\u00e8que de Turin entre 1922 et 1930, apr\u00e8s des vicissitudes consid\u00e9rables. L&#8217;acquisition des documents a \u00e9t\u00e9 rendue possible gr\u00e2ce \u00e0 la g\u00e9n\u00e9rosit\u00e9 de deux m\u00e9c\u00e8nes, l&#8217;agent de change Roberto Fo\u00e0 (1885-1957) et l&#8217;industriel du textile Filippo Giordano (1875-1952). Les deux collections ont \u00e9t\u00e9 nomm\u00e9es en m\u00e9moire des fils des deux donateurs, Mauro Fo\u00e0 et Renzo Giordano, tous deux d\u00e9c\u00e9d\u00e9s pr\u00e9matur\u00e9ment.<\/p>\n<p>Les documents qui composent les deux collections sont catalogu\u00e9s dans Isabella Fragal\u00e0 Data, Annarita Colturato, Raccolta Mauro Fo\u00e0, Raccolta Renzo Giordano. Rome, Torre d&#8217;Orfeo, 1987.<\/p>\n<p>L&#8217;<strong>ensemble des manuscrits de Vivaldi<\/strong> est num\u00e9ris\u00e9 et librement accessible sur le Portail culturel Internet (pour voir les images, <a href=\"https:\/\/www.internetculturale.it\/it\/41\/collezioni-digitali\/26210\/gli-autografi-di-antonio-vivaldi-nelle-raccolte-foa-e-giordano\" target=\"_blank\" rel=\"noopener\">cliquez ici<\/a>). Le m\u00eame portail propose \u00e9galement une s\u00e9lection d&#8217;autres documents musicaux provenant des collections Fo\u00e0 et Giordano : pour consulter ces documents, <a href=\"https:\/\/www.internetculturale.it\/it\/41\/collezioni-digitali\/26186\/raccolte-mauro-foa-e-renzo-giordano\" target=\"_blank\" rel=\"noopener\">cliquez ici<\/a>.<\/p>\n<\/div><\/div><div class=\"w-btn-wrapper align_none\"><a class=\"w-btn us-btn-style_2 us_custom_af6a9b6a\" href=\"https:\/\/bnuto.archibuzz.tech\/patrimonio-digitale\/?filter_collezione=manoscritti-vivaldiani\"><span class=\"w-btn-label\">D\u00e9couvrez la collection Fo\u00e0 &#8211; Giordano<\/span><\/a><\/div><\/div><\/div><\/div><\/div><\/div><\/section>\n","protected":false},"excerpt":{"rendered":"Parmi les collections musicales de l&#8217;Institut, la collection Mauro Fo\u00e0 (compos\u00e9e de 87 manuscrits et 66 \u0153uvres imprim\u00e9es) et la collection Renzo Giordano (compos\u00e9e de 167 manuscrits et 145 \u0153uvres imprim\u00e9es) occupent une place pr\u00e9pond\u00e9rante. La valeur et l&#8217;unicit\u00e9 de ces deux collections r\u00e9sultent de la pr\u00e9sence d&#8217;\u0153uvres largement autographes d&#8217;Antonio Vivaldi, d&#8217;\u0153uvres d&#8217;Alessandro Stradella,...","protected":false},"author":7,"featured_media":6983,"parent":8501,"menu_order":1,"comment_status":"closed","ping_status":"closed","template":"","meta":{"_acf_changed":false,"footnotes":""},"category_page":[8],"class_list":["post-7131","page","type-page","status-publish","has-post-thumbnail","hentry","category_page-collezioni"],"acf":[],"yoast_head":"<!-- This site is optimized with the Yoast SEO plugin v27.3 - https:\/\/yoast.com\/product\/yoast-seo-wordpress\/ -->\n<title>Manuscrits Vivaldi : Collection Fo\u00e0 et Collection Giordano | Biblioteca Nazionale Universitaria di Torino<\/title>\n<meta name=\"robots\" content=\"index, follow, max-snippet:-1, max-image-preview:large, max-video-preview:-1\" \/>\n<link rel=\"canonical\" href=\"https:\/\/bnuto.cultura.gov.it\/fr\/patrimoine\/vivaldi-manuscripts-foa-collection-and-giordano-collection\/\" \/>\n<meta property=\"og:locale\" content=\"fr_FR\" \/>\n<meta property=\"og:type\" content=\"article\" \/>\n<meta property=\"og:title\" content=\"Manuscrits Vivaldi : Collection Fo\u00e0 et Collection Giordano | Biblioteca Nazionale Universitaria di Torino\" \/>\n<meta property=\"og:url\" content=\"https:\/\/bnuto.cultura.gov.it\/fr\/patrimoine\/vivaldi-manuscripts-foa-collection-and-giordano-collection\/\" \/>\n<meta property=\"og:site_name\" content=\"Biblioteca Nazionale Universitaria di Torino\" \/>\n<meta property=\"article:modified_time\" content=\"2026-02-13T08:29:40+00:00\" \/>\n<meta property=\"og:image\" content=\"https:\/\/bnuto.cultura.gov.it\/wp-content\/uploads\/2025\/09\/raccolta-foa-giordano.png\" \/>\n\t<meta property=\"og:image:width\" content=\"360\" \/>\n\t<meta property=\"og:image:height\" content=\"296\" \/>\n\t<meta property=\"og:image:type\" content=\"image\/png\" \/>\n<meta name=\"twitter:card\" content=\"summary_large_image\" \/>\n<meta name=\"twitter:label1\" content=\"Est. reading time\" \/>\n\t<meta name=\"twitter:data1\" content=\"3 minutes\" \/>\n<script type=\"application\/ld+json\" class=\"yoast-schema-graph\">{\"@context\":\"https:\\\/\\\/schema.org\",\"@graph\":[{\"@type\":\"WebPage\",\"@id\":\"https:\\\/\\\/bnuto.cultura.gov.it\\\/fr\\\/patrimoine\\\/vivaldi-manuscripts-foa-collection-and-giordano-collection\\\/\",\"url\":\"https:\\\/\\\/bnuto.cultura.gov.it\\\/fr\\\/patrimoine\\\/vivaldi-manuscripts-foa-collection-and-giordano-collection\\\/\",\"name\":\"Manuscrits Vivaldi : Collection Fo\u00e0 et Collection Giordano | Biblioteca Nazionale Universitaria di Torino\",\"isPartOf\":{\"@id\":\"https:\\\/\\\/bnuto.cultura.gov.it\\\/fr\\\/#website\"},\"primaryImageOfPage\":{\"@id\":\"https:\\\/\\\/bnuto.cultura.gov.it\\\/fr\\\/patrimoine\\\/vivaldi-manuscripts-foa-collection-and-giordano-collection\\\/#primaryimage\"},\"image\":{\"@id\":\"https:\\\/\\\/bnuto.cultura.gov.it\\\/fr\\\/patrimoine\\\/vivaldi-manuscripts-foa-collection-and-giordano-collection\\\/#primaryimage\"},\"thumbnailUrl\":\"https:\\\/\\\/bnuto.cultura.gov.it\\\/wp-content\\\/uploads\\\/2025\\\/09\\\/raccolta-foa-giordano.png\",\"datePublished\":\"2022-10-26T17:37:52+00:00\",\"dateModified\":\"2026-02-13T08:29:40+00:00\",\"breadcrumb\":{\"@id\":\"https:\\\/\\\/bnuto.cultura.gov.it\\\/fr\\\/patrimoine\\\/vivaldi-manuscripts-foa-collection-and-giordano-collection\\\/#breadcrumb\"},\"inLanguage\":\"fr-FR\",\"potentialAction\":[{\"@type\":\"ReadAction\",\"target\":[\"https:\\\/\\\/bnuto.cultura.gov.it\\\/fr\\\/patrimoine\\\/vivaldi-manuscripts-foa-collection-and-giordano-collection\\\/\"]}]},{\"@type\":\"ImageObject\",\"inLanguage\":\"fr-FR\",\"@id\":\"https:\\\/\\\/bnuto.cultura.gov.it\\\/fr\\\/patrimoine\\\/vivaldi-manuscripts-foa-collection-and-giordano-collection\\\/#primaryimage\",\"url\":\"https:\\\/\\\/bnuto.cultura.gov.it\\\/wp-content\\\/uploads\\\/2025\\\/09\\\/raccolta-foa-giordano.png\",\"contentUrl\":\"https:\\\/\\\/bnuto.cultura.gov.it\\\/wp-content\\\/uploads\\\/2025\\\/09\\\/raccolta-foa-giordano.png\",\"width\":360,\"height\":296,\"caption\":\"Antonio Vivaldi, Vivaldi Concerto [RV365] (partition autographe du Concerto en si b\u00e9mol majeur pour violon, cordes et basse continue), ms. Fo\u00e0 31, c. 52r\"},{\"@type\":\"BreadcrumbList\",\"@id\":\"https:\\\/\\\/bnuto.cultura.gov.it\\\/fr\\\/patrimoine\\\/vivaldi-manuscripts-foa-collection-and-giordano-collection\\\/#breadcrumb\",\"itemListElement\":[{\"@type\":\"ListItem\",\"position\":1,\"name\":\"Home\",\"item\":\"https:\\\/\\\/bnuto.cultura.gov.it\\\/fr\\\/\"},{\"@type\":\"ListItem\",\"position\":2,\"name\":\"Collections\",\"item\":\"https:\\\/\\\/bnuto.cultura.gov.it\\\/fr\\\/patrimoine\\\/\"},{\"@type\":\"ListItem\",\"position\":3,\"name\":\"Manuscrits Vivaldi : Collection Fo\u00e0 et Collection Giordano\"}]},{\"@type\":\"WebSite\",\"@id\":\"https:\\\/\\\/bnuto.cultura.gov.it\\\/fr\\\/#website\",\"url\":\"https:\\\/\\\/bnuto.cultura.gov.it\\\/fr\\\/\",\"name\":\"Biblioteca Nazionale Universitaria di Torino\",\"description\":\"Un nuovo sito targato WordPress\",\"publisher\":{\"@id\":\"https:\\\/\\\/bnuto.cultura.gov.it\\\/fr\\\/#organization\"},\"potentialAction\":[{\"@type\":\"SearchAction\",\"target\":{\"@type\":\"EntryPoint\",\"urlTemplate\":\"https:\\\/\\\/bnuto.cultura.gov.it\\\/fr\\\/?s={search_term_string}\"},\"query-input\":{\"@type\":\"PropertyValueSpecification\",\"valueRequired\":true,\"valueName\":\"search_term_string\"}}],\"inLanguage\":\"fr-FR\"},{\"@type\":\"Organization\",\"@id\":\"https:\\\/\\\/bnuto.cultura.gov.it\\\/fr\\\/#organization\",\"name\":\"Biblioteca Nazionale Universitaria di Torino\",\"url\":\"https:\\\/\\\/bnuto.cultura.gov.it\\\/fr\\\/\",\"logo\":{\"@type\":\"ImageObject\",\"inLanguage\":\"fr-FR\",\"@id\":\"https:\\\/\\\/bnuto.cultura.gov.it\\\/fr\\\/#\\\/schema\\\/logo\\\/image\\\/\",\"url\":\"https:\\\/\\\/bnuto.cultura.gov.it\\\/wp-content\\\/uploads\\\/2022\\\/10\\\/logo-biblioteca-nazionale-nero.png\",\"contentUrl\":\"https:\\\/\\\/bnuto.cultura.gov.it\\\/wp-content\\\/uploads\\\/2022\\\/10\\\/logo-biblioteca-nazionale-nero.png\",\"width\":70,\"height\":77,\"caption\":\"Biblioteca Nazionale Universitaria di Torino\"},\"image\":{\"@id\":\"https:\\\/\\\/bnuto.cultura.gov.it\\\/fr\\\/#\\\/schema\\\/logo\\\/image\\\/\"}}]}<\/script>\n<!-- \/ Yoast SEO plugin. -->","yoast_head_json":{"title":"Manuscrits Vivaldi : Collection Fo\u00e0 et Collection Giordano | Biblioteca Nazionale Universitaria di Torino","robots":{"index":"index","follow":"follow","max-snippet":"max-snippet:-1","max-image-preview":"max-image-preview:large","max-video-preview":"max-video-preview:-1"},"canonical":"https:\/\/bnuto.cultura.gov.it\/fr\/patrimoine\/vivaldi-manuscripts-foa-collection-and-giordano-collection\/","og_locale":"fr_FR","og_type":"article","og_title":"Manuscrits Vivaldi : Collection Fo\u00e0 et Collection Giordano | Biblioteca Nazionale Universitaria di Torino","og_url":"https:\/\/bnuto.cultura.gov.it\/fr\/patrimoine\/vivaldi-manuscripts-foa-collection-and-giordano-collection\/","og_site_name":"Biblioteca Nazionale Universitaria di Torino","article_modified_time":"2026-02-13T08:29:40+00:00","og_image":[{"width":360,"height":296,"url":"https:\/\/bnuto.cultura.gov.it\/wp-content\/uploads\/2025\/09\/raccolta-foa-giordano.png","type":"image\/png"}],"twitter_card":"summary_large_image","twitter_misc":{"Est. reading time":"3 minutes"},"schema":{"@context":"https:\/\/schema.org","@graph":[{"@type":"WebPage","@id":"https:\/\/bnuto.cultura.gov.it\/fr\/patrimoine\/vivaldi-manuscripts-foa-collection-and-giordano-collection\/","url":"https:\/\/bnuto.cultura.gov.it\/fr\/patrimoine\/vivaldi-manuscripts-foa-collection-and-giordano-collection\/","name":"Manuscrits Vivaldi : Collection Fo\u00e0 et Collection Giordano | Biblioteca Nazionale Universitaria di Torino","isPartOf":{"@id":"https:\/\/bnuto.cultura.gov.it\/fr\/#website"},"primaryImageOfPage":{"@id":"https:\/\/bnuto.cultura.gov.it\/fr\/patrimoine\/vivaldi-manuscripts-foa-collection-and-giordano-collection\/#primaryimage"},"image":{"@id":"https:\/\/bnuto.cultura.gov.it\/fr\/patrimoine\/vivaldi-manuscripts-foa-collection-and-giordano-collection\/#primaryimage"},"thumbnailUrl":"https:\/\/bnuto.cultura.gov.it\/wp-content\/uploads\/2025\/09\/raccolta-foa-giordano.png","datePublished":"2022-10-26T17:37:52+00:00","dateModified":"2026-02-13T08:29:40+00:00","breadcrumb":{"@id":"https:\/\/bnuto.cultura.gov.it\/fr\/patrimoine\/vivaldi-manuscripts-foa-collection-and-giordano-collection\/#breadcrumb"},"inLanguage":"fr-FR","potentialAction":[{"@type":"ReadAction","target":["https:\/\/bnuto.cultura.gov.it\/fr\/patrimoine\/vivaldi-manuscripts-foa-collection-and-giordano-collection\/"]}]},{"@type":"ImageObject","inLanguage":"fr-FR","@id":"https:\/\/bnuto.cultura.gov.it\/fr\/patrimoine\/vivaldi-manuscripts-foa-collection-and-giordano-collection\/#primaryimage","url":"https:\/\/bnuto.cultura.gov.it\/wp-content\/uploads\/2025\/09\/raccolta-foa-giordano.png","contentUrl":"https:\/\/bnuto.cultura.gov.it\/wp-content\/uploads\/2025\/09\/raccolta-foa-giordano.png","width":360,"height":296,"caption":"Antonio Vivaldi, Vivaldi Concerto [RV365] (partition autographe du Concerto en si b\u00e9mol majeur pour violon, cordes et basse continue), ms. Fo\u00e0 31, c. 52r"},{"@type":"BreadcrumbList","@id":"https:\/\/bnuto.cultura.gov.it\/fr\/patrimoine\/vivaldi-manuscripts-foa-collection-and-giordano-collection\/#breadcrumb","itemListElement":[{"@type":"ListItem","position":1,"name":"Home","item":"https:\/\/bnuto.cultura.gov.it\/fr\/"},{"@type":"ListItem","position":2,"name":"Collections","item":"https:\/\/bnuto.cultura.gov.it\/fr\/patrimoine\/"},{"@type":"ListItem","position":3,"name":"Manuscrits Vivaldi : Collection Fo\u00e0 et Collection Giordano"}]},{"@type":"WebSite","@id":"https:\/\/bnuto.cultura.gov.it\/fr\/#website","url":"https:\/\/bnuto.cultura.gov.it\/fr\/","name":"Biblioteca Nazionale Universitaria di Torino","description":"Un nuovo sito targato WordPress","publisher":{"@id":"https:\/\/bnuto.cultura.gov.it\/fr\/#organization"},"potentialAction":[{"@type":"SearchAction","target":{"@type":"EntryPoint","urlTemplate":"https:\/\/bnuto.cultura.gov.it\/fr\/?s={search_term_string}"},"query-input":{"@type":"PropertyValueSpecification","valueRequired":true,"valueName":"search_term_string"}}],"inLanguage":"fr-FR"},{"@type":"Organization","@id":"https:\/\/bnuto.cultura.gov.it\/fr\/#organization","name":"Biblioteca Nazionale Universitaria di Torino","url":"https:\/\/bnuto.cultura.gov.it\/fr\/","logo":{"@type":"ImageObject","inLanguage":"fr-FR","@id":"https:\/\/bnuto.cultura.gov.it\/fr\/#\/schema\/logo\/image\/","url":"https:\/\/bnuto.cultura.gov.it\/wp-content\/uploads\/2022\/10\/logo-biblioteca-nazionale-nero.png","contentUrl":"https:\/\/bnuto.cultura.gov.it\/wp-content\/uploads\/2022\/10\/logo-biblioteca-nazionale-nero.png","width":70,"height":77,"caption":"Biblioteca Nazionale Universitaria di Torino"},"image":{"@id":"https:\/\/bnuto.cultura.gov.it\/fr\/#\/schema\/logo\/image\/"}}]}},"_links":{"self":[{"href":"https:\/\/bnuto.cultura.gov.it\/fr\/wp-json\/wp\/v2\/pages\/7131","targetHints":{"allow":["GET"]}}],"collection":[{"href":"https:\/\/bnuto.cultura.gov.it\/fr\/wp-json\/wp\/v2\/pages"}],"about":[{"href":"https:\/\/bnuto.cultura.gov.it\/fr\/wp-json\/wp\/v2\/types\/page"}],"author":[{"embeddable":true,"href":"https:\/\/bnuto.cultura.gov.it\/fr\/wp-json\/wp\/v2\/users\/7"}],"replies":[{"embeddable":true,"href":"https:\/\/bnuto.cultura.gov.it\/fr\/wp-json\/wp\/v2\/comments?post=7131"}],"version-history":[{"count":5,"href":"https:\/\/bnuto.cultura.gov.it\/fr\/wp-json\/wp\/v2\/pages\/7131\/revisions"}],"predecessor-version":[{"id":8522,"href":"https:\/\/bnuto.cultura.gov.it\/fr\/wp-json\/wp\/v2\/pages\/7131\/revisions\/8522"}],"up":[{"embeddable":true,"href":"https:\/\/bnuto.cultura.gov.it\/fr\/wp-json\/wp\/v2\/pages\/8501"}],"wp:featuredmedia":[{"embeddable":true,"href":"https:\/\/bnuto.cultura.gov.it\/fr\/wp-json\/wp\/v2\/media\/6983"}],"wp:attachment":[{"href":"https:\/\/bnuto.cultura.gov.it\/fr\/wp-json\/wp\/v2\/media?parent=7131"}],"wp:term":[{"taxonomy":"category_page","embeddable":true,"href":"https:\/\/bnuto.cultura.gov.it\/fr\/wp-json\/wp\/v2\/category_page?post=7131"}],"curies":[{"name":"wp","href":"https:\/\/api.w.org\/{rel}","templated":true}]}}