{"id":8297,"date":"2025-12-09T15:19:18","date_gmt":"2025-12-09T14:19:18","guid":{"rendered":"https:\/\/bnuto.cultura.gov.it\/la-biblioteca\/histoire-de-la-bibliotheque\/"},"modified":"2026-02-12T11:53:46","modified_gmt":"2026-02-12T10:53:46","slug":"histoire-de-la-bibliotheque","status":"publish","type":"page","link":"https:\/\/bnuto.cultura.gov.it\/fr\/histoire-de-la-bibliotheque\/","title":{"rendered":"Histoire de la biblioth\u00e8que"},"content":{"rendered":"<section class=\"l-section wpb_row height_auto\"><div class=\"l-section-h i-cf\"><div class=\"g-cols vc_row via_flex valign_top type_default stacking_default\"><div class=\"vc_col-sm-12 wpb_column vc_column_container\"><div class=\"vc_column-inner\"><div class=\"wpb_wrapper\"><div class=\"g-cols wpb_row via_flex valign_top type_default stacking_default\"><div class=\"vc_col-sm-12 wpb_column vc_column_container container-accordion\"><div class=\"vc_column-inner\"><div class=\"wpb_wrapper\"><div class=\"w-vwrapper align_none valign_top\"><div class=\"wpb_text_column intestazione-accordion\"><div class=\"wpb_wrapper\"><h2>Origines<\/h2>\n<p>La Biblioth\u00e8que nationale universitaire de Turin est l&#8217;une des plus importantes biblioth\u00e8ques publiques d&#8217;Italie.<br \/>\nSa fondation remonte aux environs de 1723, lorsque, \u00e0 la demande du roi <strong>Victor Amadeus II de Savoie<\/strong>, les trois principales collections de livres de la ville furent r\u00e9unies dans les nouveaux locaux de l&#8217;Universit\u00e9 royale de Via Po : les collections de la municipalit\u00e9, celles de l&#8217;Universit\u00e9 royale et les livres de la Maison de Savoie.<\/p>\n<\/div><\/div>[custom_accordion title=&#8221;Le origini&#8221;]Au cours du XVIIIe si\u00e8cle, le nombre de volumes s&#8217;est consid\u00e9rablement accru gr\u00e2ce au paiement obligatoire des publications acad\u00e9miques, \u00e0 l&#8217;achat r\u00e9gulier de livres et de collections enti\u00e8res, ainsi qu&#8217;\u00e0 d&#8217;importantes donations. Les suppressions de la Compagnie de J\u00e9sus et des ordres conventuels \u00e0 l&#8217;\u00e9poque napol\u00e9onienne ont donn\u00e9 lieu \u00e0 des collections suppl\u00e9mentaires.<\/p>\n<p>Entre 1809 et 1815, la biblioth\u00e8que de Tommaso Valperga di Caluso est acquise, avec ses nombreux manuscrits h\u00e9bra\u00efques, arabes et indiens. Entre 1820 et 1824, gr\u00e2ce \u00e0 la t\u00e9nacit\u00e9 d&#8217;Amedeo Peyron, 69 manuscrits du monast\u00e8re supprim\u00e9 de San Colombano di Bobbio ont \u00e9t\u00e9 confisqu\u00e9s. Toujours au XIXe si\u00e8cle, la biblioth\u00e8que a re\u00e7u les manuscrits du prince Carlo Emanuele Dal Pozzo della Cisterna, du comte Cesare Saluzzo, les livres du professeur Giuseppe Biamonti, la collection d&#8217;aldines du marquis Carlo Alfieri di Sostegno, les manuscrits de Prospero Balbo et les autographes de Carlo Denina. Parall\u00e8lement, les collections se sont enrichies gr\u00e2ce au <strong>droit d&#8217;impression<\/strong> accord\u00e9 par le roi Carlo Alberto en 1848.<\/p>\n<p>Arr\u00eat\u00e9 royal n\u00b0. 2974 du 20 janvier 1876 \u00e9tablit le <strong>nouveau nom de Biblioteca Nazionale Universitaria (Biblioth\u00e8que nationale universitaire)<\/strong>, l&#8217;incluant parmi les biblioth\u00e8ques autonomes de premier rang avec la t\u00e2che de &#8220;repr\u00e9senter, dans sa continuit\u00e9 et sa g\u00e9n\u00e9ralit\u00e9, le progr\u00e8s et l&#8217;\u00e9tat de la culture italienne et \u00e9trang\u00e8re&#8221;.[\/custom_accordion]<\/div><\/div><\/div><\/div><\/div><div class=\"g-cols wpb_row via_flex valign_top type_default stacking_default\"><div class=\"vc_col-sm-12 wpb_column vc_column_container container-accordion\"><div class=\"vc_column-inner\"><div class=\"wpb_wrapper\"><div class=\"w-vwrapper align_none valign_top\"><div class=\"wpb_text_column intestazione-accordion\"><div class=\"wpb_wrapper\"><h2>L&#8217;incendie de 1904<\/h2>\n<p>Au tournant du si\u00e8cle, l&#8217;id\u00e9e de construire un nouveau si\u00e8ge commen\u00e7a \u00e0 prendre forme, ce qui fut report\u00e9 en raison de diverses adversit\u00e9s : d&#8217;abord l&#8217;<strong>incendie de janvier 1904<\/strong>, qui d\u00e9vasta une grande partie des pr\u00e9cieuses collections de manuscrits, puis les d\u00e9g\u00e2ts inflig\u00e9s par les <strong>bombardements de d\u00e9cembre 1942<\/strong>.<\/p>\n<\/div><\/div>[custom_accordion]Au d\u00e9but du XXe si\u00e8cle, l&#8217;\u00eelot destin\u00e9 \u00e0 accueillir le nouveau si\u00e8ge \u00e9tait occup\u00e9 en partie par les <strong>anciennes Scuderie di Palazzo Carignano<\/strong>, construites en 1790 sur un projet de Filippo Castelli, et en partie par le Palazzo del Debito Pubblico, construit en 1842 sur un projet d&#8217;Alessandro Antonelli. En 1936, toute la zone fut c\u00e9d\u00e9e \u00e0 la Biblioth\u00e8que nationale et, l&#8217;ann\u00e9e suivante, la municipalit\u00e9 de Turin entreprit des travaux de d\u00e9molition, ne conservant que la fa\u00e7ade n\u00e9oclassique des anciennes \u00e9curies de la Piazza Carlo Alberto, qui devait devenir la fa\u00e7ade principale de la nouvelle biblioth\u00e8que. Le chantier a \u00e9t\u00e9 brusquement interrompu pendant la Seconde Guerre mondiale, \u00e9rig\u00e9 en 1790 d&#8217;apr\u00e8s un projet de Filippo Castelli, et en partie par le Palazzo del Debito Pubblico, construit en 1842 d&#8217;apr\u00e8s un projet d&#8217;Alessandro Antonelli. En 1936, toute la zone fut c\u00e9d\u00e9e \u00e0 la Biblioth\u00e8que nationale et, l&#8217;ann\u00e9e suivante, la municipalit\u00e9 de Turin entreprit des travaux de d\u00e9molition, ne conservant que la fa\u00e7ade n\u00e9oclassique des anciennes \u00e9curies de la Piazza Carlo Alberto, qui devait devenir la fa\u00e7ade principale de la nouvelle biblioth\u00e8que. Le chantier s&#8217;est arr\u00eat\u00e9 brutalement pendant la Seconde Guerre mondiale.[\/custom_accordion]<\/div><\/div><\/div><\/div><\/div><div class=\"g-cols wpb_row via_flex valign_top type_default stacking_default\"><div class=\"vc_col-sm-12 wpb_column vc_column_container container-accordion\"><div class=\"vc_column-inner\"><div class=\"wpb_wrapper\"><div class=\"w-vwrapper align_none valign_top\"><div class=\"wpb_text_column intestazione-accordion\"><div class=\"wpb_wrapper\"><h2>Depuis 1973<\/h2>\n<p>En 1956, le minist\u00e8re des Travaux publics lance enfin le concours pour la construction du nouveau si\u00e8ge de la Piazza Carlo Alberto et confie la t\u00e2che aux architectes Carbonara, Insolera, Liviadotti, Quistelli et Amodei. Les travaux ont commenc\u00e9 en 1959 et se sont poursuivis tout au long de la d\u00e9cennie suivante, jusqu&#8217;\u00e0 l&#8217;<strong>ouverture d\u00e9finitive au public le 15 octobre 1973.<\/strong><\/p>\n<\/div><\/div>[custom_accordion]Deux ans plus tard, l&#8217;atelier de restauration historique, cr\u00e9\u00e9 apr\u00e8s l&#8217;incendie de 1904, est install\u00e9 dans le nouveau b\u00e2timent et le 15 f\u00e9vrier 1976 a lieu l&#8217;inauguration officielle. L&#8217;un des aspects les plus fonctionnels du nouveau b\u00e2timent \u00e9tait le<strong>transport automatique des livres<\/strong> des r\u00e9serves aux salles de lecture, de pr\u00eat et de p\u00e9riodiques, qui a \u00e9t\u00e9 r\u00e9solu gr\u00e2ce \u00e0 une machine Siemens compos\u00e9e de bandes transporteuses reli\u00e9es \u00e0 un ascenseur Paternoster \u00e0 mouvement continu.<\/p>\n<p>Gr\u00e2ce aux acquisitions du 20e si\u00e8cle, la biblioth\u00e8que dispose aujourd&#8217;hui d&#8217;un fonds substantiel de plus de 1 550 000 volumes. Parmi les fonds les plus importants, citons les autographes de Foscolo, Gioberti, Pellico et Tommaseo ; les \u00e9tudes et les dessins g\u00e9ographiques d&#8217;Agostino Codazzi ; les collections Fo\u00e0-Giordano contenant les manuscrits autographes d&#8217;Antonio Vivaldi ; le Corpus Juvarrianum, avec plus d&#8217;un millier de dessins de l&#8217;architecte Filippo Juvarra ; le fonds Regina Margherita, avec plus de 13.000 volumes ayant appartenu \u00e0 la premi\u00e8re reine d&#8217;Italie ; le fonds 1904, appel\u00e9 ainsi en r\u00e9f\u00e9rence \u00e0 l&#8217;ensemble des volumes arriv\u00e9s apr\u00e8s l&#8217;incendie de 1904 en guise de compensation symbolique pour les \u00e9normes pertes subies ; une histoire qui t\u00e9moigne de la centralit\u00e9 du th\u00e8me du don dans l&#8217;histoire de la Biblioth\u00e8que et de son d\u00e9veloppement en tant qu&#8217;organisme vital.[\/custom_accordion]<\/div><\/div><\/div><\/div><\/div><\/div><\/div><\/div><\/div><\/div><\/section>\n","protected":false},"excerpt":{"rendered":"Origines La Biblioth\u00e8que nationale universitaire de Turin est l&#8217;une des plus importantes biblioth\u00e8ques publiques d&#8217;Italie. Sa fondation remonte aux environs de 1723, lorsque, \u00e0 la demande du roi Victor Amadeus II de Savoie, les trois principales collections de livres de la ville furent r\u00e9unies dans les nouveaux locaux de l&#8217;Universit\u00e9 royale de Via Po :...","protected":false},"author":19,"featured_media":6645,"parent":0,"menu_order":2,"comment_status":"closed","ping_status":"closed","template":"","meta":{"_acf_changed":false,"footnotes":""},"category_page":[17,56],"class_list":["post-8297","page","type-page","status-publish","has-post-thumbnail","hentry","category_page-hp-entra-nella-biblioteca","category_page-la-biblioteca"],"acf":[],"yoast_head":"<!-- This site is optimized with the Yoast SEO plugin v27.5 - https:\/\/yoast.com\/product\/yoast-seo-wordpress\/ -->\n<title>Biblioth\u00e8que nationale universitaire de Turin<\/title>\n<meta name=\"description\" content=\"L&#039;histoire de la Biblioth\u00e8que nationale universitaire de Turin commence en 1723, avec sa fondation officielle. Pour en savoir plus sur l&#039;Institut et sa localisation.\" \/>\n<meta name=\"robots\" content=\"index, follow, max-snippet:-1, max-image-preview:large, max-video-preview:-1\" \/>\n<link rel=\"canonical\" href=\"https:\/\/bnuto.cultura.gov.it\/fr\/histoire-de-la-bibliotheque\/\" \/>\n<meta property=\"og:locale\" content=\"fr_FR\" \/>\n<meta property=\"og:type\" content=\"article\" \/>\n<meta property=\"og:title\" content=\"Biblioth\u00e8que nationale universitaire de Turin\" \/>\n<meta property=\"og:description\" content=\"L&#039;histoire de la Biblioth\u00e8que nationale universitaire de Turin commence en 1723, avec sa fondation officielle. Pour en savoir plus sur l&#039;Institut et sa localisation.\" \/>\n<meta property=\"og:url\" content=\"https:\/\/bnuto.cultura.gov.it\/fr\/histoire-de-la-bibliotheque\/\" \/>\n<meta property=\"og:site_name\" content=\"Biblioteca Nazionale Universitaria di Torino\" \/>\n<meta property=\"article:modified_time\" content=\"2026-02-12T10:53:46+00:00\" \/>\n<meta property=\"og:image\" content=\"https:\/\/bnuto.cultura.gov.it\/wp-content\/uploads\/2023\/01\/Atrio.jpg\" \/>\n\t<meta property=\"og:image:width\" content=\"900\" \/>\n\t<meta property=\"og:image:height\" content=\"1120\" \/>\n\t<meta property=\"og:image:type\" content=\"image\/jpeg\" \/>\n<meta name=\"twitter:card\" content=\"summary_large_image\" \/>\n<meta name=\"twitter:label1\" content=\"Est. reading time\" \/>\n\t<meta name=\"twitter:data1\" content=\"5 minutes\" \/>\n<script type=\"application\/ld+json\" class=\"yoast-schema-graph\">{\"@context\":\"https:\\\/\\\/schema.org\",\"@graph\":[{\"@type\":\"WebPage\",\"@id\":\"https:\\\/\\\/bnuto.cultura.gov.it\\\/fr\\\/histoire-de-la-bibliotheque\\\/\",\"url\":\"https:\\\/\\\/bnuto.cultura.gov.it\\\/fr\\\/histoire-de-la-bibliotheque\\\/\",\"name\":\"Biblioth\u00e8que nationale universitaire de Turin\",\"isPartOf\":{\"@id\":\"https:\\\/\\\/bnuto.cultura.gov.it\\\/fr\\\/#website\"},\"primaryImageOfPage\":{\"@id\":\"https:\\\/\\\/bnuto.cultura.gov.it\\\/fr\\\/histoire-de-la-bibliotheque\\\/#primaryimage\"},\"image\":{\"@id\":\"https:\\\/\\\/bnuto.cultura.gov.it\\\/fr\\\/histoire-de-la-bibliotheque\\\/#primaryimage\"},\"thumbnailUrl\":\"https:\\\/\\\/bnuto.cultura.gov.it\\\/wp-content\\\/uploads\\\/2023\\\/01\\\/Atrio.jpg\",\"datePublished\":\"2025-12-09T14:19:18+00:00\",\"dateModified\":\"2026-02-12T10:53:46+00:00\",\"description\":\"L'histoire de la Biblioth\u00e8que nationale universitaire de Turin commence en 1723, avec sa fondation officielle. Pour en savoir plus sur l'Institut et sa localisation.\",\"breadcrumb\":{\"@id\":\"https:\\\/\\\/bnuto.cultura.gov.it\\\/fr\\\/histoire-de-la-bibliotheque\\\/#breadcrumb\"},\"inLanguage\":\"fr-FR\",\"potentialAction\":[{\"@type\":\"ReadAction\",\"target\":[\"https:\\\/\\\/bnuto.cultura.gov.it\\\/fr\\\/histoire-de-la-bibliotheque\\\/\"]}]},{\"@type\":\"ImageObject\",\"inLanguage\":\"fr-FR\",\"@id\":\"https:\\\/\\\/bnuto.cultura.gov.it\\\/fr\\\/histoire-de-la-bibliotheque\\\/#primaryimage\",\"url\":\"https:\\\/\\\/bnuto.cultura.gov.it\\\/wp-content\\\/uploads\\\/2023\\\/01\\\/Atrio.jpg\",\"contentUrl\":\"https:\\\/\\\/bnuto.cultura.gov.it\\\/wp-content\\\/uploads\\\/2023\\\/01\\\/Atrio.jpg\",\"width\":900,\"height\":1120,\"caption\":\"Atrium de la biblioth\u00e8que\"},{\"@type\":\"BreadcrumbList\",\"@id\":\"https:\\\/\\\/bnuto.cultura.gov.it\\\/fr\\\/histoire-de-la-bibliotheque\\\/#breadcrumb\",\"itemListElement\":[{\"@type\":\"ListItem\",\"position\":1,\"name\":\"Home\",\"item\":\"https:\\\/\\\/bnuto.cultura.gov.it\\\/fr\\\/\"},{\"@type\":\"ListItem\",\"position\":2,\"name\":\"Histoire de la biblioth\u00e8que\"}]},{\"@type\":\"WebSite\",\"@id\":\"https:\\\/\\\/bnuto.cultura.gov.it\\\/fr\\\/#website\",\"url\":\"https:\\\/\\\/bnuto.cultura.gov.it\\\/fr\\\/\",\"name\":\"Biblioteca Nazionale Universitaria di Torino\",\"description\":\"Un nuovo sito targato WordPress\",\"publisher\":{\"@id\":\"https:\\\/\\\/bnuto.cultura.gov.it\\\/fr\\\/#organization\"},\"potentialAction\":[{\"@type\":\"SearchAction\",\"target\":{\"@type\":\"EntryPoint\",\"urlTemplate\":\"https:\\\/\\\/bnuto.cultura.gov.it\\\/fr\\\/?s={search_term_string}\"},\"query-input\":{\"@type\":\"PropertyValueSpecification\",\"valueRequired\":true,\"valueName\":\"search_term_string\"}}],\"inLanguage\":\"fr-FR\"},{\"@type\":\"Organization\",\"@id\":\"https:\\\/\\\/bnuto.cultura.gov.it\\\/fr\\\/#organization\",\"name\":\"Biblioteca Nazionale Universitaria di Torino\",\"url\":\"https:\\\/\\\/bnuto.cultura.gov.it\\\/fr\\\/\",\"logo\":{\"@type\":\"ImageObject\",\"inLanguage\":\"fr-FR\",\"@id\":\"https:\\\/\\\/bnuto.cultura.gov.it\\\/fr\\\/#\\\/schema\\\/logo\\\/image\\\/\",\"url\":\"https:\\\/\\\/bnuto.cultura.gov.it\\\/wp-content\\\/uploads\\\/2022\\\/10\\\/logo-biblioteca-nazionale-nero.png\",\"contentUrl\":\"https:\\\/\\\/bnuto.cultura.gov.it\\\/wp-content\\\/uploads\\\/2022\\\/10\\\/logo-biblioteca-nazionale-nero.png\",\"width\":70,\"height\":77,\"caption\":\"Biblioteca Nazionale Universitaria di Torino\"},\"image\":{\"@id\":\"https:\\\/\\\/bnuto.cultura.gov.it\\\/fr\\\/#\\\/schema\\\/logo\\\/image\\\/\"}}]}<\/script>\n<!-- \/ Yoast SEO plugin. -->","yoast_head_json":{"title":"Biblioth\u00e8que nationale universitaire de Turin","description":"L'histoire de la Biblioth\u00e8que nationale universitaire de Turin commence en 1723, avec sa fondation officielle. Pour en savoir plus sur l'Institut et sa localisation.","robots":{"index":"index","follow":"follow","max-snippet":"max-snippet:-1","max-image-preview":"max-image-preview:large","max-video-preview":"max-video-preview:-1"},"canonical":"https:\/\/bnuto.cultura.gov.it\/fr\/histoire-de-la-bibliotheque\/","og_locale":"fr_FR","og_type":"article","og_title":"Biblioth\u00e8que nationale universitaire de Turin","og_description":"L'histoire de la Biblioth\u00e8que nationale universitaire de Turin commence en 1723, avec sa fondation officielle. Pour en savoir plus sur l'Institut et sa localisation.","og_url":"https:\/\/bnuto.cultura.gov.it\/fr\/histoire-de-la-bibliotheque\/","og_site_name":"Biblioteca Nazionale Universitaria di Torino","article_modified_time":"2026-02-12T10:53:46+00:00","og_image":[{"width":900,"height":1120,"url":"https:\/\/bnuto.cultura.gov.it\/wp-content\/uploads\/2023\/01\/Atrio.jpg","type":"image\/jpeg"}],"twitter_card":"summary_large_image","twitter_misc":{"Est. reading time":"5 minutes"},"schema":{"@context":"https:\/\/schema.org","@graph":[{"@type":"WebPage","@id":"https:\/\/bnuto.cultura.gov.it\/fr\/histoire-de-la-bibliotheque\/","url":"https:\/\/bnuto.cultura.gov.it\/fr\/histoire-de-la-bibliotheque\/","name":"Biblioth\u00e8que nationale universitaire de Turin","isPartOf":{"@id":"https:\/\/bnuto.cultura.gov.it\/fr\/#website"},"primaryImageOfPage":{"@id":"https:\/\/bnuto.cultura.gov.it\/fr\/histoire-de-la-bibliotheque\/#primaryimage"},"image":{"@id":"https:\/\/bnuto.cultura.gov.it\/fr\/histoire-de-la-bibliotheque\/#primaryimage"},"thumbnailUrl":"https:\/\/bnuto.cultura.gov.it\/wp-content\/uploads\/2023\/01\/Atrio.jpg","datePublished":"2025-12-09T14:19:18+00:00","dateModified":"2026-02-12T10:53:46+00:00","description":"L'histoire de la Biblioth\u00e8que nationale universitaire de Turin commence en 1723, avec sa fondation officielle. Pour en savoir plus sur l'Institut et sa localisation.","breadcrumb":{"@id":"https:\/\/bnuto.cultura.gov.it\/fr\/histoire-de-la-bibliotheque\/#breadcrumb"},"inLanguage":"fr-FR","potentialAction":[{"@type":"ReadAction","target":["https:\/\/bnuto.cultura.gov.it\/fr\/histoire-de-la-bibliotheque\/"]}]},{"@type":"ImageObject","inLanguage":"fr-FR","@id":"https:\/\/bnuto.cultura.gov.it\/fr\/histoire-de-la-bibliotheque\/#primaryimage","url":"https:\/\/bnuto.cultura.gov.it\/wp-content\/uploads\/2023\/01\/Atrio.jpg","contentUrl":"https:\/\/bnuto.cultura.gov.it\/wp-content\/uploads\/2023\/01\/Atrio.jpg","width":900,"height":1120,"caption":"Atrium de la biblioth\u00e8que"},{"@type":"BreadcrumbList","@id":"https:\/\/bnuto.cultura.gov.it\/fr\/histoire-de-la-bibliotheque\/#breadcrumb","itemListElement":[{"@type":"ListItem","position":1,"name":"Home","item":"https:\/\/bnuto.cultura.gov.it\/fr\/"},{"@type":"ListItem","position":2,"name":"Histoire de la biblioth\u00e8que"}]},{"@type":"WebSite","@id":"https:\/\/bnuto.cultura.gov.it\/fr\/#website","url":"https:\/\/bnuto.cultura.gov.it\/fr\/","name":"Biblioteca Nazionale Universitaria di Torino","description":"Un nuovo sito targato WordPress","publisher":{"@id":"https:\/\/bnuto.cultura.gov.it\/fr\/#organization"},"potentialAction":[{"@type":"SearchAction","target":{"@type":"EntryPoint","urlTemplate":"https:\/\/bnuto.cultura.gov.it\/fr\/?s={search_term_string}"},"query-input":{"@type":"PropertyValueSpecification","valueRequired":true,"valueName":"search_term_string"}}],"inLanguage":"fr-FR"},{"@type":"Organization","@id":"https:\/\/bnuto.cultura.gov.it\/fr\/#organization","name":"Biblioteca Nazionale Universitaria di Torino","url":"https:\/\/bnuto.cultura.gov.it\/fr\/","logo":{"@type":"ImageObject","inLanguage":"fr-FR","@id":"https:\/\/bnuto.cultura.gov.it\/fr\/#\/schema\/logo\/image\/","url":"https:\/\/bnuto.cultura.gov.it\/wp-content\/uploads\/2022\/10\/logo-biblioteca-nazionale-nero.png","contentUrl":"https:\/\/bnuto.cultura.gov.it\/wp-content\/uploads\/2022\/10\/logo-biblioteca-nazionale-nero.png","width":70,"height":77,"caption":"Biblioteca Nazionale Universitaria di Torino"},"image":{"@id":"https:\/\/bnuto.cultura.gov.it\/fr\/#\/schema\/logo\/image\/"}}]}},"_links":{"self":[{"href":"https:\/\/bnuto.cultura.gov.it\/fr\/wp-json\/wp\/v2\/pages\/8297","targetHints":{"allow":["GET"]}}],"collection":[{"href":"https:\/\/bnuto.cultura.gov.it\/fr\/wp-json\/wp\/v2\/pages"}],"about":[{"href":"https:\/\/bnuto.cultura.gov.it\/fr\/wp-json\/wp\/v2\/types\/page"}],"author":[{"embeddable":true,"href":"https:\/\/bnuto.cultura.gov.it\/fr\/wp-json\/wp\/v2\/users\/19"}],"replies":[{"embeddable":true,"href":"https:\/\/bnuto.cultura.gov.it\/fr\/wp-json\/wp\/v2\/comments?post=8297"}],"version-history":[{"count":9,"href":"https:\/\/bnuto.cultura.gov.it\/fr\/wp-json\/wp\/v2\/pages\/8297\/revisions"}],"predecessor-version":[{"id":8355,"href":"https:\/\/bnuto.cultura.gov.it\/fr\/wp-json\/wp\/v2\/pages\/8297\/revisions\/8355"}],"wp:featuredmedia":[{"embeddable":true,"href":"https:\/\/bnuto.cultura.gov.it\/fr\/wp-json\/wp\/v2\/media\/6645"}],"wp:attachment":[{"href":"https:\/\/bnuto.cultura.gov.it\/fr\/wp-json\/wp\/v2\/media?parent=8297"}],"wp:term":[{"taxonomy":"category_page","embeddable":true,"href":"https:\/\/bnuto.cultura.gov.it\/fr\/wp-json\/wp\/v2\/category_page?post=8297"}],"curies":[{"name":"wp","href":"https:\/\/api.w.org\/{rel}","templated":true}]}}