{"id":8378,"date":"2025-12-09T16:18:08","date_gmt":"2025-12-09T15:18:08","guid":{"rendered":"https:\/\/bnuto.cultura.gov.it\/reception-et-inscription\/"},"modified":"2026-02-17T12:53:15","modified_gmt":"2026-02-17T11:53:15","slug":"reception-et-inscription","status":"publish","type":"page","link":"https:\/\/bnuto.cultura.gov.it\/fr\/reception-et-inscription\/","title":{"rendered":"R\u00e9ception et inscription"},"content":{"rendered":"<section class=\"l-section wpb_row container-text height_auto\"><div class=\"l-section-h i-cf\"><div class=\"g-cols vc_row via_flex valign_top type_default stacking_default\"><div class=\"vc_col-sm-12 wpb_column vc_column_container\"><div class=\"vc_column-inner\"><div class=\"wpb_wrapper\"><div class=\"wpb_text_column\"><div class=\"wpb_wrapper\"><h2><strong><span style=\"color: #14557c;\">R\u00e9ception et inscription<\/span><\/strong><\/h2>\n<p>L&#8217;acc\u00e8s \u00e0 la biblioth\u00e8que est :<br \/>\n<strong>Gratuit<\/strong> (pas d&#8217;inscription ni de droit d&#8217;entr\u00e9e) <strong>pour toute personne<\/strong> souhaitant <strong>visiter les<\/strong> <strong>espaces d&#8217;exposition<\/strong> ou assister aux conf\u00e9rences de l&#8217;auditorium.<\/p>\n<p>Conform\u00e9ment \u00e0 la r\u00e9glementation en vigueur, <strong>vous<\/strong> devez \u00eatre \u00e2g\u00e9 de <strong>16 ans<\/strong> ou plus <strong>pour acc\u00e9der aux salles d&#8217;\u00e9tude, de lecture, de r\u00e9f\u00e9rence et de pr\u00eat<\/strong> (toutes situ\u00e9es au deuxi\u00e8me \u00e9tage de l&#8217;Institut).<\/p>\n<p>Il est \u00e9galement n\u00e9cessaire de <strong>s&#8217;enregistrer<\/strong> (cette op\u00e9ration peut \u00eatre effectu\u00e9e en interne ou \u00e0 distance).<\/p>\n<\/div><\/div><\/div><\/div><\/div><\/div><\/div><\/section><section class=\"l-section wpb_row us_custom_8cb8ca8f block-modulo height_auto with_img\"><div class=\"l-section-img\" role=\"img\" aria-label=\"Image\" data-img-width=\"464\" data-img-height=\"312\" style=\"background-image: url(https:\/\/bnuto.cultura.gov.it\/wp-content\/uploads\/2025\/07\/shape-opacity-little.png);background-position: bottom left;background-repeat: no-repeat;background-size: contain;\"><\/div><div class=\"l-section-h i-cf\"><div class=\"g-cols vc_row via_flex valign_top type_default stacking_default\"><div class=\"vc_col-sm-12 wpb_column vc_column_container\"><div class=\"vc_column-inner\"><div class=\"wpb_wrapper\"><div class=\"g-cols wpb_row us_custom_ed7a027c blocco-modulo-flex via_flex valign_middle type_default stacking_default\"><div class=\"vc_col-sm-6 wpb_column vc_column_container\"><div class=\"vc_column-inner\"><div class=\"wpb_wrapper\"><div class=\"wpb_text_column us_custom_f169c0bb blocco-modulo-text has_text_color\"><div class=\"wpb_wrapper\"><p><strong>Inscrivez-vous avec le formulaire en ligne<\/strong><\/p>\n<\/div><\/div><\/div><\/div><\/div><div class=\"vc_col-sm-6 wpb_column vc_column_container\"><div class=\"vc_column-inner\"><div class=\"wpb_wrapper\"><div class=\"w-btn-wrapper align_none\"><a class=\"w-btn us-btn-style_3 us_custom_4db19bb7\" target=\"_blank\" href=\"https:\/\/bnto.comperio.it\/modulo-di-iscrizione-alla-biblioteca-nazionale-universitaria-di-torino\/\"><span class=\"w-btn-label\">Aller au module<\/span><\/a><\/div><\/div><\/div><\/div><\/div><\/div><\/div><\/div><\/div><\/div><\/section><section class=\"l-section wpb_row height_auto\"><div class=\"l-section-h i-cf\"><div class=\"g-cols vc_row via_flex valign_top type_default stacking_default\"><div class=\"vc_col-sm-12 wpb_column vc_column_container\"><div class=\"vc_column-inner\"><div class=\"wpb_wrapper\"><div class=\"wpb_text_column\"><div class=\"wpb_wrapper\"><p>Une pi\u00e8ce d&#8217;identit\u00e9 et une carte de sant\u00e9 en cours de validit\u00e9 seront exig\u00e9es pour l&#8217;inscription dans les locaux.<br \/>\nLes enfants de moins de 16 ans doivent \u00eatre accompagn\u00e9s d&#8217;un parent ou d&#8217;un tuteur pour entrer dans la biblioth\u00e8que.<\/p>\n<p><strong>La carte de sant\u00e9 servira de badge d&#8217;acc\u00e8s apr\u00e8s l&#8217;enregistrement (en interne ou \u00e0 distance).<\/strong><\/p>\n<p>Les r\u00e9sidents \u00e0 l&#8217;\u00e9tranger qui n&#8217;ont pas de carte de sant\u00e9 recevront une carte de biblioth\u00e8que provisoire.<\/p>\n<p><strong>Pour utiliser le service de pr\u00eat de livres<\/strong>, vous devez \u00eatre \u00e2g\u00e9 d&#8217;au moins <strong>18 ans<\/strong>.<br \/>\nPour les mineurs, un document de garantie doit \u00eatre rempli par le parent\/tuteur.<\/p>\n<p><strong>Remarque<\/strong>:<br \/>\nLes utilisateurs qui se rendent dans les salles d&#8217;\u00e9tude, de lecture, de consultation et de pr\u00eat sont tenus de <strong>d\u00e9poser leurs sacs, porte-documents, sacs \u00e0 dos, parapluies et autres objets similaires dans les casiers pr\u00e9vus \u00e0 cet effet \u00e0 l&#8217;entr\u00e9e.<\/strong><\/p>\n<p>Pour de plus amples informations, veuillez consulter les pages sur les services.<\/p>\n<p><strong>Contact<\/strong>:<br \/>\ntel.<strong><a href=\"tel:+39011\/8101160\"> 011\/8101160<\/a><\/strong><br \/>\ne-mail : <a href=\"mailto:bu-to.accoglienza@cultura.gov.it\" target=\"_blank\" rel=\"noopener\"> bu-to.accoglienza@cultura.gov.it<\/a><\/p>\n<\/div><\/div><\/div><\/div><\/div><\/div><\/div><\/section>\n","protected":false},"excerpt":{"rendered":"R\u00e9ception et inscription L&#8217;acc\u00e8s \u00e0 la biblioth\u00e8que est : Gratuit (pas d&#8217;inscription ni de droit d&#8217;entr\u00e9e) pour toute personne souhaitant visiter les espaces d&#8217;exposition ou assister aux conf\u00e9rences de l&#8217;auditorium. Conform\u00e9ment \u00e0 la r\u00e9glementation en vigueur, vous devez \u00eatre \u00e2g\u00e9 de 16 ans ou plus pour acc\u00e9der aux salles d&#8217;\u00e9tude, de lecture, de r\u00e9f\u00e9rence et...","protected":false},"author":19,"featured_media":6645,"parent":0,"menu_order":2,"comment_status":"closed","ping_status":"closed","template":"","meta":{"_acf_changed":false,"footnotes":""},"category_page":[7],"class_list":["post-8378","page","type-page","status-publish","has-post-thumbnail","hentry","category_page-informazioni"],"acf":[],"yoast_head":"<!-- This site is optimized with the Yoast SEO plugin v27.4 - https:\/\/yoast.com\/product\/yoast-seo-wordpress\/ -->\n<title>R\u00e9ception et inscription | Biblioteca Nazionale Universitaria di Torino |<\/title>\n<meta name=\"description\" content=\"L&#039;histoire de la Biblioth\u00e8que nationale universitaire de Turin commence en 1723, avec sa fondation officielle. Pour en savoir plus sur l&#039;Institut et sa localisation.\" \/>\n<meta name=\"robots\" content=\"index, follow, max-snippet:-1, max-image-preview:large, max-video-preview:-1\" \/>\n<link rel=\"canonical\" href=\"https:\/\/bnuto.cultura.gov.it\/fr\/reception-et-inscription\/\" \/>\n<meta property=\"og:locale\" content=\"fr_FR\" \/>\n<meta property=\"og:type\" content=\"article\" \/>\n<meta property=\"og:title\" content=\"R\u00e9ception et inscription | Biblioteca Nazionale Universitaria di Torino |\" \/>\n<meta property=\"og:description\" content=\"L&#039;histoire de la Biblioth\u00e8que nationale universitaire de Turin commence en 1723, avec sa fondation officielle. Pour en savoir plus sur l&#039;Institut et sa localisation.\" \/>\n<meta property=\"og:url\" content=\"https:\/\/bnuto.cultura.gov.it\/fr\/reception-et-inscription\/\" \/>\n<meta property=\"og:site_name\" content=\"Biblioteca Nazionale Universitaria di Torino\" \/>\n<meta property=\"article:modified_time\" content=\"2026-02-17T11:53:15+00:00\" \/>\n<meta property=\"og:image\" content=\"https:\/\/bnuto.cultura.gov.it\/wp-content\/uploads\/2023\/01\/Atrio.jpg\" \/>\n\t<meta property=\"og:image:width\" content=\"900\" \/>\n\t<meta property=\"og:image:height\" content=\"1120\" \/>\n\t<meta property=\"og:image:type\" content=\"image\/jpeg\" \/>\n<meta name=\"twitter:card\" content=\"summary_large_image\" \/>\n<meta name=\"twitter:label1\" content=\"Est. reading time\" \/>\n\t<meta name=\"twitter:data1\" content=\"2 minutes\" \/>\n<script type=\"application\/ld+json\" class=\"yoast-schema-graph\">{\"@context\":\"https:\\\/\\\/schema.org\",\"@graph\":[{\"@type\":\"WebPage\",\"@id\":\"https:\\\/\\\/bnuto.cultura.gov.it\\\/fr\\\/reception-et-inscription\\\/\",\"url\":\"https:\\\/\\\/bnuto.cultura.gov.it\\\/fr\\\/reception-et-inscription\\\/\",\"name\":\"R\u00e9ception et inscription | Biblioteca Nazionale Universitaria di Torino |\",\"isPartOf\":{\"@id\":\"https:\\\/\\\/bnuto.cultura.gov.it\\\/fr\\\/#website\"},\"primaryImageOfPage\":{\"@id\":\"https:\\\/\\\/bnuto.cultura.gov.it\\\/fr\\\/reception-et-inscription\\\/#primaryimage\"},\"image\":{\"@id\":\"https:\\\/\\\/bnuto.cultura.gov.it\\\/fr\\\/reception-et-inscription\\\/#primaryimage\"},\"thumbnailUrl\":\"https:\\\/\\\/bnuto.cultura.gov.it\\\/wp-content\\\/uploads\\\/2023\\\/01\\\/Atrio.jpg\",\"datePublished\":\"2025-12-09T15:18:08+00:00\",\"dateModified\":\"2026-02-17T11:53:15+00:00\",\"description\":\"L'histoire de la Biblioth\u00e8que nationale universitaire de Turin commence en 1723, avec sa fondation officielle. Pour en savoir plus sur l'Institut et sa localisation.\",\"breadcrumb\":{\"@id\":\"https:\\\/\\\/bnuto.cultura.gov.it\\\/fr\\\/reception-et-inscription\\\/#breadcrumb\"},\"inLanguage\":\"fr-FR\",\"potentialAction\":[{\"@type\":\"ReadAction\",\"target\":[\"https:\\\/\\\/bnuto.cultura.gov.it\\\/fr\\\/reception-et-inscription\\\/\"]}]},{\"@type\":\"ImageObject\",\"inLanguage\":\"fr-FR\",\"@id\":\"https:\\\/\\\/bnuto.cultura.gov.it\\\/fr\\\/reception-et-inscription\\\/#primaryimage\",\"url\":\"https:\\\/\\\/bnuto.cultura.gov.it\\\/wp-content\\\/uploads\\\/2023\\\/01\\\/Atrio.jpg\",\"contentUrl\":\"https:\\\/\\\/bnuto.cultura.gov.it\\\/wp-content\\\/uploads\\\/2023\\\/01\\\/Atrio.jpg\",\"width\":900,\"height\":1120,\"caption\":\"Atrium de la biblioth\u00e8que\"},{\"@type\":\"BreadcrumbList\",\"@id\":\"https:\\\/\\\/bnuto.cultura.gov.it\\\/fr\\\/reception-et-inscription\\\/#breadcrumb\",\"itemListElement\":[{\"@type\":\"ListItem\",\"position\":1,\"name\":\"Home\",\"item\":\"https:\\\/\\\/bnuto.cultura.gov.it\\\/fr\\\/\"},{\"@type\":\"ListItem\",\"position\":2,\"name\":\"R\u00e9ception et inscription\"}]},{\"@type\":\"WebSite\",\"@id\":\"https:\\\/\\\/bnuto.cultura.gov.it\\\/fr\\\/#website\",\"url\":\"https:\\\/\\\/bnuto.cultura.gov.it\\\/fr\\\/\",\"name\":\"Biblioteca Nazionale Universitaria di Torino\",\"description\":\"Un nuovo sito targato WordPress\",\"publisher\":{\"@id\":\"https:\\\/\\\/bnuto.cultura.gov.it\\\/fr\\\/#organization\"},\"potentialAction\":[{\"@type\":\"SearchAction\",\"target\":{\"@type\":\"EntryPoint\",\"urlTemplate\":\"https:\\\/\\\/bnuto.cultura.gov.it\\\/fr\\\/?s={search_term_string}\"},\"query-input\":{\"@type\":\"PropertyValueSpecification\",\"valueRequired\":true,\"valueName\":\"search_term_string\"}}],\"inLanguage\":\"fr-FR\"},{\"@type\":\"Organization\",\"@id\":\"https:\\\/\\\/bnuto.cultura.gov.it\\\/fr\\\/#organization\",\"name\":\"Biblioteca Nazionale Universitaria di Torino\",\"url\":\"https:\\\/\\\/bnuto.cultura.gov.it\\\/fr\\\/\",\"logo\":{\"@type\":\"ImageObject\",\"inLanguage\":\"fr-FR\",\"@id\":\"https:\\\/\\\/bnuto.cultura.gov.it\\\/fr\\\/#\\\/schema\\\/logo\\\/image\\\/\",\"url\":\"https:\\\/\\\/bnuto.cultura.gov.it\\\/wp-content\\\/uploads\\\/2022\\\/10\\\/logo-biblioteca-nazionale-nero.png\",\"contentUrl\":\"https:\\\/\\\/bnuto.cultura.gov.it\\\/wp-content\\\/uploads\\\/2022\\\/10\\\/logo-biblioteca-nazionale-nero.png\",\"width\":70,\"height\":77,\"caption\":\"Biblioteca Nazionale Universitaria di Torino\"},\"image\":{\"@id\":\"https:\\\/\\\/bnuto.cultura.gov.it\\\/fr\\\/#\\\/schema\\\/logo\\\/image\\\/\"}}]}<\/script>\n<!-- \/ Yoast SEO plugin. -->","yoast_head_json":{"title":"R\u00e9ception et inscription | Biblioteca Nazionale Universitaria di Torino |","description":"L'histoire de la Biblioth\u00e8que nationale universitaire de Turin commence en 1723, avec sa fondation officielle. Pour en savoir plus sur l'Institut et sa localisation.","robots":{"index":"index","follow":"follow","max-snippet":"max-snippet:-1","max-image-preview":"max-image-preview:large","max-video-preview":"max-video-preview:-1"},"canonical":"https:\/\/bnuto.cultura.gov.it\/fr\/reception-et-inscription\/","og_locale":"fr_FR","og_type":"article","og_title":"R\u00e9ception et inscription | Biblioteca Nazionale Universitaria di Torino |","og_description":"L'histoire de la Biblioth\u00e8que nationale universitaire de Turin commence en 1723, avec sa fondation officielle. Pour en savoir plus sur l'Institut et sa localisation.","og_url":"https:\/\/bnuto.cultura.gov.it\/fr\/reception-et-inscription\/","og_site_name":"Biblioteca Nazionale Universitaria di Torino","article_modified_time":"2026-02-17T11:53:15+00:00","og_image":[{"width":900,"height":1120,"url":"https:\/\/bnuto.cultura.gov.it\/wp-content\/uploads\/2023\/01\/Atrio.jpg","type":"image\/jpeg"}],"twitter_card":"summary_large_image","twitter_misc":{"Est. reading time":"2 minutes"},"schema":{"@context":"https:\/\/schema.org","@graph":[{"@type":"WebPage","@id":"https:\/\/bnuto.cultura.gov.it\/fr\/reception-et-inscription\/","url":"https:\/\/bnuto.cultura.gov.it\/fr\/reception-et-inscription\/","name":"R\u00e9ception et inscription | Biblioteca Nazionale Universitaria di Torino |","isPartOf":{"@id":"https:\/\/bnuto.cultura.gov.it\/fr\/#website"},"primaryImageOfPage":{"@id":"https:\/\/bnuto.cultura.gov.it\/fr\/reception-et-inscription\/#primaryimage"},"image":{"@id":"https:\/\/bnuto.cultura.gov.it\/fr\/reception-et-inscription\/#primaryimage"},"thumbnailUrl":"https:\/\/bnuto.cultura.gov.it\/wp-content\/uploads\/2023\/01\/Atrio.jpg","datePublished":"2025-12-09T15:18:08+00:00","dateModified":"2026-02-17T11:53:15+00:00","description":"L'histoire de la Biblioth\u00e8que nationale universitaire de Turin commence en 1723, avec sa fondation officielle. Pour en savoir plus sur l'Institut et sa localisation.","breadcrumb":{"@id":"https:\/\/bnuto.cultura.gov.it\/fr\/reception-et-inscription\/#breadcrumb"},"inLanguage":"fr-FR","potentialAction":[{"@type":"ReadAction","target":["https:\/\/bnuto.cultura.gov.it\/fr\/reception-et-inscription\/"]}]},{"@type":"ImageObject","inLanguage":"fr-FR","@id":"https:\/\/bnuto.cultura.gov.it\/fr\/reception-et-inscription\/#primaryimage","url":"https:\/\/bnuto.cultura.gov.it\/wp-content\/uploads\/2023\/01\/Atrio.jpg","contentUrl":"https:\/\/bnuto.cultura.gov.it\/wp-content\/uploads\/2023\/01\/Atrio.jpg","width":900,"height":1120,"caption":"Atrium de la biblioth\u00e8que"},{"@type":"BreadcrumbList","@id":"https:\/\/bnuto.cultura.gov.it\/fr\/reception-et-inscription\/#breadcrumb","itemListElement":[{"@type":"ListItem","position":1,"name":"Home","item":"https:\/\/bnuto.cultura.gov.it\/fr\/"},{"@type":"ListItem","position":2,"name":"R\u00e9ception et inscription"}]},{"@type":"WebSite","@id":"https:\/\/bnuto.cultura.gov.it\/fr\/#website","url":"https:\/\/bnuto.cultura.gov.it\/fr\/","name":"Biblioteca Nazionale Universitaria di Torino","description":"Un nuovo sito targato WordPress","publisher":{"@id":"https:\/\/bnuto.cultura.gov.it\/fr\/#organization"},"potentialAction":[{"@type":"SearchAction","target":{"@type":"EntryPoint","urlTemplate":"https:\/\/bnuto.cultura.gov.it\/fr\/?s={search_term_string}"},"query-input":{"@type":"PropertyValueSpecification","valueRequired":true,"valueName":"search_term_string"}}],"inLanguage":"fr-FR"},{"@type":"Organization","@id":"https:\/\/bnuto.cultura.gov.it\/fr\/#organization","name":"Biblioteca Nazionale Universitaria di Torino","url":"https:\/\/bnuto.cultura.gov.it\/fr\/","logo":{"@type":"ImageObject","inLanguage":"fr-FR","@id":"https:\/\/bnuto.cultura.gov.it\/fr\/#\/schema\/logo\/image\/","url":"https:\/\/bnuto.cultura.gov.it\/wp-content\/uploads\/2022\/10\/logo-biblioteca-nazionale-nero.png","contentUrl":"https:\/\/bnuto.cultura.gov.it\/wp-content\/uploads\/2022\/10\/logo-biblioteca-nazionale-nero.png","width":70,"height":77,"caption":"Biblioteca Nazionale Universitaria di Torino"},"image":{"@id":"https:\/\/bnuto.cultura.gov.it\/fr\/#\/schema\/logo\/image\/"}}]}},"_links":{"self":[{"href":"https:\/\/bnuto.cultura.gov.it\/fr\/wp-json\/wp\/v2\/pages\/8378","targetHints":{"allow":["GET"]}}],"collection":[{"href":"https:\/\/bnuto.cultura.gov.it\/fr\/wp-json\/wp\/v2\/pages"}],"about":[{"href":"https:\/\/bnuto.cultura.gov.it\/fr\/wp-json\/wp\/v2\/types\/page"}],"author":[{"embeddable":true,"href":"https:\/\/bnuto.cultura.gov.it\/fr\/wp-json\/wp\/v2\/users\/19"}],"replies":[{"embeddable":true,"href":"https:\/\/bnuto.cultura.gov.it\/fr\/wp-json\/wp\/v2\/comments?post=8378"}],"version-history":[{"count":10,"href":"https:\/\/bnuto.cultura.gov.it\/fr\/wp-json\/wp\/v2\/pages\/8378\/revisions"}],"predecessor-version":[{"id":9410,"href":"https:\/\/bnuto.cultura.gov.it\/fr\/wp-json\/wp\/v2\/pages\/8378\/revisions\/9410"}],"wp:featuredmedia":[{"embeddable":true,"href":"https:\/\/bnuto.cultura.gov.it\/fr\/wp-json\/wp\/v2\/media\/6645"}],"wp:attachment":[{"href":"https:\/\/bnuto.cultura.gov.it\/fr\/wp-json\/wp\/v2\/media?parent=8378"}],"wp:term":[{"taxonomy":"category_page","embeddable":true,"href":"https:\/\/bnuto.cultura.gov.it\/fr\/wp-json\/wp\/v2\/category_page?post=8378"}],"curies":[{"name":"wp","href":"https:\/\/api.w.org\/{rel}","templated":true}]}}