{"id":8501,"date":"2022-10-25T10:15:04","date_gmt":"2022-10-25T08:15:04","guid":{"rendered":"https:\/\/bnuto.cultura.gov.it\/patrimoine\/"},"modified":"2026-02-13T09:26:23","modified_gmt":"2026-02-13T08:26:23","slug":"patrimoine","status":"publish","type":"page","link":"https:\/\/bnuto.cultura.gov.it\/fr\/patrimoine\/","title":{"rendered":"Collections"},"content":{"rendered":"<section class=\"l-section wpb_row height_auto\"><div class=\"l-section-h i-cf\"><div class=\"g-cols vc_row via_flex valign_top type_default stacking_default\"><div class=\"vc_col-sm-12 wpb_column vc_column_container\"><div class=\"vc_column-inner\"><div class=\"wpb_wrapper\"><div class=\"wpb_text_column\"><div class=\"wpb_wrapper\"><p>Le fonds de la Biblioth\u00e8que nationale universitaire de Turin est constitu\u00e9 de documents produits depuis le Ve si\u00e8cle jusqu&#8217;\u00e0 aujourd&#8217;hui. Endommag\u00e9e \u00e0 plusieurs reprises par des incendies et des guerres, elle t\u00e9moigne, entre autres, de l&#8217;importance du livre dans la culture occidentale.<\/p>\n<\/div><\/div><\/div><\/div><\/div><\/div><\/div><\/section><section class=\"l-section wpb_row us_custom_2ca7329d ciao height_auto\"><div class=\"l-section-h i-cf\"><div class=\"g-cols vc_row via_flex valign_top type_default stacking_default\"><div class=\"vc_col-sm-12 wpb_column vc_column_container\"><div class=\"vc_column-inner\"><div class=\"wpb_wrapper\"><div class=\"w-grid us_grid grid-collezioni type_grid layout_4734 cols_2 preload_style_spinner\" id=\"us_grid_1\" style=\"--columns:2;--gap:1.5rem;\" data-filterable=\"true\"><style>@media (max-width:991px){#us_grid_1{--columns:1!important}}.layout_4734 .w-grid-item-h{}.layout_4734 .usg_vwrapper_1{max-width:360px!important}.layout_4734 .usg_post_title_1{color:#000000!important;font-size:20px!important;font-weight:700!important;margin-top:We!important;padding-left:25px!important;padding-top:15px!important;padding-right:25px!important}.layout_4734 .usg_post_content_1{font-size:18px!important;padding-left:25px!important;padding-bottom:60px!important;padding-right:25px!important}.layout_4734 .usg_hwrapper_1{width:100%!important;height:296px!important}<\/style><div class=\"w-grid-list\">\t<article class=\"w-grid-item size_1x1 post-7131 page type-page status-publish has-post-thumbnail hentry category_page-collezioni\" data-id=\"7131\">\r\n\t\t<div class=\"w-grid-item-h\">\r\n\t\t\t\t\t\t<div class=\"w-vwrapper usg_vwrapper_1 grid-single-collezione grid-card-collezioni align_none valign_top has-link\"><div class=\"w-hwrapper usg_hwrapper_1 align_none valign_top\"><\/div><p class=\"w-post-elm post_title usg_post_title_1 has_text_color entry-title color_link_inherit\">Manuscrits Vivaldi : Collection Fo\u00e0 et Collection Giordano<\/p><div class=\"w-post-elm post_content usg_post_content_1\">Parmi les collections musicales de l&#8217;Institut, la collection Mauro Fo\u00e0 (compos\u00e9e de 87 manuscrits et 66 \u0153uvres imprim\u00e9es) et la collection Renzo Giordano (compos\u00e9e de 167 manuscrits et 145 \u0153uvres&hellip;<\/div><a href=\"https:\/\/bnuto.cultura.gov.it\/fr\/patrimoine\/vivaldi-manuscripts-foa-collection-and-giordano-collection\/\" class=\"w-vwrapper-link smooth-scroll\" aria-label=\"Link\"><\/a><\/div>\t\t<\/div>\r\n\t\t\t\t\t<style>.layout_4734 .post-7131 .usg_hwrapper_1{background:url(https:\/\/bnuto.cultura.gov.it\/wp-content\/uploads\/2025\/09\/raccolta-foa-giordano.png)!important}<\/style>\r\n\t\t\t<\/article>\r\n\t<article class=\"w-grid-item size_1x1 post-8530 page type-page status-publish has-post-thumbnail hentry category_page-collezioni\" data-id=\"8530\">\r\n\t\t<div class=\"w-grid-item-h\">\r\n\t\t\t\t\t\t<div class=\"w-vwrapper usg_vwrapper_1 grid-single-collezione grid-card-collezioni align_none valign_top has-link\"><div class=\"w-hwrapper usg_hwrapper_1 align_none valign_top\"><\/div><p class=\"w-post-elm post_title usg_post_title_1 has_text_color entry-title color_link_inherit\">Fonds Reine Margaret<\/p><div class=\"w-post-elm post_content usg_post_content_1\">Dans l&#8217;imaginaire collectif, Marguerite de Savoie incarne un mod\u00e8le de souverainet\u00e9 exemplaire, o\u00f9 la conscience et la fiert\u00e9 d&#8217;appartenir \u00e0 l&#8217;une des plus anciennes familles royales d&#8217;Europe se conjuguent avec&hellip;<\/div><a href=\"https:\/\/bnuto.cultura.gov.it\/fr\/patrimoine\/fonds-reine-margaret\/\" class=\"w-vwrapper-link smooth-scroll\" aria-label=\"Link\"><\/a><\/div>\t\t<\/div>\r\n\t\t\t\t\t<style>.layout_4734 .post-8530 .usg_hwrapper_1{background:url(https:\/\/bnuto.cultura.gov.it\/wp-content\/uploads\/2025\/09\/regina-margherita.png)!important}<\/style>\r\n\t\t\t<\/article>\r\n\t<article class=\"w-grid-item size_1x1 post-8539 page type-page status-publish has-post-thumbnail hentry category_page-collezioni\" data-id=\"8539\">\r\n\t\t<div class=\"w-grid-item-h\">\r\n\t\t\t\t\t\t<div class=\"w-vwrapper usg_vwrapper_1 grid-single-collezione grid-card-collezioni align_none valign_top has-link\"><div class=\"w-hwrapper usg_hwrapper_1 align_none valign_top\"><\/div><p class=\"w-post-elm post_title usg_post_title_1 has_text_color entry-title color_link_inherit\">Cadeau Pacchiotti<\/p><div class=\"w-post-elm post_content usg_post_content_1\">Parmi les volumes conserv\u00e9s dans les bo\u00eetes, il a \u00e9t\u00e9 possible de retrouver et de reconstituer la collection de 516 volumes, comprenant environ 1570 ouvrages, publi\u00e9s entre le XVIIe et&hellip;<\/div><a href=\"https:\/\/bnuto.cultura.gov.it\/fr\/patrimoine\/cadeau-pacchiotti\/\" class=\"w-vwrapper-link smooth-scroll\" aria-label=\"Link\"><\/a><\/div>\t\t<\/div>\r\n\t\t\t\t\t<style>.layout_4734 .post-8539 .usg_hwrapper_1{background:url(https:\/\/bnuto.cultura.gov.it\/wp-content\/uploads\/2025\/09\/dono-pacchiotti.png)!important}<\/style>\r\n\t\t\t<\/article>\r\n\t<article class=\"w-grid-item size_1x1 post-8547 page type-page status-publish has-post-thumbnail hentry category_page-collezioni\" data-id=\"8547\">\r\n\t\t<div class=\"w-grid-item-h\">\r\n\t\t\t\t\t\t<div class=\"w-vwrapper usg_vwrapper_1 grid-single-collezione grid-card-collezioni align_none valign_top has-link\"><div class=\"w-hwrapper usg_hwrapper_1 align_none valign_top\"><\/div><p class=\"w-post-elm post_title usg_post_title_1 has_text_color entry-title color_link_inherit\">Cadeau Mayor<\/p><div class=\"w-post-elm post_content usg_post_content_1\">John Eyton Bickersteth Mayor (1825-1910) \u00e9tait un latiniste, hell\u00e9niste et activiste britannique. N\u00e9 \u00e0 Baddegama en Celyon britannique (dans l&#8217;actuel Sri Lanka), il est le fils du r\u00e9v\u00e9rend John Major&hellip;<\/div><a href=\"https:\/\/bnuto.cultura.gov.it\/fr\/patrimoine\/cadeau-mayor\/\" class=\"w-vwrapper-link smooth-scroll\" aria-label=\"Link\"><\/a><\/div>\t\t<\/div>\r\n\t\t\t\t\t<style>.layout_4734 .post-8547 .usg_hwrapper_1{background:url(https:\/\/bnuto.cultura.gov.it\/wp-content\/uploads\/2025\/09\/dono-mayor.png)!important}<\/style>\r\n\t\t\t<\/article>\r\n<\/div>\t<div class=\"w-grid-preloader\">\r\n\t\t<div class=\"g-preloader type_1\">\r\n\t\t\t<div><\/div>\r\n\t\t<\/div>\r\n\t<\/div>\r\n\t\t<div class=\"w-grid-json hidden\" onclick='return {&quot;action&quot;:&quot;us_ajax_grid&quot;,&quot;infinite_scroll&quot;:0,&quot;max_num_pages&quot;:3,&quot;pagination&quot;:&quot;none&quot;,&quot;template_vars&quot;:{&quot;columns&quot;:&quot;2&quot;,&quot;exclude_items&quot;:&quot;none&quot;,&quot;img_size&quot;:&quot;default&quot;,&quot;ignore_items_size&quot;:0,&quot;items_layout&quot;:&quot;4734&quot;,&quot;items_offset&quot;:&quot;1&quot;,&quot;load_animation&quot;:&quot;none&quot;,&quot;overriding_link&quot;:&quot;%7B%22url%22%3A%22%22%7D&quot;,&quot;post_id&quot;:0,&quot;query_args&quot;:{&quot;post_type&quot;:[&quot;page&quot;],&quot;tax_query&quot;:[{&quot;taxonomy&quot;:&quot;category_page&quot;,&quot;field&quot;:&quot;slug&quot;,&quot;terms&quot;:[&quot;collezioni&quot;]}],&quot;post_status&quot;:[&quot;publish&quot;,&quot;acf-disabled&quot;],&quot;posts_per_page&quot;:&quot;4&quot;},&quot;orderby_query_args&quot;:{&quot;orderby&quot;:{&quot;date&quot;:&quot;ASC&quot;}},&quot;type&quot;:&quot;grid&quot;,&quot;us_grid_post_type&quot;:&quot;page&quot;,&quot;us_grid_ajax_index&quot;:1,&quot;us_grid_filter_query_string&quot;:null,&quot;us_grid_index&quot;:1,&quot;page_args&quot;:[],&quot;lang&quot;:&quot;fr&quot;}}'><\/div>\r\n\t<\/div><\/div><\/div><\/div><\/div><\/div><\/section><section class=\"l-section wpb_row us_custom_8cb8ca8f block-modulo height_auto with_img\"><div class=\"l-section-img\" role=\"img\" aria-label=\"Image\" data-img-width=\"464\" data-img-height=\"312\" style=\"background-image: url(https:\/\/bnuto.cultura.gov.it\/wp-content\/uploads\/2025\/07\/shape-opacity-little.png);background-position: bottom left;background-repeat: no-repeat;background-size: contain;\"><\/div><div class=\"l-section-h i-cf\"><div class=\"g-cols vc_row via_flex valign_top type_default stacking_default\"><div class=\"vc_col-sm-12 wpb_column vc_column_container\"><div class=\"vc_column-inner\"><div class=\"wpb_wrapper\"><div class=\"g-cols wpb_row us_custom_eeb3f56b blocco-modulo-flex via_flex valign_middle type_default stacking_default\"><div class=\"vc_col-sm-6 wpb_column vc_column_container\"><div class=\"vc_column-inner\"><div class=\"wpb_wrapper\"><div class=\"wpb_text_column us_custom_b4f9904b blocco-modulo-text has_text_color\"><div class=\"wpb_wrapper\"><p><strong>D\u00e9couvrez les collections sous forme num\u00e9rique<\/strong><\/p>\n<\/div><\/div><\/div><\/div><\/div><div class=\"vc_col-sm-6 wpb_column vc_column_container\"><div class=\"vc_column-inner\"><div class=\"wpb_wrapper\"><div class=\"w-btn-wrapper align_none\"><a aria-label=\"Scopri tutte le collezioni\" class=\"w-btn us-btn-style_3 us_custom_9de87d4e\" href=\"https:\/\/bnuto.archibuzz.tech\/patrimonio-digitale\/\"><span class=\"w-btn-label\">En savoir plus<\/span><\/a><\/div><\/div><\/div><\/div><\/div><\/div><\/div><\/div><\/div><\/div><\/section><section class=\"l-section wpb_row ciao height_auto\"><div class=\"l-section-h i-cf\"><div class=\"g-cols vc_row via_flex valign_top type_default stacking_default\"><div class=\"vc_col-sm-12 wpb_column vc_column_container\"><div class=\"vc_column-inner\"><div class=\"wpb_wrapper\"><div class=\"w-grid us_grid grid-collezioni type_grid layout_4734 cols_2 preload_style_spinner\" id=\"us_grid_2\" style=\"--columns:2;--gap:1.5rem;\" data-filterable=\"true\"><style>@media (max-width:991px){#us_grid_2{--columns:1!important}}<\/style><div class=\"w-grid-list\">\t<article class=\"w-grid-item size_1x1 post-8401 page type-page status-publish has-post-thumbnail hentry category_page-collezioni\" data-id=\"8401\">\r\n\t\t<div class=\"w-grid-item-h\">\r\n\t\t\t\t\t\t<div class=\"w-vwrapper usg_vwrapper_1 grid-single-collezione grid-card-collezioni align_none valign_top has-link\"><div class=\"w-hwrapper usg_hwrapper_1 align_none valign_top\"><\/div><p class=\"w-post-elm post_title usg_post_title_1 has_text_color entry-title color_link_inherit\">Un regard d\u2019ensemble<\/p><div class=\"w-post-elm post_content usg_post_content_1\">Manuscrits De la tr\u00e8s riche collection de codices conserv\u00e9s par la Biblioth\u00e8que, ceux en langue h\u00e9bra\u00efque occupaient autrefois une place pr\u00e9\u00e9minente, car ils \u00e9taient consid\u00e9r\u00e9s comme l\u2019une des collections les&hellip;<\/div><a href=\"https:\/\/bnuto.cultura.gov.it\/fr\/patrimoine\/un-regard-densemble\/\" class=\"w-vwrapper-link smooth-scroll\" aria-label=\"Link\"><\/a><\/div>\t\t<\/div>\r\n\t\t\t\t\t<style>.layout_4734 .post-8401 .usg_hwrapper_1{background:url(https:\/\/bnuto.cultura.gov.it\/wp-content\/uploads\/2023\/01\/Atrio.jpg)!important}<\/style>\r\n\t\t\t<\/article>\r\n\t<article class=\"w-grid-item size_1x1 post-9573 page type-page status-publish hentry category_page-collezioni\" data-id=\"9573\">\r\n\t\t<div class=\"w-grid-item-h\">\r\n\t\t\t\t\t\t<div class=\"w-vwrapper usg_vwrapper_1 grid-single-collezione grid-card-collezioni align_none valign_top has-link\"><div class=\"w-hwrapper usg_hwrapper_1 align_none valign_top\"><\/div><p class=\"w-post-elm post_title usg_post_title_1 has_text_color entry-title color_link_inherit\">Parmi les manuscrits de la biblioth\u00e8que ducale<\/p><div class=\"w-post-elm post_content usg_post_content_1\">La biblioth\u00e8que ducale de la famille de Savoie, anc\u00eatre de l&#8217;actuelle biblioth\u00e8que nationale, est n\u00e9e au XIIIe si\u00e8cle \u00e0 l&#8217;initiative du comte Pierre II de Savoie qui, amoureux des arts,&hellip;<\/div><a href=\"https:\/\/bnuto.cultura.gov.it\/fr\/patrimoine\/parmi-les-manuscrits-de-la-bibliotheque-ducale\/\" class=\"w-vwrapper-link smooth-scroll\" aria-label=\"Link\"><\/a><\/div>\t\t<\/div>\r\n\t\t\t<\/article>\r\n\t<article class=\"w-grid-item size_1x1 post-9550 page type-page status-publish hentry category_page-collezioni\" data-id=\"9550\">\r\n\t\t<div class=\"w-grid-item-h\">\r\n\t\t\t\t\t\t<div class=\"w-vwrapper usg_vwrapper_1 grid-single-collezione grid-card-collezioni align_none valign_top has-link\"><div class=\"w-hwrapper usg_hwrapper_1 align_none valign_top\"><\/div><p class=\"w-post-elm post_title usg_post_title_1 has_text_color entry-title color_link_inherit\">Juvarra<\/p><div class=\"w-post-elm post_content usg_post_content_1\">Au sein de la vaste collection de dessins et d&#8217;estampes de la Biblioteca Nazionale Universitaria di Torino, le corpus juvarrianum, nom donn\u00e9 aux dessins qui t\u00e9moignent de l&#8217;\u0153uvre de Filippo&hellip;<\/div><a href=\"https:\/\/bnuto.cultura.gov.it\/fr\/juvarra\/\" class=\"w-vwrapper-link smooth-scroll\" aria-label=\"Link\"><\/a><\/div>\t\t<\/div>\r\n\t\t\t<\/article>\r\n\t<article class=\"w-grid-item size_1x1 post-8586 page type-page status-publish has-post-thumbnail hentry category_page-collezioni\" data-id=\"8586\">\r\n\t\t<div class=\"w-grid-item-h\">\r\n\t\t\t\t\t\t<div class=\"w-vwrapper usg_vwrapper_1 grid-single-collezione grid-card-collezioni align_none valign_top has-link\"><div class=\"w-hwrapper usg_hwrapper_1 align_none valign_top\"><\/div><p class=\"w-post-elm post_title usg_post_title_1 has_text_color entry-title color_link_inherit\">Cadeau Curlo<\/p><div class=\"w-post-elm post_content usg_post_content_1\">Les cadeaux d&#8217;un marquis-biblioth\u00e9caire Parmi les diff\u00e9rents livres donn\u00e9s \u00e0 la Biblioth\u00e8que nationale, il convient de mentionner ceux du marquis Faustino Curlo (1867-1935), principalement consacr\u00e9s aux figures de Christophe Colomb&hellip;<\/div><a href=\"https:\/\/bnuto.cultura.gov.it\/fr\/patrimoine\/cadeau-curlo\/\" class=\"w-vwrapper-link smooth-scroll\" aria-label=\"Link\"><\/a><\/div>\t\t<\/div>\r\n\t\t\t\t\t<style>.layout_4734 .post-8586 .usg_hwrapper_1{background:url(https:\/\/bnuto.cultura.gov.it\/wp-content\/uploads\/2025\/09\/dono-curlo.png)!important}<\/style>\r\n\t\t\t<\/article>\r\n<\/div>\t<div class=\"w-grid-preloader\">\r\n\t\t<div class=\"g-preloader type_1\">\r\n\t\t\t<div><\/div>\r\n\t\t<\/div>\r\n\t<\/div>\r\n\t\t<div class=\"w-grid-json hidden\" onclick='return {&quot;action&quot;:&quot;us_ajax_grid&quot;,&quot;infinite_scroll&quot;:0,&quot;max_num_pages&quot;:3,&quot;pagination&quot;:&quot;none&quot;,&quot;template_vars&quot;:{&quot;columns&quot;:&quot;2&quot;,&quot;exclude_items&quot;:&quot;offset&quot;,&quot;img_size&quot;:&quot;default&quot;,&quot;ignore_items_size&quot;:0,&quot;items_layout&quot;:&quot;4734&quot;,&quot;items_offset&quot;:&quot;&quot;,&quot;load_animation&quot;:&quot;none&quot;,&quot;overriding_link&quot;:&quot;%7B%22url%22%3A%22%22%7D&quot;,&quot;post_id&quot;:0,&quot;query_args&quot;:{&quot;post_type&quot;:[&quot;page&quot;],&quot;tax_query&quot;:[{&quot;taxonomy&quot;:&quot;category_page&quot;,&quot;field&quot;:&quot;slug&quot;,&quot;terms&quot;:[&quot;collezioni&quot;]}],&quot;post_status&quot;:[&quot;publish&quot;,&quot;acf-disabled&quot;],&quot;posts_per_page&quot;:&quot;4&quot;},&quot;orderby_query_args&quot;:{&quot;orderby&quot;:{&quot;date&quot;:&quot;DESC&quot;}},&quot;type&quot;:&quot;grid&quot;,&quot;us_grid_post_type&quot;:&quot;page&quot;,&quot;us_grid_ajax_index&quot;:2,&quot;us_grid_filter_query_string&quot;:null,&quot;us_grid_index&quot;:2,&quot;page_args&quot;:[],&quot;lang&quot;:&quot;fr&quot;}}'><\/div>\r\n\t<\/div><\/div><\/div><\/div><\/div><\/div><\/section>\n","protected":false},"excerpt":{"rendered":"Les cadeaux d&#8217;un marquis-biblioth\u00e9caire Parmi les diff\u00e9rents livres donn\u00e9s \u00e0 la Biblioth\u00e8que nationale, il convient de mentionner ceux du marquis Faustino Curlo (1867-1935), principalement consacr\u00e9s aux figures de Christophe Colomb et de Benvenuto Cellini. Apr\u00e8s avoir obtenu sa licence en droit \u00e0 l&#8217;universit\u00e9 de Turin en novembre 1894, avec une th\u00e8se sur Silvio Pellico, Curlo...","protected":false},"author":7,"featured_media":0,"parent":0,"menu_order":0,"comment_status":"closed","ping_status":"closed","template":"","meta":{"_acf_changed":false,"footnotes":""},"category_page":[],"class_list":["post-8501","page","type-page","status-publish","hentry"],"acf":[],"yoast_head":"<!-- This site is optimized with the Yoast SEO plugin v27.3 - https:\/\/yoast.com\/product\/yoast-seo-wordpress\/ -->\n<title>Collections |Biblioteca Nazionale Universitaria di Torino%.<\/title>\n<meta name=\"description\" content=\"L&#039;Institut abrite de nombreux documents produits du Ve si\u00e8cle \u00e0 nos jours. D\u00e9couvrez les archives, les manuscrits et les volumes de la biblioth\u00e8que.\" \/>\n<meta name=\"robots\" content=\"index, follow, max-snippet:-1, max-image-preview:large, max-video-preview:-1\" \/>\n<link rel=\"canonical\" href=\"https:\/\/bnuto.cultura.gov.it\/fr\/patrimoine\/\" \/>\n<meta property=\"og:locale\" content=\"fr_FR\" \/>\n<meta property=\"og:type\" content=\"article\" \/>\n<meta property=\"og:title\" content=\"Collections |Biblioteca Nazionale Universitaria di Torino%.\" \/>\n<meta property=\"og:description\" content=\"L&#039;Institut abrite de nombreux documents produits du Ve si\u00e8cle \u00e0 nos jours. D\u00e9couvrez les archives, les manuscrits et les volumes de la biblioth\u00e8que.\" \/>\n<meta property=\"og:url\" content=\"https:\/\/bnuto.cultura.gov.it\/fr\/patrimoine\/\" \/>\n<meta property=\"og:site_name\" content=\"Biblioteca Nazionale Universitaria di Torino\" \/>\n<meta property=\"article:modified_time\" content=\"2026-02-13T08:26:23+00:00\" \/>\n<meta name=\"twitter:card\" content=\"summary_large_image\" \/>\n<meta name=\"twitter:label1\" content=\"Est. reading time\" \/>\n\t<meta name=\"twitter:data1\" content=\"2 minutes\" \/>\n<script type=\"application\/ld+json\" class=\"yoast-schema-graph\">{\"@context\":\"https:\\\/\\\/schema.org\",\"@graph\":[{\"@type\":\"WebPage\",\"@id\":\"https:\\\/\\\/bnuto.cultura.gov.it\\\/fr\\\/patrimoine\\\/\",\"url\":\"https:\\\/\\\/bnuto.cultura.gov.it\\\/fr\\\/patrimoine\\\/\",\"name\":\"Collections |Biblioteca Nazionale Universitaria di Torino%.\",\"isPartOf\":{\"@id\":\"https:\\\/\\\/bnuto.cultura.gov.it\\\/fr\\\/#website\"},\"datePublished\":\"2022-10-25T08:15:04+00:00\",\"dateModified\":\"2026-02-13T08:26:23+00:00\",\"description\":\"L'Institut abrite de nombreux documents produits du Ve si\u00e8cle \u00e0 nos jours. D\u00e9couvrez les archives, les manuscrits et les volumes de la biblioth\u00e8que.\",\"breadcrumb\":{\"@id\":\"https:\\\/\\\/bnuto.cultura.gov.it\\\/fr\\\/patrimoine\\\/#breadcrumb\"},\"inLanguage\":\"fr-FR\",\"potentialAction\":[{\"@type\":\"ReadAction\",\"target\":[\"https:\\\/\\\/bnuto.cultura.gov.it\\\/fr\\\/patrimoine\\\/\"]}]},{\"@type\":\"BreadcrumbList\",\"@id\":\"https:\\\/\\\/bnuto.cultura.gov.it\\\/fr\\\/patrimoine\\\/#breadcrumb\",\"itemListElement\":[{\"@type\":\"ListItem\",\"position\":1,\"name\":\"Home\",\"item\":\"https:\\\/\\\/bnuto.cultura.gov.it\\\/fr\\\/\"},{\"@type\":\"ListItem\",\"position\":2,\"name\":\"Collections\"}]},{\"@type\":\"WebSite\",\"@id\":\"https:\\\/\\\/bnuto.cultura.gov.it\\\/fr\\\/#website\",\"url\":\"https:\\\/\\\/bnuto.cultura.gov.it\\\/fr\\\/\",\"name\":\"Biblioteca Nazionale Universitaria di Torino\",\"description\":\"Un nuovo sito targato WordPress\",\"publisher\":{\"@id\":\"https:\\\/\\\/bnuto.cultura.gov.it\\\/fr\\\/#organization\"},\"potentialAction\":[{\"@type\":\"SearchAction\",\"target\":{\"@type\":\"EntryPoint\",\"urlTemplate\":\"https:\\\/\\\/bnuto.cultura.gov.it\\\/fr\\\/?s={search_term_string}\"},\"query-input\":{\"@type\":\"PropertyValueSpecification\",\"valueRequired\":true,\"valueName\":\"search_term_string\"}}],\"inLanguage\":\"fr-FR\"},{\"@type\":\"Organization\",\"@id\":\"https:\\\/\\\/bnuto.cultura.gov.it\\\/fr\\\/#organization\",\"name\":\"Biblioteca Nazionale Universitaria di Torino\",\"url\":\"https:\\\/\\\/bnuto.cultura.gov.it\\\/fr\\\/\",\"logo\":{\"@type\":\"ImageObject\",\"inLanguage\":\"fr-FR\",\"@id\":\"https:\\\/\\\/bnuto.cultura.gov.it\\\/fr\\\/#\\\/schema\\\/logo\\\/image\\\/\",\"url\":\"https:\\\/\\\/bnuto.cultura.gov.it\\\/wp-content\\\/uploads\\\/2022\\\/10\\\/logo-biblioteca-nazionale-nero.png\",\"contentUrl\":\"https:\\\/\\\/bnuto.cultura.gov.it\\\/wp-content\\\/uploads\\\/2022\\\/10\\\/logo-biblioteca-nazionale-nero.png\",\"width\":70,\"height\":77,\"caption\":\"Biblioteca Nazionale Universitaria di Torino\"},\"image\":{\"@id\":\"https:\\\/\\\/bnuto.cultura.gov.it\\\/fr\\\/#\\\/schema\\\/logo\\\/image\\\/\"}}]}<\/script>\n<!-- \/ Yoast SEO plugin. -->","yoast_head_json":{"title":"Collections |Biblioteca Nazionale Universitaria di Torino%.","description":"L'Institut abrite de nombreux documents produits du Ve si\u00e8cle \u00e0 nos jours. D\u00e9couvrez les archives, les manuscrits et les volumes de la biblioth\u00e8que.","robots":{"index":"index","follow":"follow","max-snippet":"max-snippet:-1","max-image-preview":"max-image-preview:large","max-video-preview":"max-video-preview:-1"},"canonical":"https:\/\/bnuto.cultura.gov.it\/fr\/patrimoine\/","og_locale":"fr_FR","og_type":"article","og_title":"Collections |Biblioteca Nazionale Universitaria di Torino%.","og_description":"L'Institut abrite de nombreux documents produits du Ve si\u00e8cle \u00e0 nos jours. D\u00e9couvrez les archives, les manuscrits et les volumes de la biblioth\u00e8que.","og_url":"https:\/\/bnuto.cultura.gov.it\/fr\/patrimoine\/","og_site_name":"Biblioteca Nazionale Universitaria di Torino","article_modified_time":"2026-02-13T08:26:23+00:00","twitter_card":"summary_large_image","twitter_misc":{"Est. reading time":"2 minutes"},"schema":{"@context":"https:\/\/schema.org","@graph":[{"@type":"WebPage","@id":"https:\/\/bnuto.cultura.gov.it\/fr\/patrimoine\/","url":"https:\/\/bnuto.cultura.gov.it\/fr\/patrimoine\/","name":"Collections |Biblioteca Nazionale Universitaria di Torino%.","isPartOf":{"@id":"https:\/\/bnuto.cultura.gov.it\/fr\/#website"},"datePublished":"2022-10-25T08:15:04+00:00","dateModified":"2026-02-13T08:26:23+00:00","description":"L'Institut abrite de nombreux documents produits du Ve si\u00e8cle \u00e0 nos jours. D\u00e9couvrez les archives, les manuscrits et les volumes de la biblioth\u00e8que.","breadcrumb":{"@id":"https:\/\/bnuto.cultura.gov.it\/fr\/patrimoine\/#breadcrumb"},"inLanguage":"fr-FR","potentialAction":[{"@type":"ReadAction","target":["https:\/\/bnuto.cultura.gov.it\/fr\/patrimoine\/"]}]},{"@type":"BreadcrumbList","@id":"https:\/\/bnuto.cultura.gov.it\/fr\/patrimoine\/#breadcrumb","itemListElement":[{"@type":"ListItem","position":1,"name":"Home","item":"https:\/\/bnuto.cultura.gov.it\/fr\/"},{"@type":"ListItem","position":2,"name":"Collections"}]},{"@type":"WebSite","@id":"https:\/\/bnuto.cultura.gov.it\/fr\/#website","url":"https:\/\/bnuto.cultura.gov.it\/fr\/","name":"Biblioteca Nazionale Universitaria di Torino","description":"Un nuovo sito targato WordPress","publisher":{"@id":"https:\/\/bnuto.cultura.gov.it\/fr\/#organization"},"potentialAction":[{"@type":"SearchAction","target":{"@type":"EntryPoint","urlTemplate":"https:\/\/bnuto.cultura.gov.it\/fr\/?s={search_term_string}"},"query-input":{"@type":"PropertyValueSpecification","valueRequired":true,"valueName":"search_term_string"}}],"inLanguage":"fr-FR"},{"@type":"Organization","@id":"https:\/\/bnuto.cultura.gov.it\/fr\/#organization","name":"Biblioteca Nazionale Universitaria di Torino","url":"https:\/\/bnuto.cultura.gov.it\/fr\/","logo":{"@type":"ImageObject","inLanguage":"fr-FR","@id":"https:\/\/bnuto.cultura.gov.it\/fr\/#\/schema\/logo\/image\/","url":"https:\/\/bnuto.cultura.gov.it\/wp-content\/uploads\/2022\/10\/logo-biblioteca-nazionale-nero.png","contentUrl":"https:\/\/bnuto.cultura.gov.it\/wp-content\/uploads\/2022\/10\/logo-biblioteca-nazionale-nero.png","width":70,"height":77,"caption":"Biblioteca Nazionale Universitaria di Torino"},"image":{"@id":"https:\/\/bnuto.cultura.gov.it\/fr\/#\/schema\/logo\/image\/"}}]}},"_links":{"self":[{"href":"https:\/\/bnuto.cultura.gov.it\/fr\/wp-json\/wp\/v2\/pages\/8501","targetHints":{"allow":["GET"]}}],"collection":[{"href":"https:\/\/bnuto.cultura.gov.it\/fr\/wp-json\/wp\/v2\/pages"}],"about":[{"href":"https:\/\/bnuto.cultura.gov.it\/fr\/wp-json\/wp\/v2\/types\/page"}],"author":[{"embeddable":true,"href":"https:\/\/bnuto.cultura.gov.it\/fr\/wp-json\/wp\/v2\/users\/7"}],"replies":[{"embeddable":true,"href":"https:\/\/bnuto.cultura.gov.it\/fr\/wp-json\/wp\/v2\/comments?post=8501"}],"version-history":[{"count":11,"href":"https:\/\/bnuto.cultura.gov.it\/fr\/wp-json\/wp\/v2\/pages\/8501\/revisions"}],"predecessor-version":[{"id":8521,"href":"https:\/\/bnuto.cultura.gov.it\/fr\/wp-json\/wp\/v2\/pages\/8501\/revisions\/8521"}],"wp:attachment":[{"href":"https:\/\/bnuto.cultura.gov.it\/fr\/wp-json\/wp\/v2\/media?parent=8501"}],"wp:term":[{"taxonomy":"category_page","embeddable":true,"href":"https:\/\/bnuto.cultura.gov.it\/fr\/wp-json\/wp\/v2\/category_page?post=8501"}],"curies":[{"name":"wp","href":"https:\/\/api.w.org\/{rel}","templated":true}]}}