{"id":8539,"date":"2023-12-08T15:58:06","date_gmt":"2023-12-08T14:58:06","guid":{"rendered":"https:\/\/bnuto.cultura.gov.it\/patrimoine\/cadeau-pacchiotti\/"},"modified":"2026-02-17T12:57:01","modified_gmt":"2026-02-17T11:57:01","slug":"cadeau-pacchiotti","status":"publish","type":"page","link":"https:\/\/bnuto.cultura.gov.it\/fr\/patrimoine\/cadeau-pacchiotti\/","title":{"rendered":"Cadeau Pacchiotti"},"content":{"rendered":"<section class=\"l-section wpb_row height_auto\"><div class=\"l-section-h i-cf\"><div class=\"g-cols vc_row via_flex valign_top type_default stacking_default\"><div class=\"vc_col-sm-2 wpb_column vc_column_container\"><div class=\"vc_column-inner\"><div class=\"wpb_wrapper\"><div class=\"w-image us_custom_74272eed align_none\"><div class=\"w-image-h\"><img decoding=\"async\" width=\"173\" height=\"197\" src=\"https:\/\/bnuto.cultura.gov.it\/wp-content\/uploads\/2023\/12\/Pacchiotti.gif\" class=\"attachment-large size-large\" alt=\"Giacinto Pacchiotti\" loading=\"lazy\" \/><\/div><\/div><\/div><\/div><\/div><div class=\"vc_col-sm-10 wpb_column vc_column_container\"><div class=\"vc_column-inner\"><div class=\"wpb_wrapper\"><div class=\"wpb_text_column us_custom_8a3c403a\"><div class=\"wpb_wrapper\"><p>Parmi les volumes conserv\u00e9s dans les bo\u00eetes, il a \u00e9t\u00e9 possible de retrouver et de reconstituer la collection de 516 volumes, comprenant environ 1570 ouvrages, publi\u00e9s entre le XVIIe et le XIXe si\u00e8cle, ayant appartenu au c\u00e9l\u00e8bre m\u00e9decin turinois Giacinto Pacchiotti. \u00c0 sa mort, ses biens ont \u00e9t\u00e9 donn\u00e9s et, en 1894, la collection de livres est entr\u00e9e \u00e0 la Biblioth\u00e8que nationale universitaire de Turin.<\/p>\n<\/div><\/div><\/div><\/div><\/div><\/div><\/div><\/section><section class=\"l-section wpb_row height_auto\"><div class=\"l-section-h i-cf\"><div class=\"g-cols vc_row via_flex valign_top type_default stacking_default\"><div class=\"vc_col-sm-11 wpb_column vc_column_container\"><div class=\"vc_column-inner\"><div class=\"wpb_wrapper\"><div class=\"wpb_text_column us_custom_f432bb85\"><div class=\"wpb_wrapper\"><p>Giacinto Pacchiotti (1820-1893) fut professeur de pathologie chirurgicale \u00e0 l&#8217;universit\u00e9 de Turin \u00e0 partir de 1863, m\u00e9decin-chef de l&#8217;h\u00f4pital de Valdese, conseiller municipal et conseiller pour l&#8217;hygi\u00e8ne et, en 1880, il fut nomm\u00e9 s\u00e9nateur du Royaume d&#8217;Italie.<\/p>\n<\/div><\/div><\/div><\/div><\/div><div class=\"vc_col-sm-1 wpb_column vc_column_container\"><div class=\"vc_column-inner\"><div class=\"wpb_wrapper\"><div class=\"w-image us_custom_e0630894 align_none\"><div class=\"w-image-h\"><img decoding=\"async\" width=\"149\" height=\"1024\" src=\"https:\/\/bnuto.cultura.gov.it\/wp-content\/uploads\/2023\/12\/pacchiotti03-149x1024.jpg\" class=\"attachment-large size-large\" alt=\"R\u00e9server Giacinto Pacchiotti\" loading=\"lazy\" \/><\/div><\/div><\/div><\/div><\/div><\/div><\/div><\/section><section class=\"l-section wpb_row height_auto\"><div class=\"l-section-h i-cf\"><div class=\"g-cols vc_row via_flex valign_top type_default stacking_default\"><div class=\"vc_col-sm-3 wpb_column vc_column_container\"><div class=\"vc_column-inner\"><div class=\"wpb_wrapper\"><div class=\"w-image align_none\"><div class=\"w-image-h\"><img decoding=\"async\" width=\"261\" height=\"366\" src=\"https:\/\/bnuto.cultura.gov.it\/wp-content\/uploads\/2025\/07\/pacchiotti01-732x1024-1.png\" class=\"attachment-large size-large\" alt=\"Trait\u00e9 de chirurgie Giacinto Pacchiotti\" loading=\"lazy\" srcset=\"https:\/\/bnuto.cultura.gov.it\/wp-content\/uploads\/2025\/07\/pacchiotti01-732x1024-1.png 261w, https:\/\/bnuto.cultura.gov.it\/wp-content\/uploads\/2025\/07\/pacchiotti01-732x1024-1-214x300.png 214w\" sizes=\"auto, (max-width: 261px) 100vw, 261px\" \/><\/div><\/div><\/div><\/div><\/div><div class=\"vc_col-sm-9 wpb_column vc_column_container\"><div class=\"vc_column-inner\"><div class=\"wpb_wrapper\"><div class=\"wpb_text_column us_custom_efff160b\"><div class=\"wpb_wrapper\"><p>La collection comprend des titres publi\u00e9s en Italie et en Europe d&#8217;une grande valeur et d&#8217;une grande raret\u00e9. On y trouve de nombreux recueils de th\u00e8ses diverses, ainsi que des titres sur diff\u00e9rents aspects de la m\u00e9decine (de l&#8217;ophtalmologie \u00e0 l&#8217;\u00e9tude du syst\u00e8me nerveux, de la phl\u00e9bologie aux textes sur la puerp\u00e9ralit\u00e9). Les mentions de propri\u00e9t\u00e9 appos\u00e9es sur les volumes montrent que Pacchiotti a acquis la partie la plus ancienne de la collection aupr\u00e8s d&#8217;une famille de Cuneo, les Gallo, qui ont \u00e9t\u00e9 m\u00e9decins pendant trois g\u00e9n\u00e9rations et qui l&#8217;ont exerc\u00e9 tout au long de leur vie. Gr\u00e2ce aux marques appos\u00e9es sur les dos des livres, il a \u00e9t\u00e9 possible de reconstituer, d&#8217;abord virtuellement, puis physiquement, l&#8217;emplacement original des volumes, de sorte qu&#8217;il est d\u00e9sormais possible d&#8217;admirer la collection Pacchiotti telle qu&#8217;elle \u00e9tait rang\u00e9e sur ses \u00e9tag\u00e8res.<\/p>\n<\/div><\/div><\/div><\/div><\/div><\/div><\/div><\/section>\n","protected":false},"excerpt":{"rendered":"Parmi les volumes conserv\u00e9s dans les bo\u00eetes, il a \u00e9t\u00e9 possible de retrouver et de reconstituer la collection de 516 volumes, comprenant environ 1570 ouvrages, publi\u00e9s entre le XVIIe et le XIXe si\u00e8cle, ayant appartenu au c\u00e9l\u00e8bre m\u00e9decin turinois Giacinto Pacchiotti. \u00c0 sa mort, ses biens ont \u00e9t\u00e9 donn\u00e9s et, en 1894, la collection de...","protected":false},"author":3,"featured_media":6985,"parent":8501,"menu_order":3,"comment_status":"closed","ping_status":"closed","template":"","meta":{"_acf_changed":false,"footnotes":""},"category_page":[8],"class_list":["post-8539","page","type-page","status-publish","has-post-thumbnail","hentry","category_page-collezioni"],"acf":[],"yoast_head":"<!-- This site is optimized with the Yoast SEO plugin v27.4 - https:\/\/yoast.com\/product\/yoast-seo-wordpress\/ -->\n<title>Cadeau Pacchiotti Biblioth\u00e8que num\u00e9rique | Biblioteca Nazionale Universitaria di Torino.<\/title>\n<meta name=\"robots\" content=\"index, follow, max-snippet:-1, max-image-preview:large, max-video-preview:-1\" \/>\n<link rel=\"canonical\" href=\"https:\/\/bnuto.cultura.gov.it\/fr\/patrimoine\/cadeau-pacchiotti\/\" \/>\n<meta property=\"og:locale\" content=\"fr_FR\" \/>\n<meta property=\"og:type\" content=\"article\" \/>\n<meta property=\"og:title\" content=\"Cadeau Pacchiotti Biblioth\u00e8que num\u00e9rique | Biblioteca Nazionale Universitaria di Torino.\" \/>\n<meta property=\"og:url\" content=\"https:\/\/bnuto.cultura.gov.it\/fr\/patrimoine\/cadeau-pacchiotti\/\" \/>\n<meta property=\"og:site_name\" content=\"Biblioteca Nazionale Universitaria di Torino\" \/>\n<meta property=\"article:modified_time\" content=\"2026-02-17T11:57:01+00:00\" \/>\n<meta property=\"og:image\" content=\"https:\/\/bnuto.cultura.gov.it\/wp-content\/uploads\/2025\/09\/dono-pacchiotti.png\" \/>\n\t<meta property=\"og:image:width\" content=\"360\" \/>\n\t<meta property=\"og:image:height\" content=\"296\" \/>\n\t<meta property=\"og:image:type\" content=\"image\/png\" \/>\n<meta name=\"twitter:card\" content=\"summary_large_image\" \/>\n<meta name=\"twitter:label1\" content=\"Est. reading time\" \/>\n\t<meta name=\"twitter:data1\" content=\"2 minutes\" \/>\n<script type=\"application\/ld+json\" class=\"yoast-schema-graph\">{\"@context\":\"https:\\\/\\\/schema.org\",\"@graph\":[{\"@type\":\"WebPage\",\"@id\":\"https:\\\/\\\/bnuto.cultura.gov.it\\\/fr\\\/patrimoine\\\/cadeau-pacchiotti\\\/\",\"url\":\"https:\\\/\\\/bnuto.cultura.gov.it\\\/fr\\\/patrimoine\\\/cadeau-pacchiotti\\\/\",\"name\":\"Cadeau Pacchiotti Biblioth\u00e8que num\u00e9rique | Biblioteca Nazionale Universitaria di Torino.\",\"isPartOf\":{\"@id\":\"https:\\\/\\\/bnuto.cultura.gov.it\\\/fr\\\/#website\"},\"primaryImageOfPage\":{\"@id\":\"https:\\\/\\\/bnuto.cultura.gov.it\\\/fr\\\/patrimoine\\\/cadeau-pacchiotti\\\/#primaryimage\"},\"image\":{\"@id\":\"https:\\\/\\\/bnuto.cultura.gov.it\\\/fr\\\/patrimoine\\\/cadeau-pacchiotti\\\/#primaryimage\"},\"thumbnailUrl\":\"https:\\\/\\\/bnuto.cultura.gov.it\\\/wp-content\\\/uploads\\\/2025\\\/09\\\/dono-pacchiotti.png\",\"datePublished\":\"2023-12-08T14:58:06+00:00\",\"dateModified\":\"2026-02-17T11:57:01+00:00\",\"breadcrumb\":{\"@id\":\"https:\\\/\\\/bnuto.cultura.gov.it\\\/fr\\\/patrimoine\\\/cadeau-pacchiotti\\\/#breadcrumb\"},\"inLanguage\":\"fr-FR\",\"potentialAction\":[{\"@type\":\"ReadAction\",\"target\":[\"https:\\\/\\\/bnuto.cultura.gov.it\\\/fr\\\/patrimoine\\\/cadeau-pacchiotti\\\/\"]}]},{\"@type\":\"ImageObject\",\"inLanguage\":\"fr-FR\",\"@id\":\"https:\\\/\\\/bnuto.cultura.gov.it\\\/fr\\\/patrimoine\\\/cadeau-pacchiotti\\\/#primaryimage\",\"url\":\"https:\\\/\\\/bnuto.cultura.gov.it\\\/wp-content\\\/uploads\\\/2025\\\/09\\\/dono-pacchiotti.png\",\"contentUrl\":\"https:\\\/\\\/bnuto.cultura.gov.it\\\/wp-content\\\/uploads\\\/2025\\\/09\\\/dono-pacchiotti.png\",\"width\":360,\"height\":296,\"caption\":\"Th\u00e8se inaugurale m\u00e9dico-chirurgicale en latin intitul\u00e9e De Cataracta.\"},{\"@type\":\"BreadcrumbList\",\"@id\":\"https:\\\/\\\/bnuto.cultura.gov.it\\\/fr\\\/patrimoine\\\/cadeau-pacchiotti\\\/#breadcrumb\",\"itemListElement\":[{\"@type\":\"ListItem\",\"position\":1,\"name\":\"Home\",\"item\":\"https:\\\/\\\/bnuto.cultura.gov.it\\\/fr\\\/\"},{\"@type\":\"ListItem\",\"position\":2,\"name\":\"Collections\",\"item\":\"https:\\\/\\\/bnuto.cultura.gov.it\\\/fr\\\/patrimoine\\\/\"},{\"@type\":\"ListItem\",\"position\":3,\"name\":\"Cadeau Pacchiotti\"}]},{\"@type\":\"WebSite\",\"@id\":\"https:\\\/\\\/bnuto.cultura.gov.it\\\/fr\\\/#website\",\"url\":\"https:\\\/\\\/bnuto.cultura.gov.it\\\/fr\\\/\",\"name\":\"Biblioteca Nazionale Universitaria di Torino\",\"description\":\"Un nuovo sito targato WordPress\",\"publisher\":{\"@id\":\"https:\\\/\\\/bnuto.cultura.gov.it\\\/fr\\\/#organization\"},\"potentialAction\":[{\"@type\":\"SearchAction\",\"target\":{\"@type\":\"EntryPoint\",\"urlTemplate\":\"https:\\\/\\\/bnuto.cultura.gov.it\\\/fr\\\/?s={search_term_string}\"},\"query-input\":{\"@type\":\"PropertyValueSpecification\",\"valueRequired\":true,\"valueName\":\"search_term_string\"}}],\"inLanguage\":\"fr-FR\"},{\"@type\":\"Organization\",\"@id\":\"https:\\\/\\\/bnuto.cultura.gov.it\\\/fr\\\/#organization\",\"name\":\"Biblioteca Nazionale Universitaria di Torino\",\"url\":\"https:\\\/\\\/bnuto.cultura.gov.it\\\/fr\\\/\",\"logo\":{\"@type\":\"ImageObject\",\"inLanguage\":\"fr-FR\",\"@id\":\"https:\\\/\\\/bnuto.cultura.gov.it\\\/fr\\\/#\\\/schema\\\/logo\\\/image\\\/\",\"url\":\"https:\\\/\\\/bnuto.cultura.gov.it\\\/wp-content\\\/uploads\\\/2022\\\/10\\\/logo-biblioteca-nazionale-nero.png\",\"contentUrl\":\"https:\\\/\\\/bnuto.cultura.gov.it\\\/wp-content\\\/uploads\\\/2022\\\/10\\\/logo-biblioteca-nazionale-nero.png\",\"width\":70,\"height\":77,\"caption\":\"Biblioteca Nazionale Universitaria di Torino\"},\"image\":{\"@id\":\"https:\\\/\\\/bnuto.cultura.gov.it\\\/fr\\\/#\\\/schema\\\/logo\\\/image\\\/\"}}]}<\/script>\n<!-- \/ Yoast SEO plugin. -->","yoast_head_json":{"title":"Cadeau Pacchiotti Biblioth\u00e8que num\u00e9rique | Biblioteca Nazionale Universitaria di Torino.","robots":{"index":"index","follow":"follow","max-snippet":"max-snippet:-1","max-image-preview":"max-image-preview:large","max-video-preview":"max-video-preview:-1"},"canonical":"https:\/\/bnuto.cultura.gov.it\/fr\/patrimoine\/cadeau-pacchiotti\/","og_locale":"fr_FR","og_type":"article","og_title":"Cadeau Pacchiotti Biblioth\u00e8que num\u00e9rique | Biblioteca Nazionale Universitaria di Torino.","og_url":"https:\/\/bnuto.cultura.gov.it\/fr\/patrimoine\/cadeau-pacchiotti\/","og_site_name":"Biblioteca Nazionale Universitaria di Torino","article_modified_time":"2026-02-17T11:57:01+00:00","og_image":[{"width":360,"height":296,"url":"https:\/\/bnuto.cultura.gov.it\/wp-content\/uploads\/2025\/09\/dono-pacchiotti.png","type":"image\/png"}],"twitter_card":"summary_large_image","twitter_misc":{"Est. reading time":"2 minutes"},"schema":{"@context":"https:\/\/schema.org","@graph":[{"@type":"WebPage","@id":"https:\/\/bnuto.cultura.gov.it\/fr\/patrimoine\/cadeau-pacchiotti\/","url":"https:\/\/bnuto.cultura.gov.it\/fr\/patrimoine\/cadeau-pacchiotti\/","name":"Cadeau Pacchiotti Biblioth\u00e8que num\u00e9rique | Biblioteca Nazionale Universitaria di Torino.","isPartOf":{"@id":"https:\/\/bnuto.cultura.gov.it\/fr\/#website"},"primaryImageOfPage":{"@id":"https:\/\/bnuto.cultura.gov.it\/fr\/patrimoine\/cadeau-pacchiotti\/#primaryimage"},"image":{"@id":"https:\/\/bnuto.cultura.gov.it\/fr\/patrimoine\/cadeau-pacchiotti\/#primaryimage"},"thumbnailUrl":"https:\/\/bnuto.cultura.gov.it\/wp-content\/uploads\/2025\/09\/dono-pacchiotti.png","datePublished":"2023-12-08T14:58:06+00:00","dateModified":"2026-02-17T11:57:01+00:00","breadcrumb":{"@id":"https:\/\/bnuto.cultura.gov.it\/fr\/patrimoine\/cadeau-pacchiotti\/#breadcrumb"},"inLanguage":"fr-FR","potentialAction":[{"@type":"ReadAction","target":["https:\/\/bnuto.cultura.gov.it\/fr\/patrimoine\/cadeau-pacchiotti\/"]}]},{"@type":"ImageObject","inLanguage":"fr-FR","@id":"https:\/\/bnuto.cultura.gov.it\/fr\/patrimoine\/cadeau-pacchiotti\/#primaryimage","url":"https:\/\/bnuto.cultura.gov.it\/wp-content\/uploads\/2025\/09\/dono-pacchiotti.png","contentUrl":"https:\/\/bnuto.cultura.gov.it\/wp-content\/uploads\/2025\/09\/dono-pacchiotti.png","width":360,"height":296,"caption":"Th\u00e8se inaugurale m\u00e9dico-chirurgicale en latin intitul\u00e9e De Cataracta."},{"@type":"BreadcrumbList","@id":"https:\/\/bnuto.cultura.gov.it\/fr\/patrimoine\/cadeau-pacchiotti\/#breadcrumb","itemListElement":[{"@type":"ListItem","position":1,"name":"Home","item":"https:\/\/bnuto.cultura.gov.it\/fr\/"},{"@type":"ListItem","position":2,"name":"Collections","item":"https:\/\/bnuto.cultura.gov.it\/fr\/patrimoine\/"},{"@type":"ListItem","position":3,"name":"Cadeau Pacchiotti"}]},{"@type":"WebSite","@id":"https:\/\/bnuto.cultura.gov.it\/fr\/#website","url":"https:\/\/bnuto.cultura.gov.it\/fr\/","name":"Biblioteca Nazionale Universitaria di Torino","description":"Un nuovo sito targato WordPress","publisher":{"@id":"https:\/\/bnuto.cultura.gov.it\/fr\/#organization"},"potentialAction":[{"@type":"SearchAction","target":{"@type":"EntryPoint","urlTemplate":"https:\/\/bnuto.cultura.gov.it\/fr\/?s={search_term_string}"},"query-input":{"@type":"PropertyValueSpecification","valueRequired":true,"valueName":"search_term_string"}}],"inLanguage":"fr-FR"},{"@type":"Organization","@id":"https:\/\/bnuto.cultura.gov.it\/fr\/#organization","name":"Biblioteca Nazionale Universitaria di Torino","url":"https:\/\/bnuto.cultura.gov.it\/fr\/","logo":{"@type":"ImageObject","inLanguage":"fr-FR","@id":"https:\/\/bnuto.cultura.gov.it\/fr\/#\/schema\/logo\/image\/","url":"https:\/\/bnuto.cultura.gov.it\/wp-content\/uploads\/2022\/10\/logo-biblioteca-nazionale-nero.png","contentUrl":"https:\/\/bnuto.cultura.gov.it\/wp-content\/uploads\/2022\/10\/logo-biblioteca-nazionale-nero.png","width":70,"height":77,"caption":"Biblioteca Nazionale Universitaria di Torino"},"image":{"@id":"https:\/\/bnuto.cultura.gov.it\/fr\/#\/schema\/logo\/image\/"}}]}},"_links":{"self":[{"href":"https:\/\/bnuto.cultura.gov.it\/fr\/wp-json\/wp\/v2\/pages\/8539","targetHints":{"allow":["GET"]}}],"collection":[{"href":"https:\/\/bnuto.cultura.gov.it\/fr\/wp-json\/wp\/v2\/pages"}],"about":[{"href":"https:\/\/bnuto.cultura.gov.it\/fr\/wp-json\/wp\/v2\/types\/page"}],"author":[{"embeddable":true,"href":"https:\/\/bnuto.cultura.gov.it\/fr\/wp-json\/wp\/v2\/users\/3"}],"replies":[{"embeddable":true,"href":"https:\/\/bnuto.cultura.gov.it\/fr\/wp-json\/wp\/v2\/comments?post=8539"}],"version-history":[{"count":4,"href":"https:\/\/bnuto.cultura.gov.it\/fr\/wp-json\/wp\/v2\/pages\/8539\/revisions"}],"predecessor-version":[{"id":9429,"href":"https:\/\/bnuto.cultura.gov.it\/fr\/wp-json\/wp\/v2\/pages\/8539\/revisions\/9429"}],"up":[{"embeddable":true,"href":"https:\/\/bnuto.cultura.gov.it\/fr\/wp-json\/wp\/v2\/pages\/8501"}],"wp:featuredmedia":[{"embeddable":true,"href":"https:\/\/bnuto.cultura.gov.it\/fr\/wp-json\/wp\/v2\/media\/6985"}],"wp:attachment":[{"href":"https:\/\/bnuto.cultura.gov.it\/fr\/wp-json\/wp\/v2\/media?parent=8539"}],"wp:term":[{"taxonomy":"category_page","embeddable":true,"href":"https:\/\/bnuto.cultura.gov.it\/fr\/wp-json\/wp\/v2\/category_page?post=8539"}],"curies":[{"name":"wp","href":"https:\/\/api.w.org\/{rel}","templated":true}]}}