{"id":8555,"date":"2025-07-09T17:16:56","date_gmt":"2025-07-09T15:16:56","guid":{"rendered":"https:\/\/bnuto.cultura.gov.it\/patrimoine\/cadeau-ariani-piano-carreras\/"},"modified":"2026-02-17T12:58:05","modified_gmt":"2026-02-17T11:58:05","slug":"cadeau-ariani-piano-carreras","status":"publish","type":"page","link":"https:\/\/bnuto.cultura.gov.it\/fr\/patrimoine\/cadeau-ariani-piano-carreras\/","title":{"rendered":"Cadeau Ariani, Piano, Carreras"},"content":{"rendered":"<section class=\"l-section wpb_row height_auto\"><div class=\"l-section-h i-cf\"><div class=\"g-cols vc_row via_flex valign_top type_default stacking_default\"><div class=\"vc_col-sm-12 wpb_column vc_column_container\"><div class=\"vc_column-inner\"><div class=\"wpb_wrapper\"><div class=\"wpb_text_column\"><div class=\"wpb_wrapper\"><p>Les quelque 860 volumes arriv\u00e9s \u00e0 la Biblioth\u00e8que dans la premi\u00e8re moiti\u00e9 du XXe si\u00e8cle et qui ne sont pas strictement li\u00e9s \u00e0 l&#8217;incendie de 1904 se r\u00e9partissent essentiellement en cinq groupes : la donation du Cavaliere Faustino Curlo ; celle de l&#8217;Avv. Roberto Ariani ; celle de Ludovico Baldassarre Piano, &#8220;ancien ordonnateur-distributeur de cinqui\u00e8me classe \u00e0 la Biblioth\u00e8que nationale de Turin&#8221; ; celle d&#8217;Enrico Carreras (dont on n&#8217;a pas trouv\u00e9 trace dans les documents d&#8217;archives), et un petit groupe d&#8217;environ 200 volumes arriv\u00e9s par d\u00e9p\u00f4t l\u00e9gal (selon le cachet appos\u00e9 sur les reliures ou les pages de titre).<\/p>\n<p>La donation de l&#8217;avocat turinois Roberto Ariani est arriv\u00e9e \u00e0 la Biblioth\u00e8que en juillet 1946, accompagn\u00e9e d&#8217;un inventaire des ouvrages subdivis\u00e9s par th\u00e8mes (AsBnuto, fald. 116, fasc. III.C-40) : il s&#8217;agit principalement de textes juridiques, de livres de psychologie, de volumes sur des sujets socio-politiques, scientifiques et religieux. Une section importante est constitu\u00e9e de livres sur des sujets militaires, en partie consacr\u00e9s \u00e0 la p\u00e9riode coloniale italienne ; \u00e0 cet \u00e9gard, la biblioth\u00e8que conserve \u00e9galement 559 photographies dans des albums pris par Ariani lui-m\u00eame pendant sa p\u00e9riode de lieutenant dans le 40e r\u00e9giment d&#8217;infanterie (&#8220;Ricordo di due anni di guerra libica. 9 octobre 1911 &#8211; 20 octobre 1913&#8221;, coll. X. IV.95).<\/p>\n<p>En 1946, Ludovico Baldassarre Piano fit don \u00e0 la Biblioth\u00e8que de sa propre collection de livres, accompagn\u00e9e d&#8217;un inventaire qui r\u00e9pertoriait un total de 690 ouvrages (AsBnuto, fald. 116, fasc. III.C-41). Au stade actuel de l&#8217;inventaire, 407 textes encyclop\u00e9diques, scientifiques et litt\u00e9raires produits entre la fin du XIXe et le d\u00e9but du XXe si\u00e8cle ont \u00e9t\u00e9 retrouv\u00e9s.<\/p>\n<p>Enfin, une vingtaine de textes consacr\u00e9s au spiritisme exp\u00e9rimental et aux sciences psychophysiques et morales ont \u00e9t\u00e9 donn\u00e9s par Enrico Carreras, directeur de la revue La Medianit\u00e0 \u00e0 Rome, publi\u00e9e au d\u00e9but du XXe si\u00e8cle.<\/p>\n<\/div><\/div><\/div><\/div><\/div><\/div><\/div><\/section>\n","protected":false},"excerpt":{"rendered":"Les quelque 860 volumes arriv\u00e9s \u00e0 la Biblioth\u00e8que dans la premi\u00e8re moiti\u00e9 du XXe si\u00e8cle et qui ne sont pas strictement li\u00e9s \u00e0 l&#8217;incendie de 1904 se r\u00e9partissent essentiellement en cinq groupes : la donation du Cavaliere Faustino Curlo ; celle de l&#8217;Avv. Roberto Ariani ; celle de Ludovico Baldassarre Piano, &#8220;ancien ordonnateur-distributeur de cinqui\u00e8me...","protected":false},"author":19,"featured_media":6988,"parent":8501,"menu_order":4,"comment_status":"closed","ping_status":"closed","template":"","meta":{"_acf_changed":false,"footnotes":""},"category_page":[8],"class_list":["post-8555","page","type-page","status-publish","has-post-thumbnail","hentry","category_page-collezioni"],"acf":[],"yoast_head":"<!-- This site is optimized with the Yoast SEO plugin v27.5 - https:\/\/yoast.com\/product\/yoast-seo-wordpress\/ -->\n<title>Cadeau Ariani, Piano, Carreras Biblioth\u00e8que num\u00e9rique | Biblioteca Nazionale Universitaria di Torino.<\/title>\n<meta name=\"robots\" content=\"index, follow, max-snippet:-1, max-image-preview:large, max-video-preview:-1\" \/>\n<link rel=\"canonical\" href=\"https:\/\/bnuto.cultura.gov.it\/fr\/patrimoine\/cadeau-ariani-piano-carreras\/\" \/>\n<meta property=\"og:locale\" content=\"fr_FR\" \/>\n<meta property=\"og:type\" content=\"article\" \/>\n<meta property=\"og:title\" content=\"Cadeau Ariani, Piano, Carreras Biblioth\u00e8que num\u00e9rique | Biblioteca Nazionale Universitaria di Torino.\" \/>\n<meta property=\"og:url\" content=\"https:\/\/bnuto.cultura.gov.it\/fr\/patrimoine\/cadeau-ariani-piano-carreras\/\" \/>\n<meta property=\"og:site_name\" content=\"Biblioteca Nazionale Universitaria di Torino\" \/>\n<meta property=\"article:modified_time\" content=\"2026-02-17T11:58:05+00:00\" \/>\n<meta property=\"og:image\" content=\"https:\/\/bnuto.cultura.gov.it\/wp-content\/uploads\/2025\/09\/dono-archiginnasio.png\" \/>\n\t<meta property=\"og:image:width\" content=\"360\" \/>\n\t<meta property=\"og:image:height\" content=\"296\" \/>\n\t<meta property=\"og:image:type\" content=\"image\/png\" \/>\n<meta name=\"twitter:card\" content=\"summary_large_image\" \/>\n<meta name=\"twitter:label1\" content=\"Est. reading time\" \/>\n\t<meta name=\"twitter:data1\" content=\"2 minutes\" \/>\n<script type=\"application\/ld+json\" class=\"yoast-schema-graph\">{\"@context\":\"https:\\\/\\\/schema.org\",\"@graph\":[{\"@type\":\"WebPage\",\"@id\":\"https:\\\/\\\/bnuto.cultura.gov.it\\\/fr\\\/patrimoine\\\/cadeau-ariani-piano-carreras\\\/\",\"url\":\"https:\\\/\\\/bnuto.cultura.gov.it\\\/fr\\\/patrimoine\\\/cadeau-ariani-piano-carreras\\\/\",\"name\":\"Cadeau Ariani, Piano, Carreras Biblioth\u00e8que num\u00e9rique | Biblioteca Nazionale Universitaria di Torino.\",\"isPartOf\":{\"@id\":\"https:\\\/\\\/bnuto.cultura.gov.it\\\/fr\\\/#website\"},\"primaryImageOfPage\":{\"@id\":\"https:\\\/\\\/bnuto.cultura.gov.it\\\/fr\\\/patrimoine\\\/cadeau-ariani-piano-carreras\\\/#primaryimage\"},\"image\":{\"@id\":\"https:\\\/\\\/bnuto.cultura.gov.it\\\/fr\\\/patrimoine\\\/cadeau-ariani-piano-carreras\\\/#primaryimage\"},\"thumbnailUrl\":\"https:\\\/\\\/bnuto.cultura.gov.it\\\/wp-content\\\/uploads\\\/2025\\\/09\\\/dono-archiginnasio.png\",\"datePublished\":\"2025-07-09T15:16:56+00:00\",\"dateModified\":\"2026-02-17T11:58:05+00:00\",\"breadcrumb\":{\"@id\":\"https:\\\/\\\/bnuto.cultura.gov.it\\\/fr\\\/patrimoine\\\/cadeau-ariani-piano-carreras\\\/#breadcrumb\"},\"inLanguage\":\"fr-FR\",\"potentialAction\":[{\"@type\":\"ReadAction\",\"target\":[\"https:\\\/\\\/bnuto.cultura.gov.it\\\/fr\\\/patrimoine\\\/cadeau-ariani-piano-carreras\\\/\"]}]},{\"@type\":\"ImageObject\",\"inLanguage\":\"fr-FR\",\"@id\":\"https:\\\/\\\/bnuto.cultura.gov.it\\\/fr\\\/patrimoine\\\/cadeau-ariani-piano-carreras\\\/#primaryimage\",\"url\":\"https:\\\/\\\/bnuto.cultura.gov.it\\\/wp-content\\\/uploads\\\/2025\\\/09\\\/dono-archiginnasio.png\",\"contentUrl\":\"https:\\\/\\\/bnuto.cultura.gov.it\\\/wp-content\\\/uploads\\\/2025\\\/09\\\/dono-archiginnasio.png\",\"width\":360,\"height\":296,\"caption\":\"Rayon de livres anciens aux couvertures us\u00e9es.\"},{\"@type\":\"BreadcrumbList\",\"@id\":\"https:\\\/\\\/bnuto.cultura.gov.it\\\/fr\\\/patrimoine\\\/cadeau-ariani-piano-carreras\\\/#breadcrumb\",\"itemListElement\":[{\"@type\":\"ListItem\",\"position\":1,\"name\":\"Home\",\"item\":\"https:\\\/\\\/bnuto.cultura.gov.it\\\/fr\\\/\"},{\"@type\":\"ListItem\",\"position\":2,\"name\":\"Collections\",\"item\":\"https:\\\/\\\/bnuto.cultura.gov.it\\\/fr\\\/patrimoine\\\/\"},{\"@type\":\"ListItem\",\"position\":3,\"name\":\"Cadeau Ariani, Piano, Carreras\"}]},{\"@type\":\"WebSite\",\"@id\":\"https:\\\/\\\/bnuto.cultura.gov.it\\\/fr\\\/#website\",\"url\":\"https:\\\/\\\/bnuto.cultura.gov.it\\\/fr\\\/\",\"name\":\"Biblioteca Nazionale Universitaria di Torino\",\"description\":\"Un nuovo sito targato WordPress\",\"publisher\":{\"@id\":\"https:\\\/\\\/bnuto.cultura.gov.it\\\/fr\\\/#organization\"},\"potentialAction\":[{\"@type\":\"SearchAction\",\"target\":{\"@type\":\"EntryPoint\",\"urlTemplate\":\"https:\\\/\\\/bnuto.cultura.gov.it\\\/fr\\\/?s={search_term_string}\"},\"query-input\":{\"@type\":\"PropertyValueSpecification\",\"valueRequired\":true,\"valueName\":\"search_term_string\"}}],\"inLanguage\":\"fr-FR\"},{\"@type\":\"Organization\",\"@id\":\"https:\\\/\\\/bnuto.cultura.gov.it\\\/fr\\\/#organization\",\"name\":\"Biblioteca Nazionale Universitaria di Torino\",\"url\":\"https:\\\/\\\/bnuto.cultura.gov.it\\\/fr\\\/\",\"logo\":{\"@type\":\"ImageObject\",\"inLanguage\":\"fr-FR\",\"@id\":\"https:\\\/\\\/bnuto.cultura.gov.it\\\/fr\\\/#\\\/schema\\\/logo\\\/image\\\/\",\"url\":\"https:\\\/\\\/bnuto.cultura.gov.it\\\/wp-content\\\/uploads\\\/2022\\\/10\\\/logo-biblioteca-nazionale-nero.png\",\"contentUrl\":\"https:\\\/\\\/bnuto.cultura.gov.it\\\/wp-content\\\/uploads\\\/2022\\\/10\\\/logo-biblioteca-nazionale-nero.png\",\"width\":70,\"height\":77,\"caption\":\"Biblioteca Nazionale Universitaria di Torino\"},\"image\":{\"@id\":\"https:\\\/\\\/bnuto.cultura.gov.it\\\/fr\\\/#\\\/schema\\\/logo\\\/image\\\/\"}}]}<\/script>\n<!-- \/ Yoast SEO plugin. -->","yoast_head_json":{"title":"Cadeau Ariani, Piano, Carreras Biblioth\u00e8que num\u00e9rique | Biblioteca Nazionale Universitaria di Torino.","robots":{"index":"index","follow":"follow","max-snippet":"max-snippet:-1","max-image-preview":"max-image-preview:large","max-video-preview":"max-video-preview:-1"},"canonical":"https:\/\/bnuto.cultura.gov.it\/fr\/patrimoine\/cadeau-ariani-piano-carreras\/","og_locale":"fr_FR","og_type":"article","og_title":"Cadeau Ariani, Piano, Carreras Biblioth\u00e8que num\u00e9rique | Biblioteca Nazionale Universitaria di Torino.","og_url":"https:\/\/bnuto.cultura.gov.it\/fr\/patrimoine\/cadeau-ariani-piano-carreras\/","og_site_name":"Biblioteca Nazionale Universitaria di Torino","article_modified_time":"2026-02-17T11:58:05+00:00","og_image":[{"width":360,"height":296,"url":"https:\/\/bnuto.cultura.gov.it\/wp-content\/uploads\/2025\/09\/dono-archiginnasio.png","type":"image\/png"}],"twitter_card":"summary_large_image","twitter_misc":{"Est. reading time":"2 minutes"},"schema":{"@context":"https:\/\/schema.org","@graph":[{"@type":"WebPage","@id":"https:\/\/bnuto.cultura.gov.it\/fr\/patrimoine\/cadeau-ariani-piano-carreras\/","url":"https:\/\/bnuto.cultura.gov.it\/fr\/patrimoine\/cadeau-ariani-piano-carreras\/","name":"Cadeau Ariani, Piano, Carreras Biblioth\u00e8que num\u00e9rique | Biblioteca Nazionale Universitaria di Torino.","isPartOf":{"@id":"https:\/\/bnuto.cultura.gov.it\/fr\/#website"},"primaryImageOfPage":{"@id":"https:\/\/bnuto.cultura.gov.it\/fr\/patrimoine\/cadeau-ariani-piano-carreras\/#primaryimage"},"image":{"@id":"https:\/\/bnuto.cultura.gov.it\/fr\/patrimoine\/cadeau-ariani-piano-carreras\/#primaryimage"},"thumbnailUrl":"https:\/\/bnuto.cultura.gov.it\/wp-content\/uploads\/2025\/09\/dono-archiginnasio.png","datePublished":"2025-07-09T15:16:56+00:00","dateModified":"2026-02-17T11:58:05+00:00","breadcrumb":{"@id":"https:\/\/bnuto.cultura.gov.it\/fr\/patrimoine\/cadeau-ariani-piano-carreras\/#breadcrumb"},"inLanguage":"fr-FR","potentialAction":[{"@type":"ReadAction","target":["https:\/\/bnuto.cultura.gov.it\/fr\/patrimoine\/cadeau-ariani-piano-carreras\/"]}]},{"@type":"ImageObject","inLanguage":"fr-FR","@id":"https:\/\/bnuto.cultura.gov.it\/fr\/patrimoine\/cadeau-ariani-piano-carreras\/#primaryimage","url":"https:\/\/bnuto.cultura.gov.it\/wp-content\/uploads\/2025\/09\/dono-archiginnasio.png","contentUrl":"https:\/\/bnuto.cultura.gov.it\/wp-content\/uploads\/2025\/09\/dono-archiginnasio.png","width":360,"height":296,"caption":"Rayon de livres anciens aux couvertures us\u00e9es."},{"@type":"BreadcrumbList","@id":"https:\/\/bnuto.cultura.gov.it\/fr\/patrimoine\/cadeau-ariani-piano-carreras\/#breadcrumb","itemListElement":[{"@type":"ListItem","position":1,"name":"Home","item":"https:\/\/bnuto.cultura.gov.it\/fr\/"},{"@type":"ListItem","position":2,"name":"Collections","item":"https:\/\/bnuto.cultura.gov.it\/fr\/patrimoine\/"},{"@type":"ListItem","position":3,"name":"Cadeau Ariani, Piano, Carreras"}]},{"@type":"WebSite","@id":"https:\/\/bnuto.cultura.gov.it\/fr\/#website","url":"https:\/\/bnuto.cultura.gov.it\/fr\/","name":"Biblioteca Nazionale Universitaria di Torino","description":"Un nuovo sito targato WordPress","publisher":{"@id":"https:\/\/bnuto.cultura.gov.it\/fr\/#organization"},"potentialAction":[{"@type":"SearchAction","target":{"@type":"EntryPoint","urlTemplate":"https:\/\/bnuto.cultura.gov.it\/fr\/?s={search_term_string}"},"query-input":{"@type":"PropertyValueSpecification","valueRequired":true,"valueName":"search_term_string"}}],"inLanguage":"fr-FR"},{"@type":"Organization","@id":"https:\/\/bnuto.cultura.gov.it\/fr\/#organization","name":"Biblioteca Nazionale Universitaria di Torino","url":"https:\/\/bnuto.cultura.gov.it\/fr\/","logo":{"@type":"ImageObject","inLanguage":"fr-FR","@id":"https:\/\/bnuto.cultura.gov.it\/fr\/#\/schema\/logo\/image\/","url":"https:\/\/bnuto.cultura.gov.it\/wp-content\/uploads\/2022\/10\/logo-biblioteca-nazionale-nero.png","contentUrl":"https:\/\/bnuto.cultura.gov.it\/wp-content\/uploads\/2022\/10\/logo-biblioteca-nazionale-nero.png","width":70,"height":77,"caption":"Biblioteca Nazionale Universitaria di Torino"},"image":{"@id":"https:\/\/bnuto.cultura.gov.it\/fr\/#\/schema\/logo\/image\/"}}]}},"_links":{"self":[{"href":"https:\/\/bnuto.cultura.gov.it\/fr\/wp-json\/wp\/v2\/pages\/8555","targetHints":{"allow":["GET"]}}],"collection":[{"href":"https:\/\/bnuto.cultura.gov.it\/fr\/wp-json\/wp\/v2\/pages"}],"about":[{"href":"https:\/\/bnuto.cultura.gov.it\/fr\/wp-json\/wp\/v2\/types\/page"}],"author":[{"embeddable":true,"href":"https:\/\/bnuto.cultura.gov.it\/fr\/wp-json\/wp\/v2\/users\/19"}],"replies":[{"embeddable":true,"href":"https:\/\/bnuto.cultura.gov.it\/fr\/wp-json\/wp\/v2\/comments?post=8555"}],"version-history":[{"count":4,"href":"https:\/\/bnuto.cultura.gov.it\/fr\/wp-json\/wp\/v2\/pages\/8555\/revisions"}],"predecessor-version":[{"id":9433,"href":"https:\/\/bnuto.cultura.gov.it\/fr\/wp-json\/wp\/v2\/pages\/8555\/revisions\/9433"}],"up":[{"embeddable":true,"href":"https:\/\/bnuto.cultura.gov.it\/fr\/wp-json\/wp\/v2\/pages\/8501"}],"wp:featuredmedia":[{"embeddable":true,"href":"https:\/\/bnuto.cultura.gov.it\/fr\/wp-json\/wp\/v2\/media\/6988"}],"wp:attachment":[{"href":"https:\/\/bnuto.cultura.gov.it\/fr\/wp-json\/wp\/v2\/media?parent=8555"}],"wp:term":[{"taxonomy":"category_page","embeddable":true,"href":"https:\/\/bnuto.cultura.gov.it\/fr\/wp-json\/wp\/v2\/category_page?post=8555"}],"curies":[{"name":"wp","href":"https:\/\/api.w.org\/{rel}","templated":true}]}}