{"id":8586,"date":"2025-07-09T17:37:12","date_gmt":"2025-07-09T15:37:12","guid":{"rendered":"https:\/\/bnuto.cultura.gov.it\/patrimoine\/cadeau-curlo\/"},"modified":"2026-02-17T12:59:05","modified_gmt":"2026-02-17T11:59:05","slug":"cadeau-curlo","status":"publish","type":"page","link":"https:\/\/bnuto.cultura.gov.it\/fr\/patrimoine\/cadeau-curlo\/","title":{"rendered":"Cadeau Curlo"},"content":{"rendered":"<section class=\"l-section wpb_row height_auto\"><div class=\"l-section-h i-cf\"><div class=\"g-cols vc_row via_flex valign_top type_default stacking_default\"><div class=\"vc_col-sm-12 wpb_column vc_column_container\"><div class=\"vc_column-inner\"><div class=\"wpb_wrapper\"><div class=\"wpb_text_column\"><div class=\"wpb_wrapper\"><p><span style=\"color: #14557c;\"><strong>Les cadeaux d&#8217;un marquis-biblioth\u00e9caire<\/strong><\/span><\/p>\n<p><img loading=\"lazy\" decoding=\"async\" class=\"size-medium wp-image-4774 alignleft\" src=\"https:\/\/bnuto.cultura.gov.it\/wp-content\/uploads\/2025\/07\/Ex-Libris-Faustino-Curlo-754x1024-1-221x300.png\" alt=\"\" width=\"221\" height=\"300\" srcset=\"https:\/\/bnuto.cultura.gov.it\/wp-content\/uploads\/2025\/07\/Ex-Libris-Faustino-Curlo-754x1024-1-221x300.png 221w, https:\/\/bnuto.cultura.gov.it\/wp-content\/uploads\/2025\/07\/Ex-Libris-Faustino-Curlo-754x1024-1.png 261w\" sizes=\"auto, (max-width: 221px) 100vw, 221px\" \/><\/p>\n<p>Parmi les diff\u00e9rents livres donn\u00e9s \u00e0 la Biblioth\u00e8que nationale, il convient de mentionner ceux du marquis Faustino Curlo (1867-1935), principalement consacr\u00e9s aux figures de Christophe Colomb et de Benvenuto Cellini. Apr\u00e8s avoir obtenu sa licence en droit \u00e0 l&#8217;universit\u00e9 de Turin en novembre 1894, avec une th\u00e8se sur Silvio Pellico, Curlo entame une carri\u00e8re de biblioth\u00e9caire et entre au service de l&#8217;\u00c9tat le 1er avril 1898 en tant que sous-biblioth\u00e9caire. Affect\u00e9 \u00e0 la biblioth\u00e8que nationale de Palerme, il est rapidement transf\u00e9r\u00e9 \u00e0 Turin, o\u00f9 il effectuera toute sa carri\u00e8re &#8211; \u00e0 l&#8217;exception de quelques br\u00e8ves p\u00e9riodes \u00e0 Venise et \u00e0 G\u00eanes &#8211; jusqu&#8217;\u00e0 sa retraite en 1933. En 1900, il \u00e9pouse Maria Pierina Peyron, ni\u00e8ce de l&#8217;abb\u00e9 Amedeo, dont il a deux filles.<\/p>\n<p>Apr\u00e8s l&#8217;incendie de janvier 1904, Curlo fut charg\u00e9 par le directeur de l&#8217;\u00e9poque, Carlo Frati, de collaborer \u00e0 la r\u00e9cup\u00e9ration des manuscrits endommag\u00e9s, r\u00e9ussissant avec z\u00e8le et comp\u00e9tence \u00e0 sauver 1 843 manuscrits et imprim\u00e9s d&#8217;une ruine certaine. En 1908, il obtient un dipl\u00f4me en archivistique, diplomatie et pal\u00e9ographie \u00e0 l&#8217;\u00e9cole des Archives d&#8217;\u00c9tat de Turin. En 1911, il publie pour la Societ\u00e0 Storica Subalpina l&#8217;\u00e9dition du Memoriale quadripartitum du fr\u00e8re Gabriele Bucci (1430-1497), consacr\u00e9 \u00e0 l&#8217;origine et au d\u00e9veloppement de la ville de Carmagnola et \u00e0 la naissance du couvent local de Saint-Augustin, avec ses sermons et ses oraisons fun\u00e8bres en l&#8217;honneur d&#8217;illustres personnalit\u00e9s de la ville.<\/p>\n<p>En 1927, il a le m\u00e9rite de d\u00e9couvrir une partie de la pr\u00e9cieuse collection de manuscrits musicaux du comte Giacomo Durazzo, parvenue \u00e0 un coll\u00e8ge sal\u00e9sien de la province d&#8217;Alessandria gr\u00e2ce au legs d&#8217;un h\u00e9ritier ; il supervise ensuite la recherche et l&#8217;acquisition de l&#8217;autre partie de la collection, toujours en possession des h\u00e9ritiers \u00e0 G\u00eanes, qui devient la collection Renzo Giordano. Apr\u00e8s la mort de Luigi Torri (8 mai 1932), il prend la direction de la Biblioth\u00e8que nationale de Turin, avant de c\u00e9der sa place \u00e0 Gino Tamburini en d\u00e9cembre.<\/p>\n<p><img loading=\"lazy\" decoding=\"async\" class=\"size-medium wp-image-4776 alignright\" src=\"https:\/\/bnuto.cultura.gov.it\/wp-content\/uploads\/2025\/07\/Ex-Libris-Faustino-Curlo2-504x600-1-252x300.png\" alt=\"\" width=\"252\" height=\"300\" srcset=\"https:\/\/bnuto.cultura.gov.it\/wp-content\/uploads\/2025\/07\/Ex-Libris-Faustino-Curlo2-504x600-1-252x300.png 252w, https:\/\/bnuto.cultura.gov.it\/wp-content\/uploads\/2025\/07\/Ex-Libris-Faustino-Curlo2-504x600-1.png 359w\" sizes=\"auto, (max-width: 252px) 100vw, 252px\" \/><\/p>\n<p>Fin et aimable, Faustino Curlo pr\u00e9f\u00e9rait divertir ses interlocuteurs avec des histoires et des r\u00e9cits \u00e9rudits du vieux Turin, dont il connaissait bien les anecdotes et les vicissitudes des familles nobles qui vivaient ou avaient v\u00e9cu dans les palais historiques du centre ville, o\u00f9 il habitait lui-m\u00eame au num\u00e9ro 3 de la Porta Palazzo. Biblioth\u00e9caire par n\u00e9cessit\u00e9, et certainement pas par vocation, il avait l&#8217;\u00e2me du noble pi\u00e9montais d&#8217;antan, enclin \u00e0 l&#8217;\u00e9rudition, mais r\u00e9ticent \u00e0 divulguer ou, pire, \u00e0 publier ses connaissances. Membre de la Soci\u00e9t\u00e9 bibliographique italienne au moins de 1903 \u00e0 1911, il adh\u00e8re \u00e0 l&#8217;Association italienne des biblioth\u00e8ques d\u00e8s sa fondation (1930) et participe \u00e0 son deuxi\u00e8me congr\u00e8s national en 1932. Il a \u00e9galement particip\u00e9 au premier congr\u00e8s mondial des biblioth\u00e8ques et de la bibliographie en 1929. Il est \u00e9galement membre \u00e0 part enti\u00e8re, \u00e0 partir de 1905, de la Soci\u00e9t\u00e9 pi\u00e9montaise d&#8217;arch\u00e9ologie et de beaux-arts, dont il est \u00e9galement biblioth\u00e9caire en 1917-1919, et membre de la D\u00e9putation subalpine d&#8217;histoire de la patrie (correspondant depuis 1916, suppl\u00e9ant depuis 1931), de la Soci\u00e9t\u00e9 ligure d&#8217;histoire de la patrie (depuis 1904) et de la Soci\u00e9t\u00e9 fran\u00e7aise des collectionneurs d&#8217;ex libris et de reliures artistiques.<\/p>\n<p>Il a publi\u00e9 de rares contributions \u00e9rudites, historiques, g\u00e9n\u00e9alogiques et bibliographiques (notamment sur les ex libris), ainsi que l&#8217;inventaire des archives capitulaires de la basilique de San Gaudenzio \u00e0 Novara (1908).<\/p>\n<p>Dans la petite ville de Coazze, dans le Val Sangone, il aimait passer ses vacances avec sa famille, y trouvant le silence et la tranquillit\u00e9 n\u00e9cessaires \u00e0 ses recherches sur l&#8217;histoire locale : une aptitude bien exprim\u00e9e par l&#8217;ex-libris qu&#8217;il s&#8217;\u00e9tait fait dessiner en 1925 par le marquis Francesco Carandini, dans lequel la silhouette de la Sacra di San Michele della Chiusa se d\u00e9tache entre les arcs d&#8217;une loggia, tandis qu&#8217;au premier plan un fr\u00e8re dominicain absorb\u00e9 dans sa m\u00e9ditation nous invite d&#8217;un geste de la main \u00e0 nous taire, accompagn\u00e9 de la devise &#8220;Vox Dei silentium&#8221;.<\/p>\n<\/div><\/div><\/div><\/div><\/div><\/div><\/div><\/section>\n","protected":false},"excerpt":{"rendered":"Les cadeaux d&#8217;un marquis-biblioth\u00e9caire Parmi les diff\u00e9rents livres donn\u00e9s \u00e0 la Biblioth\u00e8que nationale, il convient de mentionner ceux du marquis Faustino Curlo (1867-1935), principalement consacr\u00e9s aux figures de Christophe Colomb et de Benvenuto Cellini. Apr\u00e8s avoir obtenu sa licence en droit \u00e0 l&#8217;universit\u00e9 de Turin en novembre 1894, avec une th\u00e8se sur Silvio Pellico, Curlo...","protected":false},"author":19,"featured_media":6987,"parent":8501,"menu_order":4,"comment_status":"closed","ping_status":"closed","template":"","meta":{"_acf_changed":false,"footnotes":""},"category_page":[8],"class_list":["post-8586","page","type-page","status-publish","has-post-thumbnail","hentry","category_page-collezioni"],"acf":[],"yoast_head":"<!-- This site is optimized with the Yoast SEO plugin v27.3 - https:\/\/yoast.com\/product\/yoast-seo-wordpress\/ -->\n<title>Cadeau Curlo Biblioth\u00e8que num\u00e9rique | Biblioteca Nazionale Universitaria di Torino.<\/title>\n<meta name=\"robots\" content=\"index, follow, max-snippet:-1, max-image-preview:large, max-video-preview:-1\" \/>\n<link rel=\"canonical\" href=\"https:\/\/bnuto.cultura.gov.it\/fr\/patrimoine\/cadeau-curlo\/\" \/>\n<meta property=\"og:locale\" content=\"fr_FR\" \/>\n<meta property=\"og:type\" content=\"article\" \/>\n<meta property=\"og:title\" content=\"Cadeau Curlo Biblioth\u00e8que num\u00e9rique | Biblioteca Nazionale Universitaria di Torino.\" \/>\n<meta property=\"og:url\" content=\"https:\/\/bnuto.cultura.gov.it\/fr\/patrimoine\/cadeau-curlo\/\" \/>\n<meta property=\"og:site_name\" content=\"Biblioteca Nazionale Universitaria di Torino\" \/>\n<meta property=\"article:modified_time\" content=\"2026-02-17T11:59:05+00:00\" \/>\n<meta property=\"og:image\" content=\"https:\/\/bnuto.cultura.gov.it\/wp-content\/uploads\/2025\/09\/dono-curlo.png\" \/>\n\t<meta property=\"og:image:width\" content=\"360\" \/>\n\t<meta property=\"og:image:height\" content=\"296\" \/>\n\t<meta property=\"og:image:type\" content=\"image\/png\" \/>\n<meta name=\"twitter:card\" content=\"summary_large_image\" \/>\n<meta name=\"twitter:label1\" content=\"Est. reading time\" \/>\n\t<meta name=\"twitter:data1\" content=\"5 minutes\" \/>\n<script type=\"application\/ld+json\" class=\"yoast-schema-graph\">{\"@context\":\"https:\\\/\\\/schema.org\",\"@graph\":[{\"@type\":\"WebPage\",\"@id\":\"https:\\\/\\\/bnuto.cultura.gov.it\\\/fr\\\/patrimoine\\\/cadeau-curlo\\\/\",\"url\":\"https:\\\/\\\/bnuto.cultura.gov.it\\\/fr\\\/patrimoine\\\/cadeau-curlo\\\/\",\"name\":\"Cadeau Curlo Biblioth\u00e8que num\u00e9rique | Biblioteca Nazionale Universitaria di Torino.\",\"isPartOf\":{\"@id\":\"https:\\\/\\\/bnuto.cultura.gov.it\\\/fr\\\/#website\"},\"primaryImageOfPage\":{\"@id\":\"https:\\\/\\\/bnuto.cultura.gov.it\\\/fr\\\/patrimoine\\\/cadeau-curlo\\\/#primaryimage\"},\"image\":{\"@id\":\"https:\\\/\\\/bnuto.cultura.gov.it\\\/fr\\\/patrimoine\\\/cadeau-curlo\\\/#primaryimage\"},\"thumbnailUrl\":\"https:\\\/\\\/bnuto.cultura.gov.it\\\/wp-content\\\/uploads\\\/2025\\\/09\\\/dono-curlo.png\",\"datePublished\":\"2025-07-09T15:37:12+00:00\",\"dateModified\":\"2026-02-17T11:59:05+00:00\",\"breadcrumb\":{\"@id\":\"https:\\\/\\\/bnuto.cultura.gov.it\\\/fr\\\/patrimoine\\\/cadeau-curlo\\\/#breadcrumb\"},\"inLanguage\":\"fr-FR\",\"potentialAction\":[{\"@type\":\"ReadAction\",\"target\":[\"https:\\\/\\\/bnuto.cultura.gov.it\\\/fr\\\/patrimoine\\\/cadeau-curlo\\\/\"]}]},{\"@type\":\"ImageObject\",\"inLanguage\":\"fr-FR\",\"@id\":\"https:\\\/\\\/bnuto.cultura.gov.it\\\/fr\\\/patrimoine\\\/cadeau-curlo\\\/#primaryimage\",\"url\":\"https:\\\/\\\/bnuto.cultura.gov.it\\\/wp-content\\\/uploads\\\/2025\\\/09\\\/dono-curlo.png\",\"contentUrl\":\"https:\\\/\\\/bnuto.cultura.gov.it\\\/wp-content\\\/uploads\\\/2025\\\/09\\\/dono-curlo.png\",\"width\":360,\"height\":296,\"caption\":\"Ex libris avec un moine faisant un signe de silence et tenant un livre.\"},{\"@type\":\"BreadcrumbList\",\"@id\":\"https:\\\/\\\/bnuto.cultura.gov.it\\\/fr\\\/patrimoine\\\/cadeau-curlo\\\/#breadcrumb\",\"itemListElement\":[{\"@type\":\"ListItem\",\"position\":1,\"name\":\"Home\",\"item\":\"https:\\\/\\\/bnuto.cultura.gov.it\\\/fr\\\/\"},{\"@type\":\"ListItem\",\"position\":2,\"name\":\"Collections\",\"item\":\"https:\\\/\\\/bnuto.cultura.gov.it\\\/fr\\\/patrimoine\\\/\"},{\"@type\":\"ListItem\",\"position\":3,\"name\":\"Cadeau Curlo\"}]},{\"@type\":\"WebSite\",\"@id\":\"https:\\\/\\\/bnuto.cultura.gov.it\\\/fr\\\/#website\",\"url\":\"https:\\\/\\\/bnuto.cultura.gov.it\\\/fr\\\/\",\"name\":\"Biblioteca Nazionale Universitaria di Torino\",\"description\":\"Un nuovo sito targato WordPress\",\"publisher\":{\"@id\":\"https:\\\/\\\/bnuto.cultura.gov.it\\\/fr\\\/#organization\"},\"potentialAction\":[{\"@type\":\"SearchAction\",\"target\":{\"@type\":\"EntryPoint\",\"urlTemplate\":\"https:\\\/\\\/bnuto.cultura.gov.it\\\/fr\\\/?s={search_term_string}\"},\"query-input\":{\"@type\":\"PropertyValueSpecification\",\"valueRequired\":true,\"valueName\":\"search_term_string\"}}],\"inLanguage\":\"fr-FR\"},{\"@type\":\"Organization\",\"@id\":\"https:\\\/\\\/bnuto.cultura.gov.it\\\/fr\\\/#organization\",\"name\":\"Biblioteca Nazionale Universitaria di Torino\",\"url\":\"https:\\\/\\\/bnuto.cultura.gov.it\\\/fr\\\/\",\"logo\":{\"@type\":\"ImageObject\",\"inLanguage\":\"fr-FR\",\"@id\":\"https:\\\/\\\/bnuto.cultura.gov.it\\\/fr\\\/#\\\/schema\\\/logo\\\/image\\\/\",\"url\":\"https:\\\/\\\/bnuto.cultura.gov.it\\\/wp-content\\\/uploads\\\/2022\\\/10\\\/logo-biblioteca-nazionale-nero.png\",\"contentUrl\":\"https:\\\/\\\/bnuto.cultura.gov.it\\\/wp-content\\\/uploads\\\/2022\\\/10\\\/logo-biblioteca-nazionale-nero.png\",\"width\":70,\"height\":77,\"caption\":\"Biblioteca Nazionale Universitaria di Torino\"},\"image\":{\"@id\":\"https:\\\/\\\/bnuto.cultura.gov.it\\\/fr\\\/#\\\/schema\\\/logo\\\/image\\\/\"}}]}<\/script>\n<!-- \/ Yoast SEO plugin. -->","yoast_head_json":{"title":"Cadeau Curlo Biblioth\u00e8que num\u00e9rique | Biblioteca Nazionale Universitaria di Torino.","robots":{"index":"index","follow":"follow","max-snippet":"max-snippet:-1","max-image-preview":"max-image-preview:large","max-video-preview":"max-video-preview:-1"},"canonical":"https:\/\/bnuto.cultura.gov.it\/fr\/patrimoine\/cadeau-curlo\/","og_locale":"fr_FR","og_type":"article","og_title":"Cadeau Curlo Biblioth\u00e8que num\u00e9rique | Biblioteca Nazionale Universitaria di Torino.","og_url":"https:\/\/bnuto.cultura.gov.it\/fr\/patrimoine\/cadeau-curlo\/","og_site_name":"Biblioteca Nazionale Universitaria di Torino","article_modified_time":"2026-02-17T11:59:05+00:00","og_image":[{"width":360,"height":296,"url":"https:\/\/bnuto.cultura.gov.it\/wp-content\/uploads\/2025\/09\/dono-curlo.png","type":"image\/png"}],"twitter_card":"summary_large_image","twitter_misc":{"Est. reading time":"5 minutes"},"schema":{"@context":"https:\/\/schema.org","@graph":[{"@type":"WebPage","@id":"https:\/\/bnuto.cultura.gov.it\/fr\/patrimoine\/cadeau-curlo\/","url":"https:\/\/bnuto.cultura.gov.it\/fr\/patrimoine\/cadeau-curlo\/","name":"Cadeau Curlo Biblioth\u00e8que num\u00e9rique | Biblioteca Nazionale Universitaria di Torino.","isPartOf":{"@id":"https:\/\/bnuto.cultura.gov.it\/fr\/#website"},"primaryImageOfPage":{"@id":"https:\/\/bnuto.cultura.gov.it\/fr\/patrimoine\/cadeau-curlo\/#primaryimage"},"image":{"@id":"https:\/\/bnuto.cultura.gov.it\/fr\/patrimoine\/cadeau-curlo\/#primaryimage"},"thumbnailUrl":"https:\/\/bnuto.cultura.gov.it\/wp-content\/uploads\/2025\/09\/dono-curlo.png","datePublished":"2025-07-09T15:37:12+00:00","dateModified":"2026-02-17T11:59:05+00:00","breadcrumb":{"@id":"https:\/\/bnuto.cultura.gov.it\/fr\/patrimoine\/cadeau-curlo\/#breadcrumb"},"inLanguage":"fr-FR","potentialAction":[{"@type":"ReadAction","target":["https:\/\/bnuto.cultura.gov.it\/fr\/patrimoine\/cadeau-curlo\/"]}]},{"@type":"ImageObject","inLanguage":"fr-FR","@id":"https:\/\/bnuto.cultura.gov.it\/fr\/patrimoine\/cadeau-curlo\/#primaryimage","url":"https:\/\/bnuto.cultura.gov.it\/wp-content\/uploads\/2025\/09\/dono-curlo.png","contentUrl":"https:\/\/bnuto.cultura.gov.it\/wp-content\/uploads\/2025\/09\/dono-curlo.png","width":360,"height":296,"caption":"Ex libris avec un moine faisant un signe de silence et tenant un livre."},{"@type":"BreadcrumbList","@id":"https:\/\/bnuto.cultura.gov.it\/fr\/patrimoine\/cadeau-curlo\/#breadcrumb","itemListElement":[{"@type":"ListItem","position":1,"name":"Home","item":"https:\/\/bnuto.cultura.gov.it\/fr\/"},{"@type":"ListItem","position":2,"name":"Collections","item":"https:\/\/bnuto.cultura.gov.it\/fr\/patrimoine\/"},{"@type":"ListItem","position":3,"name":"Cadeau Curlo"}]},{"@type":"WebSite","@id":"https:\/\/bnuto.cultura.gov.it\/fr\/#website","url":"https:\/\/bnuto.cultura.gov.it\/fr\/","name":"Biblioteca Nazionale Universitaria di Torino","description":"Un nuovo sito targato WordPress","publisher":{"@id":"https:\/\/bnuto.cultura.gov.it\/fr\/#organization"},"potentialAction":[{"@type":"SearchAction","target":{"@type":"EntryPoint","urlTemplate":"https:\/\/bnuto.cultura.gov.it\/fr\/?s={search_term_string}"},"query-input":{"@type":"PropertyValueSpecification","valueRequired":true,"valueName":"search_term_string"}}],"inLanguage":"fr-FR"},{"@type":"Organization","@id":"https:\/\/bnuto.cultura.gov.it\/fr\/#organization","name":"Biblioteca Nazionale Universitaria di Torino","url":"https:\/\/bnuto.cultura.gov.it\/fr\/","logo":{"@type":"ImageObject","inLanguage":"fr-FR","@id":"https:\/\/bnuto.cultura.gov.it\/fr\/#\/schema\/logo\/image\/","url":"https:\/\/bnuto.cultura.gov.it\/wp-content\/uploads\/2022\/10\/logo-biblioteca-nazionale-nero.png","contentUrl":"https:\/\/bnuto.cultura.gov.it\/wp-content\/uploads\/2022\/10\/logo-biblioteca-nazionale-nero.png","width":70,"height":77,"caption":"Biblioteca Nazionale Universitaria di Torino"},"image":{"@id":"https:\/\/bnuto.cultura.gov.it\/fr\/#\/schema\/logo\/image\/"}}]}},"_links":{"self":[{"href":"https:\/\/bnuto.cultura.gov.it\/fr\/wp-json\/wp\/v2\/pages\/8586","targetHints":{"allow":["GET"]}}],"collection":[{"href":"https:\/\/bnuto.cultura.gov.it\/fr\/wp-json\/wp\/v2\/pages"}],"about":[{"href":"https:\/\/bnuto.cultura.gov.it\/fr\/wp-json\/wp\/v2\/types\/page"}],"author":[{"embeddable":true,"href":"https:\/\/bnuto.cultura.gov.it\/fr\/wp-json\/wp\/v2\/users\/19"}],"replies":[{"embeddable":true,"href":"https:\/\/bnuto.cultura.gov.it\/fr\/wp-json\/wp\/v2\/comments?post=8586"}],"version-history":[{"count":4,"href":"https:\/\/bnuto.cultura.gov.it\/fr\/wp-json\/wp\/v2\/pages\/8586\/revisions"}],"predecessor-version":[{"id":9437,"href":"https:\/\/bnuto.cultura.gov.it\/fr\/wp-json\/wp\/v2\/pages\/8586\/revisions\/9437"}],"up":[{"embeddable":true,"href":"https:\/\/bnuto.cultura.gov.it\/fr\/wp-json\/wp\/v2\/pages\/8501"}],"wp:featuredmedia":[{"embeddable":true,"href":"https:\/\/bnuto.cultura.gov.it\/fr\/wp-json\/wp\/v2\/media\/6987"}],"wp:attachment":[{"href":"https:\/\/bnuto.cultura.gov.it\/fr\/wp-json\/wp\/v2\/media?parent=8586"}],"wp:term":[{"taxonomy":"category_page","embeddable":true,"href":"https:\/\/bnuto.cultura.gov.it\/fr\/wp-json\/wp\/v2\/category_page?post=8586"}],"curies":[{"name":"wp","href":"https:\/\/api.w.org\/{rel}","templated":true}]}}