{"id":8595,"date":"2022-10-26T19:31:50","date_gmt":"2022-10-26T17:31:50","guid":{"rendered":"https:\/\/bnuto.cultura.gov.it\/consultation-de-manuscrits-volumes-rares-dessins-et-gravures\/"},"modified":"2026-02-17T12:59:36","modified_gmt":"2026-02-17T11:59:36","slug":"consultation-de-manuscrits-volumes-rares-dessins-et-gravures","status":"publish","type":"page","link":"https:\/\/bnuto.cultura.gov.it\/fr\/services\/consultation-de-manuscrits-volumes-rares-dessins-et-gravures\/","title":{"rendered":"Consultation de manuscrits, volumes rares, dessins et gravures"},"content":{"rendered":"<section class=\"l-section wpb_row height_auto\"><div class=\"l-section-h i-cf\"><div class=\"g-cols vc_row via_flex valign_top type_default stacking_default\"><div class=\"vc_col-sm-12 wpb_column vc_column_container\"><div class=\"vc_column-inner\"><div class=\"wpb_wrapper\"><div class=\"wpb_text_column\"><div class=\"wpb_wrapper\"><p>La consultation des manuscrits, incunables, livres rares, dessins et gravures se fait dans la salle des manuscrits et des livres rares au deuxi\u00e8me \u00e9tage de l&#8217;Institut.<\/p>\n<p>La consultation du mat\u00e9riel se fait uniquement sur rendez-vous : \u00e0 cette fin, veuillez envoyer \u00e0 l&#8217;avance un courriel \u00e0 <a href=\"mailto:bu-to.manoscritti@cultura.gov.it\">bu-to.manoscritti@cultura.gov.it, en<\/a> pr\u00e9cisant l&#8217;endroit o\u00f9 se trouvent les documents qui vous int\u00e9ressent.<\/p>\n<p>Il est \u00e9galement n\u00e9cessaire de se pr\u00e9senter dans la salle avec une pi\u00e8ce d&#8217;identit\u00e9 prouvant son statut d&#8217;enseignant, de chercheur ou de doctorant : \u00e0 d\u00e9faut, il faut pr\u00e9senter une lettre de pr\u00e9sentation sign\u00e9e par un universitaire rendant compte de la recherche en cours<a href=\"https:\/\/bnuto.cultura.gov.it\/wp-content\/uploads\/2023\/04\/Lettera-di-presentazione.docx\">(fac simile exig\u00e9<\/a>).<\/p>\n<p>Dans le hall, il est possible :<\/p>\n<ul>\n<li>consulter les manuscrits et les documents rares conserv\u00e9s dans le d\u00e9p\u00f4t de manuscrits<\/li>\n<li>photographier du mat\u00e9riel rare et pr\u00e9cieux par leurs propres moyens &#8211; et selon les instructions fournies<\/li>\n<li>consulter des documents en libre acc\u00e8s (annuaires, catalogues, inventaires, etc.)<\/li>\n<li>b\u00e9n\u00e9ficier d&#8217;une aide \u00e0 la recherche bibliographique sur les manuscrits et les documents rares<\/li>\n<\/ul>\n<p>La derni\u00e8re extraction de documents du d\u00e9p\u00f4t de manuscrits est effectu\u00e9e dans les 30 minutes suivant la fermeture de la salle.<\/p>\n<p>Contacts :<br \/>\n<a href=\"mailto:bu-to.manoscritti@cultura.gov.it\">bu-to.manoscritti@cultura.gov.it,<\/a> <a href=\"mailto:fabio.uliana@cultura.gov.it\">fabio.uliana@cultura.gov.it<\/a> pour les r\u00e9servations et les informations bibliographiques<\/p>\n<\/div><\/div><\/div><\/div><\/div><\/div><\/div><\/section>\n","protected":false},"excerpt":{"rendered":"La consultation des manuscrits, incunables, livres rares, dessins et gravures se fait dans la salle des manuscrits et des livres rares au deuxi\u00e8me \u00e9tage de l&#8217;Institut. La consultation du mat\u00e9riel se fait uniquement sur rendez-vous : \u00e0 cette fin, veuillez envoyer \u00e0 l&#8217;avance un courriel \u00e0 bu-to.manoscritti@cultura.gov.it, en pr\u00e9cisant l&#8217;endroit o\u00f9 se trouvent les documents...","protected":false},"author":7,"featured_media":6586,"parent":8607,"menu_order":5,"comment_status":"closed","ping_status":"closed","template":"","meta":{"_acf_changed":false,"footnotes":""},"category_page":[9],"class_list":["post-8595","page","type-page","status-publish","has-post-thumbnail","hentry","category_page-servizi"],"acf":[],"yoast_head":"<!-- This site is optimized with the Yoast SEO plugin v27.3 - https:\/\/yoast.com\/product\/yoast-seo-wordpress\/ -->\n<title>Consultation de manuscrits, volumes rares, dessins et gravures | Biblioteca Nazionale Universitaria di Torino<\/title>\n<meta name=\"robots\" content=\"index, follow, max-snippet:-1, max-image-preview:large, max-video-preview:-1\" \/>\n<link rel=\"canonical\" href=\"https:\/\/bnuto.cultura.gov.it\/fr\/services\/consultation-de-manuscrits-volumes-rares-dessins-et-gravures\/\" \/>\n<meta property=\"og:locale\" content=\"fr_FR\" \/>\n<meta property=\"og:type\" content=\"article\" \/>\n<meta property=\"og:title\" content=\"Consultation de manuscrits, volumes rares, dessins et gravures | Biblioteca Nazionale Universitaria di Torino\" \/>\n<meta property=\"og:url\" content=\"https:\/\/bnuto.cultura.gov.it\/fr\/services\/consultation-de-manuscrits-volumes-rares-dessins-et-gravures\/\" \/>\n<meta property=\"og:site_name\" content=\"Biblioteca Nazionale Universitaria di Torino\" \/>\n<meta property=\"article:modified_time\" content=\"2026-02-17T11:59:36+00:00\" \/>\n<meta property=\"og:image\" content=\"https:\/\/bnuto.cultura.gov.it\/wp-content\/uploads\/2022\/11\/1-scaled.jpg\" \/>\n\t<meta property=\"og:image:width\" content=\"1920\" \/>\n\t<meta property=\"og:image:height\" content=\"2560\" \/>\n\t<meta property=\"og:image:type\" content=\"image\/jpeg\" \/>\n<meta name=\"twitter:card\" content=\"summary_large_image\" \/>\n<meta name=\"twitter:label1\" content=\"Est. reading time\" \/>\n\t<meta name=\"twitter:data1\" content=\"2 minutes\" \/>\n<script type=\"application\/ld+json\" class=\"yoast-schema-graph\">{\"@context\":\"https:\\\/\\\/schema.org\",\"@graph\":[{\"@type\":\"WebPage\",\"@id\":\"https:\\\/\\\/bnuto.cultura.gov.it\\\/fr\\\/services\\\/consultation-de-manuscrits-volumes-rares-dessins-et-gravures\\\/\",\"url\":\"https:\\\/\\\/bnuto.cultura.gov.it\\\/fr\\\/services\\\/consultation-de-manuscrits-volumes-rares-dessins-et-gravures\\\/\",\"name\":\"Consultation de manuscrits, volumes rares, dessins et gravures | Biblioteca Nazionale Universitaria di Torino\",\"isPartOf\":{\"@id\":\"https:\\\/\\\/bnuto.cultura.gov.it\\\/fr\\\/#website\"},\"primaryImageOfPage\":{\"@id\":\"https:\\\/\\\/bnuto.cultura.gov.it\\\/fr\\\/services\\\/consultation-de-manuscrits-volumes-rares-dessins-et-gravures\\\/#primaryimage\"},\"image\":{\"@id\":\"https:\\\/\\\/bnuto.cultura.gov.it\\\/fr\\\/services\\\/consultation-de-manuscrits-volumes-rares-dessins-et-gravures\\\/#primaryimage\"},\"thumbnailUrl\":\"https:\\\/\\\/bnuto.cultura.gov.it\\\/wp-content\\\/uploads\\\/2022\\\/11\\\/1-scaled.jpg\",\"datePublished\":\"2022-10-26T17:31:50+00:00\",\"dateModified\":\"2026-02-17T11:59:36+00:00\",\"breadcrumb\":{\"@id\":\"https:\\\/\\\/bnuto.cultura.gov.it\\\/fr\\\/services\\\/consultation-de-manuscrits-volumes-rares-dessins-et-gravures\\\/#breadcrumb\"},\"inLanguage\":\"fr-FR\",\"potentialAction\":[{\"@type\":\"ReadAction\",\"target\":[\"https:\\\/\\\/bnuto.cultura.gov.it\\\/fr\\\/services\\\/consultation-de-manuscrits-volumes-rares-dessins-et-gravures\\\/\"]}]},{\"@type\":\"ImageObject\",\"inLanguage\":\"fr-FR\",\"@id\":\"https:\\\/\\\/bnuto.cultura.gov.it\\\/fr\\\/services\\\/consultation-de-manuscrits-volumes-rares-dessins-et-gravures\\\/#primaryimage\",\"url\":\"https:\\\/\\\/bnuto.cultura.gov.it\\\/wp-content\\\/uploads\\\/2022\\\/11\\\/1-scaled.jpg\",\"contentUrl\":\"https:\\\/\\\/bnuto.cultura.gov.it\\\/wp-content\\\/uploads\\\/2022\\\/11\\\/1-scaled.jpg\",\"width\":1920,\"height\":2560,\"caption\":\"Guillelmus Duranti, Rationale divinorum officiorum. [Mayence], Johann Fust et Peter Schoeffer, 6.X.1459 (collocation XV.I.36)\"},{\"@type\":\"BreadcrumbList\",\"@id\":\"https:\\\/\\\/bnuto.cultura.gov.it\\\/fr\\\/services\\\/consultation-de-manuscrits-volumes-rares-dessins-et-gravures\\\/#breadcrumb\",\"itemListElement\":[{\"@type\":\"ListItem\",\"position\":1,\"name\":\"Home\",\"item\":\"https:\\\/\\\/bnuto.cultura.gov.it\\\/fr\\\/\"},{\"@type\":\"ListItem\",\"position\":2,\"name\":\"Services\",\"item\":\"https:\\\/\\\/bnuto.cultura.gov.it\\\/fr\\\/services\\\/\"},{\"@type\":\"ListItem\",\"position\":3,\"name\":\"Consultation de manuscrits, volumes rares, dessins et gravures\"}]},{\"@type\":\"WebSite\",\"@id\":\"https:\\\/\\\/bnuto.cultura.gov.it\\\/fr\\\/#website\",\"url\":\"https:\\\/\\\/bnuto.cultura.gov.it\\\/fr\\\/\",\"name\":\"Biblioteca Nazionale Universitaria di Torino\",\"description\":\"Un nuovo sito targato WordPress\",\"publisher\":{\"@id\":\"https:\\\/\\\/bnuto.cultura.gov.it\\\/fr\\\/#organization\"},\"potentialAction\":[{\"@type\":\"SearchAction\",\"target\":{\"@type\":\"EntryPoint\",\"urlTemplate\":\"https:\\\/\\\/bnuto.cultura.gov.it\\\/fr\\\/?s={search_term_string}\"},\"query-input\":{\"@type\":\"PropertyValueSpecification\",\"valueRequired\":true,\"valueName\":\"search_term_string\"}}],\"inLanguage\":\"fr-FR\"},{\"@type\":\"Organization\",\"@id\":\"https:\\\/\\\/bnuto.cultura.gov.it\\\/fr\\\/#organization\",\"name\":\"Biblioteca Nazionale Universitaria di Torino\",\"url\":\"https:\\\/\\\/bnuto.cultura.gov.it\\\/fr\\\/\",\"logo\":{\"@type\":\"ImageObject\",\"inLanguage\":\"fr-FR\",\"@id\":\"https:\\\/\\\/bnuto.cultura.gov.it\\\/fr\\\/#\\\/schema\\\/logo\\\/image\\\/\",\"url\":\"https:\\\/\\\/bnuto.cultura.gov.it\\\/wp-content\\\/uploads\\\/2022\\\/10\\\/logo-biblioteca-nazionale-nero.png\",\"contentUrl\":\"https:\\\/\\\/bnuto.cultura.gov.it\\\/wp-content\\\/uploads\\\/2022\\\/10\\\/logo-biblioteca-nazionale-nero.png\",\"width\":70,\"height\":77,\"caption\":\"Biblioteca Nazionale Universitaria di Torino\"},\"image\":{\"@id\":\"https:\\\/\\\/bnuto.cultura.gov.it\\\/fr\\\/#\\\/schema\\\/logo\\\/image\\\/\"}}]}<\/script>\n<!-- \/ Yoast SEO plugin. -->","yoast_head_json":{"title":"Consultation de manuscrits, volumes rares, dessins et gravures | Biblioteca Nazionale Universitaria di Torino","robots":{"index":"index","follow":"follow","max-snippet":"max-snippet:-1","max-image-preview":"max-image-preview:large","max-video-preview":"max-video-preview:-1"},"canonical":"https:\/\/bnuto.cultura.gov.it\/fr\/services\/consultation-de-manuscrits-volumes-rares-dessins-et-gravures\/","og_locale":"fr_FR","og_type":"article","og_title":"Consultation de manuscrits, volumes rares, dessins et gravures | Biblioteca Nazionale Universitaria di Torino","og_url":"https:\/\/bnuto.cultura.gov.it\/fr\/services\/consultation-de-manuscrits-volumes-rares-dessins-et-gravures\/","og_site_name":"Biblioteca Nazionale Universitaria di Torino","article_modified_time":"2026-02-17T11:59:36+00:00","og_image":[{"width":1920,"height":2560,"url":"https:\/\/bnuto.cultura.gov.it\/wp-content\/uploads\/2022\/11\/1-scaled.jpg","type":"image\/jpeg"}],"twitter_card":"summary_large_image","twitter_misc":{"Est. reading time":"2 minutes"},"schema":{"@context":"https:\/\/schema.org","@graph":[{"@type":"WebPage","@id":"https:\/\/bnuto.cultura.gov.it\/fr\/services\/consultation-de-manuscrits-volumes-rares-dessins-et-gravures\/","url":"https:\/\/bnuto.cultura.gov.it\/fr\/services\/consultation-de-manuscrits-volumes-rares-dessins-et-gravures\/","name":"Consultation de manuscrits, volumes rares, dessins et gravures | Biblioteca Nazionale Universitaria di Torino","isPartOf":{"@id":"https:\/\/bnuto.cultura.gov.it\/fr\/#website"},"primaryImageOfPage":{"@id":"https:\/\/bnuto.cultura.gov.it\/fr\/services\/consultation-de-manuscrits-volumes-rares-dessins-et-gravures\/#primaryimage"},"image":{"@id":"https:\/\/bnuto.cultura.gov.it\/fr\/services\/consultation-de-manuscrits-volumes-rares-dessins-et-gravures\/#primaryimage"},"thumbnailUrl":"https:\/\/bnuto.cultura.gov.it\/wp-content\/uploads\/2022\/11\/1-scaled.jpg","datePublished":"2022-10-26T17:31:50+00:00","dateModified":"2026-02-17T11:59:36+00:00","breadcrumb":{"@id":"https:\/\/bnuto.cultura.gov.it\/fr\/services\/consultation-de-manuscrits-volumes-rares-dessins-et-gravures\/#breadcrumb"},"inLanguage":"fr-FR","potentialAction":[{"@type":"ReadAction","target":["https:\/\/bnuto.cultura.gov.it\/fr\/services\/consultation-de-manuscrits-volumes-rares-dessins-et-gravures\/"]}]},{"@type":"ImageObject","inLanguage":"fr-FR","@id":"https:\/\/bnuto.cultura.gov.it\/fr\/services\/consultation-de-manuscrits-volumes-rares-dessins-et-gravures\/#primaryimage","url":"https:\/\/bnuto.cultura.gov.it\/wp-content\/uploads\/2022\/11\/1-scaled.jpg","contentUrl":"https:\/\/bnuto.cultura.gov.it\/wp-content\/uploads\/2022\/11\/1-scaled.jpg","width":1920,"height":2560,"caption":"Guillelmus Duranti, Rationale divinorum officiorum. [Mayence], Johann Fust et Peter Schoeffer, 6.X.1459 (collocation XV.I.36)"},{"@type":"BreadcrumbList","@id":"https:\/\/bnuto.cultura.gov.it\/fr\/services\/consultation-de-manuscrits-volumes-rares-dessins-et-gravures\/#breadcrumb","itemListElement":[{"@type":"ListItem","position":1,"name":"Home","item":"https:\/\/bnuto.cultura.gov.it\/fr\/"},{"@type":"ListItem","position":2,"name":"Services","item":"https:\/\/bnuto.cultura.gov.it\/fr\/services\/"},{"@type":"ListItem","position":3,"name":"Consultation de manuscrits, volumes rares, dessins et gravures"}]},{"@type":"WebSite","@id":"https:\/\/bnuto.cultura.gov.it\/fr\/#website","url":"https:\/\/bnuto.cultura.gov.it\/fr\/","name":"Biblioteca Nazionale Universitaria di Torino","description":"Un nuovo sito targato WordPress","publisher":{"@id":"https:\/\/bnuto.cultura.gov.it\/fr\/#organization"},"potentialAction":[{"@type":"SearchAction","target":{"@type":"EntryPoint","urlTemplate":"https:\/\/bnuto.cultura.gov.it\/fr\/?s={search_term_string}"},"query-input":{"@type":"PropertyValueSpecification","valueRequired":true,"valueName":"search_term_string"}}],"inLanguage":"fr-FR"},{"@type":"Organization","@id":"https:\/\/bnuto.cultura.gov.it\/fr\/#organization","name":"Biblioteca Nazionale Universitaria di Torino","url":"https:\/\/bnuto.cultura.gov.it\/fr\/","logo":{"@type":"ImageObject","inLanguage":"fr-FR","@id":"https:\/\/bnuto.cultura.gov.it\/fr\/#\/schema\/logo\/image\/","url":"https:\/\/bnuto.cultura.gov.it\/wp-content\/uploads\/2022\/10\/logo-biblioteca-nazionale-nero.png","contentUrl":"https:\/\/bnuto.cultura.gov.it\/wp-content\/uploads\/2022\/10\/logo-biblioteca-nazionale-nero.png","width":70,"height":77,"caption":"Biblioteca Nazionale Universitaria di Torino"},"image":{"@id":"https:\/\/bnuto.cultura.gov.it\/fr\/#\/schema\/logo\/image\/"}}]}},"_links":{"self":[{"href":"https:\/\/bnuto.cultura.gov.it\/fr\/wp-json\/wp\/v2\/pages\/8595","targetHints":{"allow":["GET"]}}],"collection":[{"href":"https:\/\/bnuto.cultura.gov.it\/fr\/wp-json\/wp\/v2\/pages"}],"about":[{"href":"https:\/\/bnuto.cultura.gov.it\/fr\/wp-json\/wp\/v2\/types\/page"}],"author":[{"embeddable":true,"href":"https:\/\/bnuto.cultura.gov.it\/fr\/wp-json\/wp\/v2\/users\/7"}],"replies":[{"embeddable":true,"href":"https:\/\/bnuto.cultura.gov.it\/fr\/wp-json\/wp\/v2\/comments?post=8595"}],"version-history":[{"count":4,"href":"https:\/\/bnuto.cultura.gov.it\/fr\/wp-json\/wp\/v2\/pages\/8595\/revisions"}],"predecessor-version":[{"id":9439,"href":"https:\/\/bnuto.cultura.gov.it\/fr\/wp-json\/wp\/v2\/pages\/8595\/revisions\/9439"}],"up":[{"embeddable":true,"href":"https:\/\/bnuto.cultura.gov.it\/fr\/wp-json\/wp\/v2\/pages\/8607"}],"wp:featuredmedia":[{"embeddable":true,"href":"https:\/\/bnuto.cultura.gov.it\/fr\/wp-json\/wp\/v2\/media\/6586"}],"wp:attachment":[{"href":"https:\/\/bnuto.cultura.gov.it\/fr\/wp-json\/wp\/v2\/media?parent=8595"}],"wp:term":[{"taxonomy":"category_page","embeddable":true,"href":"https:\/\/bnuto.cultura.gov.it\/fr\/wp-json\/wp\/v2\/category_page?post=8595"}],"curies":[{"name":"wp","href":"https:\/\/api.w.org\/{rel}","templated":true}]}}