{"id":8607,"date":"2022-10-25T10:14:24","date_gmt":"2022-10-25T08:14:24","guid":{"rendered":"https:\/\/bnuto.cultura.gov.it\/services\/"},"modified":"2026-02-13T11:30:29","modified_gmt":"2026-02-13T10:30:29","slug":"services","status":"publish","type":"page","link":"https:\/\/bnuto.cultura.gov.it\/fr\/services\/","title":{"rendered":"Services"},"content":{"rendered":"<section class=\"l-section wpb_row height_auto\"><div class=\"l-section-h i-cf\"><div class=\"g-cols vc_row via_flex valign_top type_default stacking_default\"><div class=\"vc_col-sm-12 wpb_column vc_column_container\"><div class=\"vc_column-inner\"><div class=\"wpb_wrapper\"><div class=\"wpb_text_column\"><div class=\"wpb_wrapper\"><p>La biblioth\u00e8que offre divers services en vertu du d\u00e9cret pr\u00e9sidentiel 417\/1995, \u00e9num\u00e9r\u00e9s dans le menu lat\u00e9ral.<\/p>\n<p>Les principaux services disponibles sont les suivants : le <strong>pr\u00eat direct<\/strong>, qui permet aux utilisateurs de consulter \u00e0 domicile les ouvrages appartenant \u00e0 la biblioth\u00e8que ; la possibilit\u00e9 de demander des <strong>reproductions de<\/strong> mat\u00e9riel bibliographique \u00e0 des fins d&#8217;\u00e9tude et de recherche ; le <strong>pr\u00eat entre biblioth\u00e8ques<\/strong>, qui permet d&#8217;acc\u00e9der \u00e0 des documents ne figurant pas dans les collections locales gr\u00e2ce \u00e0 la collaboration avec d&#8217;autres biblioth\u00e8ques italiennes et internationales ; et enfin la <strong>fourniture de documents<\/strong>, utile pour obtenir des copies d&#8217;articles ou de chapitres de publications qui ne sont pas directement accessibles. Tous ces services sont con\u00e7us pour garantir un acc\u00e8s large, inclusif et efficace au patrimoine documentaire.<\/p>\n<\/div><\/div><\/div><\/div><\/div><\/div><\/div><\/section>\n","protected":false},"excerpt":{"rendered":"La biblioth\u00e8que offre divers services en vertu du d\u00e9cret pr\u00e9sidentiel 417\/1995, \u00e9num\u00e9r\u00e9s dans le menu lat\u00e9ral. Les principaux services disponibles sont les suivants : le pr\u00eat direct, qui permet aux utilisateurs de consulter \u00e0 domicile les ouvrages appartenant \u00e0 la biblioth\u00e8que ; la possibilit\u00e9 de demander des reproductions de mat\u00e9riel bibliographique \u00e0 des fins d&#8217;\u00e9tude...","protected":false},"author":7,"featured_media":0,"parent":0,"menu_order":0,"comment_status":"closed","ping_status":"closed","template":"","meta":{"_acf_changed":false,"footnotes":""},"category_page":[],"class_list":["post-8607","page","type-page","status-publish","hentry"],"acf":[],"yoast_head":"<!-- This site is optimized with the Yoast SEO plugin v27.3 - https:\/\/yoast.com\/product\/yoast-seo-wordpress\/ -->\n<title>Services |Biblioteca Nazionale Universitaria di Torino%.<\/title>\n<meta name=\"description\" content=\"D\u00e9couvrez les services que nous proposons, les pr\u00eats, les consultations, la fourniture de documents et les stages \u00e0 la biblioth\u00e8que.\" \/>\n<meta name=\"robots\" content=\"index, follow, max-snippet:-1, max-image-preview:large, max-video-preview:-1\" \/>\n<link rel=\"canonical\" href=\"https:\/\/bnuto.cultura.gov.it\/fr\/services\/\" \/>\n<meta property=\"og:locale\" content=\"fr_FR\" \/>\n<meta property=\"og:type\" content=\"article\" \/>\n<meta property=\"og:title\" content=\"Services |Biblioteca Nazionale Universitaria di Torino%.\" \/>\n<meta property=\"og:description\" content=\"D\u00e9couvrez les services que nous proposons, les pr\u00eats, les consultations, la fourniture de documents et les stages \u00e0 la biblioth\u00e8que.\" \/>\n<meta property=\"og:url\" content=\"https:\/\/bnuto.cultura.gov.it\/fr\/services\/\" \/>\n<meta property=\"og:site_name\" content=\"Biblioteca Nazionale Universitaria di Torino\" \/>\n<meta property=\"article:modified_time\" content=\"2026-02-13T10:30:29+00:00\" \/>\n<meta name=\"twitter:card\" content=\"summary_large_image\" \/>\n<meta name=\"twitter:label1\" content=\"Est. reading time\" \/>\n\t<meta name=\"twitter:data1\" content=\"1 minute\" \/>\n<script type=\"application\/ld+json\" class=\"yoast-schema-graph\">{\"@context\":\"https:\\\/\\\/schema.org\",\"@graph\":[{\"@type\":\"WebPage\",\"@id\":\"https:\\\/\\\/bnuto.cultura.gov.it\\\/fr\\\/services\\\/\",\"url\":\"https:\\\/\\\/bnuto.cultura.gov.it\\\/fr\\\/services\\\/\",\"name\":\"Services |Biblioteca Nazionale Universitaria di Torino%.\",\"isPartOf\":{\"@id\":\"https:\\\/\\\/bnuto.cultura.gov.it\\\/fr\\\/#website\"},\"datePublished\":\"2022-10-25T08:14:24+00:00\",\"dateModified\":\"2026-02-13T10:30:29+00:00\",\"description\":\"D\u00e9couvrez les services que nous proposons, les pr\u00eats, les consultations, la fourniture de documents et les stages \u00e0 la biblioth\u00e8que.\",\"breadcrumb\":{\"@id\":\"https:\\\/\\\/bnuto.cultura.gov.it\\\/fr\\\/services\\\/#breadcrumb\"},\"inLanguage\":\"fr-FR\",\"potentialAction\":[{\"@type\":\"ReadAction\",\"target\":[\"https:\\\/\\\/bnuto.cultura.gov.it\\\/fr\\\/services\\\/\"]}]},{\"@type\":\"BreadcrumbList\",\"@id\":\"https:\\\/\\\/bnuto.cultura.gov.it\\\/fr\\\/services\\\/#breadcrumb\",\"itemListElement\":[{\"@type\":\"ListItem\",\"position\":1,\"name\":\"Home\",\"item\":\"https:\\\/\\\/bnuto.cultura.gov.it\\\/fr\\\/\"},{\"@type\":\"ListItem\",\"position\":2,\"name\":\"Services\"}]},{\"@type\":\"WebSite\",\"@id\":\"https:\\\/\\\/bnuto.cultura.gov.it\\\/fr\\\/#website\",\"url\":\"https:\\\/\\\/bnuto.cultura.gov.it\\\/fr\\\/\",\"name\":\"Biblioteca Nazionale Universitaria di Torino\",\"description\":\"Un nuovo sito targato WordPress\",\"publisher\":{\"@id\":\"https:\\\/\\\/bnuto.cultura.gov.it\\\/fr\\\/#organization\"},\"potentialAction\":[{\"@type\":\"SearchAction\",\"target\":{\"@type\":\"EntryPoint\",\"urlTemplate\":\"https:\\\/\\\/bnuto.cultura.gov.it\\\/fr\\\/?s={search_term_string}\"},\"query-input\":{\"@type\":\"PropertyValueSpecification\",\"valueRequired\":true,\"valueName\":\"search_term_string\"}}],\"inLanguage\":\"fr-FR\"},{\"@type\":\"Organization\",\"@id\":\"https:\\\/\\\/bnuto.cultura.gov.it\\\/fr\\\/#organization\",\"name\":\"Biblioteca Nazionale Universitaria di Torino\",\"url\":\"https:\\\/\\\/bnuto.cultura.gov.it\\\/fr\\\/\",\"logo\":{\"@type\":\"ImageObject\",\"inLanguage\":\"fr-FR\",\"@id\":\"https:\\\/\\\/bnuto.cultura.gov.it\\\/fr\\\/#\\\/schema\\\/logo\\\/image\\\/\",\"url\":\"https:\\\/\\\/bnuto.cultura.gov.it\\\/wp-content\\\/uploads\\\/2022\\\/10\\\/logo-biblioteca-nazionale-nero.png\",\"contentUrl\":\"https:\\\/\\\/bnuto.cultura.gov.it\\\/wp-content\\\/uploads\\\/2022\\\/10\\\/logo-biblioteca-nazionale-nero.png\",\"width\":70,\"height\":77,\"caption\":\"Biblioteca Nazionale Universitaria di Torino\"},\"image\":{\"@id\":\"https:\\\/\\\/bnuto.cultura.gov.it\\\/fr\\\/#\\\/schema\\\/logo\\\/image\\\/\"}}]}<\/script>\n<!-- \/ Yoast SEO plugin. -->","yoast_head_json":{"title":"Services |Biblioteca Nazionale Universitaria di Torino%.","description":"D\u00e9couvrez les services que nous proposons, les pr\u00eats, les consultations, la fourniture de documents et les stages \u00e0 la biblioth\u00e8que.","robots":{"index":"index","follow":"follow","max-snippet":"max-snippet:-1","max-image-preview":"max-image-preview:large","max-video-preview":"max-video-preview:-1"},"canonical":"https:\/\/bnuto.cultura.gov.it\/fr\/services\/","og_locale":"fr_FR","og_type":"article","og_title":"Services |Biblioteca Nazionale Universitaria di Torino%.","og_description":"D\u00e9couvrez les services que nous proposons, les pr\u00eats, les consultations, la fourniture de documents et les stages \u00e0 la biblioth\u00e8que.","og_url":"https:\/\/bnuto.cultura.gov.it\/fr\/services\/","og_site_name":"Biblioteca Nazionale Universitaria di Torino","article_modified_time":"2026-02-13T10:30:29+00:00","twitter_card":"summary_large_image","twitter_misc":{"Est. reading time":"1 minute"},"schema":{"@context":"https:\/\/schema.org","@graph":[{"@type":"WebPage","@id":"https:\/\/bnuto.cultura.gov.it\/fr\/services\/","url":"https:\/\/bnuto.cultura.gov.it\/fr\/services\/","name":"Services |Biblioteca Nazionale Universitaria di Torino%.","isPartOf":{"@id":"https:\/\/bnuto.cultura.gov.it\/fr\/#website"},"datePublished":"2022-10-25T08:14:24+00:00","dateModified":"2026-02-13T10:30:29+00:00","description":"D\u00e9couvrez les services que nous proposons, les pr\u00eats, les consultations, la fourniture de documents et les stages \u00e0 la biblioth\u00e8que.","breadcrumb":{"@id":"https:\/\/bnuto.cultura.gov.it\/fr\/services\/#breadcrumb"},"inLanguage":"fr-FR","potentialAction":[{"@type":"ReadAction","target":["https:\/\/bnuto.cultura.gov.it\/fr\/services\/"]}]},{"@type":"BreadcrumbList","@id":"https:\/\/bnuto.cultura.gov.it\/fr\/services\/#breadcrumb","itemListElement":[{"@type":"ListItem","position":1,"name":"Home","item":"https:\/\/bnuto.cultura.gov.it\/fr\/"},{"@type":"ListItem","position":2,"name":"Services"}]},{"@type":"WebSite","@id":"https:\/\/bnuto.cultura.gov.it\/fr\/#website","url":"https:\/\/bnuto.cultura.gov.it\/fr\/","name":"Biblioteca Nazionale Universitaria di Torino","description":"Un nuovo sito targato WordPress","publisher":{"@id":"https:\/\/bnuto.cultura.gov.it\/fr\/#organization"},"potentialAction":[{"@type":"SearchAction","target":{"@type":"EntryPoint","urlTemplate":"https:\/\/bnuto.cultura.gov.it\/fr\/?s={search_term_string}"},"query-input":{"@type":"PropertyValueSpecification","valueRequired":true,"valueName":"search_term_string"}}],"inLanguage":"fr-FR"},{"@type":"Organization","@id":"https:\/\/bnuto.cultura.gov.it\/fr\/#organization","name":"Biblioteca Nazionale Universitaria di Torino","url":"https:\/\/bnuto.cultura.gov.it\/fr\/","logo":{"@type":"ImageObject","inLanguage":"fr-FR","@id":"https:\/\/bnuto.cultura.gov.it\/fr\/#\/schema\/logo\/image\/","url":"https:\/\/bnuto.cultura.gov.it\/wp-content\/uploads\/2022\/10\/logo-biblioteca-nazionale-nero.png","contentUrl":"https:\/\/bnuto.cultura.gov.it\/wp-content\/uploads\/2022\/10\/logo-biblioteca-nazionale-nero.png","width":70,"height":77,"caption":"Biblioteca Nazionale Universitaria di Torino"},"image":{"@id":"https:\/\/bnuto.cultura.gov.it\/fr\/#\/schema\/logo\/image\/"}}]}},"_links":{"self":[{"href":"https:\/\/bnuto.cultura.gov.it\/fr\/wp-json\/wp\/v2\/pages\/8607","targetHints":{"allow":["GET"]}}],"collection":[{"href":"https:\/\/bnuto.cultura.gov.it\/fr\/wp-json\/wp\/v2\/pages"}],"about":[{"href":"https:\/\/bnuto.cultura.gov.it\/fr\/wp-json\/wp\/v2\/types\/page"}],"author":[{"embeddable":true,"href":"https:\/\/bnuto.cultura.gov.it\/fr\/wp-json\/wp\/v2\/users\/7"}],"replies":[{"embeddable":true,"href":"https:\/\/bnuto.cultura.gov.it\/fr\/wp-json\/wp\/v2\/comments?post=8607"}],"version-history":[{"count":2,"href":"https:\/\/bnuto.cultura.gov.it\/fr\/wp-json\/wp\/v2\/pages\/8607\/revisions"}],"predecessor-version":[{"id":8618,"href":"https:\/\/bnuto.cultura.gov.it\/fr\/wp-json\/wp\/v2\/pages\/8607\/revisions\/8618"}],"wp:attachment":[{"href":"https:\/\/bnuto.cultura.gov.it\/fr\/wp-json\/wp\/v2\/media?parent=8607"}],"wp:term":[{"taxonomy":"category_page","embeddable":true,"href":"https:\/\/bnuto.cultura.gov.it\/fr\/wp-json\/wp\/v2\/category_page?post=8607"}],"curies":[{"name":"wp","href":"https:\/\/api.w.org\/{rel}","templated":true}]}}