{"id":8633,"date":"2022-10-26T19:32:16","date_gmt":"2022-10-26T17:32:16","guid":{"rendered":"https:\/\/bnuto.cultura.gov.it\/services\/pret-direct-de-volumes-modernes\/"},"modified":"2026-02-13T11:39:00","modified_gmt":"2026-02-13T10:39:00","slug":"pret-direct-de-volumes-modernes","status":"publish","type":"page","link":"https:\/\/bnuto.cultura.gov.it\/fr\/services\/pret-direct-de-volumes-modernes\/","title":{"rendered":"Pr\u00eat direct de volumes modernes"},"content":{"rendered":"<section class=\"l-section wpb_row container-text height_auto\"><div class=\"l-section-h i-cf\"><div class=\"g-cols vc_row via_flex valign_top type_default stacking_default\"><div class=\"vc_col-sm-12 wpb_column vc_column_container\"><div class=\"vc_column-inner\"><div class=\"wpb_wrapper\"><div class=\"wpb_text_column\"><div class=\"wpb_wrapper\"><p>Le service de pr\u00eat direct <span style=\"color: #000000;\">est effectu\u00e9 dans la salle de pr\u00eat de la distribution et<\/span> est r\u00e9gi par :<\/p>\n<ul>\n<li><a href=\"https:\/\/www.normattiva.it\/uri-res\/N2Ls?urn:nir:stato:decreto.del.presidente.della.repubblica:1995-07-05;417!vig=2022-05-27\" target=\"_blank\" rel=\"noopener\">R\u00e8glement contenant des r\u00e8gles sur les biblioth\u00e8ques publiques d&#8217;\u00c9tat<\/a> (d\u00e9cret pr\u00e9sidentiel n\u00b0 417 du 5 juillet 1995, art. 50-60)<\/li>\n<li><a href=\"https:\/\/www.bncrm.beniculturali.it\/getFile.php?id=1394\" target=\"_blank\" rel=\"noopener\">R\u00e8glement int\u00e9rieur de la Biblioth\u00e8que nationale universitaire de Turin<\/a><\/li>\n<\/ul>\n<h2><span style=\"color: #14557c;\"><strong>Calendrier<\/strong><\/span><\/h2>\n<p>Le dernier retrait du d\u00e9p\u00f4t de livres est effectu\u00e9 dans les 15 minutes qui suivent la fermeture.<\/p>\n<h2><span style=\"color: #14557c;\"><strong>Mode<\/strong><\/span><\/h2>\n<p>Le pr\u00eat peut \u00eatre accord\u00e9 :<\/p>\n<ul>\n<li>directement sur place dans la salle de distribution\/pr\u00eat<\/li>\n<li>via le <a href=\"\/wp-content\/uploads\/2022\/11\/5.1-Modulo-prenotazione-prestito-diretto.docx\">formulaire de r\u00e9servation<\/a> \u00e0 envoyer \u00e0 <a href=\"mailto:bu-to.prenotazioni@cultura.gov.it\">bu-to.prenotazioni@cultura.gov.it<\/a><\/li>\n<\/ul>\n<p>L&#8217;utilisateur est inform\u00e9 par courrier \u00e9lectronique de la disponibilit\u00e9 du mat\u00e9riel demand\u00e9, qu&#8217;il doit retirer \u00e0 la biblioth\u00e8que dans un d\u00e9lai de 3 jours.<\/p>\n<p>Un maximum de cinq volumes peut \u00eatre emprunt\u00e9 \u00e0 la fois, pour un maximum de trois ouvrages.<\/p>\n<p>Vous pouvez d\u00e9l\u00e9guer une personne de confiance pour collecter les volumes, apr\u00e8s avoir rempli et remis la procuration \u00e0 la salle de distribution<a href=\"\/wp-content\/uploads\/2022\/11\/5.2-Modulo-delega-prestito-diretto.docx\">(formulaire de procuration).<\/a><\/p>\n<p>Il n&#8217;est pas n\u00e9cessaire de compl\u00e9ter la procuration pour renvoyer le volume.<\/p>\n<h2><span style=\"color: #14557c;\"><strong>Admission<\/strong><\/span><\/h2>\n<p>Pour acc\u00e9der au service de pr\u00eat direct, vous devez \u00eatre inscrit \u00e0 la Biblioth\u00e8que et avoir au moins 18 ans.<\/p>\n<p>Les citoyens italiens, de l&#8217;UE et des pays tiers qui remplissent les conditions suivantes peuvent b\u00e9n\u00e9ficier du service de pr\u00eat :<\/p>\n<ul>\n<li>avoir atteint l&#8217;\u00e2ge de 18 ans<\/li>\n<li>remplir le document de garantie par le parent\/tuteur dans le cas des mineurs<a href=\"https:\/\/bnuto.cultura.gov.it\/wp-content\/uploads\/2022\/12\/modulo-garanzia-prestito-utente-minore.docx\">(formulaire de garantie du pr\u00eat \u00e0 l&#8217;utilisateur mineur<\/a>)<\/li>\n<li>\u00eatre de nationalit\u00e9 italienne et r\u00e9sider dans le Pi\u00e9mont<\/li>\n<li>\u00eatre des citoyens italiens r\u00e9sidant dans d&#8217;autres r\u00e9gions et pouvant prouver leur domicile dans le Pi\u00e9mont \u00e0 des fins d&#8217;\u00e9tude, de recherche ou de travail<\/li>\n<li>\u00eatre citoyen d&#8217;un pays de l&#8217;Union europ\u00e9enne et pouvoir prouver qu&#8217;il est domicili\u00e9 dans le Pi\u00e9mont \u00e0 des fins d&#8217;\u00e9tudes, de recherche ou de travail.<\/li>\n<li>\u00eatre ressortissant d&#8217;un pays non membre de l&#8217;Union europ\u00e9enne, en possession d&#8217;un permis de s\u00e9jour d\u00e9livr\u00e9 par la pr\u00e9fecture de police de la r\u00e9gion, et justifier d&#8217;une r\u00e9sidence au Pi\u00e9mont \u00e0 des fins d&#8217;\u00e9tude, de recherche ou de travail.<\/li>\n<\/ul>\n<p>Il est possible de soumettre une auto-certification &#8211; d\u00e9claration tenant lieu d&#8217;affidavit &#8211; en remplissant le <a href=\"https:\/\/bnuto.cultura.gov.it\/wp-content\/uploads\/2022\/12\/modulo-autocertficazione.docx\">formulaire d&#8217;auto-certification<\/a>.<\/p>\n<p>Tout changement de r\u00e9sidence, de domicile, de t\u00e9l\u00e9phone, d&#8217;adresse \u00e9lectronique doit \u00eatre notifi\u00e9 sans d\u00e9lai par courrier \u00e9lectronique ou par t\u00e9l\u00e9phone.<\/p>\n<p>Les donn\u00e9es fournies seront trait\u00e9es conform\u00e9ment au r\u00e8glement g\u00e9n\u00e9ral de l&#8217;UE sur la protection des donn\u00e9es 2016\/679.<\/p>\n<h2><span style=\"color: #14557c;\"><strong>Dur\u00e9e et prolongation du pr\u00eat<\/strong><\/span><\/h2>\n<p>Le pr\u00eat a une dur\u00e9e de 30 jours et peut \u00eatre prolong\u00e9 de 15 jours suppl\u00e9mentaires.<\/p>\n<p>La prolongation peut \u00eatre demand\u00e9e, par t\u00e9l\u00e9phone ou par e-mail, une seule fois et avant la date d&#8217;expiration du pr\u00eat.<\/p>\n<h3><span style=\"color: #14557c;\"><strong>Sanctions<\/strong><\/span><\/h3>\n<p>Un utilisateur en retard dans la restitution des volumes sera suspendu du service pour la p\u00e9riode correspondant au retard accumul\u00e9.<\/p>\n<p>L&#8217;utilisateur qui rend une \u0153uvre emprunt\u00e9e endommag\u00e9e ou perdue est tenu de la remettre en \u00e9tat ou de la remplacer. Si cela est impossible, il est tenu de payer un montant qui ne peut \u00eatre inf\u00e9rieur \u00e0 deux fois la valeur commerciale du document. <\/p>\n<p>Conform\u00e9ment \u00e0 l&#8217;article 58 du d\u00e9cret pr\u00e9sidentiel 417\/1995, l&#8217;utilisateur fautif sera exclu de la biblioth\u00e8que, signal\u00e9 au minist\u00e8re de la culture pour exclusion des biblioth\u00e8ques publiques de l&#8217;\u00c9tat et aux autorit\u00e9s judiciaires. <\/p>\n<h2><span style=\"color: #14557c;\"><strong>Mat\u00e9riel exclu du pr\u00eat<\/strong><\/span><\/h2>\n<p>Sont exclus du pr\u00eat les manuscrits, les ouvrages d&#8217;une valeur et d&#8217;une raret\u00e9 particuli\u00e8res ou dans un \u00e9tat de conservation pr\u00e9caire, les livres conserv\u00e9s par la biblioth\u00e8que au titre du d\u00e9p\u00f4t l\u00e9gal, les p\u00e9riodiques, les ouvrages de r\u00e9f\u00e9rence, les th\u00e8ses, les cadeaux et les livres scolaires avec localisation SCOL.<\/p>\n<p><strong>Contacts :<\/strong><\/p>\n<p>e-mail : <a href=\"mailto:bu-to.prenotazioni@cultura.gov.it\">bu-to.prenotazioni@cultura.gov.it<\/a><\/p>\n<p>t\u00e9l. : <a href=\"tel:00390118101103\">011\/8101103<\/a> &#8211; <a href=\"tel:00390118101118\">011\/8101118<\/a><\/p>\n<\/div><\/div><\/div><\/div><\/div><\/div><\/div><\/section>\n","protected":false},"excerpt":{"rendered":"Le service de pr\u00eat direct est effectu\u00e9 dans la salle de pr\u00eat de la distribution et est r\u00e9gi par : R\u00e8glement contenant des r\u00e8gles sur les biblioth\u00e8ques publiques d&#8217;\u00c9tat (d\u00e9cret pr\u00e9sidentiel n\u00b0 417 du 5 juillet 1995, art. 50-60) R\u00e8glement int\u00e9rieur de la Biblioth\u00e8que nationale universitaire de Turin Calendrier Le dernier retrait du d\u00e9p\u00f4t de...","protected":false},"author":7,"featured_media":0,"parent":8607,"menu_order":1,"comment_status":"closed","ping_status":"closed","template":"","meta":{"_acf_changed":false,"footnotes":""},"category_page":[9],"class_list":["post-8633","page","type-page","status-publish","hentry","category_page-servizi"],"acf":[],"yoast_head":"<!-- This site is optimized with the Yoast SEO plugin v27.3 - https:\/\/yoast.com\/product\/yoast-seo-wordpress\/ -->\n<title>Pr\u00eat direct de volumes modernes | Biblioteca Nazionale Universitaria di Torino<\/title>\n<meta name=\"robots\" content=\"index, follow, max-snippet:-1, max-image-preview:large, max-video-preview:-1\" \/>\n<link rel=\"canonical\" href=\"https:\/\/bnuto.cultura.gov.it\/fr\/services\/pret-direct-de-volumes-modernes\/\" \/>\n<meta property=\"og:locale\" content=\"fr_FR\" \/>\n<meta property=\"og:type\" content=\"article\" \/>\n<meta property=\"og:title\" content=\"Pr\u00eat direct de volumes modernes | Biblioteca Nazionale Universitaria di Torino\" \/>\n<meta property=\"og:url\" content=\"https:\/\/bnuto.cultura.gov.it\/fr\/services\/pret-direct-de-volumes-modernes\/\" \/>\n<meta property=\"og:site_name\" content=\"Biblioteca Nazionale Universitaria di Torino\" \/>\n<meta property=\"article:modified_time\" content=\"2026-02-13T10:39:00+00:00\" \/>\n<meta name=\"twitter:card\" content=\"summary_large_image\" \/>\n<meta name=\"twitter:label1\" content=\"Est. reading time\" \/>\n\t<meta name=\"twitter:data1\" content=\"3 minutes\" \/>\n<script type=\"application\/ld+json\" class=\"yoast-schema-graph\">{\"@context\":\"https:\\\/\\\/schema.org\",\"@graph\":[{\"@type\":\"WebPage\",\"@id\":\"https:\\\/\\\/bnuto.cultura.gov.it\\\/fr\\\/services\\\/pret-direct-de-volumes-modernes\\\/\",\"url\":\"https:\\\/\\\/bnuto.cultura.gov.it\\\/fr\\\/services\\\/pret-direct-de-volumes-modernes\\\/\",\"name\":\"Pr\u00eat direct de volumes modernes | Biblioteca Nazionale Universitaria di Torino\",\"isPartOf\":{\"@id\":\"https:\\\/\\\/bnuto.cultura.gov.it\\\/fr\\\/#website\"},\"datePublished\":\"2022-10-26T17:32:16+00:00\",\"dateModified\":\"2026-02-13T10:39:00+00:00\",\"breadcrumb\":{\"@id\":\"https:\\\/\\\/bnuto.cultura.gov.it\\\/fr\\\/services\\\/pret-direct-de-volumes-modernes\\\/#breadcrumb\"},\"inLanguage\":\"fr-FR\",\"potentialAction\":[{\"@type\":\"ReadAction\",\"target\":[\"https:\\\/\\\/bnuto.cultura.gov.it\\\/fr\\\/services\\\/pret-direct-de-volumes-modernes\\\/\"]}]},{\"@type\":\"BreadcrumbList\",\"@id\":\"https:\\\/\\\/bnuto.cultura.gov.it\\\/fr\\\/services\\\/pret-direct-de-volumes-modernes\\\/#breadcrumb\",\"itemListElement\":[{\"@type\":\"ListItem\",\"position\":1,\"name\":\"Home\",\"item\":\"https:\\\/\\\/bnuto.cultura.gov.it\\\/fr\\\/\"},{\"@type\":\"ListItem\",\"position\":2,\"name\":\"Services\",\"item\":\"https:\\\/\\\/bnuto.cultura.gov.it\\\/fr\\\/services\\\/\"},{\"@type\":\"ListItem\",\"position\":3,\"name\":\"Pr\u00eat direct de volumes modernes\"}]},{\"@type\":\"WebSite\",\"@id\":\"https:\\\/\\\/bnuto.cultura.gov.it\\\/fr\\\/#website\",\"url\":\"https:\\\/\\\/bnuto.cultura.gov.it\\\/fr\\\/\",\"name\":\"Biblioteca Nazionale Universitaria di Torino\",\"description\":\"Un nuovo sito targato WordPress\",\"publisher\":{\"@id\":\"https:\\\/\\\/bnuto.cultura.gov.it\\\/fr\\\/#organization\"},\"potentialAction\":[{\"@type\":\"SearchAction\",\"target\":{\"@type\":\"EntryPoint\",\"urlTemplate\":\"https:\\\/\\\/bnuto.cultura.gov.it\\\/fr\\\/?s={search_term_string}\"},\"query-input\":{\"@type\":\"PropertyValueSpecification\",\"valueRequired\":true,\"valueName\":\"search_term_string\"}}],\"inLanguage\":\"fr-FR\"},{\"@type\":\"Organization\",\"@id\":\"https:\\\/\\\/bnuto.cultura.gov.it\\\/fr\\\/#organization\",\"name\":\"Biblioteca Nazionale Universitaria di Torino\",\"url\":\"https:\\\/\\\/bnuto.cultura.gov.it\\\/fr\\\/\",\"logo\":{\"@type\":\"ImageObject\",\"inLanguage\":\"fr-FR\",\"@id\":\"https:\\\/\\\/bnuto.cultura.gov.it\\\/fr\\\/#\\\/schema\\\/logo\\\/image\\\/\",\"url\":\"https:\\\/\\\/bnuto.cultura.gov.it\\\/wp-content\\\/uploads\\\/2022\\\/10\\\/logo-biblioteca-nazionale-nero.png\",\"contentUrl\":\"https:\\\/\\\/bnuto.cultura.gov.it\\\/wp-content\\\/uploads\\\/2022\\\/10\\\/logo-biblioteca-nazionale-nero.png\",\"width\":70,\"height\":77,\"caption\":\"Biblioteca Nazionale Universitaria di Torino\"},\"image\":{\"@id\":\"https:\\\/\\\/bnuto.cultura.gov.it\\\/fr\\\/#\\\/schema\\\/logo\\\/image\\\/\"}}]}<\/script>\n<!-- \/ Yoast SEO plugin. -->","yoast_head_json":{"title":"Pr\u00eat direct de volumes modernes | Biblioteca Nazionale Universitaria di Torino","robots":{"index":"index","follow":"follow","max-snippet":"max-snippet:-1","max-image-preview":"max-image-preview:large","max-video-preview":"max-video-preview:-1"},"canonical":"https:\/\/bnuto.cultura.gov.it\/fr\/services\/pret-direct-de-volumes-modernes\/","og_locale":"fr_FR","og_type":"article","og_title":"Pr\u00eat direct de volumes modernes | Biblioteca Nazionale Universitaria di Torino","og_url":"https:\/\/bnuto.cultura.gov.it\/fr\/services\/pret-direct-de-volumes-modernes\/","og_site_name":"Biblioteca Nazionale Universitaria di Torino","article_modified_time":"2026-02-13T10:39:00+00:00","twitter_card":"summary_large_image","twitter_misc":{"Est. reading time":"3 minutes"},"schema":{"@context":"https:\/\/schema.org","@graph":[{"@type":"WebPage","@id":"https:\/\/bnuto.cultura.gov.it\/fr\/services\/pret-direct-de-volumes-modernes\/","url":"https:\/\/bnuto.cultura.gov.it\/fr\/services\/pret-direct-de-volumes-modernes\/","name":"Pr\u00eat direct de volumes modernes | Biblioteca Nazionale Universitaria di Torino","isPartOf":{"@id":"https:\/\/bnuto.cultura.gov.it\/fr\/#website"},"datePublished":"2022-10-26T17:32:16+00:00","dateModified":"2026-02-13T10:39:00+00:00","breadcrumb":{"@id":"https:\/\/bnuto.cultura.gov.it\/fr\/services\/pret-direct-de-volumes-modernes\/#breadcrumb"},"inLanguage":"fr-FR","potentialAction":[{"@type":"ReadAction","target":["https:\/\/bnuto.cultura.gov.it\/fr\/services\/pret-direct-de-volumes-modernes\/"]}]},{"@type":"BreadcrumbList","@id":"https:\/\/bnuto.cultura.gov.it\/fr\/services\/pret-direct-de-volumes-modernes\/#breadcrumb","itemListElement":[{"@type":"ListItem","position":1,"name":"Home","item":"https:\/\/bnuto.cultura.gov.it\/fr\/"},{"@type":"ListItem","position":2,"name":"Services","item":"https:\/\/bnuto.cultura.gov.it\/fr\/services\/"},{"@type":"ListItem","position":3,"name":"Pr\u00eat direct de volumes modernes"}]},{"@type":"WebSite","@id":"https:\/\/bnuto.cultura.gov.it\/fr\/#website","url":"https:\/\/bnuto.cultura.gov.it\/fr\/","name":"Biblioteca Nazionale Universitaria di Torino","description":"Un nuovo sito targato WordPress","publisher":{"@id":"https:\/\/bnuto.cultura.gov.it\/fr\/#organization"},"potentialAction":[{"@type":"SearchAction","target":{"@type":"EntryPoint","urlTemplate":"https:\/\/bnuto.cultura.gov.it\/fr\/?s={search_term_string}"},"query-input":{"@type":"PropertyValueSpecification","valueRequired":true,"valueName":"search_term_string"}}],"inLanguage":"fr-FR"},{"@type":"Organization","@id":"https:\/\/bnuto.cultura.gov.it\/fr\/#organization","name":"Biblioteca Nazionale Universitaria di Torino","url":"https:\/\/bnuto.cultura.gov.it\/fr\/","logo":{"@type":"ImageObject","inLanguage":"fr-FR","@id":"https:\/\/bnuto.cultura.gov.it\/fr\/#\/schema\/logo\/image\/","url":"https:\/\/bnuto.cultura.gov.it\/wp-content\/uploads\/2022\/10\/logo-biblioteca-nazionale-nero.png","contentUrl":"https:\/\/bnuto.cultura.gov.it\/wp-content\/uploads\/2022\/10\/logo-biblioteca-nazionale-nero.png","width":70,"height":77,"caption":"Biblioteca Nazionale Universitaria di Torino"},"image":{"@id":"https:\/\/bnuto.cultura.gov.it\/fr\/#\/schema\/logo\/image\/"}}]}},"_links":{"self":[{"href":"https:\/\/bnuto.cultura.gov.it\/fr\/wp-json\/wp\/v2\/pages\/8633","targetHints":{"allow":["GET"]}}],"collection":[{"href":"https:\/\/bnuto.cultura.gov.it\/fr\/wp-json\/wp\/v2\/pages"}],"about":[{"href":"https:\/\/bnuto.cultura.gov.it\/fr\/wp-json\/wp\/v2\/types\/page"}],"author":[{"embeddable":true,"href":"https:\/\/bnuto.cultura.gov.it\/fr\/wp-json\/wp\/v2\/users\/7"}],"replies":[{"embeddable":true,"href":"https:\/\/bnuto.cultura.gov.it\/fr\/wp-json\/wp\/v2\/comments?post=8633"}],"version-history":[{"count":2,"href":"https:\/\/bnuto.cultura.gov.it\/fr\/wp-json\/wp\/v2\/pages\/8633\/revisions"}],"predecessor-version":[{"id":8635,"href":"https:\/\/bnuto.cultura.gov.it\/fr\/wp-json\/wp\/v2\/pages\/8633\/revisions\/8635"}],"up":[{"embeddable":true,"href":"https:\/\/bnuto.cultura.gov.it\/fr\/wp-json\/wp\/v2\/pages\/8607"}],"wp:attachment":[{"href":"https:\/\/bnuto.cultura.gov.it\/fr\/wp-json\/wp\/v2\/media?parent=8633"}],"wp:term":[{"taxonomy":"category_page","embeddable":true,"href":"https:\/\/bnuto.cultura.gov.it\/fr\/wp-json\/wp\/v2\/category_page?post=8633"}],"curies":[{"name":"wp","href":"https:\/\/api.w.org\/{rel}","templated":true}]}}