{"id":8640,"date":"2022-10-26T19:32:35","date_gmt":"2022-10-26T17:32:35","guid":{"rendered":"https:\/\/bnuto.cultura.gov.it\/services\/pret-entre-bibliotheques-ill\/"},"modified":"2026-02-13T11:43:30","modified_gmt":"2026-02-13T10:43:30","slug":"pret-entre-bibliotheques-ill","status":"publish","type":"page","link":"https:\/\/bnuto.cultura.gov.it\/fr\/services\/pret-entre-bibliotheques-ill\/","title":{"rendered":"Pr\u00eat entre biblioth\u00e8ques (ILL)"},"content":{"rendered":"<section class=\"l-section wpb_row container-text height_auto\"><div class=\"l-section-h i-cf\"><div class=\"g-cols vc_row via_flex valign_top type_default stacking_default\"><div class=\"vc_col-sm-12 wpb_column vc_column_container\"><div class=\"vc_column-inner\"><div class=\"wpb_wrapper\"><div class=\"wpb_text_column\"><div class=\"wpb_wrapper\"><h2><span style=\"color: #14557c;\"><b>Pr\u00eat entre biblioth\u00e8ques (PEB)<\/b><\/span><\/h2>\n<p>Le service de pr\u00eat interbiblioth\u00e8ques (PEB) est <span style=\"color: #000000;\">effectu\u00e9 dans la salle de distribution-pr\u00eat<\/span> et consiste \u00e0 r\u00e9cup\u00e9rer, aupr\u00e8s d&#8217;autres biblioth\u00e8ques italiennes ou \u00e9trang\u00e8res, des livres qui ne sont pas en possession de la Biblioth\u00e8que nationale universitaire de Turin.<\/p>\n<p>Le service de pr\u00eat interbiblioth\u00e8ques, <b>tant national qu&#8217;international,<\/b> est r\u00e9gi par le <span style=\"color: initial;\">r\u00e8glement sur les biblioth\u00e8ques publiques d&#8217;\u00c9tat (<\/span><a href=\"https:\/\/www.normattiva.it\/uri-res\/N2Ls?urn:nir:stato:decreto.del.presidente.della.repubblica:1995-07-05;417%21vig=\" target=\"_blank\" rel=\"noopener\">d\u00e9cret pr\u00e9sidentiel n\u00b0 417, articles 50 \u00e0 60, du 5 juillet 1995<\/a><span style=\"color: initial;\">).<\/span><\/p>\n<p><b>Les frais d&#8217;exp\u00e9dition sont \u00e0 la charge de l&#8217;utilisateur.<\/b><\/p>\n<h2><span style=\"color: #14557c;\"><b>Mode<\/b><\/span><\/h2>\n<p><b>*<\/b><b>pour les utilisateurs :<\/b><\/p>\n<p>Les utilisateurs qui souhaitent utiliser ce service doivent \u00eatre inscrits \u00e0 la biblioth\u00e8que.<\/p>\n<p>La demande de pr\u00eat peut \u00eatre faite :<\/p>\n<ul>\n<li>directement sur place dans la salle de distribution<\/li>\n<li>par e-mail \u00e0 <a href=\"mailto:bu-to.interbibliotecario@cultura.gov.it\">bu-to.interbibliotecario@cultura.gov.it<\/a><a href=\"https:\/\/bnuto.cultura.gov.it\/wp-content\/uploads\/2022\/11\/6.1-Modulo-ILL.docx\">(formulaire de PEB<\/a>)<\/li>\n<\/ul>\n<p>Apr\u00e8s la demande, l&#8217;utilisateur recevra un devis pour le service et des informations sur les m\u00e9thodes de paiement.<\/p>\n<p><b>*pour les biblioth\u00e8ques<\/b><span style=\"font-weight: 400;\">:<\/span><\/p>\n<p>Le pr\u00eat peut \u00eatre accord\u00e9 :<\/p>\n<ul>\n<li>via la proc\u00e9dure ILL-SBN (pour les biblioth\u00e8ques italiennes participant \u00e0 la proc\u00e9dure)<\/li>\n<li>par courrier \u00e9lectronique \u00e0 l&#8217;adresse suivante <a href=\"mailto:bu-to.prenotazioni@cultura.gov.it\">: bu-to.interbibliotecario@cultura.gov.it<\/a><\/li>\n<\/ul>\n<p>Le pr\u00eat a une dur\u00e9e de 30 jours et peut \u00eatre prolong\u00e9 de 30 jours suppl\u00e9mentaires. La demande de prolongation doit \u00eatre faite par e-mail au moins une semaine avant la date d&#8217;expiration. <\/p>\n<h2><span style=\"color: #14557c;\"><b>Responsabilit\u00e9<\/b><\/span><\/h2>\n<p>Si l&#8217;utilisateur demandeur ne collecte pas le volume demand\u00e9, il est en tout \u00e9tat de cause tenu de payer les remboursements de co\u00fbts pr\u00e9vus.<\/p>\n<p>La biblioth\u00e8que requ\u00e9rante est responsable du volume envoy\u00e9 \u00e0 partir du moment o\u00f9 il est envoy\u00e9 jusqu&#8217;\u00e0 ce qu&#8217;il soit retourn\u00e9. En cas de perte ou de d\u00e9t\u00e9rioration due au voyage ou \u00e0 l&#8217;utilisation par l&#8217;utilisateur, la biblioth\u00e8que sera soumise aux m\u00eames r\u00e8gles que pour le pr\u00eat direct.<\/p>\n<\/div><\/div><\/div><\/div><\/div><\/div><\/div><\/section>\n","protected":false},"excerpt":{"rendered":"Pr\u00eat entre biblioth\u00e8ques (PEB) Le service de pr\u00eat interbiblioth\u00e8ques (PEB) est effectu\u00e9 dans la salle de distribution-pr\u00eat et consiste \u00e0 r\u00e9cup\u00e9rer, aupr\u00e8s d&#8217;autres biblioth\u00e8ques italiennes ou \u00e9trang\u00e8res, des livres qui ne sont pas en possession de la Biblioth\u00e8que nationale universitaire de Turin. Le service de pr\u00eat interbiblioth\u00e8ques, tant national qu&#8217;international, est r\u00e9gi par le r\u00e8glement...","protected":false},"author":7,"featured_media":0,"parent":8607,"menu_order":3,"comment_status":"closed","ping_status":"closed","template":"","meta":{"_acf_changed":false,"footnotes":""},"category_page":[9],"class_list":["post-8640","page","type-page","status-publish","hentry","category_page-servizi"],"acf":[],"yoast_head":"<!-- This site is optimized with the Yoast SEO plugin v27.5 - https:\/\/yoast.com\/product\/yoast-seo-wordpress\/ -->\n<title>Pr\u00eat entre biblioth\u00e8ques (ILL) | Biblioteca Nazionale Universitaria di Torino<\/title>\n<meta name=\"robots\" content=\"index, follow, max-snippet:-1, max-image-preview:large, max-video-preview:-1\" \/>\n<link rel=\"canonical\" href=\"https:\/\/bnuto.cultura.gov.it\/fr\/services\/pret-entre-bibliotheques-ill\/\" \/>\n<meta property=\"og:locale\" content=\"fr_FR\" \/>\n<meta property=\"og:type\" content=\"article\" \/>\n<meta property=\"og:title\" content=\"Pr\u00eat entre biblioth\u00e8ques (ILL) | Biblioteca Nazionale Universitaria di Torino\" \/>\n<meta property=\"og:url\" content=\"https:\/\/bnuto.cultura.gov.it\/fr\/services\/pret-entre-bibliotheques-ill\/\" \/>\n<meta property=\"og:site_name\" content=\"Biblioteca Nazionale Universitaria di Torino\" \/>\n<meta property=\"article:modified_time\" content=\"2026-02-13T10:43:30+00:00\" \/>\n<meta name=\"twitter:card\" content=\"summary_large_image\" \/>\n<meta name=\"twitter:label1\" content=\"Est. reading time\" \/>\n\t<meta name=\"twitter:data1\" content=\"2 minutes\" \/>\n<script type=\"application\/ld+json\" class=\"yoast-schema-graph\">{\"@context\":\"https:\\\/\\\/schema.org\",\"@graph\":[{\"@type\":\"WebPage\",\"@id\":\"https:\\\/\\\/bnuto.cultura.gov.it\\\/fr\\\/services\\\/pret-entre-bibliotheques-ill\\\/\",\"url\":\"https:\\\/\\\/bnuto.cultura.gov.it\\\/fr\\\/services\\\/pret-entre-bibliotheques-ill\\\/\",\"name\":\"Pr\u00eat entre biblioth\u00e8ques (ILL) | Biblioteca Nazionale Universitaria di Torino\",\"isPartOf\":{\"@id\":\"https:\\\/\\\/bnuto.cultura.gov.it\\\/fr\\\/#website\"},\"datePublished\":\"2022-10-26T17:32:35+00:00\",\"dateModified\":\"2026-02-13T10:43:30+00:00\",\"breadcrumb\":{\"@id\":\"https:\\\/\\\/bnuto.cultura.gov.it\\\/fr\\\/services\\\/pret-entre-bibliotheques-ill\\\/#breadcrumb\"},\"inLanguage\":\"fr-FR\",\"potentialAction\":[{\"@type\":\"ReadAction\",\"target\":[\"https:\\\/\\\/bnuto.cultura.gov.it\\\/fr\\\/services\\\/pret-entre-bibliotheques-ill\\\/\"]}]},{\"@type\":\"BreadcrumbList\",\"@id\":\"https:\\\/\\\/bnuto.cultura.gov.it\\\/fr\\\/services\\\/pret-entre-bibliotheques-ill\\\/#breadcrumb\",\"itemListElement\":[{\"@type\":\"ListItem\",\"position\":1,\"name\":\"Home\",\"item\":\"https:\\\/\\\/bnuto.cultura.gov.it\\\/fr\\\/\"},{\"@type\":\"ListItem\",\"position\":2,\"name\":\"Services\",\"item\":\"https:\\\/\\\/bnuto.cultura.gov.it\\\/fr\\\/services\\\/\"},{\"@type\":\"ListItem\",\"position\":3,\"name\":\"Pr\u00eat entre biblioth\u00e8ques (ILL)\"}]},{\"@type\":\"WebSite\",\"@id\":\"https:\\\/\\\/bnuto.cultura.gov.it\\\/fr\\\/#website\",\"url\":\"https:\\\/\\\/bnuto.cultura.gov.it\\\/fr\\\/\",\"name\":\"Biblioteca Nazionale Universitaria di Torino\",\"description\":\"Un nuovo sito targato WordPress\",\"publisher\":{\"@id\":\"https:\\\/\\\/bnuto.cultura.gov.it\\\/fr\\\/#organization\"},\"potentialAction\":[{\"@type\":\"SearchAction\",\"target\":{\"@type\":\"EntryPoint\",\"urlTemplate\":\"https:\\\/\\\/bnuto.cultura.gov.it\\\/fr\\\/?s={search_term_string}\"},\"query-input\":{\"@type\":\"PropertyValueSpecification\",\"valueRequired\":true,\"valueName\":\"search_term_string\"}}],\"inLanguage\":\"fr-FR\"},{\"@type\":\"Organization\",\"@id\":\"https:\\\/\\\/bnuto.cultura.gov.it\\\/fr\\\/#organization\",\"name\":\"Biblioteca Nazionale Universitaria di Torino\",\"url\":\"https:\\\/\\\/bnuto.cultura.gov.it\\\/fr\\\/\",\"logo\":{\"@type\":\"ImageObject\",\"inLanguage\":\"fr-FR\",\"@id\":\"https:\\\/\\\/bnuto.cultura.gov.it\\\/fr\\\/#\\\/schema\\\/logo\\\/image\\\/\",\"url\":\"https:\\\/\\\/bnuto.cultura.gov.it\\\/wp-content\\\/uploads\\\/2022\\\/10\\\/logo-biblioteca-nazionale-nero.png\",\"contentUrl\":\"https:\\\/\\\/bnuto.cultura.gov.it\\\/wp-content\\\/uploads\\\/2022\\\/10\\\/logo-biblioteca-nazionale-nero.png\",\"width\":70,\"height\":77,\"caption\":\"Biblioteca Nazionale Universitaria di Torino\"},\"image\":{\"@id\":\"https:\\\/\\\/bnuto.cultura.gov.it\\\/fr\\\/#\\\/schema\\\/logo\\\/image\\\/\"}}]}<\/script>\n<!-- \/ Yoast SEO plugin. -->","yoast_head_json":{"title":"Pr\u00eat entre biblioth\u00e8ques (ILL) | Biblioteca Nazionale Universitaria di Torino","robots":{"index":"index","follow":"follow","max-snippet":"max-snippet:-1","max-image-preview":"max-image-preview:large","max-video-preview":"max-video-preview:-1"},"canonical":"https:\/\/bnuto.cultura.gov.it\/fr\/services\/pret-entre-bibliotheques-ill\/","og_locale":"fr_FR","og_type":"article","og_title":"Pr\u00eat entre biblioth\u00e8ques (ILL) | Biblioteca Nazionale Universitaria di Torino","og_url":"https:\/\/bnuto.cultura.gov.it\/fr\/services\/pret-entre-bibliotheques-ill\/","og_site_name":"Biblioteca Nazionale Universitaria di Torino","article_modified_time":"2026-02-13T10:43:30+00:00","twitter_card":"summary_large_image","twitter_misc":{"Est. reading time":"2 minutes"},"schema":{"@context":"https:\/\/schema.org","@graph":[{"@type":"WebPage","@id":"https:\/\/bnuto.cultura.gov.it\/fr\/services\/pret-entre-bibliotheques-ill\/","url":"https:\/\/bnuto.cultura.gov.it\/fr\/services\/pret-entre-bibliotheques-ill\/","name":"Pr\u00eat entre biblioth\u00e8ques (ILL) | Biblioteca Nazionale Universitaria di Torino","isPartOf":{"@id":"https:\/\/bnuto.cultura.gov.it\/fr\/#website"},"datePublished":"2022-10-26T17:32:35+00:00","dateModified":"2026-02-13T10:43:30+00:00","breadcrumb":{"@id":"https:\/\/bnuto.cultura.gov.it\/fr\/services\/pret-entre-bibliotheques-ill\/#breadcrumb"},"inLanguage":"fr-FR","potentialAction":[{"@type":"ReadAction","target":["https:\/\/bnuto.cultura.gov.it\/fr\/services\/pret-entre-bibliotheques-ill\/"]}]},{"@type":"BreadcrumbList","@id":"https:\/\/bnuto.cultura.gov.it\/fr\/services\/pret-entre-bibliotheques-ill\/#breadcrumb","itemListElement":[{"@type":"ListItem","position":1,"name":"Home","item":"https:\/\/bnuto.cultura.gov.it\/fr\/"},{"@type":"ListItem","position":2,"name":"Services","item":"https:\/\/bnuto.cultura.gov.it\/fr\/services\/"},{"@type":"ListItem","position":3,"name":"Pr\u00eat entre biblioth\u00e8ques (ILL)"}]},{"@type":"WebSite","@id":"https:\/\/bnuto.cultura.gov.it\/fr\/#website","url":"https:\/\/bnuto.cultura.gov.it\/fr\/","name":"Biblioteca Nazionale Universitaria di Torino","description":"Un nuovo sito targato WordPress","publisher":{"@id":"https:\/\/bnuto.cultura.gov.it\/fr\/#organization"},"potentialAction":[{"@type":"SearchAction","target":{"@type":"EntryPoint","urlTemplate":"https:\/\/bnuto.cultura.gov.it\/fr\/?s={search_term_string}"},"query-input":{"@type":"PropertyValueSpecification","valueRequired":true,"valueName":"search_term_string"}}],"inLanguage":"fr-FR"},{"@type":"Organization","@id":"https:\/\/bnuto.cultura.gov.it\/fr\/#organization","name":"Biblioteca Nazionale Universitaria di Torino","url":"https:\/\/bnuto.cultura.gov.it\/fr\/","logo":{"@type":"ImageObject","inLanguage":"fr-FR","@id":"https:\/\/bnuto.cultura.gov.it\/fr\/#\/schema\/logo\/image\/","url":"https:\/\/bnuto.cultura.gov.it\/wp-content\/uploads\/2022\/10\/logo-biblioteca-nazionale-nero.png","contentUrl":"https:\/\/bnuto.cultura.gov.it\/wp-content\/uploads\/2022\/10\/logo-biblioteca-nazionale-nero.png","width":70,"height":77,"caption":"Biblioteca Nazionale Universitaria di Torino"},"image":{"@id":"https:\/\/bnuto.cultura.gov.it\/fr\/#\/schema\/logo\/image\/"}}]}},"_links":{"self":[{"href":"https:\/\/bnuto.cultura.gov.it\/fr\/wp-json\/wp\/v2\/pages\/8640","targetHints":{"allow":["GET"]}}],"collection":[{"href":"https:\/\/bnuto.cultura.gov.it\/fr\/wp-json\/wp\/v2\/pages"}],"about":[{"href":"https:\/\/bnuto.cultura.gov.it\/fr\/wp-json\/wp\/v2\/types\/page"}],"author":[{"embeddable":true,"href":"https:\/\/bnuto.cultura.gov.it\/fr\/wp-json\/wp\/v2\/users\/7"}],"replies":[{"embeddable":true,"href":"https:\/\/bnuto.cultura.gov.it\/fr\/wp-json\/wp\/v2\/comments?post=8640"}],"version-history":[{"count":2,"href":"https:\/\/bnuto.cultura.gov.it\/fr\/wp-json\/wp\/v2\/pages\/8640\/revisions"}],"predecessor-version":[{"id":8642,"href":"https:\/\/bnuto.cultura.gov.it\/fr\/wp-json\/wp\/v2\/pages\/8640\/revisions\/8642"}],"up":[{"embeddable":true,"href":"https:\/\/bnuto.cultura.gov.it\/fr\/wp-json\/wp\/v2\/pages\/8607"}],"wp:attachment":[{"href":"https:\/\/bnuto.cultura.gov.it\/fr\/wp-json\/wp\/v2\/media?parent=8640"}],"wp:term":[{"taxonomy":"category_page","embeddable":true,"href":"https:\/\/bnuto.cultura.gov.it\/fr\/wp-json\/wp\/v2\/category_page?post=8640"}],"curies":[{"name":"wp","href":"https:\/\/api.w.org\/{rel}","templated":true}]}}