{"id":8647,"date":"2022-12-06T13:10:08","date_gmt":"2022-12-06T12:10:08","guid":{"rendered":"https:\/\/bnuto.cultura.gov.it\/services\/reproductions\/"},"modified":"2026-02-27T12:08:07","modified_gmt":"2026-02-27T11:08:07","slug":"reproductions","status":"publish","type":"page","link":"https:\/\/bnuto.cultura.gov.it\/fr\/services\/reproductions\/","title":{"rendered":"Reproductions"},"content":{"rendered":"<section class=\"l-section wpb_row height_auto\"><div class=\"l-section-h i-cf\"><div class=\"g-cols vc_row via_flex valign_top type_default stacking_default\"><div class=\"vc_col-sm-12 wpb_column vc_column_container\"><div class=\"vc_column-inner\"><div class=\"wpb_wrapper\"><div class=\"wpb_text_column\"><div class=\"wpb_wrapper\"><p>Dans les salles de lecture et les rayonnages ouverts, c&#8217;est possible :<\/p>\n<ul>\n<li>effectuer des num\u00e9risations \u00e0 l&#8217;aide de scanners num\u00e9riques en libre-service dans les chambres ;<\/li>\n<li>reproduire \u00e0 ses frais et par ses propres moyens (appareils photo, smartphones, tablettes, etc.) pour son usage personnel et \u00e0 des fins d&#8217;\u00e9tude les \u0153uvres dont la Biblioth\u00e8que est propri\u00e9taire, dans le respect de la l\u00e9gislation en vigueur en mati\u00e8re de droits d&#8217;auteur, \u00e0 <strong>condition que l&#8217;\u00e9tat de conservation des \u0153uvres permette la reproduction<\/strong> (en cas de doute, demandez toujours au personnel de la salle) ;<\/li>\n<li>visionner les microfilms de certains p\u00e9riodiques modernes (liste ici)<\/li>\n<\/ul>\n<p>\u00c0 distance, c&#8217;est possible :<\/p>\n<ul>\n<li>obtenir des copies de reproductions num\u00e9riques d\u00e9j\u00e0 en possession de la biblioth\u00e8que par le biais d&#8217;un service de d\u00e9p\u00f4t num\u00e9rique.<\/li>\n<\/ul>\n<p>Il est pr\u00e9cis\u00e9 que les num\u00e9risations d\u00e9tenues par la Biblioth\u00e8que peuvent \u00eatre conc\u00e9d\u00e9es gratuitement \u00e0 des fins de recherche ou d&#8217;\u00e9tude. L&#8217;utilisation d&#8217;images \u00e0 des fins \u00e9ditoriales ou commerciales peut \u00e9galement \u00eatre autoris\u00e9e, dans le respect de la l\u00e9gislation en vigueur en mati\u00e8re de droits d&#8217;auteur ; dans ce cas, une demande sp\u00e9cifique doit \u00eatre pr\u00e9sent\u00e9e \u00e0 l&#8217;Institut, qui peut demander une redevance de concession en vertu de l&#8217;article 108 du d\u00e9cret l\u00e9gislatif n\u00b0 42 du 22 janvier 2004, tel que modifi\u00e9 et compl\u00e9t\u00e9.<\/p>\n<p>Pour les co\u00fbts li\u00e9s aux reproductions de biens culturels, ainsi que les cas de r\u00e9utilisation des m\u00eames reproductions, veuillez vous r\u00e9f\u00e9rer au <a href=\"https:\/\/media.beniculturali.it\/mibac\/files\/boards\/be78e33bc8ca0c99bff70aa174035096\/DECRETI\/ANNO%202024\/DM%2021%20marzo%202024%20rep.%20108-signed.pdf\"><strong>D\u00e9cret minist\u00e9riel n\u00b0 108 du 21 mars 2024<\/strong><\/a>.<\/p>\n<p>Pour obtenir des informations sur les reproductions de manuscrits et de volumes anciens, veuillez \u00e9crire \u00e0 <a href=\"mailto:bu-to.manoscritti@cultura.gov.it\">bu-to.manoscritti@cultura.gov.it<\/a>.<\/p>\n<p>Pour obtenir des informations sur les reproductions de volumes et de p\u00e9riodiques modernes, \u00e9crivez \u00e0 l&#8217;adresse suivante <a href=\"mailto:bu-to.info@cultura.gov.it\">: bu-to.info@cultura.gov.it<\/a><\/p>\n<\/div><\/div><\/div><\/div><\/div><\/div><\/div><\/section>\n","protected":false},"excerpt":{"rendered":"Dans les salles de lecture et les rayonnages ouverts, c&#8217;est possible : effectuer des num\u00e9risations \u00e0 l&#8217;aide de scanners num\u00e9riques en libre-service dans les chambres ; reproduire \u00e0 ses frais et par ses propres moyens (appareils photo, smartphones, tablettes, etc.) pour son usage personnel et \u00e0 des fins d&#8217;\u00e9tude les \u0153uvres dont la Biblioth\u00e8que est...","protected":false},"author":6,"featured_media":0,"parent":8607,"menu_order":2,"comment_status":"closed","ping_status":"closed","template":"","meta":{"_acf_changed":false,"footnotes":""},"category_page":[9],"class_list":["post-8647","page","type-page","status-publish","hentry","category_page-servizi"],"acf":[],"yoast_head":"<!-- This site is optimized with the Yoast SEO plugin v27.3 - https:\/\/yoast.com\/product\/yoast-seo-wordpress\/ -->\n<title>Reproductions | Service | Biblioteca Nazionale Universitaria di Torino<\/title>\n<meta name=\"robots\" content=\"index, follow, max-snippet:-1, max-image-preview:large, max-video-preview:-1\" \/>\n<link rel=\"canonical\" href=\"https:\/\/bnuto.cultura.gov.it\/fr\/services\/reproductions\/\" \/>\n<meta property=\"og:locale\" content=\"fr_FR\" \/>\n<meta property=\"og:type\" content=\"article\" \/>\n<meta property=\"og:title\" content=\"Reproductions | Service | Biblioteca Nazionale Universitaria di Torino\" \/>\n<meta property=\"og:url\" content=\"https:\/\/bnuto.cultura.gov.it\/fr\/services\/reproductions\/\" \/>\n<meta property=\"og:site_name\" content=\"Biblioteca Nazionale Universitaria di Torino\" \/>\n<meta property=\"article:modified_time\" content=\"2026-02-27T11:08:07+00:00\" \/>\n<meta name=\"twitter:card\" content=\"summary_large_image\" \/>\n<meta name=\"twitter:label1\" content=\"Est. reading time\" \/>\n\t<meta name=\"twitter:data1\" content=\"2 minutes\" \/>\n<script type=\"application\/ld+json\" class=\"yoast-schema-graph\">{\"@context\":\"https:\\\/\\\/schema.org\",\"@graph\":[{\"@type\":\"WebPage\",\"@id\":\"https:\\\/\\\/bnuto.cultura.gov.it\\\/fr\\\/services\\\/reproductions\\\/\",\"url\":\"https:\\\/\\\/bnuto.cultura.gov.it\\\/fr\\\/services\\\/reproductions\\\/\",\"name\":\"Reproductions | Service | Biblioteca Nazionale Universitaria di Torino\",\"isPartOf\":{\"@id\":\"https:\\\/\\\/bnuto.cultura.gov.it\\\/fr\\\/#website\"},\"datePublished\":\"2022-12-06T12:10:08+00:00\",\"dateModified\":\"2026-02-27T11:08:07+00:00\",\"breadcrumb\":{\"@id\":\"https:\\\/\\\/bnuto.cultura.gov.it\\\/fr\\\/services\\\/reproductions\\\/#breadcrumb\"},\"inLanguage\":\"fr-FR\",\"potentialAction\":[{\"@type\":\"ReadAction\",\"target\":[\"https:\\\/\\\/bnuto.cultura.gov.it\\\/fr\\\/services\\\/reproductions\\\/\"]}]},{\"@type\":\"BreadcrumbList\",\"@id\":\"https:\\\/\\\/bnuto.cultura.gov.it\\\/fr\\\/services\\\/reproductions\\\/#breadcrumb\",\"itemListElement\":[{\"@type\":\"ListItem\",\"position\":1,\"name\":\"Home\",\"item\":\"https:\\\/\\\/bnuto.cultura.gov.it\\\/fr\\\/\"},{\"@type\":\"ListItem\",\"position\":2,\"name\":\"Services\",\"item\":\"https:\\\/\\\/bnuto.cultura.gov.it\\\/fr\\\/services\\\/\"},{\"@type\":\"ListItem\",\"position\":3,\"name\":\"Reproductions\"}]},{\"@type\":\"WebSite\",\"@id\":\"https:\\\/\\\/bnuto.cultura.gov.it\\\/fr\\\/#website\",\"url\":\"https:\\\/\\\/bnuto.cultura.gov.it\\\/fr\\\/\",\"name\":\"Biblioteca Nazionale Universitaria di Torino\",\"description\":\"Un nuovo sito targato WordPress\",\"publisher\":{\"@id\":\"https:\\\/\\\/bnuto.cultura.gov.it\\\/fr\\\/#organization\"},\"potentialAction\":[{\"@type\":\"SearchAction\",\"target\":{\"@type\":\"EntryPoint\",\"urlTemplate\":\"https:\\\/\\\/bnuto.cultura.gov.it\\\/fr\\\/?s={search_term_string}\"},\"query-input\":{\"@type\":\"PropertyValueSpecification\",\"valueRequired\":true,\"valueName\":\"search_term_string\"}}],\"inLanguage\":\"fr-FR\"},{\"@type\":\"Organization\",\"@id\":\"https:\\\/\\\/bnuto.cultura.gov.it\\\/fr\\\/#organization\",\"name\":\"Biblioteca Nazionale Universitaria di Torino\",\"url\":\"https:\\\/\\\/bnuto.cultura.gov.it\\\/fr\\\/\",\"logo\":{\"@type\":\"ImageObject\",\"inLanguage\":\"fr-FR\",\"@id\":\"https:\\\/\\\/bnuto.cultura.gov.it\\\/fr\\\/#\\\/schema\\\/logo\\\/image\\\/\",\"url\":\"https:\\\/\\\/bnuto.cultura.gov.it\\\/wp-content\\\/uploads\\\/2022\\\/10\\\/logo-biblioteca-nazionale-nero.png\",\"contentUrl\":\"https:\\\/\\\/bnuto.cultura.gov.it\\\/wp-content\\\/uploads\\\/2022\\\/10\\\/logo-biblioteca-nazionale-nero.png\",\"width\":70,\"height\":77,\"caption\":\"Biblioteca Nazionale Universitaria di Torino\"},\"image\":{\"@id\":\"https:\\\/\\\/bnuto.cultura.gov.it\\\/fr\\\/#\\\/schema\\\/logo\\\/image\\\/\"}}]}<\/script>\n<!-- \/ Yoast SEO plugin. -->","yoast_head_json":{"title":"Reproductions | Service | Biblioteca Nazionale Universitaria di Torino","robots":{"index":"index","follow":"follow","max-snippet":"max-snippet:-1","max-image-preview":"max-image-preview:large","max-video-preview":"max-video-preview:-1"},"canonical":"https:\/\/bnuto.cultura.gov.it\/fr\/services\/reproductions\/","og_locale":"fr_FR","og_type":"article","og_title":"Reproductions | Service | Biblioteca Nazionale Universitaria di Torino","og_url":"https:\/\/bnuto.cultura.gov.it\/fr\/services\/reproductions\/","og_site_name":"Biblioteca Nazionale Universitaria di Torino","article_modified_time":"2026-02-27T11:08:07+00:00","twitter_card":"summary_large_image","twitter_misc":{"Est. reading time":"2 minutes"},"schema":{"@context":"https:\/\/schema.org","@graph":[{"@type":"WebPage","@id":"https:\/\/bnuto.cultura.gov.it\/fr\/services\/reproductions\/","url":"https:\/\/bnuto.cultura.gov.it\/fr\/services\/reproductions\/","name":"Reproductions | Service | Biblioteca Nazionale Universitaria di Torino","isPartOf":{"@id":"https:\/\/bnuto.cultura.gov.it\/fr\/#website"},"datePublished":"2022-12-06T12:10:08+00:00","dateModified":"2026-02-27T11:08:07+00:00","breadcrumb":{"@id":"https:\/\/bnuto.cultura.gov.it\/fr\/services\/reproductions\/#breadcrumb"},"inLanguage":"fr-FR","potentialAction":[{"@type":"ReadAction","target":["https:\/\/bnuto.cultura.gov.it\/fr\/services\/reproductions\/"]}]},{"@type":"BreadcrumbList","@id":"https:\/\/bnuto.cultura.gov.it\/fr\/services\/reproductions\/#breadcrumb","itemListElement":[{"@type":"ListItem","position":1,"name":"Home","item":"https:\/\/bnuto.cultura.gov.it\/fr\/"},{"@type":"ListItem","position":2,"name":"Services","item":"https:\/\/bnuto.cultura.gov.it\/fr\/services\/"},{"@type":"ListItem","position":3,"name":"Reproductions"}]},{"@type":"WebSite","@id":"https:\/\/bnuto.cultura.gov.it\/fr\/#website","url":"https:\/\/bnuto.cultura.gov.it\/fr\/","name":"Biblioteca Nazionale Universitaria di Torino","description":"Un nuovo sito targato WordPress","publisher":{"@id":"https:\/\/bnuto.cultura.gov.it\/fr\/#organization"},"potentialAction":[{"@type":"SearchAction","target":{"@type":"EntryPoint","urlTemplate":"https:\/\/bnuto.cultura.gov.it\/fr\/?s={search_term_string}"},"query-input":{"@type":"PropertyValueSpecification","valueRequired":true,"valueName":"search_term_string"}}],"inLanguage":"fr-FR"},{"@type":"Organization","@id":"https:\/\/bnuto.cultura.gov.it\/fr\/#organization","name":"Biblioteca Nazionale Universitaria di Torino","url":"https:\/\/bnuto.cultura.gov.it\/fr\/","logo":{"@type":"ImageObject","inLanguage":"fr-FR","@id":"https:\/\/bnuto.cultura.gov.it\/fr\/#\/schema\/logo\/image\/","url":"https:\/\/bnuto.cultura.gov.it\/wp-content\/uploads\/2022\/10\/logo-biblioteca-nazionale-nero.png","contentUrl":"https:\/\/bnuto.cultura.gov.it\/wp-content\/uploads\/2022\/10\/logo-biblioteca-nazionale-nero.png","width":70,"height":77,"caption":"Biblioteca Nazionale Universitaria di Torino"},"image":{"@id":"https:\/\/bnuto.cultura.gov.it\/fr\/#\/schema\/logo\/image\/"}}]}},"_links":{"self":[{"href":"https:\/\/bnuto.cultura.gov.it\/fr\/wp-json\/wp\/v2\/pages\/8647","targetHints":{"allow":["GET"]}}],"collection":[{"href":"https:\/\/bnuto.cultura.gov.it\/fr\/wp-json\/wp\/v2\/pages"}],"about":[{"href":"https:\/\/bnuto.cultura.gov.it\/fr\/wp-json\/wp\/v2\/types\/page"}],"author":[{"embeddable":true,"href":"https:\/\/bnuto.cultura.gov.it\/fr\/wp-json\/wp\/v2\/users\/6"}],"replies":[{"embeddable":true,"href":"https:\/\/bnuto.cultura.gov.it\/fr\/wp-json\/wp\/v2\/comments?post=8647"}],"version-history":[{"count":4,"href":"https:\/\/bnuto.cultura.gov.it\/fr\/wp-json\/wp\/v2\/pages\/8647\/revisions"}],"predecessor-version":[{"id":9887,"href":"https:\/\/bnuto.cultura.gov.it\/fr\/wp-json\/wp\/v2\/pages\/8647\/revisions\/9887"}],"up":[{"embeddable":true,"href":"https:\/\/bnuto.cultura.gov.it\/fr\/wp-json\/wp\/v2\/pages\/8607"}],"wp:attachment":[{"href":"https:\/\/bnuto.cultura.gov.it\/fr\/wp-json\/wp\/v2\/media?parent=8647"}],"wp:term":[{"taxonomy":"category_page","embeddable":true,"href":"https:\/\/bnuto.cultura.gov.it\/fr\/wp-json\/wp\/v2\/category_page?post=8647"}],"curies":[{"name":"wp","href":"https:\/\/api.w.org\/{rel}","templated":true}]}}