{"id":8654,"date":"2022-11-23T11:37:38","date_gmt":"2022-11-23T10:37:38","guid":{"rendered":"https:\/\/bnuto.cultura.gov.it\/services\/fourniture-de-documents-dd\/"},"modified":"2026-02-13T13:53:54","modified_gmt":"2026-02-13T12:53:54","slug":"fourniture-de-documents-dd","status":"publish","type":"page","link":"https:\/\/bnuto.cultura.gov.it\/fr\/services\/fourniture-de-documents-dd\/","title":{"rendered":"Fourniture de documents (DD)"},"content":{"rendered":"<section class=\"l-section wpb_row container-text height_auto\"><div class=\"l-section-h i-cf\"><div class=\"g-cols vc_row via_flex valign_top type_default stacking_default\"><div class=\"vc_col-sm-12 wpb_column vc_column_container\"><div class=\"vc_column-inner\"><div class=\"wpb_wrapper\"><div class=\"wpb_text_column\"><div class=\"wpb_wrapper\"><p>La fourniture de documents &#8211; la fourniture de documents &#8211;<span style=\"color: #000000;\"> s&#8217;effectue dans la salle de pr\u00eat-distribution ;<\/span> il s&#8217;agit d&#8217;un service payant entre biblioth\u00e8ques :<\/p>\n<ul>\n<li>fournit \u00e0 une autre biblioth\u00e8que des num\u00e9risations de documents qu&#8217;elle d\u00e9tient<\/li>\n<li>demande \u00e0 d&#8217;autres biblioth\u00e8ques de fournir des scans de documents qui ne sont pas en leur possession.<\/li>\n<\/ul>\n<p>Le service est soumis aux restrictions impos\u00e9es par la loi actuelle sur les droits d&#8217;auteur (pas plus de 15% des pages du volume peuvent \u00eatre d\u00e9pass\u00e9es).<\/p>\n<p>Les documents sont fournis \u00e0 des fins d&#8217;\u00e9tude et de recherche uniquement.<\/p>\n<h2><span style=\"color: #14557c;\"><b>Mode<\/b><\/span><\/h2>\n<p><b>*pour les utilisateurs :<\/b><\/p>\n<p>Les utilisateurs qui souhaitent utiliser ce service doivent \u00eatre inscrits \u00e0 la biblioth\u00e8que.<\/p>\n<p>La demande de service peut \u00eatre faite :<\/p>\n<ul>\n<li>directement sur place dans la salle de distribution<\/li>\n<li>par e-mail \u00e0 <a href=\"mailto:bu-to.interbibliotecario@cultura.gov.it\">bu-to.interbibliotecario@cultura.gov.it<\/a><a href=\"https:\/\/bnuto.cultura.gov.it\/wp-content\/uploads\/2022\/11\/7.1-Modulo-DD.docx\">(formulaire DD)<\/a><\/li>\n<\/ul>\n<p>Apr\u00e8s la demande, l&#8217;utilisateur recevra une estimation des co\u00fbts du service demand\u00e9.<\/p>\n<p><b>*pour les biblioth\u00e8ques :<\/b><\/p>\n<p>Des documents peuvent \u00eatre fournis :<\/p>\n<ul>\n<li>via la proc\u00e9dure ILL-SBN (pour les biblioth\u00e8ques italiennes participant \u00e0 la proc\u00e9dure)<\/li>\n<li>par courrier \u00e9lectronique \u00e0 l&#8217;adresse suivante <a href=\"mailto:bu-to.prenotazioni@cultura.gov.it\">: bu-to.interbibliotecario@cultura.gov.it<\/a><\/li>\n<\/ul>\n<\/div><\/div><\/div><\/div><\/div><\/div><\/div><\/section>\n","protected":false},"excerpt":{"rendered":"La fourniture de documents &#8211; la fourniture de documents &#8211; s&#8217;effectue dans la salle de pr\u00eat-distribution ; il s&#8217;agit d&#8217;un service payant entre biblioth\u00e8ques : fournit \u00e0 une autre biblioth\u00e8que des num\u00e9risations de documents qu&#8217;elle d\u00e9tient demande \u00e0 d&#8217;autres biblioth\u00e8ques de fournir des scans de documents qui ne sont pas en leur possession. Le service...","protected":false},"author":3,"featured_media":0,"parent":8607,"menu_order":4,"comment_status":"closed","ping_status":"closed","template":"","meta":{"_acf_changed":false,"footnotes":""},"category_page":[9],"class_list":["post-8654","page","type-page","status-publish","hentry","category_page-servizi"],"acf":[],"yoast_head":"<!-- This site is optimized with the Yoast SEO plugin v27.3 - https:\/\/yoast.com\/product\/yoast-seo-wordpress\/ -->\n<title>Fourniture de documents (DD) | Biblioteca Nazionale Universitaria di Torino<\/title>\n<meta name=\"robots\" content=\"index, follow, max-snippet:-1, max-image-preview:large, max-video-preview:-1\" \/>\n<link rel=\"canonical\" href=\"https:\/\/bnuto.cultura.gov.it\/fr\/services\/fourniture-de-documents-dd\/\" \/>\n<meta property=\"og:locale\" content=\"fr_FR\" \/>\n<meta property=\"og:type\" content=\"article\" \/>\n<meta property=\"og:title\" content=\"Fourniture de documents (DD) | Biblioteca Nazionale Universitaria di Torino\" \/>\n<meta property=\"og:url\" content=\"https:\/\/bnuto.cultura.gov.it\/fr\/services\/fourniture-de-documents-dd\/\" \/>\n<meta property=\"og:site_name\" content=\"Biblioteca Nazionale Universitaria di Torino\" \/>\n<meta property=\"article:modified_time\" content=\"2026-02-13T12:53:54+00:00\" \/>\n<meta name=\"twitter:card\" content=\"summary_large_image\" \/>\n<meta name=\"twitter:label1\" content=\"Est. reading time\" \/>\n\t<meta name=\"twitter:data1\" content=\"1 minute\" \/>\n<script type=\"application\/ld+json\" class=\"yoast-schema-graph\">{\"@context\":\"https:\\\/\\\/schema.org\",\"@graph\":[{\"@type\":\"WebPage\",\"@id\":\"https:\\\/\\\/bnuto.cultura.gov.it\\\/fr\\\/services\\\/fourniture-de-documents-dd\\\/\",\"url\":\"https:\\\/\\\/bnuto.cultura.gov.it\\\/fr\\\/services\\\/fourniture-de-documents-dd\\\/\",\"name\":\"Fourniture de documents (DD) | Biblioteca Nazionale Universitaria di Torino\",\"isPartOf\":{\"@id\":\"https:\\\/\\\/bnuto.cultura.gov.it\\\/fr\\\/#website\"},\"datePublished\":\"2022-11-23T10:37:38+00:00\",\"dateModified\":\"2026-02-13T12:53:54+00:00\",\"breadcrumb\":{\"@id\":\"https:\\\/\\\/bnuto.cultura.gov.it\\\/fr\\\/services\\\/fourniture-de-documents-dd\\\/#breadcrumb\"},\"inLanguage\":\"fr-FR\",\"potentialAction\":[{\"@type\":\"ReadAction\",\"target\":[\"https:\\\/\\\/bnuto.cultura.gov.it\\\/fr\\\/services\\\/fourniture-de-documents-dd\\\/\"]}]},{\"@type\":\"BreadcrumbList\",\"@id\":\"https:\\\/\\\/bnuto.cultura.gov.it\\\/fr\\\/services\\\/fourniture-de-documents-dd\\\/#breadcrumb\",\"itemListElement\":[{\"@type\":\"ListItem\",\"position\":1,\"name\":\"Home\",\"item\":\"https:\\\/\\\/bnuto.cultura.gov.it\\\/fr\\\/\"},{\"@type\":\"ListItem\",\"position\":2,\"name\":\"Services\",\"item\":\"https:\\\/\\\/bnuto.cultura.gov.it\\\/fr\\\/services\\\/\"},{\"@type\":\"ListItem\",\"position\":3,\"name\":\"Fourniture de documents (DD)\"}]},{\"@type\":\"WebSite\",\"@id\":\"https:\\\/\\\/bnuto.cultura.gov.it\\\/fr\\\/#website\",\"url\":\"https:\\\/\\\/bnuto.cultura.gov.it\\\/fr\\\/\",\"name\":\"Biblioteca Nazionale Universitaria di Torino\",\"description\":\"Un nuovo sito targato WordPress\",\"publisher\":{\"@id\":\"https:\\\/\\\/bnuto.cultura.gov.it\\\/fr\\\/#organization\"},\"potentialAction\":[{\"@type\":\"SearchAction\",\"target\":{\"@type\":\"EntryPoint\",\"urlTemplate\":\"https:\\\/\\\/bnuto.cultura.gov.it\\\/fr\\\/?s={search_term_string}\"},\"query-input\":{\"@type\":\"PropertyValueSpecification\",\"valueRequired\":true,\"valueName\":\"search_term_string\"}}],\"inLanguage\":\"fr-FR\"},{\"@type\":\"Organization\",\"@id\":\"https:\\\/\\\/bnuto.cultura.gov.it\\\/fr\\\/#organization\",\"name\":\"Biblioteca Nazionale Universitaria di Torino\",\"url\":\"https:\\\/\\\/bnuto.cultura.gov.it\\\/fr\\\/\",\"logo\":{\"@type\":\"ImageObject\",\"inLanguage\":\"fr-FR\",\"@id\":\"https:\\\/\\\/bnuto.cultura.gov.it\\\/fr\\\/#\\\/schema\\\/logo\\\/image\\\/\",\"url\":\"https:\\\/\\\/bnuto.cultura.gov.it\\\/wp-content\\\/uploads\\\/2022\\\/10\\\/logo-biblioteca-nazionale-nero.png\",\"contentUrl\":\"https:\\\/\\\/bnuto.cultura.gov.it\\\/wp-content\\\/uploads\\\/2022\\\/10\\\/logo-biblioteca-nazionale-nero.png\",\"width\":70,\"height\":77,\"caption\":\"Biblioteca Nazionale Universitaria di Torino\"},\"image\":{\"@id\":\"https:\\\/\\\/bnuto.cultura.gov.it\\\/fr\\\/#\\\/schema\\\/logo\\\/image\\\/\"}}]}<\/script>\n<!-- \/ Yoast SEO plugin. -->","yoast_head_json":{"title":"Fourniture de documents (DD) | Biblioteca Nazionale Universitaria di Torino","robots":{"index":"index","follow":"follow","max-snippet":"max-snippet:-1","max-image-preview":"max-image-preview:large","max-video-preview":"max-video-preview:-1"},"canonical":"https:\/\/bnuto.cultura.gov.it\/fr\/services\/fourniture-de-documents-dd\/","og_locale":"fr_FR","og_type":"article","og_title":"Fourniture de documents (DD) | Biblioteca Nazionale Universitaria di Torino","og_url":"https:\/\/bnuto.cultura.gov.it\/fr\/services\/fourniture-de-documents-dd\/","og_site_name":"Biblioteca Nazionale Universitaria di Torino","article_modified_time":"2026-02-13T12:53:54+00:00","twitter_card":"summary_large_image","twitter_misc":{"Est. reading time":"1 minute"},"schema":{"@context":"https:\/\/schema.org","@graph":[{"@type":"WebPage","@id":"https:\/\/bnuto.cultura.gov.it\/fr\/services\/fourniture-de-documents-dd\/","url":"https:\/\/bnuto.cultura.gov.it\/fr\/services\/fourniture-de-documents-dd\/","name":"Fourniture de documents (DD) | Biblioteca Nazionale Universitaria di Torino","isPartOf":{"@id":"https:\/\/bnuto.cultura.gov.it\/fr\/#website"},"datePublished":"2022-11-23T10:37:38+00:00","dateModified":"2026-02-13T12:53:54+00:00","breadcrumb":{"@id":"https:\/\/bnuto.cultura.gov.it\/fr\/services\/fourniture-de-documents-dd\/#breadcrumb"},"inLanguage":"fr-FR","potentialAction":[{"@type":"ReadAction","target":["https:\/\/bnuto.cultura.gov.it\/fr\/services\/fourniture-de-documents-dd\/"]}]},{"@type":"BreadcrumbList","@id":"https:\/\/bnuto.cultura.gov.it\/fr\/services\/fourniture-de-documents-dd\/#breadcrumb","itemListElement":[{"@type":"ListItem","position":1,"name":"Home","item":"https:\/\/bnuto.cultura.gov.it\/fr\/"},{"@type":"ListItem","position":2,"name":"Services","item":"https:\/\/bnuto.cultura.gov.it\/fr\/services\/"},{"@type":"ListItem","position":3,"name":"Fourniture de documents (DD)"}]},{"@type":"WebSite","@id":"https:\/\/bnuto.cultura.gov.it\/fr\/#website","url":"https:\/\/bnuto.cultura.gov.it\/fr\/","name":"Biblioteca Nazionale Universitaria di Torino","description":"Un nuovo sito targato WordPress","publisher":{"@id":"https:\/\/bnuto.cultura.gov.it\/fr\/#organization"},"potentialAction":[{"@type":"SearchAction","target":{"@type":"EntryPoint","urlTemplate":"https:\/\/bnuto.cultura.gov.it\/fr\/?s={search_term_string}"},"query-input":{"@type":"PropertyValueSpecification","valueRequired":true,"valueName":"search_term_string"}}],"inLanguage":"fr-FR"},{"@type":"Organization","@id":"https:\/\/bnuto.cultura.gov.it\/fr\/#organization","name":"Biblioteca Nazionale Universitaria di Torino","url":"https:\/\/bnuto.cultura.gov.it\/fr\/","logo":{"@type":"ImageObject","inLanguage":"fr-FR","@id":"https:\/\/bnuto.cultura.gov.it\/fr\/#\/schema\/logo\/image\/","url":"https:\/\/bnuto.cultura.gov.it\/wp-content\/uploads\/2022\/10\/logo-biblioteca-nazionale-nero.png","contentUrl":"https:\/\/bnuto.cultura.gov.it\/wp-content\/uploads\/2022\/10\/logo-biblioteca-nazionale-nero.png","width":70,"height":77,"caption":"Biblioteca Nazionale Universitaria di Torino"},"image":{"@id":"https:\/\/bnuto.cultura.gov.it\/fr\/#\/schema\/logo\/image\/"}}]}},"_links":{"self":[{"href":"https:\/\/bnuto.cultura.gov.it\/fr\/wp-json\/wp\/v2\/pages\/8654","targetHints":{"allow":["GET"]}}],"collection":[{"href":"https:\/\/bnuto.cultura.gov.it\/fr\/wp-json\/wp\/v2\/pages"}],"about":[{"href":"https:\/\/bnuto.cultura.gov.it\/fr\/wp-json\/wp\/v2\/types\/page"}],"author":[{"embeddable":true,"href":"https:\/\/bnuto.cultura.gov.it\/fr\/wp-json\/wp\/v2\/users\/3"}],"replies":[{"embeddable":true,"href":"https:\/\/bnuto.cultura.gov.it\/fr\/wp-json\/wp\/v2\/comments?post=8654"}],"version-history":[{"count":2,"href":"https:\/\/bnuto.cultura.gov.it\/fr\/wp-json\/wp\/v2\/pages\/8654\/revisions"}],"predecessor-version":[{"id":8656,"href":"https:\/\/bnuto.cultura.gov.it\/fr\/wp-json\/wp\/v2\/pages\/8654\/revisions\/8656"}],"up":[{"embeddable":true,"href":"https:\/\/bnuto.cultura.gov.it\/fr\/wp-json\/wp\/v2\/pages\/8607"}],"wp:attachment":[{"href":"https:\/\/bnuto.cultura.gov.it\/fr\/wp-json\/wp\/v2\/media?parent=8654"}],"wp:term":[{"taxonomy":"category_page","embeddable":true,"href":"https:\/\/bnuto.cultura.gov.it\/fr\/wp-json\/wp\/v2\/category_page?post=8654"}],"curies":[{"name":"wp","href":"https:\/\/api.w.org\/{rel}","templated":true}]}}