{"id":8663,"date":"2022-12-21T23:42:39","date_gmt":"2022-12-21T22:42:39","guid":{"rendered":"https:\/\/bnuto.cultura.gov.it\/services\/depot-legal\/"},"modified":"2026-02-17T14:02:50","modified_gmt":"2026-02-17T13:02:50","slug":"depot-legal","status":"publish","type":"page","link":"https:\/\/bnuto.cultura.gov.it\/fr\/services\/depot-legal\/","title":{"rendered":"D\u00e9p\u00f4t l\u00e9gal"},"content":{"rendered":"<section class=\"l-section wpb_row height_auto\"><div class=\"l-section-h i-cf\"><div class=\"g-cols vc_row via_flex valign_top type_default stacking_default\"><div class=\"vc_col-sm-12 wpb_column vc_column_container\"><div class=\"vc_column-inner\"><div class=\"wpb_wrapper\"><div class=\"wpb_text_column\"><div class=\"wpb_wrapper\"><p>La loi n\u00b0 106 du 15 avril 2004, relative au d\u00e9p\u00f4t l\u00e9gal des documents d&#8217;int\u00e9r\u00eat culturel, vise \u00e0 l&#8217;utilisation publique et \u00e0 la pr\u00e9servation de la m\u00e9moire par le d\u00e9p\u00f4t de ce qui a \u00e9t\u00e9 publi\u00e9 ou diffus\u00e9 en Italie aupr\u00e8s d&#8217;institutions sp\u00e9cifiquement d\u00e9sign\u00e9es.<\/p>\n<p>Le d\u00e9posant l\u00e9gal est l&#8217;\u00e9diteur (ou en tout cas le responsable de la publication) ; l&#8217;imprimeur n&#8217;intervient qu&#8217;en l&#8217;absence de l&#8217;\u00e9diteur.<\/p>\n<p>Selon l&#8217;article 1 de la loi, &#8220;les documents destin\u00e9s \u00e0 l&#8217;usage du public et utilisables par lecture, \u00e9coute et visionnage, quel que soit leur proc\u00e9d\u00e9 technique de production, d&#8217;\u00e9dition ou de diffusion, y compris les documents destin\u00e9s \u00e0 l&#8217;usage des personnes handicap\u00e9es, sont soumis au d\u00e9p\u00f4t obligatoire&#8221;.<\/p>\n<p>Il s&#8217;agit notamment de<\/p>\n<ul>\n<li>imprim\u00e9s : livres, brochures, p\u00e9riodiques, cartes g\u00e9ographiques et topographiques, atlas, affiches, musique imprim\u00e9e<\/li>\n<li>les documents sonores et vid\u00e9o : enregistrements sonores (musicaux ou autres), enregistrements d&#8217;images et audiovisuels en g\u00e9n\u00e9ral (y compris sur support num\u00e9rique)<\/li>\n<li>art graphique et vid\u00e9o d&#8217;artiste<\/li>\n<li>les documents photographiques (photographies) destin\u00e9s \u00e0 la publication<\/li>\n<li>films (\u00e9galement sur support num\u00e9rique)<\/li>\n<li>les microformes (sur support photochimique, tel que le film)<\/li>\n<li>les documents sur support informatique en g\u00e9n\u00e9ral (par exemple cd-rom)<\/li>\n<\/ul>\n<p>Ils sont exclus de l&#8217;obligation de livraison :<\/p>\n<ul>\n<li>les extraits, tels que les livrets contenant un article de revue ou une partie d&#8217;un livre, qui sont imprim\u00e9s s\u00e9par\u00e9ment en utilisant la m\u00eame composition, \u00e0 l&#8217;exception des extraits musicaux imprim\u00e9s<\/li>\n<li>projets<\/li>\n<li>registres et formulaires<\/li>\n<li>listes de billets \u00e0 ordre et documents similaires<\/li>\n<li>les cartes cadastrales<\/li>\n<li>mat\u00e9riel publicitaire ordinaire et mineur pour le commerce<\/li>\n<li>photocopies<\/li>\n<li>les textes dactylographi\u00e9s ou les imprim\u00e9s g\u00e9n\u00e9r\u00e9s par ordinateur pour un usage personnel<\/li>\n<li>mat\u00e9riel didactique pour les cours de formation, \u00e0 usage interne<\/li>\n<li>m\u00e9moire<\/li>\n<li>les \u00e9ditions interm\u00e9diaires, au cas o\u00f9 l&#8217;\u00e9dition finale serait publi\u00e9e<\/li>\n<li>les publications d&#8217;\u00e9diteurs \u00e9trangers (m\u00eame si elles sont imprim\u00e9es en Italie)<\/li>\n<li>les articles, en attente de publication, imprim\u00e9s en interne ou \u00e0 l&#8217;universit\u00e9 exclusivement \u00e0 des fins de concours<\/li>\n<\/ul>\n<table border=\"0\">\n<tbody>\n<tr>\n<td bgcolor=\"#ccffff\"><em> <strong> Attention :<\/strong> si les avis de concours universitaires pr\u00e9voient le d\u00e9p\u00f4t l\u00e9gal de ce type de document, celui-ci doit \u00eatre envoy\u00e9 par courrier recommand\u00e9, dont le r\u00e9c\u00e9piss\u00e9 fait foi. <\/em><\/td>\n<\/tr>\n<\/tbody>\n<\/table>\n<p>Pour plus d&#8217;informations :<br \/>\n<a title=\"Adresse \u00e9lectronique\" href=\"mailto:bu-to.depositolegale@cultura.gov.it\">bu-to.depositolegale@cultura.gov.it<\/a><\/p>\n<p><strong>Documents \u00e0 d\u00e9poser<\/strong><\/p>\n<p>L&#8217;obligation de d\u00e9p\u00f4t l\u00e9gal est remplie par la remise de deux copies pour les Archives nationales de la production \u00e9ditoriale (situ\u00e9es dans les Biblioth\u00e8ques centrales nationales de Rome et de Florence) et de deux autres copies pour les Archives de la production \u00e9ditoriale r\u00e9gionale (les biblioth\u00e8ques d\u00e9positaires ont \u00e9t\u00e9 identifi\u00e9es par le d\u00e9cret du ministre des Biens et des Activit\u00e9s culturels du 28 d\u00e9cembre 2007).<\/p>\n<p>Pour les \u00e9diteurs bas\u00e9s dans la r\u00e9gion du Pi\u00e9mont :<\/p>\n<table border=\"1\">\n<tbody>\n<tr>\n<td>Type de documents<\/td>\n<td>Archives r\u00e9gionales<\/td>\n<td>Archives nationales<\/td>\n<\/tr>\n<tr>\n<td><strong>Livres, brochures, p\u00e9riodiques, cartes g\u00e9ographiques et topographiques, atlas, affiches, musique imprim\u00e9e, \u00e9galement sous forme informatis\u00e9e<\/strong><\/td>\n<td>1 exemplaire \u00e0 la Biblioth\u00e8que nationale universitaire de Turin. 1 exemplaire \u00e0 la biblioth\u00e8que d\u00e9positaire de la province de r\u00e9f\u00e9rence<\/td>\n<td>n. 1 exemplaire \u00e0 la <a title=\"Biblioth\u00e8que centrale nationale de Rome\" href=\"http:\/\/www.bncrm.beniculturali.it\/\" target=\"_blank\" rel=\"noopener\">Biblioteca Nazionale Centrale di Roma <\/a>n. 1 exemplaire \u00e0 la <a title=\"Biblioth\u00e8que centrale nationale de Florence\" href=\"https:\/\/www.bncf.firenze.sbn.it\/biblioteca\/deposito-legale\/\" target=\"_blank\" rel=\"noopener\">Biblioteca Nazionale Centrale di Firenze<\/a><\/td>\n<\/tr>\n<tr>\n<td><strong>Documents sonores et vid\u00e9o<\/strong><\/td>\n<td>n. 1 exemplaire \u00e0 la Biblioth\u00e8que nationale universitaire de Turin<\/td>\n<td>n. 1 copie \u00e0 l&#8217;<a title=\"Institut central du son et de l'audiovisuel\" href=\"http:\/\/www.icbsa.it\" target=\"_blank\" rel=\"noopener\">Institut central des biens sonores et audiovisuels<\/a><\/td>\n<\/tr>\n<tr>\n<td><strong>Documents d&#8217;art graphique et vid\u00e9o d&#8217;artiste<\/strong><\/td>\n<td>n. 1 exemplaire \u00e0 la Biblioth\u00e8que nationale universitaire de Turin<\/td>\n<td>n. 1 copie \u00e0 l&#8217;<a title=\"Institut national de graphisme, Rome\" href=\"https:\/\/www.grafica.beniculturali.it\/\" target=\"_blank\" rel=\"noopener\">Institut National de Graphisme de Rome<\/a><\/td>\n<\/tr>\n<tr>\n<td><strong>Documents photographiques<\/strong><\/td>\n<td>n. 1 exemplaire au Mus\u00e9e du cin\u00e9ma de Turin<\/td>\n<td>n. 1 exemplaire \u00e0 l&#8217;<a title=\"Institut national de graphisme, Rome\" href=\"https:\/\/www.grafica.beniculturali.it\/\" target=\"_blank\" rel=\"noopener\">Institut national de graphisme de Rome<\/a><\/td>\n<\/tr>\n<tr>\n<td><strong>Films inscrits au registre public de la cin\u00e9matographie tenu par le SIAE, sujets, traitements et sc\u00e9narios<\/strong><\/td>\n<td>copie n\u00b0 1 au Museo del Cinema di Torino (pour les \u0153uvres cin\u00e9matographiques sur pellicule, une nouvelle copie positive, conforme au n\u00e9gatif, doit \u00eatre d\u00e9pos\u00e9e. Pour les \u0153uvres en format vid\u00e9o ou num\u00e9rique, une copie doit \u00eatre d\u00e9pos\u00e9e dans le format original de projection et de diffusion)<\/td>\n<td>1 copie \u00e0 la <a title=\"Cin\u00e9math\u00e8que nationale de Rome\" href=\"https:\/\/www.fondazionecsc.it\/\" target=\"_blank\" rel=\"noopener\">Cineteca Nazionale de Rome<\/a><\/td>\n<\/tr>\n<\/tbody>\n<\/table>\n<p><strong>R\u00e9glementation<\/strong><\/p>\n<ul>\n<li>Loi n\u00b0 106, 15 avril 2004<br \/>\n<a title=\"Loi n\u00b0 106, 15 avril 2004\" href=\"http:\/\/www.parlamento.it\/parlam\/leggi\/04106l.htm\" target=\"_blank\" rel=\"external noopener\"><em>R\u00e8gles sur le d\u00e9p\u00f4t l\u00e9gal des documents d&#8217;int\u00e9r\u00eat culturel destin\u00e9s \u00e0 l&#8217;usage du public<\/em><\/a> (Journal officiel n\u00b0 98 du 27 avril 2004)<\/li>\n<li>D\u00e9cret pr\u00e9sidentiel n\u00b0 252, 3 mai 2006<br \/>\n<a href=\"https:\/\/www.normattiva.it\/uri-res\/N2Ls?urn:nir:stato:decreto.del.presidente.della.repubblica:2006-05-03;252!vig=\" target=\"_blank\" rel=\"noopener\">R\u00e8glement contenant des r\u00e8gles sur le d\u00e9p\u00f4t l\u00e9gal des documents d&#8217;int\u00e9r\u00eat culturel destin\u00e9s \u00e0 l&#8217;usage du public (Journal officiel n\u00b0 191 du 18 ao\u00fbt 2006)<\/a><\/li>\n<li><a href=\"https:\/\/www.unimc.it\/it\/servizi\/documentazione-modulistica\/disposizioni-legislative-regolamentari\/DepositoDocumenti_DM28122007.pdf\" target=\"_blank\" rel=\"noopener\">Arr\u00eat\u00e9 du ministre du patrimoine et des activit\u00e9s culturelles du 28 d\u00e9cembre 2007 identifiant les institutions d\u00e9positaires<\/a> (Journal officiel n\u00b0 38 du 14 f\u00e9vrier 2008).<\/li>\n<li><a title=\"Conseil r\u00e9gional du Pi\u00e9mont R\u00e9solution n\u00b0 38-6128 du 11 juin 2007\" href=\"http:\/\/www.regione.piemonte.it\/governo\/bollettino\/abbonati\/2007\/26\/siste\/00000007.htm\" target=\"_blank\" rel=\"external noopener\">R\u00e9solution du Conseil r\u00e9gional du Pi\u00e9mont n\u00b0 38-6128 du 11 juin 2007<\/a> identifiant les instituts de conservation des documents publi\u00e9s dans le Pi\u00e9mont.<\/li>\n<\/ul>\n<p>Veuillez noter que certaines clarifications concernant l&#8217;application du r\u00e8glement ont \u00e9t\u00e9 publi\u00e9es par la Direction g\u00e9n\u00e9rale du livre et des biens culturels sur les sites web <a title=\"Direction g\u00e9n\u00e9rale des biblioth\u00e8ques et des instituts culturels\" href=\"http:\/\/www.librari.beniculturali.it\/\" target=\"_blank\" rel=\"noopener\">http:\/\/www.librari.beniculturali.it\/<\/a> et <a title=\"Direction g\u00e9n\u00e9rale des biblioth\u00e8ques et des instituts culturels\" href=\"http:\/\/www.bibliotechepubblichestatali.it\/\" target=\"_blank\" rel=\"noopener\">http:\/\/www.bibliotechepubblichestatali.it\/<\/a>.<\/p>\n<p><strong>Petit guide pour l&#8217;envoi de documents \u00e0 la Biblioth\u00e8que nationale universitaire<\/strong><\/p>\n<p>Les documents doivent \u00eatre remis directement \u00e0 la biblioth\u00e8que ou envoy\u00e9s par tout autre moyen dans les 60 jours suivant leur publication (voir article 7 &#8211; d\u00e9cret pr\u00e9sidentiel 252\/2006).<\/p>\n<p>Pour les p\u00e9riodiques, l&#8217;envoi peut \u00eatre cumul\u00e9 conform\u00e9ment aux accords conclus entre les <a title=\"Biblioth\u00e8que centrale nationale de Rome\" href=\"http:\/\/www.bncrm.beniculturali.it\/\" target=\"_blank\" rel=\"noopener\">Biblioth\u00e8ques centrales nationales de Rome<\/a> et de <a title=\"Biblioth\u00e8que centrale nationale de Florence\" href=\"http:\/\/www.bncf.firenze.sbn.it\" target=\"_blank\" rel=\"noopener\">Florence<\/a> et les associations professionnelles de la presse p\u00e9riodique.<\/p>\n<p>Les documents envoy\u00e9s doivent porter la mention : &#8220;copie hors commerce pour d\u00e9p\u00f4t l\u00e9gal aux fins de la loi n\u00b0 106 du 15 avril 2004&#8221; (voir art. 10 &#8211; d\u00e9cret pr\u00e9sidentiel 252\/2006).<\/p>\n<p>Les documents doivent \u00eatre plac\u00e9s dans des enveloppes portant \u00e0 l&#8217;ext\u00e9rieur la mention : &#8220;sp\u00e9cimens hors commerce pour le d\u00e9p\u00f4t l\u00e9gal aux fins de la loi n\u00b0 106 du 15 avril 2004&#8221; et le nom ou la raison sociale de la personne tenue d&#8217;effectuer le d\u00e9p\u00f4t, ainsi que son domicile ou son si\u00e8ge social (voir article 10 &#8211; d\u00e9cret pr\u00e9sidentiel n\u00b0 252\/2006).<\/p>\n<p>A l&#8217;int\u00e9rieur de chaque colis, une liste du mat\u00e9riel envoy\u00e9 doit \u00eatre incluse, en deux exemplaires, avec les \u00e9l\u00e9ments n\u00e9cessaires \u00e0 son identification pour chaque document.<\/p>\n<p>Apr\u00e8s avoir v\u00e9rifi\u00e9 le contenu de l&#8217;enveloppe, la biblioth\u00e8que, si elle ne constate aucune irr\u00e9gularit\u00e9, renvoie, d\u00fbment affranchie, une des copies de la liste envoy\u00e9e. Cet exemplaire constitue un accus\u00e9 de r\u00e9ception et doit \u00eatre conserv\u00e9 par l&#8217;int\u00e9ress\u00e9.<\/p>\n<p>Si le service postal est utilis\u00e9, l&#8217;obligation de d\u00e9p\u00f4t l\u00e9gal est r\u00e9put\u00e9e satisfaite par la remise aux bureaux concern\u00e9s de l&#8217;enveloppe contenant le mat\u00e9riel de d\u00e9p\u00f4t l\u00e9gal (voir paragraphe 6, article 7 &#8211; d\u00e9cret pr\u00e9sidentiel 252\/2006).<\/p>\n<p><strong>Formulaires<\/strong><\/p>\n<p>Afin de rendre homog\u00e8nes les proc\u00e9dures d&#8217;archivage l\u00e9gal, un certain nombre de formulaires ont \u00e9t\u00e9 \u00e9labor\u00e9s et il est recommand\u00e9 de les utiliser pour la remise des documents.<\/p>\n<p>Les formulaires, en format Word et Excel, diff\u00e8rent selon le type de documents soumis :<\/p>\n<ul>\n<li><a href=\"https:\/\/bnuto.cultura.gov.it\/wp-content\/uploads\/2022\/12\/MONOGRAFIE.xlsx\" target=\"_self\" rel=\"noopener\">monographies<\/a><\/li>\n<li><a href=\"https:\/\/bnuto.cultura.gov.it\/wp-content\/uploads\/2022\/12\/PERIODICI.xlsx\" target=\"_self\" rel=\"noopener\">p\u00e9riodiques<\/a><\/li>\n<li><a href=\"https:\/\/bnuto.cultura.gov.it\/wp-content\/uploads\/2022\/12\/GIORNALI.xlsx\" target=\"_self\" rel=\"noopener\">journaux<\/a><\/li>\n<li><a href=\"https:\/\/bnuto.cultura.gov.it\/wp-content\/uploads\/2022\/12\/AUDIOVISIVI-1.doc\" target=\"_self\" rel=\"noopener\">audiovisuel<\/a><\/li>\n<\/ul>\n<p>Il est essentiel que le formulaire, correctement rempli \u00e0 la fois \u00e9lectroniquement et manuellement, soit toujours inclus dans le paquet correspondant.<\/p>\n<\/div><\/div><\/div><\/div><\/div><\/div><\/div><\/section>\n","protected":false},"excerpt":{"rendered":"La loi n\u00b0 106 du 15 avril 2004, relative au d\u00e9p\u00f4t l\u00e9gal des documents d&#8217;int\u00e9r\u00eat culturel, vise \u00e0 l&#8217;utilisation publique et \u00e0 la pr\u00e9servation de la m\u00e9moire par le d\u00e9p\u00f4t de ce qui a \u00e9t\u00e9 publi\u00e9 ou diffus\u00e9 en Italie aupr\u00e8s d&#8217;institutions sp\u00e9cifiquement d\u00e9sign\u00e9es. Le d\u00e9posant l\u00e9gal est l&#8217;\u00e9diteur (ou en tout cas le responsable...","protected":false},"author":3,"featured_media":0,"parent":8607,"menu_order":7,"comment_status":"closed","ping_status":"closed","template":"","meta":{"_acf_changed":false,"footnotes":""},"category_page":[9],"class_list":["post-8663","page","type-page","status-publish","hentry","category_page-servizi"],"acf":[],"yoast_head":"<!-- This site is optimized with the Yoast SEO plugin v27.3 - https:\/\/yoast.com\/product\/yoast-seo-wordpress\/ -->\n<title>D\u00e9p\u00f4t l\u00e9gal | Biblioteca Nazionale Universitaria di Torino<\/title>\n<meta name=\"robots\" content=\"index, follow, max-snippet:-1, max-image-preview:large, max-video-preview:-1\" \/>\n<link rel=\"canonical\" href=\"https:\/\/bnuto.cultura.gov.it\/fr\/services\/depot-legal\/\" \/>\n<meta property=\"og:locale\" content=\"fr_FR\" \/>\n<meta property=\"og:type\" content=\"article\" \/>\n<meta property=\"og:title\" content=\"D\u00e9p\u00f4t l\u00e9gal | Biblioteca Nazionale Universitaria di Torino\" \/>\n<meta property=\"og:url\" content=\"https:\/\/bnuto.cultura.gov.it\/fr\/services\/depot-legal\/\" \/>\n<meta property=\"og:site_name\" content=\"Biblioteca Nazionale Universitaria di Torino\" \/>\n<meta property=\"article:modified_time\" content=\"2026-02-17T13:02:50+00:00\" \/>\n<meta name=\"twitter:card\" content=\"summary_large_image\" \/>\n<meta name=\"twitter:label1\" content=\"Est. reading time\" \/>\n\t<meta name=\"twitter:data1\" content=\"6 minutes\" \/>\n<script type=\"application\/ld+json\" class=\"yoast-schema-graph\">{\"@context\":\"https:\\\/\\\/schema.org\",\"@graph\":[{\"@type\":\"WebPage\",\"@id\":\"https:\\\/\\\/bnuto.cultura.gov.it\\\/fr\\\/services\\\/depot-legal\\\/\",\"url\":\"https:\\\/\\\/bnuto.cultura.gov.it\\\/fr\\\/services\\\/depot-legal\\\/\",\"name\":\"D\u00e9p\u00f4t l\u00e9gal | Biblioteca Nazionale Universitaria di Torino\",\"isPartOf\":{\"@id\":\"https:\\\/\\\/bnuto.cultura.gov.it\\\/fr\\\/#website\"},\"datePublished\":\"2022-12-21T22:42:39+00:00\",\"dateModified\":\"2026-02-17T13:02:50+00:00\",\"breadcrumb\":{\"@id\":\"https:\\\/\\\/bnuto.cultura.gov.it\\\/fr\\\/services\\\/depot-legal\\\/#breadcrumb\"},\"inLanguage\":\"fr-FR\",\"potentialAction\":[{\"@type\":\"ReadAction\",\"target\":[\"https:\\\/\\\/bnuto.cultura.gov.it\\\/fr\\\/services\\\/depot-legal\\\/\"]}]},{\"@type\":\"BreadcrumbList\",\"@id\":\"https:\\\/\\\/bnuto.cultura.gov.it\\\/fr\\\/services\\\/depot-legal\\\/#breadcrumb\",\"itemListElement\":[{\"@type\":\"ListItem\",\"position\":1,\"name\":\"Home\",\"item\":\"https:\\\/\\\/bnuto.cultura.gov.it\\\/fr\\\/\"},{\"@type\":\"ListItem\",\"position\":2,\"name\":\"Services\",\"item\":\"https:\\\/\\\/bnuto.cultura.gov.it\\\/fr\\\/services\\\/\"},{\"@type\":\"ListItem\",\"position\":3,\"name\":\"D\u00e9p\u00f4t l\u00e9gal\"}]},{\"@type\":\"WebSite\",\"@id\":\"https:\\\/\\\/bnuto.cultura.gov.it\\\/fr\\\/#website\",\"url\":\"https:\\\/\\\/bnuto.cultura.gov.it\\\/fr\\\/\",\"name\":\"Biblioteca Nazionale Universitaria di Torino\",\"description\":\"Un nuovo sito targato WordPress\",\"publisher\":{\"@id\":\"https:\\\/\\\/bnuto.cultura.gov.it\\\/fr\\\/#organization\"},\"potentialAction\":[{\"@type\":\"SearchAction\",\"target\":{\"@type\":\"EntryPoint\",\"urlTemplate\":\"https:\\\/\\\/bnuto.cultura.gov.it\\\/fr\\\/?s={search_term_string}\"},\"query-input\":{\"@type\":\"PropertyValueSpecification\",\"valueRequired\":true,\"valueName\":\"search_term_string\"}}],\"inLanguage\":\"fr-FR\"},{\"@type\":\"Organization\",\"@id\":\"https:\\\/\\\/bnuto.cultura.gov.it\\\/fr\\\/#organization\",\"name\":\"Biblioteca Nazionale Universitaria di Torino\",\"url\":\"https:\\\/\\\/bnuto.cultura.gov.it\\\/fr\\\/\",\"logo\":{\"@type\":\"ImageObject\",\"inLanguage\":\"fr-FR\",\"@id\":\"https:\\\/\\\/bnuto.cultura.gov.it\\\/fr\\\/#\\\/schema\\\/logo\\\/image\\\/\",\"url\":\"https:\\\/\\\/bnuto.cultura.gov.it\\\/wp-content\\\/uploads\\\/2022\\\/10\\\/logo-biblioteca-nazionale-nero.png\",\"contentUrl\":\"https:\\\/\\\/bnuto.cultura.gov.it\\\/wp-content\\\/uploads\\\/2022\\\/10\\\/logo-biblioteca-nazionale-nero.png\",\"width\":70,\"height\":77,\"caption\":\"Biblioteca Nazionale Universitaria di Torino\"},\"image\":{\"@id\":\"https:\\\/\\\/bnuto.cultura.gov.it\\\/fr\\\/#\\\/schema\\\/logo\\\/image\\\/\"}}]}<\/script>\n<!-- \/ Yoast SEO plugin. -->","yoast_head_json":{"title":"D\u00e9p\u00f4t l\u00e9gal | Biblioteca Nazionale Universitaria di Torino","robots":{"index":"index","follow":"follow","max-snippet":"max-snippet:-1","max-image-preview":"max-image-preview:large","max-video-preview":"max-video-preview:-1"},"canonical":"https:\/\/bnuto.cultura.gov.it\/fr\/services\/depot-legal\/","og_locale":"fr_FR","og_type":"article","og_title":"D\u00e9p\u00f4t l\u00e9gal | Biblioteca Nazionale Universitaria di Torino","og_url":"https:\/\/bnuto.cultura.gov.it\/fr\/services\/depot-legal\/","og_site_name":"Biblioteca Nazionale Universitaria di Torino","article_modified_time":"2026-02-17T13:02:50+00:00","twitter_card":"summary_large_image","twitter_misc":{"Est. reading time":"6 minutes"},"schema":{"@context":"https:\/\/schema.org","@graph":[{"@type":"WebPage","@id":"https:\/\/bnuto.cultura.gov.it\/fr\/services\/depot-legal\/","url":"https:\/\/bnuto.cultura.gov.it\/fr\/services\/depot-legal\/","name":"D\u00e9p\u00f4t l\u00e9gal | Biblioteca Nazionale Universitaria di Torino","isPartOf":{"@id":"https:\/\/bnuto.cultura.gov.it\/fr\/#website"},"datePublished":"2022-12-21T22:42:39+00:00","dateModified":"2026-02-17T13:02:50+00:00","breadcrumb":{"@id":"https:\/\/bnuto.cultura.gov.it\/fr\/services\/depot-legal\/#breadcrumb"},"inLanguage":"fr-FR","potentialAction":[{"@type":"ReadAction","target":["https:\/\/bnuto.cultura.gov.it\/fr\/services\/depot-legal\/"]}]},{"@type":"BreadcrumbList","@id":"https:\/\/bnuto.cultura.gov.it\/fr\/services\/depot-legal\/#breadcrumb","itemListElement":[{"@type":"ListItem","position":1,"name":"Home","item":"https:\/\/bnuto.cultura.gov.it\/fr\/"},{"@type":"ListItem","position":2,"name":"Services","item":"https:\/\/bnuto.cultura.gov.it\/fr\/services\/"},{"@type":"ListItem","position":3,"name":"D\u00e9p\u00f4t l\u00e9gal"}]},{"@type":"WebSite","@id":"https:\/\/bnuto.cultura.gov.it\/fr\/#website","url":"https:\/\/bnuto.cultura.gov.it\/fr\/","name":"Biblioteca Nazionale Universitaria di Torino","description":"Un nuovo sito targato WordPress","publisher":{"@id":"https:\/\/bnuto.cultura.gov.it\/fr\/#organization"},"potentialAction":[{"@type":"SearchAction","target":{"@type":"EntryPoint","urlTemplate":"https:\/\/bnuto.cultura.gov.it\/fr\/?s={search_term_string}"},"query-input":{"@type":"PropertyValueSpecification","valueRequired":true,"valueName":"search_term_string"}}],"inLanguage":"fr-FR"},{"@type":"Organization","@id":"https:\/\/bnuto.cultura.gov.it\/fr\/#organization","name":"Biblioteca Nazionale Universitaria di Torino","url":"https:\/\/bnuto.cultura.gov.it\/fr\/","logo":{"@type":"ImageObject","inLanguage":"fr-FR","@id":"https:\/\/bnuto.cultura.gov.it\/fr\/#\/schema\/logo\/image\/","url":"https:\/\/bnuto.cultura.gov.it\/wp-content\/uploads\/2022\/10\/logo-biblioteca-nazionale-nero.png","contentUrl":"https:\/\/bnuto.cultura.gov.it\/wp-content\/uploads\/2022\/10\/logo-biblioteca-nazionale-nero.png","width":70,"height":77,"caption":"Biblioteca Nazionale Universitaria di Torino"},"image":{"@id":"https:\/\/bnuto.cultura.gov.it\/fr\/#\/schema\/logo\/image\/"}}]}},"_links":{"self":[{"href":"https:\/\/bnuto.cultura.gov.it\/fr\/wp-json\/wp\/v2\/pages\/8663","targetHints":{"allow":["GET"]}}],"collection":[{"href":"https:\/\/bnuto.cultura.gov.it\/fr\/wp-json\/wp\/v2\/pages"}],"about":[{"href":"https:\/\/bnuto.cultura.gov.it\/fr\/wp-json\/wp\/v2\/types\/page"}],"author":[{"embeddable":true,"href":"https:\/\/bnuto.cultura.gov.it\/fr\/wp-json\/wp\/v2\/users\/3"}],"replies":[{"embeddable":true,"href":"https:\/\/bnuto.cultura.gov.it\/fr\/wp-json\/wp\/v2\/comments?post=8663"}],"version-history":[{"count":4,"href":"https:\/\/bnuto.cultura.gov.it\/fr\/wp-json\/wp\/v2\/pages\/8663\/revisions"}],"predecessor-version":[{"id":9446,"href":"https:\/\/bnuto.cultura.gov.it\/fr\/wp-json\/wp\/v2\/pages\/8663\/revisions\/9446"}],"up":[{"embeddable":true,"href":"https:\/\/bnuto.cultura.gov.it\/fr\/wp-json\/wp\/v2\/pages\/8607"}],"wp:attachment":[{"href":"https:\/\/bnuto.cultura.gov.it\/fr\/wp-json\/wp\/v2\/media?parent=8663"}],"wp:term":[{"taxonomy":"category_page","embeddable":true,"href":"https:\/\/bnuto.cultura.gov.it\/fr\/wp-json\/wp\/v2\/category_page?post=8663"}],"curies":[{"name":"wp","href":"https:\/\/api.w.org\/{rel}","templated":true}]}}