{"id":8670,"date":"2022-12-21T23:49:43","date_gmt":"2022-12-21T22:49:43","guid":{"rendered":"https:\/\/bnuto.cultura.gov.it\/services\/propositions-de-dons-et-dachats\/"},"modified":"2026-02-17T14:03:14","modified_gmt":"2026-02-17T13:03:14","slug":"propositions-de-dons-et-dachats","status":"publish","type":"page","link":"https:\/\/bnuto.cultura.gov.it\/fr\/services\/propositions-de-dons-et-dachats\/","title":{"rendered":"Propositions de dons et d&#8217;achats"},"content":{"rendered":"<section class=\"l-section wpb_row height_auto\"><div class=\"l-section-h i-cf\"><div class=\"g-cols vc_row via_flex valign_top type_default stacking_default\"><div class=\"vc_col-sm-12 wpb_column vc_column_container\"><div class=\"vc_column-inner\"><div class=\"wpb_wrapper\"><div class=\"wpb_text_column\"><div class=\"wpb_wrapper\"><p>La biblioth\u00e8que acquiert \u00e9galement du mat\u00e9riel pour ses collections par le biais de dons de documents individuels ou de collections enti\u00e8res.<\/p>\n<p>Les dons sont accept\u00e9s lorsque leur acquisition est conforme \u00e0 la nature et \u00e0 l&#8217;objectif de la biblioth\u00e8que, qu&#8217;ils enrichissent et compl\u00e8tent les collections existantes ou qu&#8217;ils permettent de combler des lacunes dans les collections.<\/p>\n<p>Dans le cas de fonds pr\u00e9sentant des caract\u00e9ristiques et une valeur particuli\u00e8res, des accords peuvent \u00eatre conclus avec le donateur, fixant en d\u00e9tail les conditions de leur conservation et de leur utilisation.<\/p>\n<p><strong>\u00c0 la seule discr\u00e9tion de la Biblioth\u00e8que, les dons sans rapport ou en conflit avec la nature des collections et les objectifs de l&#8217;Institut ne seront pas accept\u00e9s.<\/strong><\/p>\n<p><strong>Les extraits d&#8217;articles contenus dans des publications d\u00e9j\u00e0 pr\u00e9sentes dans la biblioth\u00e8que, les documents photocopi\u00e9s, les CD-ROM autoproduits, les livres endommag\u00e9s ou en mauvais \u00e9tat ne sont en aucun cas accept\u00e9s.<\/strong><\/p>\n<p>Les dons de collections incompl\u00e8tes de p\u00e9riodiques et d&#8217;autres documents en s\u00e9rie ne sont pas accept\u00e9s. Toutefois, la Biblioth\u00e8que se r\u00e9serve le droit d&#8217;acqu\u00e9rir des num\u00e9ros manquants de publications en s\u00e9rie, afin de compl\u00e9ter ses collections, en les s\u00e9lectionnant parmi les collections propos\u00e9es \u00e0 titre de don.<\/p>\n<p>Les unit\u00e9s bibliographiques donn\u00e9es et acquises par la Biblioth\u00e8que deviennent la propri\u00e9t\u00e9 indisponible de l&#8217;\u00c9tat et ne peuvent en aucun cas \u00eatre r\u00e9clam\u00e9es par le donateur.<\/p>\n<p>Chaque proposition de don doit \u00eatre envoy\u00e9e \u00e0 la Biblioth\u00e8que <strong>exclusivement par courrier \u00e9lectronique \u00e0 l&#8217;adresse <a href=\"mailto:bu-to.doni@cultura.gov.it\" target=\"_blank\" rel=\"noopener\"> bu-to.doni@cultura.gov.it, en<\/a><\/strong> y joignant une liste des volumes indiquant, pour chaque volume, l&#8217;auteur, le titre, l&#8217;ann\u00e9e de publication et l&#8217;\u00e9diteur.<\/p>\n<p><strong>La Biblioth\u00e8que se r\u00e9serve le droit de ne pas acqu\u00e9rir dans ses collections des livres remis en main propre ou envoy\u00e9s par la poste sans accord pr\u00e9alable avec l&#8217;Institut.<\/strong><\/p>\n<p>Les lecteurs sont invit\u00e9s \u00e0 exprimer leurs souhaits et leurs opinions sur les achats bibliographiques, afin de fournir des indications utiles sur les besoins et les pr\u00e9f\u00e9rences des utilisateurs.<\/p>\n<p>La Biblioth\u00e8que examine attentivement chaque suggestion, <strong>se r\u00e9servant la plus grande discr\u00e9tion pour accepter celles qui sont consid\u00e9r\u00e9es comme conformes \u00e0 la politique g\u00e9n\u00e9rale de d\u00e9veloppement des collections, \u00e0 l&#8217;orientation th\u00e9matique des collections et \u00e0 la disponibilit\u00e9 des ressources financi\u00e8res et de l&#8217;espace.<\/strong><\/p>\n<p>Ces propositions peuvent \u00eatre envoy\u00e9es \u00e0 <strong><a href=\"mailto:bu-to@cultura.gov.it\" target=\"_blank\" rel=\"noopener\"> bu-to@cultura.gov.it<\/a><\/strong>en pr\u00e9cisant l&#8217;auteur, le titre, l&#8217;ann\u00e9e de publication et l&#8217;\u00e9diteur du ou des volumes pour lesquels l&#8217;achat est propos\u00e9.<\/p>\n<\/div><\/div><\/div><\/div><\/div><\/div><\/div><\/section>\n","protected":false},"excerpt":{"rendered":"La biblioth\u00e8que acquiert \u00e9galement du mat\u00e9riel pour ses collections par le biais de dons de documents individuels ou de collections enti\u00e8res. Les dons sont accept\u00e9s lorsque leur acquisition est conforme \u00e0 la nature et \u00e0 l&#8217;objectif de la biblioth\u00e8que, qu&#8217;ils enrichissent et compl\u00e8tent les collections existantes ou qu&#8217;ils permettent de combler des lacunes dans les...","protected":false},"author":3,"featured_media":0,"parent":8607,"menu_order":8,"comment_status":"closed","ping_status":"closed","template":"","meta":{"_acf_changed":false,"footnotes":""},"category_page":[9],"class_list":["post-8670","page","type-page","status-publish","hentry","category_page-servizi"],"acf":[],"yoast_head":"<!-- This site is optimized with the Yoast SEO plugin v27.5 - https:\/\/yoast.com\/product\/yoast-seo-wordpress\/ -->\n<title>Propositions de dons et d&#039;achats | Biblioteca Nazionale Universitaria di Torino<\/title>\n<meta name=\"robots\" content=\"index, follow, max-snippet:-1, max-image-preview:large, max-video-preview:-1\" \/>\n<link rel=\"canonical\" href=\"https:\/\/bnuto.cultura.gov.it\/fr\/services\/propositions-de-dons-et-dachats\/\" \/>\n<meta property=\"og:locale\" content=\"fr_FR\" \/>\n<meta property=\"og:type\" content=\"article\" \/>\n<meta property=\"og:title\" content=\"Propositions de dons et d&#039;achats | Biblioteca Nazionale Universitaria di Torino\" \/>\n<meta property=\"og:url\" content=\"https:\/\/bnuto.cultura.gov.it\/fr\/services\/propositions-de-dons-et-dachats\/\" \/>\n<meta property=\"og:site_name\" content=\"Biblioteca Nazionale Universitaria di Torino\" \/>\n<meta property=\"article:modified_time\" content=\"2026-02-17T13:03:14+00:00\" \/>\n<meta name=\"twitter:card\" content=\"summary_large_image\" \/>\n<meta name=\"twitter:label1\" content=\"Est. reading time\" \/>\n\t<meta name=\"twitter:data1\" content=\"3 minutes\" \/>\n<script type=\"application\/ld+json\" class=\"yoast-schema-graph\">{\"@context\":\"https:\\\/\\\/schema.org\",\"@graph\":[{\"@type\":\"WebPage\",\"@id\":\"https:\\\/\\\/bnuto.cultura.gov.it\\\/fr\\\/services\\\/propositions-de-dons-et-dachats\\\/\",\"url\":\"https:\\\/\\\/bnuto.cultura.gov.it\\\/fr\\\/services\\\/propositions-de-dons-et-dachats\\\/\",\"name\":\"Propositions de dons et d'achats | Biblioteca Nazionale Universitaria di Torino\",\"isPartOf\":{\"@id\":\"https:\\\/\\\/bnuto.cultura.gov.it\\\/fr\\\/#website\"},\"datePublished\":\"2022-12-21T22:49:43+00:00\",\"dateModified\":\"2026-02-17T13:03:14+00:00\",\"breadcrumb\":{\"@id\":\"https:\\\/\\\/bnuto.cultura.gov.it\\\/fr\\\/services\\\/propositions-de-dons-et-dachats\\\/#breadcrumb\"},\"inLanguage\":\"fr-FR\",\"potentialAction\":[{\"@type\":\"ReadAction\",\"target\":[\"https:\\\/\\\/bnuto.cultura.gov.it\\\/fr\\\/services\\\/propositions-de-dons-et-dachats\\\/\"]}]},{\"@type\":\"BreadcrumbList\",\"@id\":\"https:\\\/\\\/bnuto.cultura.gov.it\\\/fr\\\/services\\\/propositions-de-dons-et-dachats\\\/#breadcrumb\",\"itemListElement\":[{\"@type\":\"ListItem\",\"position\":1,\"name\":\"Home\",\"item\":\"https:\\\/\\\/bnuto.cultura.gov.it\\\/fr\\\/\"},{\"@type\":\"ListItem\",\"position\":2,\"name\":\"Services\",\"item\":\"https:\\\/\\\/bnuto.cultura.gov.it\\\/fr\\\/services\\\/\"},{\"@type\":\"ListItem\",\"position\":3,\"name\":\"Propositions de dons et d&#8217;achats\"}]},{\"@type\":\"WebSite\",\"@id\":\"https:\\\/\\\/bnuto.cultura.gov.it\\\/fr\\\/#website\",\"url\":\"https:\\\/\\\/bnuto.cultura.gov.it\\\/fr\\\/\",\"name\":\"Biblioteca Nazionale Universitaria di Torino\",\"description\":\"Un nuovo sito targato WordPress\",\"publisher\":{\"@id\":\"https:\\\/\\\/bnuto.cultura.gov.it\\\/fr\\\/#organization\"},\"potentialAction\":[{\"@type\":\"SearchAction\",\"target\":{\"@type\":\"EntryPoint\",\"urlTemplate\":\"https:\\\/\\\/bnuto.cultura.gov.it\\\/fr\\\/?s={search_term_string}\"},\"query-input\":{\"@type\":\"PropertyValueSpecification\",\"valueRequired\":true,\"valueName\":\"search_term_string\"}}],\"inLanguage\":\"fr-FR\"},{\"@type\":\"Organization\",\"@id\":\"https:\\\/\\\/bnuto.cultura.gov.it\\\/fr\\\/#organization\",\"name\":\"Biblioteca Nazionale Universitaria di Torino\",\"url\":\"https:\\\/\\\/bnuto.cultura.gov.it\\\/fr\\\/\",\"logo\":{\"@type\":\"ImageObject\",\"inLanguage\":\"fr-FR\",\"@id\":\"https:\\\/\\\/bnuto.cultura.gov.it\\\/fr\\\/#\\\/schema\\\/logo\\\/image\\\/\",\"url\":\"https:\\\/\\\/bnuto.cultura.gov.it\\\/wp-content\\\/uploads\\\/2022\\\/10\\\/logo-biblioteca-nazionale-nero.png\",\"contentUrl\":\"https:\\\/\\\/bnuto.cultura.gov.it\\\/wp-content\\\/uploads\\\/2022\\\/10\\\/logo-biblioteca-nazionale-nero.png\",\"width\":70,\"height\":77,\"caption\":\"Biblioteca Nazionale Universitaria di Torino\"},\"image\":{\"@id\":\"https:\\\/\\\/bnuto.cultura.gov.it\\\/fr\\\/#\\\/schema\\\/logo\\\/image\\\/\"}}]}<\/script>\n<!-- \/ Yoast SEO plugin. -->","yoast_head_json":{"title":"Propositions de dons et d'achats | Biblioteca Nazionale Universitaria di Torino","robots":{"index":"index","follow":"follow","max-snippet":"max-snippet:-1","max-image-preview":"max-image-preview:large","max-video-preview":"max-video-preview:-1"},"canonical":"https:\/\/bnuto.cultura.gov.it\/fr\/services\/propositions-de-dons-et-dachats\/","og_locale":"fr_FR","og_type":"article","og_title":"Propositions de dons et d'achats | Biblioteca Nazionale Universitaria di Torino","og_url":"https:\/\/bnuto.cultura.gov.it\/fr\/services\/propositions-de-dons-et-dachats\/","og_site_name":"Biblioteca Nazionale Universitaria di Torino","article_modified_time":"2026-02-17T13:03:14+00:00","twitter_card":"summary_large_image","twitter_misc":{"Est. reading time":"3 minutes"},"schema":{"@context":"https:\/\/schema.org","@graph":[{"@type":"WebPage","@id":"https:\/\/bnuto.cultura.gov.it\/fr\/services\/propositions-de-dons-et-dachats\/","url":"https:\/\/bnuto.cultura.gov.it\/fr\/services\/propositions-de-dons-et-dachats\/","name":"Propositions de dons et d'achats | Biblioteca Nazionale Universitaria di Torino","isPartOf":{"@id":"https:\/\/bnuto.cultura.gov.it\/fr\/#website"},"datePublished":"2022-12-21T22:49:43+00:00","dateModified":"2026-02-17T13:03:14+00:00","breadcrumb":{"@id":"https:\/\/bnuto.cultura.gov.it\/fr\/services\/propositions-de-dons-et-dachats\/#breadcrumb"},"inLanguage":"fr-FR","potentialAction":[{"@type":"ReadAction","target":["https:\/\/bnuto.cultura.gov.it\/fr\/services\/propositions-de-dons-et-dachats\/"]}]},{"@type":"BreadcrumbList","@id":"https:\/\/bnuto.cultura.gov.it\/fr\/services\/propositions-de-dons-et-dachats\/#breadcrumb","itemListElement":[{"@type":"ListItem","position":1,"name":"Home","item":"https:\/\/bnuto.cultura.gov.it\/fr\/"},{"@type":"ListItem","position":2,"name":"Services","item":"https:\/\/bnuto.cultura.gov.it\/fr\/services\/"},{"@type":"ListItem","position":3,"name":"Propositions de dons et d&#8217;achats"}]},{"@type":"WebSite","@id":"https:\/\/bnuto.cultura.gov.it\/fr\/#website","url":"https:\/\/bnuto.cultura.gov.it\/fr\/","name":"Biblioteca Nazionale Universitaria di Torino","description":"Un nuovo sito targato WordPress","publisher":{"@id":"https:\/\/bnuto.cultura.gov.it\/fr\/#organization"},"potentialAction":[{"@type":"SearchAction","target":{"@type":"EntryPoint","urlTemplate":"https:\/\/bnuto.cultura.gov.it\/fr\/?s={search_term_string}"},"query-input":{"@type":"PropertyValueSpecification","valueRequired":true,"valueName":"search_term_string"}}],"inLanguage":"fr-FR"},{"@type":"Organization","@id":"https:\/\/bnuto.cultura.gov.it\/fr\/#organization","name":"Biblioteca Nazionale Universitaria di Torino","url":"https:\/\/bnuto.cultura.gov.it\/fr\/","logo":{"@type":"ImageObject","inLanguage":"fr-FR","@id":"https:\/\/bnuto.cultura.gov.it\/fr\/#\/schema\/logo\/image\/","url":"https:\/\/bnuto.cultura.gov.it\/wp-content\/uploads\/2022\/10\/logo-biblioteca-nazionale-nero.png","contentUrl":"https:\/\/bnuto.cultura.gov.it\/wp-content\/uploads\/2022\/10\/logo-biblioteca-nazionale-nero.png","width":70,"height":77,"caption":"Biblioteca Nazionale Universitaria di Torino"},"image":{"@id":"https:\/\/bnuto.cultura.gov.it\/fr\/#\/schema\/logo\/image\/"}}]}},"_links":{"self":[{"href":"https:\/\/bnuto.cultura.gov.it\/fr\/wp-json\/wp\/v2\/pages\/8670","targetHints":{"allow":["GET"]}}],"collection":[{"href":"https:\/\/bnuto.cultura.gov.it\/fr\/wp-json\/wp\/v2\/pages"}],"about":[{"href":"https:\/\/bnuto.cultura.gov.it\/fr\/wp-json\/wp\/v2\/types\/page"}],"author":[{"embeddable":true,"href":"https:\/\/bnuto.cultura.gov.it\/fr\/wp-json\/wp\/v2\/users\/3"}],"replies":[{"embeddable":true,"href":"https:\/\/bnuto.cultura.gov.it\/fr\/wp-json\/wp\/v2\/comments?post=8670"}],"version-history":[{"count":4,"href":"https:\/\/bnuto.cultura.gov.it\/fr\/wp-json\/wp\/v2\/pages\/8670\/revisions"}],"predecessor-version":[{"id":9448,"href":"https:\/\/bnuto.cultura.gov.it\/fr\/wp-json\/wp\/v2\/pages\/8670\/revisions\/9448"}],"up":[{"embeddable":true,"href":"https:\/\/bnuto.cultura.gov.it\/fr\/wp-json\/wp\/v2\/pages\/8607"}],"wp:attachment":[{"href":"https:\/\/bnuto.cultura.gov.it\/fr\/wp-json\/wp\/v2\/media?parent=8670"}],"wp:term":[{"taxonomy":"category_page","embeddable":true,"href":"https:\/\/bnuto.cultura.gov.it\/fr\/wp-json\/wp\/v2\/category_page?post=8670"}],"curies":[{"name":"wp","href":"https:\/\/api.w.org\/{rel}","templated":true}]}}