{"id":8679,"date":"2022-10-26T19:33:05","date_gmt":"2022-10-26T17:33:05","guid":{"rendered":"https:\/\/bnuto.cultura.gov.it\/services\/prets-doeuvres-pour-des-expositions\/"},"modified":"2026-02-17T14:03:39","modified_gmt":"2026-02-17T13:03:39","slug":"prets-doeuvres-pour-des-expositions","status":"publish","type":"page","link":"https:\/\/bnuto.cultura.gov.it\/fr\/services\/prets-doeuvres-pour-des-expositions\/","title":{"rendered":"Pr\u00eats d&#8217;\u0153uvres pour des expositions"},"content":{"rendered":"<section class=\"l-section wpb_row height_auto\"><div class=\"l-section-h i-cf\"><div class=\"g-cols vc_row via_flex valign_top type_default stacking_default\"><div class=\"vc_col-sm-12 wpb_column vc_column_container\"><div class=\"vc_column-inner\"><div class=\"wpb_wrapper\"><div class=\"wpb_text_column\"><div class=\"wpb_wrapper\"><p>Il est possible d&#8217;emprunter des \u0153uvres conserv\u00e9es \u00e0 la Biblioth\u00e8que nationale universitaire aupr\u00e8s de mus\u00e9es italiens et internationaux, de biblioth\u00e8ques, d&#8217;archives ou d&#8217;autres lieux culturels.<\/p>\n<p>La demande de pr\u00eat, d&#8217;abord examin\u00e9e par la biblioth\u00e8que, sera ensuite soumise \u00e0 la Direction g\u00e9n\u00e9rale sup\u00e9rieure des biblioth\u00e8ques et des droits d&#8217;auteur du minist\u00e8re de la Culture, qui est charg\u00e9e de finaliser la demande.<\/p>\n<p>Comme le prescrit la Direction g\u00e9n\u00e9rale des biblioth\u00e8ques et des instituts culturels, la demande de pr\u00eat doit comporter les \u00e9l\u00e9ments suivants :<\/p>\n<ul>\n<li>lettre de l&#8217;organisme demandeur formalisant la demande de pr\u00eat<\/li>\n<li>projet scientifique de l&#8217;initiative<\/li>\n<li>rapport sur les installations<\/li>\n<li>liste des travaux requis (il est essentiel d&#8217;indiquer l&#8217;emplacement des mat\u00e9riaux d&#8217;int\u00e9r\u00eat)<\/li>\n<\/ul>\n<p>Les candidatures doivent \u00eatre re\u00e7ues par la Biblioth\u00e8que nationale universitaire au moins 5 mois avant le d\u00e9but de l&#8217;exposition.<\/p>\n<p>Contact :<a href=\"mailto:bu-to.mostre@cultura.gov.it\">bu-to.mostre@cultura.gov.it<\/a><\/p>\n<\/div><\/div><\/div><\/div><\/div><\/div><\/div><\/section>\n","protected":false},"excerpt":{"rendered":"Il est possible d&#8217;emprunter des \u0153uvres conserv\u00e9es \u00e0 la Biblioth\u00e8que nationale universitaire aupr\u00e8s de mus\u00e9es italiens et internationaux, de biblioth\u00e8ques, d&#8217;archives ou d&#8217;autres lieux culturels. La demande de pr\u00eat, d&#8217;abord examin\u00e9e par la biblioth\u00e8que, sera ensuite soumise \u00e0 la Direction g\u00e9n\u00e9rale sup\u00e9rieure des biblioth\u00e8ques et des droits d&#8217;auteur du minist\u00e8re de la Culture, qui est...","protected":false},"author":7,"featured_media":0,"parent":8607,"menu_order":6,"comment_status":"closed","ping_status":"closed","template":"","meta":{"_acf_changed":false,"footnotes":""},"category_page":[9],"class_list":["post-8679","page","type-page","status-publish","hentry","category_page-servizi"],"acf":[],"yoast_head":"<!-- This site is optimized with the Yoast SEO plugin v27.4 - https:\/\/yoast.com\/product\/yoast-seo-wordpress\/ -->\n<title>Pr\u00eats d&#039;\u0153uvres pour des expositions | Biblioteca Nazionale Universitaria di Torino<\/title>\n<meta name=\"robots\" content=\"index, follow, max-snippet:-1, max-image-preview:large, max-video-preview:-1\" \/>\n<link rel=\"canonical\" href=\"https:\/\/bnuto.cultura.gov.it\/fr\/services\/prets-doeuvres-pour-des-expositions\/\" \/>\n<meta property=\"og:locale\" content=\"fr_FR\" \/>\n<meta property=\"og:type\" content=\"article\" \/>\n<meta property=\"og:title\" content=\"Pr\u00eats d&#039;\u0153uvres pour des expositions | Biblioteca Nazionale Universitaria di Torino\" \/>\n<meta property=\"og:url\" content=\"https:\/\/bnuto.cultura.gov.it\/fr\/services\/prets-doeuvres-pour-des-expositions\/\" \/>\n<meta property=\"og:site_name\" content=\"Biblioteca Nazionale Universitaria di Torino\" \/>\n<meta property=\"article:modified_time\" content=\"2026-02-17T13:03:39+00:00\" \/>\n<meta name=\"twitter:card\" content=\"summary_large_image\" \/>\n<meta name=\"twitter:label1\" content=\"Est. reading time\" \/>\n\t<meta name=\"twitter:data1\" content=\"1 minute\" \/>\n<script type=\"application\/ld+json\" class=\"yoast-schema-graph\">{\"@context\":\"https:\\\/\\\/schema.org\",\"@graph\":[{\"@type\":\"WebPage\",\"@id\":\"https:\\\/\\\/bnuto.cultura.gov.it\\\/fr\\\/services\\\/prets-doeuvres-pour-des-expositions\\\/\",\"url\":\"https:\\\/\\\/bnuto.cultura.gov.it\\\/fr\\\/services\\\/prets-doeuvres-pour-des-expositions\\\/\",\"name\":\"Pr\u00eats d'\u0153uvres pour des expositions | Biblioteca Nazionale Universitaria di Torino\",\"isPartOf\":{\"@id\":\"https:\\\/\\\/bnuto.cultura.gov.it\\\/fr\\\/#website\"},\"datePublished\":\"2022-10-26T17:33:05+00:00\",\"dateModified\":\"2026-02-17T13:03:39+00:00\",\"breadcrumb\":{\"@id\":\"https:\\\/\\\/bnuto.cultura.gov.it\\\/fr\\\/services\\\/prets-doeuvres-pour-des-expositions\\\/#breadcrumb\"},\"inLanguage\":\"fr-FR\",\"potentialAction\":[{\"@type\":\"ReadAction\",\"target\":[\"https:\\\/\\\/bnuto.cultura.gov.it\\\/fr\\\/services\\\/prets-doeuvres-pour-des-expositions\\\/\"]}]},{\"@type\":\"BreadcrumbList\",\"@id\":\"https:\\\/\\\/bnuto.cultura.gov.it\\\/fr\\\/services\\\/prets-doeuvres-pour-des-expositions\\\/#breadcrumb\",\"itemListElement\":[{\"@type\":\"ListItem\",\"position\":1,\"name\":\"Home\",\"item\":\"https:\\\/\\\/bnuto.cultura.gov.it\\\/fr\\\/\"},{\"@type\":\"ListItem\",\"position\":2,\"name\":\"Services\",\"item\":\"https:\\\/\\\/bnuto.cultura.gov.it\\\/fr\\\/services\\\/\"},{\"@type\":\"ListItem\",\"position\":3,\"name\":\"Pr\u00eats d&#8217;\u0153uvres pour des expositions\"}]},{\"@type\":\"WebSite\",\"@id\":\"https:\\\/\\\/bnuto.cultura.gov.it\\\/fr\\\/#website\",\"url\":\"https:\\\/\\\/bnuto.cultura.gov.it\\\/fr\\\/\",\"name\":\"Biblioteca Nazionale Universitaria di Torino\",\"description\":\"Un nuovo sito targato WordPress\",\"publisher\":{\"@id\":\"https:\\\/\\\/bnuto.cultura.gov.it\\\/fr\\\/#organization\"},\"potentialAction\":[{\"@type\":\"SearchAction\",\"target\":{\"@type\":\"EntryPoint\",\"urlTemplate\":\"https:\\\/\\\/bnuto.cultura.gov.it\\\/fr\\\/?s={search_term_string}\"},\"query-input\":{\"@type\":\"PropertyValueSpecification\",\"valueRequired\":true,\"valueName\":\"search_term_string\"}}],\"inLanguage\":\"fr-FR\"},{\"@type\":\"Organization\",\"@id\":\"https:\\\/\\\/bnuto.cultura.gov.it\\\/fr\\\/#organization\",\"name\":\"Biblioteca Nazionale Universitaria di Torino\",\"url\":\"https:\\\/\\\/bnuto.cultura.gov.it\\\/fr\\\/\",\"logo\":{\"@type\":\"ImageObject\",\"inLanguage\":\"fr-FR\",\"@id\":\"https:\\\/\\\/bnuto.cultura.gov.it\\\/fr\\\/#\\\/schema\\\/logo\\\/image\\\/\",\"url\":\"https:\\\/\\\/bnuto.cultura.gov.it\\\/wp-content\\\/uploads\\\/2022\\\/10\\\/logo-biblioteca-nazionale-nero.png\",\"contentUrl\":\"https:\\\/\\\/bnuto.cultura.gov.it\\\/wp-content\\\/uploads\\\/2022\\\/10\\\/logo-biblioteca-nazionale-nero.png\",\"width\":70,\"height\":77,\"caption\":\"Biblioteca Nazionale Universitaria di Torino\"},\"image\":{\"@id\":\"https:\\\/\\\/bnuto.cultura.gov.it\\\/fr\\\/#\\\/schema\\\/logo\\\/image\\\/\"}}]}<\/script>\n<!-- \/ Yoast SEO plugin. -->","yoast_head_json":{"title":"Pr\u00eats d'\u0153uvres pour des expositions | Biblioteca Nazionale Universitaria di Torino","robots":{"index":"index","follow":"follow","max-snippet":"max-snippet:-1","max-image-preview":"max-image-preview:large","max-video-preview":"max-video-preview:-1"},"canonical":"https:\/\/bnuto.cultura.gov.it\/fr\/services\/prets-doeuvres-pour-des-expositions\/","og_locale":"fr_FR","og_type":"article","og_title":"Pr\u00eats d'\u0153uvres pour des expositions | Biblioteca Nazionale Universitaria di Torino","og_url":"https:\/\/bnuto.cultura.gov.it\/fr\/services\/prets-doeuvres-pour-des-expositions\/","og_site_name":"Biblioteca Nazionale Universitaria di Torino","article_modified_time":"2026-02-17T13:03:39+00:00","twitter_card":"summary_large_image","twitter_misc":{"Est. reading time":"1 minute"},"schema":{"@context":"https:\/\/schema.org","@graph":[{"@type":"WebPage","@id":"https:\/\/bnuto.cultura.gov.it\/fr\/services\/prets-doeuvres-pour-des-expositions\/","url":"https:\/\/bnuto.cultura.gov.it\/fr\/services\/prets-doeuvres-pour-des-expositions\/","name":"Pr\u00eats d'\u0153uvres pour des expositions | Biblioteca Nazionale Universitaria di Torino","isPartOf":{"@id":"https:\/\/bnuto.cultura.gov.it\/fr\/#website"},"datePublished":"2022-10-26T17:33:05+00:00","dateModified":"2026-02-17T13:03:39+00:00","breadcrumb":{"@id":"https:\/\/bnuto.cultura.gov.it\/fr\/services\/prets-doeuvres-pour-des-expositions\/#breadcrumb"},"inLanguage":"fr-FR","potentialAction":[{"@type":"ReadAction","target":["https:\/\/bnuto.cultura.gov.it\/fr\/services\/prets-doeuvres-pour-des-expositions\/"]}]},{"@type":"BreadcrumbList","@id":"https:\/\/bnuto.cultura.gov.it\/fr\/services\/prets-doeuvres-pour-des-expositions\/#breadcrumb","itemListElement":[{"@type":"ListItem","position":1,"name":"Home","item":"https:\/\/bnuto.cultura.gov.it\/fr\/"},{"@type":"ListItem","position":2,"name":"Services","item":"https:\/\/bnuto.cultura.gov.it\/fr\/services\/"},{"@type":"ListItem","position":3,"name":"Pr\u00eats d&#8217;\u0153uvres pour des expositions"}]},{"@type":"WebSite","@id":"https:\/\/bnuto.cultura.gov.it\/fr\/#website","url":"https:\/\/bnuto.cultura.gov.it\/fr\/","name":"Biblioteca Nazionale Universitaria di Torino","description":"Un nuovo sito targato WordPress","publisher":{"@id":"https:\/\/bnuto.cultura.gov.it\/fr\/#organization"},"potentialAction":[{"@type":"SearchAction","target":{"@type":"EntryPoint","urlTemplate":"https:\/\/bnuto.cultura.gov.it\/fr\/?s={search_term_string}"},"query-input":{"@type":"PropertyValueSpecification","valueRequired":true,"valueName":"search_term_string"}}],"inLanguage":"fr-FR"},{"@type":"Organization","@id":"https:\/\/bnuto.cultura.gov.it\/fr\/#organization","name":"Biblioteca Nazionale Universitaria di Torino","url":"https:\/\/bnuto.cultura.gov.it\/fr\/","logo":{"@type":"ImageObject","inLanguage":"fr-FR","@id":"https:\/\/bnuto.cultura.gov.it\/fr\/#\/schema\/logo\/image\/","url":"https:\/\/bnuto.cultura.gov.it\/wp-content\/uploads\/2022\/10\/logo-biblioteca-nazionale-nero.png","contentUrl":"https:\/\/bnuto.cultura.gov.it\/wp-content\/uploads\/2022\/10\/logo-biblioteca-nazionale-nero.png","width":70,"height":77,"caption":"Biblioteca Nazionale Universitaria di Torino"},"image":{"@id":"https:\/\/bnuto.cultura.gov.it\/fr\/#\/schema\/logo\/image\/"}}]}},"_links":{"self":[{"href":"https:\/\/bnuto.cultura.gov.it\/fr\/wp-json\/wp\/v2\/pages\/8679","targetHints":{"allow":["GET"]}}],"collection":[{"href":"https:\/\/bnuto.cultura.gov.it\/fr\/wp-json\/wp\/v2\/pages"}],"about":[{"href":"https:\/\/bnuto.cultura.gov.it\/fr\/wp-json\/wp\/v2\/types\/page"}],"author":[{"embeddable":true,"href":"https:\/\/bnuto.cultura.gov.it\/fr\/wp-json\/wp\/v2\/users\/7"}],"replies":[{"embeddable":true,"href":"https:\/\/bnuto.cultura.gov.it\/fr\/wp-json\/wp\/v2\/comments?post=8679"}],"version-history":[{"count":6,"href":"https:\/\/bnuto.cultura.gov.it\/fr\/wp-json\/wp\/v2\/pages\/8679\/revisions"}],"predecessor-version":[{"id":9450,"href":"https:\/\/bnuto.cultura.gov.it\/fr\/wp-json\/wp\/v2\/pages\/8679\/revisions\/9450"}],"up":[{"embeddable":true,"href":"https:\/\/bnuto.cultura.gov.it\/fr\/wp-json\/wp\/v2\/pages\/8607"}],"wp:attachment":[{"href":"https:\/\/bnuto.cultura.gov.it\/fr\/wp-json\/wp\/v2\/media?parent=8679"}],"wp:term":[{"taxonomy":"category_page","embeddable":true,"href":"https:\/\/bnuto.cultura.gov.it\/fr\/wp-json\/wp\/v2\/category_page?post=8679"}],"curies":[{"name":"wp","href":"https:\/\/api.w.org\/{rel}","templated":true}]}}