{"id":8687,"date":"2022-10-25T10:14:46","date_gmt":"2022-10-25T08:14:46","guid":{"rendered":"https:\/\/bnuto.cultura.gov.it\/catalogues-en-ligne\/"},"modified":"2026-02-18T15:54:39","modified_gmt":"2026-02-18T14:54:39","slug":"catalogues","status":"publish","type":"page","link":"https:\/\/bnuto.cultura.gov.it\/fr\/catalogues\/","title":{"rendered":"Catalogues"},"content":{"rendered":"<section class=\"l-section wpb_row container-text height_auto\"><div class=\"l-section-h i-cf\"><div class=\"g-cols vc_row via_flex valign_top type_default stacking_default\"><div class=\"vc_col-sm-3 wpb_column vc_column_container column-card-cataloghi-online has_bg_color\"><div class=\"vc_column-inner us_custom_ee6b6682\"><div class=\"wpb_wrapper\"><div class=\"w-image align_none\"><div class=\"w-image-h\"><img decoding=\"async\" width=\"374\" height=\"430\" src=\"https:\/\/bnuto.cultura.gov.it\/wp-content\/uploads\/2025\/07\/biblio.png\" class=\"attachment-large size-large\" alt=\"Logo de la Biblioth\u00e8que nationale\" loading=\"lazy\" srcset=\"https:\/\/bnuto.cultura.gov.it\/wp-content\/uploads\/2025\/07\/biblio.png 374w, https:\/\/bnuto.cultura.gov.it\/wp-content\/uploads\/2025\/07\/biblio-261x300.png 261w, https:\/\/bnuto.cultura.gov.it\/wp-content\/uploads\/2025\/07\/biblio-360x414.png 360w\" sizes=\"auto, (max-width: 374px) 100vw, 374px\" \/><\/div><\/div><\/div><\/div><\/div><div class=\"vc_col-sm-9 wpb_column vc_column_container column-list-cataloghi-online\"><div class=\"vc_column-inner\"><div class=\"wpb_wrapper\"><div class=\"wpb_text_column\"><div class=\"wpb_wrapper\"><h2><img loading=\"lazy\" decoding=\"async\" class=\"alignnone wp-image-4689 size-full\" src=\"https:\/\/bnuto.cultura.gov.it\/wp-content\/uploads\/2025\/07\/local_library.png\" alt=\"Catalogues Ic\u00f4ne\" width=\"122\" height=\"122\" \/><strong><span style=\"color: #14557c;\">Catalogues de biblioth\u00e8ques<\/span><\/strong><\/h2>\n<ul>\n<li><a href=\"https:\/\/bnto.comperio.it\/\" target=\"_blank\" rel=\"noopener\">Catalogue de la biblioth\u00e8que <\/a><\/li>\n<li><a href=\"https:\/\/archive.org\/details\/inventarideimano28cose\/page\" target=\"_blank\" rel=\"noopener\">Catalogue des manuscrits (acquisitions ant\u00e9rieures \u00e0 1904)<\/a><\/li>\n<li><a href=\"https:\/\/manus.iccu.sbn.it\/cerca-manoscritti#1664287373518\" target=\"_blank\" rel=\"noopener\">Catalogue des manuscrits acquis apr\u00e8s 1904 (sous &#8220;Biblioth\u00e8ques et fonds&#8221;, s\u00e9lectionnez le filtre &#8220;Turin, Biblioth\u00e8que nationale universitaire&#8221;). <\/a><\/li>\n<li><a href=\"https:\/\/data.cerl.org\/mei\/_search\" target=\"_blank\" rel=\"noopener\">MEI &#8211; Material Evidence in Incunabula (preuves mat\u00e9rielles dans les incunables)<\/a><\/li>\n<li><a href=\"http:\/\/digitale.bnc.roma.sbn.it\/tecadigitale\/progettoVolumiEbraici\/volumi?title=&amp;title_heb=&amp;author=&amp;author_heb=&amp;author_add=&amp;author_add_heb=&amp;city=&amp;publisher=&amp;year_from=&amp;year_end=&amp;filters=&amp;owner=Biblioteca+Nazionale+Universitaria+di+Torino&amp;signature=&amp;searchType=adv&amp;searchFld=&amp;paginate_pageNum=1\" target=\"_blank\" rel=\"noopener\">Catalogue des livres imprim\u00e9s en h\u00e9breu<\/a><\/li>\n<li><a href=\"https:\/\/archiviodistatotorino.beniculturali.it\/?page_id=17618\" target=\"_blank\" rel=\"noopener\">R\u00e9pertoire des marques de possession sur les volumes en alphabet h\u00e9breu<\/a><\/li>\n<li><a href=\"https:\/\/archiviopossessori.it\/indice-biblioteche\/tabella\/21426\" target=\"_blank\" rel=\"noopener\">Archives du propri\u00e9taire<\/a><\/li>\n<\/ul>\n<p>Pour les volumes imprim\u00e9s publi\u00e9s entre 1750 et 1994, il est conseill\u00e9 d&#8217;effectuer une recherche en interrogeant \u00e9galement le catalogue imprim\u00e9 class\u00e9 par auteur (situ\u00e9 au deuxi\u00e8me \u00e9tage de l&#8217;Institut). Pour localiser les dessins et gravures, un catalogue papier sp\u00e9cifique est disponible devant l&#8217;entr\u00e9e de la salle des manuscrits.<\/p>\n<\/div><\/div><\/div><\/div><\/div><\/div><\/div><\/section><section class=\"l-section wpb_row us_custom_716bfe45 container-text height_auto\"><div class=\"l-section-h i-cf\"><div class=\"g-cols vc_row via_flex valign_top type_default stacking_default\"><div class=\"vc_col-sm-3 wpb_column vc_column_container column-card-cataloghi-online has_bg_color\"><div class=\"vc_column-inner us_custom_aca89106\"><div class=\"wpb_wrapper\"><div class=\"w-image align_none\"><div class=\"w-image-h\"><img decoding=\"async\" width=\"466\" height=\"122\" src=\"https:\/\/bnuto.cultura.gov.it\/wp-content\/uploads\/2025\/07\/opacsbn.png\" class=\"attachment-large size-large\" alt=\"Logo de l&#039;Opac sbn\" loading=\"lazy\" srcset=\"https:\/\/bnuto.cultura.gov.it\/wp-content\/uploads\/2025\/07\/opacsbn.png 466w, https:\/\/bnuto.cultura.gov.it\/wp-content\/uploads\/2025\/07\/opacsbn-300x79.png 300w, https:\/\/bnuto.cultura.gov.it\/wp-content\/uploads\/2025\/07\/opacsbn-360x94.png 360w\" sizes=\"auto, (max-width: 466px) 100vw, 466px\" \/><\/div><\/div><\/div><\/div><\/div><div class=\"vc_col-sm-9 wpb_column vc_column_container column-list-cataloghi-online\"><div class=\"vc_column-inner\"><div class=\"wpb_wrapper\"><div class=\"wpb_text_column\"><div class=\"wpb_wrapper\"><h2><span style=\"color: #14557c;\"><img loading=\"lazy\" decoding=\"async\" class=\"alignnone wp-image-4693 size-full\" src=\"https:\/\/bnuto.cultura.gov.it\/wp-content\/uploads\/2025\/07\/account_balance.png\" alt=\"Catalogues Ic\u00f4ne\" width=\"108\" height=\"108\" \/><strong>Catalogues nationaux<\/strong><\/span><\/h2>\n<ul>\n<li><a href=\"https:\/\/alphabetica.it\/web\/alphabetica\" target=\"_blank\" rel=\"noopener\">Alphab\u00e9tique<\/a><\/li>\n<li><a href=\"https:\/\/opac.sbn.it\/ricerca-avanzata\" target=\"_blank\" rel=\"noopener\">SBN &#8211; Catalogue du service de la biblioth\u00e8que nationale<\/a><\/li>\n<li><a href=\"https:\/\/edit16.iccu.sbn.it\/search#1664288573279\" target=\"_blank\" rel=\"noopener\">\u00c9dition 16 &#8211; \u00c9ditions italiennes du XVIe si\u00e8cle<\/a><\/li>\n<li><a href=\"https:\/\/www.internetculturale.it\" target=\"_blank\" rel=\"noopener\">Internet culturel<\/a><\/li>\n<li><a href=\"https:\/\/acnpsearch.unibo.it\" target=\"_blank\" rel=\"noopener\">ACNP &#8211; Catalogue italien des p\u00e9riodiques<\/a><\/li>\n<\/ul>\n<\/div><\/div><\/div><\/div><\/div><\/div><\/div><\/section><section class=\"l-section wpb_row us_custom_254b940e height_auto\"><div class=\"l-section-h i-cf\"><div class=\"g-cols vc_row via_flex valign_top type_default stacking_default\"><div class=\"vc_col-sm-3 wpb_column vc_column_container column-card-cataloghi-online has_bg_color\"><div class=\"vc_column-inner us_custom_f094b2ed\"><div class=\"wpb_wrapper\"><div class=\"w-image align_none\"><div class=\"w-image-h\"><img decoding=\"async\" width=\"440\" height=\"132\" src=\"https:\/\/bnuto.cultura.gov.it\/wp-content\/uploads\/2025\/07\/librinlinea.png\" class=\"attachment-large size-large\" alt=\"Logo Librinlinea\" loading=\"lazy\" srcset=\"https:\/\/bnuto.cultura.gov.it\/wp-content\/uploads\/2025\/07\/librinlinea.png 440w, https:\/\/bnuto.cultura.gov.it\/wp-content\/uploads\/2025\/07\/librinlinea-300x90.png 300w, https:\/\/bnuto.cultura.gov.it\/wp-content\/uploads\/2025\/07\/librinlinea-360x108.png 360w\" sizes=\"auto, (max-width: 440px) 100vw, 440px\" \/><\/div><\/div><\/div><\/div><\/div><div class=\"vc_col-sm-9 wpb_column vc_column_container column-list-cataloghi-online\"><div class=\"vc_column-inner\"><div class=\"wpb_wrapper\"><div class=\"wpb_text_column container-text\"><div class=\"wpb_wrapper\"><h2><span style=\"color: #14557c;\"><img loading=\"lazy\" decoding=\"async\" class=\"alignnone size-full wp-image-4697\" src=\"https:\/\/bnuto.cultura.gov.it\/wp-content\/uploads\/2025\/07\/newsstand.png\" alt=\"\" width=\"112\" height=\"112\" \/><strong>Autres catalogues<\/strong><\/span><\/h2>\n<ul>\n<li><a href=\"http:\/\/www.librinlinea.it\/search\/public\/appl\/search.php\" target=\"_blank\" rel=\"noopener\">Librinlinea Piedmont <\/a><\/li>\n<li><a href=\"https:\/\/data.cerl.org\/istc\/_search\" target=\"_blank\" rel=\"noopener\">CIST &#8211; Catalogue des titres abr\u00e9g\u00e9s des incunables<\/a><\/li>\n<li><a href=\"https:\/\/kvk.bibliothek.kit.edu\/index.html?lang=en&amp;digitalOnly=0&amp;embedFulltitle=0&amp;newTab=0\" target=\"_blank\" rel=\"noopener\">KVK &#8211; Catalogue virtuel de Karlsruhe<\/a><\/li>\n<\/ul>\n<\/div><\/div><\/div><\/div><\/div><\/div><\/div><\/section>\n","protected":false},"excerpt":{"rendered":"Catalogues de biblioth\u00e8ques Catalogue de la biblioth\u00e8que Catalogue des manuscrits (acquisitions ant\u00e9rieures \u00e0 1904) Catalogue des manuscrits acquis apr\u00e8s 1904 (sous &#8220;Biblioth\u00e8ques et fonds&#8221;, s\u00e9lectionnez le filtre &#8220;Turin, Biblioth\u00e8que nationale universitaire&#8221;). MEI &#8211; Material Evidence in Incunabula (preuves mat\u00e9rielles dans les incunables) Catalogue des livres imprim\u00e9s en h\u00e9breu R\u00e9pertoire des marques de possession sur les...","protected":false},"author":7,"featured_media":0,"parent":0,"menu_order":0,"comment_status":"closed","ping_status":"closed","template":"","meta":{"_acf_changed":false,"footnotes":""},"category_page":[],"class_list":["post-8687","page","type-page","status-publish","hentry"],"acf":[],"yoast_head":"<!-- This site is optimized with the Yoast SEO plugin v27.5 - https:\/\/yoast.com\/product\/yoast-seo-wordpress\/ -->\n<title>Catalogues en ligne | Biblioteca Nazionale Universitaria di Torino<\/title>\n<meta name=\"description\" content=\"D\u00e9couvrez nos fonds en utilisant l&#039;outil Catalogues de la Biblioth\u00e8que. Vous pouvez \u00e9galement effectuer des recherches dans les catalogues nationaux et les autres catalogues.\" \/>\n<meta name=\"robots\" content=\"index, follow, max-snippet:-1, max-image-preview:large, max-video-preview:-1\" \/>\n<link rel=\"canonical\" href=\"https:\/\/bnuto.cultura.gov.it\/fr\/catalogues\/\" \/>\n<meta property=\"og:locale\" content=\"fr_FR\" \/>\n<meta property=\"og:type\" content=\"article\" \/>\n<meta property=\"og:title\" content=\"Catalogues en ligne | Biblioteca Nazionale Universitaria di Torino\" \/>\n<meta property=\"og:description\" content=\"D\u00e9couvrez nos fonds en utilisant l&#039;outil Catalogues de la Biblioth\u00e8que. Vous pouvez \u00e9galement effectuer des recherches dans les catalogues nationaux et les autres catalogues.\" \/>\n<meta property=\"og:url\" content=\"https:\/\/bnuto.cultura.gov.it\/fr\/catalogues\/\" \/>\n<meta property=\"og:site_name\" content=\"Biblioteca Nazionale Universitaria di Torino\" \/>\n<meta property=\"article:modified_time\" content=\"2026-02-18T14:54:39+00:00\" \/>\n<meta property=\"og:image\" content=\"https:\/\/bnuto.cultura.gov.it\/wp-content\/uploads\/2025\/07\/local_library.png\" \/>\n<meta name=\"twitter:card\" content=\"summary_large_image\" \/>\n<meta name=\"twitter:label1\" content=\"Est. reading time\" \/>\n\t<meta name=\"twitter:data1\" content=\"2 minutes\" \/>\n<script type=\"application\/ld+json\" class=\"yoast-schema-graph\">{\"@context\":\"https:\\\/\\\/schema.org\",\"@graph\":[{\"@type\":\"WebPage\",\"@id\":\"https:\\\/\\\/bnuto.cultura.gov.it\\\/fr\\\/catalogues\\\/\",\"url\":\"https:\\\/\\\/bnuto.cultura.gov.it\\\/fr\\\/catalogues\\\/\",\"name\":\"Catalogues en ligne | Biblioteca Nazionale Universitaria di Torino\",\"isPartOf\":{\"@id\":\"https:\\\/\\\/bnuto.cultura.gov.it\\\/fr\\\/#website\"},\"primaryImageOfPage\":{\"@id\":\"https:\\\/\\\/bnuto.cultura.gov.it\\\/fr\\\/catalogues\\\/#primaryimage\"},\"image\":{\"@id\":\"https:\\\/\\\/bnuto.cultura.gov.it\\\/fr\\\/catalogues\\\/#primaryimage\"},\"thumbnailUrl\":\"https:\\\/\\\/bnuto.cultura.gov.it\\\/wp-content\\\/uploads\\\/2025\\\/07\\\/local_library.png\",\"datePublished\":\"2022-10-25T08:14:46+00:00\",\"dateModified\":\"2026-02-18T14:54:39+00:00\",\"description\":\"D\u00e9couvrez nos fonds en utilisant l'outil Catalogues de la Biblioth\u00e8que. Vous pouvez \u00e9galement effectuer des recherches dans les catalogues nationaux et les autres catalogues.\",\"breadcrumb\":{\"@id\":\"https:\\\/\\\/bnuto.cultura.gov.it\\\/fr\\\/catalogues\\\/#breadcrumb\"},\"inLanguage\":\"fr-FR\",\"potentialAction\":[{\"@type\":\"ReadAction\",\"target\":[\"https:\\\/\\\/bnuto.cultura.gov.it\\\/fr\\\/catalogues\\\/\"]}]},{\"@type\":\"ImageObject\",\"inLanguage\":\"fr-FR\",\"@id\":\"https:\\\/\\\/bnuto.cultura.gov.it\\\/fr\\\/catalogues\\\/#primaryimage\",\"url\":\"https:\\\/\\\/bnuto.cultura.gov.it\\\/wp-content\\\/uploads\\\/2025\\\/07\\\/local_library.png\",\"contentUrl\":\"https:\\\/\\\/bnuto.cultura.gov.it\\\/wp-content\\\/uploads\\\/2025\\\/07\\\/local_library.png\"},{\"@type\":\"BreadcrumbList\",\"@id\":\"https:\\\/\\\/bnuto.cultura.gov.it\\\/fr\\\/catalogues\\\/#breadcrumb\",\"itemListElement\":[{\"@type\":\"ListItem\",\"position\":1,\"name\":\"Home\",\"item\":\"https:\\\/\\\/bnuto.cultura.gov.it\\\/fr\\\/\"},{\"@type\":\"ListItem\",\"position\":2,\"name\":\"Catalogues\"}]},{\"@type\":\"WebSite\",\"@id\":\"https:\\\/\\\/bnuto.cultura.gov.it\\\/fr\\\/#website\",\"url\":\"https:\\\/\\\/bnuto.cultura.gov.it\\\/fr\\\/\",\"name\":\"Biblioteca Nazionale Universitaria di Torino\",\"description\":\"Un nuovo sito targato WordPress\",\"publisher\":{\"@id\":\"https:\\\/\\\/bnuto.cultura.gov.it\\\/fr\\\/#organization\"},\"potentialAction\":[{\"@type\":\"SearchAction\",\"target\":{\"@type\":\"EntryPoint\",\"urlTemplate\":\"https:\\\/\\\/bnuto.cultura.gov.it\\\/fr\\\/?s={search_term_string}\"},\"query-input\":{\"@type\":\"PropertyValueSpecification\",\"valueRequired\":true,\"valueName\":\"search_term_string\"}}],\"inLanguage\":\"fr-FR\"},{\"@type\":\"Organization\",\"@id\":\"https:\\\/\\\/bnuto.cultura.gov.it\\\/fr\\\/#organization\",\"name\":\"Biblioteca Nazionale Universitaria di Torino\",\"url\":\"https:\\\/\\\/bnuto.cultura.gov.it\\\/fr\\\/\",\"logo\":{\"@type\":\"ImageObject\",\"inLanguage\":\"fr-FR\",\"@id\":\"https:\\\/\\\/bnuto.cultura.gov.it\\\/fr\\\/#\\\/schema\\\/logo\\\/image\\\/\",\"url\":\"https:\\\/\\\/bnuto.cultura.gov.it\\\/wp-content\\\/uploads\\\/2022\\\/10\\\/logo-biblioteca-nazionale-nero.png\",\"contentUrl\":\"https:\\\/\\\/bnuto.cultura.gov.it\\\/wp-content\\\/uploads\\\/2022\\\/10\\\/logo-biblioteca-nazionale-nero.png\",\"width\":70,\"height\":77,\"caption\":\"Biblioteca Nazionale Universitaria di Torino\"},\"image\":{\"@id\":\"https:\\\/\\\/bnuto.cultura.gov.it\\\/fr\\\/#\\\/schema\\\/logo\\\/image\\\/\"}}]}<\/script>\n<!-- \/ Yoast SEO plugin. -->","yoast_head_json":{"title":"Catalogues en ligne | Biblioteca Nazionale Universitaria di Torino","description":"D\u00e9couvrez nos fonds en utilisant l'outil Catalogues de la Biblioth\u00e8que. Vous pouvez \u00e9galement effectuer des recherches dans les catalogues nationaux et les autres catalogues.","robots":{"index":"index","follow":"follow","max-snippet":"max-snippet:-1","max-image-preview":"max-image-preview:large","max-video-preview":"max-video-preview:-1"},"canonical":"https:\/\/bnuto.cultura.gov.it\/fr\/catalogues\/","og_locale":"fr_FR","og_type":"article","og_title":"Catalogues en ligne | Biblioteca Nazionale Universitaria di Torino","og_description":"D\u00e9couvrez nos fonds en utilisant l'outil Catalogues de la Biblioth\u00e8que. Vous pouvez \u00e9galement effectuer des recherches dans les catalogues nationaux et les autres catalogues.","og_url":"https:\/\/bnuto.cultura.gov.it\/fr\/catalogues\/","og_site_name":"Biblioteca Nazionale Universitaria di Torino","article_modified_time":"2026-02-18T14:54:39+00:00","og_image":[{"url":"https:\/\/bnuto.cultura.gov.it\/wp-content\/uploads\/2025\/07\/local_library.png","type":"","width":"","height":""}],"twitter_card":"summary_large_image","twitter_misc":{"Est. reading time":"2 minutes"},"schema":{"@context":"https:\/\/schema.org","@graph":[{"@type":"WebPage","@id":"https:\/\/bnuto.cultura.gov.it\/fr\/catalogues\/","url":"https:\/\/bnuto.cultura.gov.it\/fr\/catalogues\/","name":"Catalogues en ligne | Biblioteca Nazionale Universitaria di Torino","isPartOf":{"@id":"https:\/\/bnuto.cultura.gov.it\/fr\/#website"},"primaryImageOfPage":{"@id":"https:\/\/bnuto.cultura.gov.it\/fr\/catalogues\/#primaryimage"},"image":{"@id":"https:\/\/bnuto.cultura.gov.it\/fr\/catalogues\/#primaryimage"},"thumbnailUrl":"https:\/\/bnuto.cultura.gov.it\/wp-content\/uploads\/2025\/07\/local_library.png","datePublished":"2022-10-25T08:14:46+00:00","dateModified":"2026-02-18T14:54:39+00:00","description":"D\u00e9couvrez nos fonds en utilisant l'outil Catalogues de la Biblioth\u00e8que. Vous pouvez \u00e9galement effectuer des recherches dans les catalogues nationaux et les autres catalogues.","breadcrumb":{"@id":"https:\/\/bnuto.cultura.gov.it\/fr\/catalogues\/#breadcrumb"},"inLanguage":"fr-FR","potentialAction":[{"@type":"ReadAction","target":["https:\/\/bnuto.cultura.gov.it\/fr\/catalogues\/"]}]},{"@type":"ImageObject","inLanguage":"fr-FR","@id":"https:\/\/bnuto.cultura.gov.it\/fr\/catalogues\/#primaryimage","url":"https:\/\/bnuto.cultura.gov.it\/wp-content\/uploads\/2025\/07\/local_library.png","contentUrl":"https:\/\/bnuto.cultura.gov.it\/wp-content\/uploads\/2025\/07\/local_library.png"},{"@type":"BreadcrumbList","@id":"https:\/\/bnuto.cultura.gov.it\/fr\/catalogues\/#breadcrumb","itemListElement":[{"@type":"ListItem","position":1,"name":"Home","item":"https:\/\/bnuto.cultura.gov.it\/fr\/"},{"@type":"ListItem","position":2,"name":"Catalogues"}]},{"@type":"WebSite","@id":"https:\/\/bnuto.cultura.gov.it\/fr\/#website","url":"https:\/\/bnuto.cultura.gov.it\/fr\/","name":"Biblioteca Nazionale Universitaria di Torino","description":"Un nuovo sito targato WordPress","publisher":{"@id":"https:\/\/bnuto.cultura.gov.it\/fr\/#organization"},"potentialAction":[{"@type":"SearchAction","target":{"@type":"EntryPoint","urlTemplate":"https:\/\/bnuto.cultura.gov.it\/fr\/?s={search_term_string}"},"query-input":{"@type":"PropertyValueSpecification","valueRequired":true,"valueName":"search_term_string"}}],"inLanguage":"fr-FR"},{"@type":"Organization","@id":"https:\/\/bnuto.cultura.gov.it\/fr\/#organization","name":"Biblioteca Nazionale Universitaria di Torino","url":"https:\/\/bnuto.cultura.gov.it\/fr\/","logo":{"@type":"ImageObject","inLanguage":"fr-FR","@id":"https:\/\/bnuto.cultura.gov.it\/fr\/#\/schema\/logo\/image\/","url":"https:\/\/bnuto.cultura.gov.it\/wp-content\/uploads\/2022\/10\/logo-biblioteca-nazionale-nero.png","contentUrl":"https:\/\/bnuto.cultura.gov.it\/wp-content\/uploads\/2022\/10\/logo-biblioteca-nazionale-nero.png","width":70,"height":77,"caption":"Biblioteca Nazionale Universitaria di Torino"},"image":{"@id":"https:\/\/bnuto.cultura.gov.it\/fr\/#\/schema\/logo\/image\/"}}]}},"_links":{"self":[{"href":"https:\/\/bnuto.cultura.gov.it\/fr\/wp-json\/wp\/v2\/pages\/8687","targetHints":{"allow":["GET"]}}],"collection":[{"href":"https:\/\/bnuto.cultura.gov.it\/fr\/wp-json\/wp\/v2\/pages"}],"about":[{"href":"https:\/\/bnuto.cultura.gov.it\/fr\/wp-json\/wp\/v2\/types\/page"}],"author":[{"embeddable":true,"href":"https:\/\/bnuto.cultura.gov.it\/fr\/wp-json\/wp\/v2\/users\/7"}],"replies":[{"embeddable":true,"href":"https:\/\/bnuto.cultura.gov.it\/fr\/wp-json\/wp\/v2\/comments?post=8687"}],"version-history":[{"count":3,"href":"https:\/\/bnuto.cultura.gov.it\/fr\/wp-json\/wp\/v2\/pages\/8687\/revisions"}],"predecessor-version":[{"id":9623,"href":"https:\/\/bnuto.cultura.gov.it\/fr\/wp-json\/wp\/v2\/pages\/8687\/revisions\/9623"}],"wp:attachment":[{"href":"https:\/\/bnuto.cultura.gov.it\/fr\/wp-json\/wp\/v2\/media?parent=8687"}],"wp:term":[{"taxonomy":"category_page","embeddable":true,"href":"https:\/\/bnuto.cultura.gov.it\/fr\/wp-json\/wp\/v2\/category_page?post=8687"}],"curies":[{"name":"wp","href":"https:\/\/api.w.org\/{rel}","templated":true}]}}