{"id":8793,"date":"2023-04-03T19:06:01","date_gmt":"2023-04-03T17:06:01","guid":{"rendered":"https:\/\/bnuto.cultura.gov.it\/activites-culturelles\/expositions-virtuelles\/"},"modified":"2023-04-03T19:06:01","modified_gmt":"2023-04-03T17:06:01","slug":"expositions-virtuelles","status":"publish","type":"page","link":"https:\/\/bnuto.cultura.gov.it\/fr\/activites-culturelles\/expositions-virtuelles\/","title":{"rendered":"Expositions virtuelles"},"content":{"rendered":"<ul>\n<li><a href=\"https:\/\/bnuto-margheritalasovranalettrice.movio.it\/\" target=\"_blank\" rel=\"noopener\"><em><strong>Marguerite. La biblioth\u00e8que de la reine Marguerite de Savoie<\/strong><\/em><\/a><br \/>\nExposition permanente de la biblioth\u00e8que de la reine Marguerite de Savoie (1851-1926).<br \/>\nDans l&#8217;imaginaire collectif, Marguerite de Savoie incarne plus que toute autre un mod\u00e8le exemplaire de souverainet\u00e9, o\u00f9 la conscience et la fiert\u00e9 d&#8217;appartenir \u00e0 l&#8217;une des plus anciennes familles royales d&#8217;Europe se conjuguent avec la proximit\u00e9 du peuple, l&#8217;int\u00e9r\u00eat pour les besoins des plus d\u00e9munis et une vive passion pour la culture. \u00c0 cet \u00e9gard, la vaste collection de livres rassembl\u00e9e par la souveraine au cours de sa vie t\u00e9moigne de la fascination qu&#8217;exer\u00e7ait sur elle le monde intellectuel, ainsi que du go\u00fbt \u00e9clectique d&#8217;une femme curieuse, amoureuse de la litt\u00e9rature italienne et europ\u00e9enne, des arts figuratifs, de la po\u00e9sie, de la musique et des aspects les plus novateurs de la soci\u00e9t\u00e9 de son temps.<br \/>\nAu cours de l&#8217;ann\u00e9e 2022, l&#8217;ensemble de la collection de livres &#8211; compos\u00e9e de 13 560 volumes &#8211; a fait l&#8217;objet d&#8217;un nouveau projet ambitieux, promu par la Biblioth\u00e8que nationale en collaboration avec la soci\u00e9t\u00e9 Culturalpe s.c., visant \u00e0 la pr\u00e9servation, \u00e0 la valorisation et \u00e0 la libre utilisation de la collection \u00e0 travers la r\u00e9vision de l&#8217;inventaire et le catalogage informatique de toutes les \u0153uvres qu&#8217;elle contient, en vue de leur transfert de la r\u00e9serve \u00e0 la salle d&#8217;exposition de la Biblioth\u00e8que, conform\u00e9ment \u00e0 une disposition permanente qui favorisera la connaissance la plus large et la plus transversale possible. \u00c0 travers des lignes narratives in\u00e9dites et \u00e0 l&#8217;aide d&#8217;appareils multim\u00e9dias, le visiteur est invit\u00e9 \u00e0 se promener parmi les belles \u00e9tag\u00e8res de la collection, o\u00f9 les livres respectent l&#8217;ordre catalographique voulu par la souveraine et, gr\u00e2ce \u00e0 la cr\u00e9ation de vitrines sp\u00e9ciales, il peut voir plusieurs dizaines de volumes expos\u00e9s, d\u00e9couvrant ainsi les go\u00fbts litt\u00e9raires et les relations culturelles que la Reine Margaret a cultiv\u00e9s tout au long de sa vie.  <\/li>\n<li><a href=\"https:\/\/movio.beniculturali.it\/buto\/laculturadeldono\" target=\"_blank\" rel=\"noopener\"><em><strong>La biblioth\u00e8que dans la biblioth\u00e8que : la culture du don<\/strong><\/em><\/a><br \/>\nAu plus fort de la pand\u00e9mie, la Biblioth\u00e8que nationale universitaire de Turin d\u00e9cide de valoriser les livres stock\u00e9s dans ses r\u00e9serves dans 1046 bo\u00eetes perfor\u00e9es. C&#8217;est ainsi qu&#8217;ont \u00e9t\u00e9 red\u00e9couverts quelque 17 000 volumes et 11 000 brochures, pour la plupart anciens et d&#8217;un grand int\u00e9r\u00eat culturel : 556 m\u00e8tres lin\u00e9aires de livres provenant du monde entier. Le filon principal de ce d\u00e9p\u00f4t est constitu\u00e9 par les cadeaux arriv\u00e9s apr\u00e8s le grand incendie de 1904, d&#8217;o\u00f9 la naissance du projet La culture du cadeau. L&#8217;exposition virtuelle a \u00e9t\u00e9 r\u00e9alis\u00e9e gr\u00e2ce \u00e0 la contribution de la Direction g\u00e9n\u00e9rale des biblioth\u00e8ques et au soutien technique de l&#8217;ICCU dans le cadre d&#8217;une subvention triennale pour la promotion de la langue et de la culture italiennes \u00e0 l&#8217;\u00e9tranger.   <\/li>\n<\/ul>\n","protected":false},"excerpt":{"rendered":"<p>Marguerite. La biblioth\u00e8que de la reine Marguerite de Savoie Exposition permanente de la biblioth\u00e8que de la reine Marguerite de Savoie (1851-1926). Dans l&#8217;imaginaire collectif, Marguerite de Savoie incarne plus que toute autre un mod\u00e8le exemplaire de souverainet\u00e9, o\u00f9 la conscience et la fiert\u00e9 d&#8217;appartenir \u00e0 l&#8217;une des plus anciennes familles royales d&#8217;Europe se conjuguent avec&#8230;<\/p>\n","protected":false},"author":3,"featured_media":0,"parent":8770,"menu_order":6,"comment_status":"closed","ping_status":"closed","template":"","meta":{"_acf_changed":false,"footnotes":""},"category_page":[11],"class_list":["post-8793","page","type-page","status-publish","hentry","category_page-biblioteca-digitale"],"acf":[],"yoast_head":"<!-- This site is optimized with the Yoast SEO plugin v27.3 - https:\/\/yoast.com\/product\/yoast-seo-wordpress\/ -->\n<title>Expositions virtuelles | Biblioteca Nazionale Universitaria di Torino<\/title>\n<meta name=\"robots\" content=\"index, follow, max-snippet:-1, max-image-preview:large, max-video-preview:-1\" \/>\n<link rel=\"canonical\" href=\"https:\/\/bnuto.cultura.gov.it\/fr\/activites-culturelles\/expositions-virtuelles\/\" \/>\n<meta property=\"og:locale\" content=\"fr_FR\" \/>\n<meta property=\"og:type\" content=\"article\" \/>\n<meta property=\"og:title\" content=\"Expositions virtuelles | Biblioteca Nazionale Universitaria di Torino\" \/>\n<meta property=\"og:description\" content=\"Marguerite. La biblioth\u00e8que de la reine Marguerite de Savoie Exposition permanente de la biblioth\u00e8que de la reine Marguerite de Savoie (1851-1926). Dans l&#8217;imaginaire collectif, Marguerite de Savoie incarne plus que toute autre un mod\u00e8le exemplaire de souverainet\u00e9, o\u00f9 la conscience et la fiert\u00e9 d&#8217;appartenir \u00e0 l&#8217;une des plus anciennes familles royales d&#8217;Europe se conjuguent avec...\" \/>\n<meta property=\"og:url\" content=\"https:\/\/bnuto.cultura.gov.it\/fr\/activites-culturelles\/expositions-virtuelles\/\" \/>\n<meta property=\"og:site_name\" content=\"Biblioteca Nazionale Universitaria di Torino\" \/>\n<meta name=\"twitter:card\" content=\"summary_large_image\" \/>\n<meta name=\"twitter:label1\" content=\"Est. reading time\" \/>\n\t<meta name=\"twitter:data1\" content=\"2 minutes\" \/>\n<script type=\"application\/ld+json\" class=\"yoast-schema-graph\">{\"@context\":\"https:\\\/\\\/schema.org\",\"@graph\":[{\"@type\":\"WebPage\",\"@id\":\"https:\\\/\\\/bnuto.cultura.gov.it\\\/fr\\\/activites-culturelles\\\/expositions-virtuelles\\\/\",\"url\":\"https:\\\/\\\/bnuto.cultura.gov.it\\\/fr\\\/activites-culturelles\\\/expositions-virtuelles\\\/\",\"name\":\"Expositions virtuelles | Biblioteca Nazionale Universitaria di Torino\",\"isPartOf\":{\"@id\":\"https:\\\/\\\/bnuto.cultura.gov.it\\\/fr\\\/#website\"},\"datePublished\":\"2023-04-03T17:06:01+00:00\",\"breadcrumb\":{\"@id\":\"https:\\\/\\\/bnuto.cultura.gov.it\\\/fr\\\/activites-culturelles\\\/expositions-virtuelles\\\/#breadcrumb\"},\"inLanguage\":\"fr-FR\",\"potentialAction\":[{\"@type\":\"ReadAction\",\"target\":[\"https:\\\/\\\/bnuto.cultura.gov.it\\\/fr\\\/activites-culturelles\\\/expositions-virtuelles\\\/\"]}]},{\"@type\":\"BreadcrumbList\",\"@id\":\"https:\\\/\\\/bnuto.cultura.gov.it\\\/fr\\\/activites-culturelles\\\/expositions-virtuelles\\\/#breadcrumb\",\"itemListElement\":[{\"@type\":\"ListItem\",\"position\":1,\"name\":\"Home\",\"item\":\"https:\\\/\\\/bnuto.cultura.gov.it\\\/fr\\\/\"},{\"@type\":\"ListItem\",\"position\":2,\"name\":\"Activit\u00e9s culturelles\",\"item\":\"https:\\\/\\\/bnuto.cultura.gov.it\\\/fr\\\/?page_id=8770\"},{\"@type\":\"ListItem\",\"position\":3,\"name\":\"Expositions virtuelles\"}]},{\"@type\":\"WebSite\",\"@id\":\"https:\\\/\\\/bnuto.cultura.gov.it\\\/fr\\\/#website\",\"url\":\"https:\\\/\\\/bnuto.cultura.gov.it\\\/fr\\\/\",\"name\":\"Biblioteca Nazionale Universitaria di Torino\",\"description\":\"Un nuovo sito targato WordPress\",\"publisher\":{\"@id\":\"https:\\\/\\\/bnuto.cultura.gov.it\\\/fr\\\/#organization\"},\"potentialAction\":[{\"@type\":\"SearchAction\",\"target\":{\"@type\":\"EntryPoint\",\"urlTemplate\":\"https:\\\/\\\/bnuto.cultura.gov.it\\\/fr\\\/?s={search_term_string}\"},\"query-input\":{\"@type\":\"PropertyValueSpecification\",\"valueRequired\":true,\"valueName\":\"search_term_string\"}}],\"inLanguage\":\"fr-FR\"},{\"@type\":\"Organization\",\"@id\":\"https:\\\/\\\/bnuto.cultura.gov.it\\\/fr\\\/#organization\",\"name\":\"Biblioteca Nazionale Universitaria di Torino\",\"url\":\"https:\\\/\\\/bnuto.cultura.gov.it\\\/fr\\\/\",\"logo\":{\"@type\":\"ImageObject\",\"inLanguage\":\"fr-FR\",\"@id\":\"https:\\\/\\\/bnuto.cultura.gov.it\\\/fr\\\/#\\\/schema\\\/logo\\\/image\\\/\",\"url\":\"https:\\\/\\\/bnuto.cultura.gov.it\\\/wp-content\\\/uploads\\\/2022\\\/10\\\/logo-biblioteca-nazionale-nero.png\",\"contentUrl\":\"https:\\\/\\\/bnuto.cultura.gov.it\\\/wp-content\\\/uploads\\\/2022\\\/10\\\/logo-biblioteca-nazionale-nero.png\",\"width\":70,\"height\":77,\"caption\":\"Biblioteca Nazionale Universitaria di Torino\"},\"image\":{\"@id\":\"https:\\\/\\\/bnuto.cultura.gov.it\\\/fr\\\/#\\\/schema\\\/logo\\\/image\\\/\"}}]}<\/script>\n<!-- \/ Yoast SEO plugin. -->","yoast_head_json":{"title":"Expositions virtuelles | Biblioteca Nazionale Universitaria di Torino","robots":{"index":"index","follow":"follow","max-snippet":"max-snippet:-1","max-image-preview":"max-image-preview:large","max-video-preview":"max-video-preview:-1"},"canonical":"https:\/\/bnuto.cultura.gov.it\/fr\/activites-culturelles\/expositions-virtuelles\/","og_locale":"fr_FR","og_type":"article","og_title":"Expositions virtuelles | Biblioteca Nazionale Universitaria di Torino","og_description":"Marguerite. La biblioth\u00e8que de la reine Marguerite de Savoie Exposition permanente de la biblioth\u00e8que de la reine Marguerite de Savoie (1851-1926). Dans l&#8217;imaginaire collectif, Marguerite de Savoie incarne plus que toute autre un mod\u00e8le exemplaire de souverainet\u00e9, o\u00f9 la conscience et la fiert\u00e9 d&#8217;appartenir \u00e0 l&#8217;une des plus anciennes familles royales d&#8217;Europe se conjuguent avec...","og_url":"https:\/\/bnuto.cultura.gov.it\/fr\/activites-culturelles\/expositions-virtuelles\/","og_site_name":"Biblioteca Nazionale Universitaria di Torino","twitter_card":"summary_large_image","twitter_misc":{"Est. reading time":"2 minutes"},"schema":{"@context":"https:\/\/schema.org","@graph":[{"@type":"WebPage","@id":"https:\/\/bnuto.cultura.gov.it\/fr\/activites-culturelles\/expositions-virtuelles\/","url":"https:\/\/bnuto.cultura.gov.it\/fr\/activites-culturelles\/expositions-virtuelles\/","name":"Expositions virtuelles | Biblioteca Nazionale Universitaria di Torino","isPartOf":{"@id":"https:\/\/bnuto.cultura.gov.it\/fr\/#website"},"datePublished":"2023-04-03T17:06:01+00:00","breadcrumb":{"@id":"https:\/\/bnuto.cultura.gov.it\/fr\/activites-culturelles\/expositions-virtuelles\/#breadcrumb"},"inLanguage":"fr-FR","potentialAction":[{"@type":"ReadAction","target":["https:\/\/bnuto.cultura.gov.it\/fr\/activites-culturelles\/expositions-virtuelles\/"]}]},{"@type":"BreadcrumbList","@id":"https:\/\/bnuto.cultura.gov.it\/fr\/activites-culturelles\/expositions-virtuelles\/#breadcrumb","itemListElement":[{"@type":"ListItem","position":1,"name":"Home","item":"https:\/\/bnuto.cultura.gov.it\/fr\/"},{"@type":"ListItem","position":2,"name":"Activit\u00e9s culturelles","item":"https:\/\/bnuto.cultura.gov.it\/fr\/?page_id=8770"},{"@type":"ListItem","position":3,"name":"Expositions virtuelles"}]},{"@type":"WebSite","@id":"https:\/\/bnuto.cultura.gov.it\/fr\/#website","url":"https:\/\/bnuto.cultura.gov.it\/fr\/","name":"Biblioteca Nazionale Universitaria di Torino","description":"Un nuovo sito targato WordPress","publisher":{"@id":"https:\/\/bnuto.cultura.gov.it\/fr\/#organization"},"potentialAction":[{"@type":"SearchAction","target":{"@type":"EntryPoint","urlTemplate":"https:\/\/bnuto.cultura.gov.it\/fr\/?s={search_term_string}"},"query-input":{"@type":"PropertyValueSpecification","valueRequired":true,"valueName":"search_term_string"}}],"inLanguage":"fr-FR"},{"@type":"Organization","@id":"https:\/\/bnuto.cultura.gov.it\/fr\/#organization","name":"Biblioteca Nazionale Universitaria di Torino","url":"https:\/\/bnuto.cultura.gov.it\/fr\/","logo":{"@type":"ImageObject","inLanguage":"fr-FR","@id":"https:\/\/bnuto.cultura.gov.it\/fr\/#\/schema\/logo\/image\/","url":"https:\/\/bnuto.cultura.gov.it\/wp-content\/uploads\/2022\/10\/logo-biblioteca-nazionale-nero.png","contentUrl":"https:\/\/bnuto.cultura.gov.it\/wp-content\/uploads\/2022\/10\/logo-biblioteca-nazionale-nero.png","width":70,"height":77,"caption":"Biblioteca Nazionale Universitaria di Torino"},"image":{"@id":"https:\/\/bnuto.cultura.gov.it\/fr\/#\/schema\/logo\/image\/"}}]}},"_links":{"self":[{"href":"https:\/\/bnuto.cultura.gov.it\/fr\/wp-json\/wp\/v2\/pages\/8793","targetHints":{"allow":["GET"]}}],"collection":[{"href":"https:\/\/bnuto.cultura.gov.it\/fr\/wp-json\/wp\/v2\/pages"}],"about":[{"href":"https:\/\/bnuto.cultura.gov.it\/fr\/wp-json\/wp\/v2\/types\/page"}],"author":[{"embeddable":true,"href":"https:\/\/bnuto.cultura.gov.it\/fr\/wp-json\/wp\/v2\/users\/3"}],"replies":[{"embeddable":true,"href":"https:\/\/bnuto.cultura.gov.it\/fr\/wp-json\/wp\/v2\/comments?post=8793"}],"version-history":[{"count":0,"href":"https:\/\/bnuto.cultura.gov.it\/fr\/wp-json\/wp\/v2\/pages\/8793\/revisions"}],"up":[{"embeddable":true,"href":"https:\/\/bnuto.cultura.gov.it\/fr\/wp-json\/wp\/v2\/pages\/8770"}],"wp:attachment":[{"href":"https:\/\/bnuto.cultura.gov.it\/fr\/wp-json\/wp\/v2\/media?parent=8793"}],"wp:term":[{"taxonomy":"category_page","embeddable":true,"href":"https:\/\/bnuto.cultura.gov.it\/fr\/wp-json\/wp\/v2\/category_page?post=8793"}],"curies":[{"name":"wp","href":"https:\/\/api.w.org\/{rel}","templated":true}]}}