{"id":8825,"date":"2025-10-03T11:41:54","date_gmt":"2025-10-03T09:41:54","guid":{"rendered":"https:\/\/bnuto.cultura.gov.it\/didactique-pour-les-ecoles\/"},"modified":"2026-02-17T15:24:38","modified_gmt":"2026-02-17T14:24:38","slug":"didactique-pour-les-ecoles","status":"publish","type":"page","link":"https:\/\/bnuto.cultura.gov.it\/fr\/didactique-pour-les-ecoles\/","title":{"rendered":"Didactique pour les \u00e9coles"},"content":{"rendered":"<section class=\"l-section wpb_row height_auto\"><div class=\"l-section-h i-cf\"><div class=\"g-cols vc_row via_flex valign_top type_default stacking_default\"><div class=\"vc_col-sm-12 wpb_column vc_column_container\"><div class=\"vc_column-inner\"><div class=\"wpb_wrapper\"><div class=\"wpb_text_column\"><div class=\"wpb_wrapper\"><p>La Biblioth\u00e8que nationale universitaire de Turin organise des ateliers \u00e9ducatifs pour les classes d&#8217;\u00e9coles primaires et secondaires accompagn\u00e9es d&#8217;enseignants. Les ateliers permettent de d\u00e9couvrir la biblioth\u00e8que, son histoire et son patrimoine, en combinant diff\u00e9rentes m\u00e9thodes d&#8217;apprentissage : visites guid\u00e9es interactives des collections, ateliers cr\u00e9atifs et consolidation des connaissances par le biais de jeux\/quiz.<\/p>\n<p>Deux dates (toujours les mercredis) sont disponibles chaque mois.<br \/>\nLes r\u00e9servations sont n\u00e9cessaires pour participer \u00e0<a href=\"mailto:bu-to.didattica@cultura.gov.it\"> bu-to.didattica@cultura.gov.it.<\/a><br \/>\nLes dates disponibles pour l&#8217;ann\u00e9e scolaire 2025-2026 sont les suivantes :<\/p>\n<p><strong>Mars<\/strong><br \/>\nMercredi <strong>18<\/strong> et mercredi <strong>25<\/strong>, 10h30-12h30<\/p>\n<p><strong>Avril<\/strong><br \/>\nMercredi <strong>8<\/strong> et mercredi <strong>29<\/strong>, 10h30-12h30<\/p>\n<p><strong>Mai<\/strong><br \/>\nMercredi <strong>13<\/strong> et mercredi <strong>20<\/strong>, 10h30-12h30<\/p>\n<\/div><\/div><div class=\"w-vwrapper us_custom_d2199d32 align_none valign_top\">[custom_accordion button_text=&#8221;\u00c9COLE PRIMAIRE&#8221; el_class=&#8221;accordion-servizi-educativi&#8221; title=&#8221;Le origini&#8221;]<strong>Emozioni in musica &#8211; \u00e0 partir de mars 2026<br \/>\n<\/strong>Atelier pour les classes primaires 3^-4^-5^.<br \/>\nLes classes suivront une visite guid\u00e9e interactive, adapt\u00e9e \u00e0 l&#8217;\u00e2ge des participants, \u00e0 l&#8217;int\u00e9rieur du parcours de l&#8217;exposition temporaire Marche de Vivaldi, qui sera ouverte du 4 au 26 mars 2026 dans la Sala Juvarra*. Ensuite, les classes participeront \u00e0 l&#8217;atelier musical Emozioni in musica : les enfants \u00e9couteront un morceau de Vivaldi et recevront chacun un panneau A3 personnel sur lequel ils travailleront en suivant les \u00e9motions inspir\u00e9es par le morceau. Quatre bo\u00eetes contenant des cartes sur le th\u00e8me des Saisons, des Couleurs, des Sensations et des Situations seront disponibles sur la table pour que les enfants puissent choisir, puis les coller sur le panneau et les colorier. Ensuite, les enfants seront invit\u00e9s \u00e0 dessiner leur propre histoire sur le sch\u00e9ma au dos du panneau, en s&#8217;inspirant de la chanson et des cartes choisies. A la fin de l&#8217;atelier, les classes recevront un certificat de participation et chaque enfant pourra emporter avec lui son &#8220;tableau des \u00e9motions en musique&#8221;.<br \/>\n*L&#8217;activit\u00e9 sera \u00e9galement disponible apr\u00e8s les dates indiqu\u00e9es, la visite de l&#8217;exposition sera remplac\u00e9e par une introduction au sujet avec la visualisation de quelques manuscrits de Vivaldi.<\/p>\n<p>&nbsp;<\/p>\n<p><strong>Un livre bijou &#8211; \u00e0 partir d&#8217;avril 2026<\/strong><br \/>\nAtelier pour les classes primaires 1^-2^-3^.<br \/>\nLes classes participeront \u00e0 une visite guid\u00e9e interactive, adapt\u00e9e \u00e0 l&#8217;\u00e2ge des participants, dans le cadre du parcours de l&#8217;exposition permanente Regina Margherita. Apr\u00e8s une introduction sur la figure de la reine et ses nombreuses passions, le th\u00e8me de ses couvertures personnalis\u00e9es et pr\u00e9cieuses sera explor\u00e9. Ensuite, les enfants participeront \u00e0 l&#8217;atelier de cr\u00e9ation de couvertures personnalis\u00e9es sur le mod\u00e8le des reliures de la salle Regina Margherita, en utilisant diff\u00e9rents types de mat\u00e9riaux : tissus, couleurs, adh\u00e9sifs. \u00c0 la fin de l&#8217;atelier, les classes recevront un certificat de participation et chaque enfant pourra emporter sa couverture personnalis\u00e9e.[\/custom_accordion][custom_accordion button_text=&#8221;\u00c9COLE SECONDAIRE&#8221; el_class=&#8221;accordion-servizi-educativi&#8221; title=&#8221;Le origini&#8221;]<strong>Le myst\u00e9rieux voyage des autographes de Vivaldi &#8211; \u00e0 partir de mars 2026<\/strong><br \/>\nAtelier pour les classes de 2e et 3e secondaire.<br \/>\nLes classes participeront \u00e0 une visite guid\u00e9e interactive, adapt\u00e9e \u00e0 l&#8217;\u00e2ge des participants, \u00e0 l&#8217;int\u00e9rieur du parcours de l&#8217;exposition temporaire Le mars de Vivaldi, qui sera ouverte du 3 au 26 mars 2026 dans la Sala Juvarra*. Ensuite, les classes participeront \u00e0 l&#8217;atelier Il misterioso viaggio degli autografi vivaldiani (Le myst\u00e9rieux voyage des autographes de Vivaldi), qui explorera le th\u00e8me de l&#8217;histoire des collections Fo\u00e0 et Giordano, l&#8217;un des volets abord\u00e9s dans la sc\u00e9nographie de l&#8217;exposition. Les classes seront divis\u00e9es en \u00e9quipes de 5 \u00e0 10 participants, et chaque \u00e9quipe recevra une enveloppe contenant : une feuille de papier avec l&#8217;histoire des autographes de Vivaldi, dans laquelle certains \u00e9l\u00e9ments sont manquants et doivent \u00eatre compl\u00e9t\u00e9s en r\u00e9solvant de petites \u00e9nigmes ; le mat\u00e9riel n\u00e9cessaire pour r\u00e9soudre les \u00e9nigmes, comme une carte de l&#8217;Italie dans laquelle trouver les villes qui sont les protagonistes de l&#8217;histoire des manuscrits, quelques lettres de l&#8217;archive historique pr\u00e9sent\u00e9e dans l&#8217;exposition, et quelques d\u00e9fis similaires \u00e0 des jeux d&#8217;\u00e9nigmes. Afin d&#8217;expliquer certains concepts cl\u00e9s de l&#8217;histoire, tels que les &#8220;feuilles volantes&#8221; ou le &#8220;donateur&#8221;, et pour que les enfants puissent les emporter avec eux \u00e0 la fin de l&#8217;exp\u00e9rience, la feuille d&#8217;histoire contiendra quelques cases surlign\u00e9es avec des d\u00e9finitions et des id\u00e9es. L&#8217;activit\u00e9 stimulera le travail d&#8217;\u00e9quipe et l&#8217;apprentissage de connaissances li\u00e9es au monde de la musique \u00e9crite. \u00c0 la fin de l&#8217;atelier, les classes recevront un certificat de participation et pourront emporter l'&#8221;histoire de la collection&#8221; reconstitu\u00e9e.<br \/>\n*L&#8217;activit\u00e9 sera \u00e9galement disponible apr\u00e8s les dates indiqu\u00e9es, la visite de l&#8217;exposition sera remplac\u00e9e par une introduction au sujet avec la visualisation de quelques manuscrits de Vivaldi.<\/p>\n<p>&nbsp;<\/p>\n<p><strong>Comment se fabrique un livre &#8211; \u00e0 partir d&#8217;avril 2026<\/strong><br \/>\nAtelier pour toutes les classes de l&#8217;enseignement secondaire.<br \/>\nIntroduction historique interactive \u00e0 la Biblioth\u00e8que et \u00e0 ses collections, adapt\u00e9e \u00e0 l&#8217;\u00e2ge des participants. \u00c9tude approfondie de l&#8217;histoire du livre : du manuscrit au livre imprim\u00e9 moderne. Quiz final en \u00e9quipe et activit\u00e9 de copie d&#8217;une page d&#8217;un manuscrit du fonds de la Biblioth\u00e8que. \u00c0 la fin de l&#8217;atelier, les classes recevront un certificat de participation et chaque participant pourra emporter sa propre copie du manuscrit.[\/custom_accordion][custom_accordion button_text=&#8221;\u00c9COLE SECONDAIRE&#8221; el_class=&#8221;accordion-servizi-educativi&#8221; title=&#8221;Le origini&#8221;]<strong>Le myst\u00e9rieux voyage des autographes de Vivaldi &#8211; \u00e0 partir de mars 2026<\/strong><br \/>\nAtelier pour toutes les classes de l&#8217;enseignement secondaire.<br \/>\nLes classes participeront \u00e0 une visite guid\u00e9e interactive, adapt\u00e9e \u00e0 l&#8217;\u00e2ge des participants, dans le cadre du parcours de l&#8217;exposition temporaire Le mars de Vivaldi, qui sera ouverte du 4 au 26 mars 2026 dans la Sala Juvarra*. Ensuite, les classes participeront \u00e0 l&#8217;atelier Il misterioso viaggio degli autografi vivaldiani (Le myst\u00e9rieux voyage des autographes de Vivaldi), qui explorera le th\u00e8me de l&#8217;histoire des collections Fo\u00e0 et Giordano, l&#8217;un des volets abord\u00e9s dans la sc\u00e9nographie de l&#8217;exposition. Les classes seront divis\u00e9es en \u00e9quipes de 5 \u00e0 10 participants, et chaque \u00e9quipe recevra une enveloppe contenant : une feuille de papier avec l&#8217;histoire des autographes de Vivaldi, dans laquelle certains \u00e9l\u00e9ments sont manquants et doivent \u00eatre compl\u00e9t\u00e9s en r\u00e9solvant de petites \u00e9nigmes ; le mat\u00e9riel n\u00e9cessaire pour r\u00e9soudre les \u00e9nigmes, comme une carte de l&#8217;Italie dans laquelle trouver les villes qui sont les protagonistes de l&#8217;histoire des manuscrits, quelques lettres de l&#8217;archive historique pr\u00e9sent\u00e9e dans l&#8217;exposition, et quelques d\u00e9fis similaires \u00e0 des jeux d&#8217;\u00e9nigmes. Afin d&#8217;expliquer certains concepts cl\u00e9s de l&#8217;histoire, tels que les &#8220;feuilles volantes&#8221; ou le &#8220;donateur&#8221;, et pour que les enfants puissent les emporter avec eux \u00e0 la fin de l&#8217;exp\u00e9rience, la feuille d&#8217;histoire contiendra quelques cases surlign\u00e9es avec des d\u00e9finitions et des id\u00e9es. L&#8217;activit\u00e9 stimulera le travail d&#8217;\u00e9quipe et l&#8217;apprentissage de connaissances li\u00e9es au monde de la musique \u00e9crite. \u00c0 la fin de l&#8217;atelier, les classes recevront un certificat de participation et pourront emporter l'&#8221;histoire de la collection&#8221; reconstitu\u00e9e.<br \/>\n*L&#8217;activit\u00e9 sera \u00e9galement disponible apr\u00e8s les dates indiqu\u00e9es, la visite de l&#8217;exposition sera remplac\u00e9e par une introduction au sujet avec la visualisation de quelques manuscrits de Vivaldi.<\/p>\n<p>&nbsp;<\/p>\n<p><strong>Comment se fabrique un livre &#8211; \u00e0 partir d&#8217;avril 2026<\/strong><br \/>\nAtelier pour toutes les classes de l&#8217;enseignement secondaire.<br \/>\nIntroduction historique interactive \u00e0 la Biblioth\u00e8que et \u00e0 ses collections, adapt\u00e9e \u00e0 l&#8217;\u00e2ge des participants. \u00c9tude approfondie de l&#8217;histoire du livre : du manuscrit au livre imprim\u00e9 moderne. Quiz final en \u00e9quipe et activit\u00e9 de copie d&#8217;une page d&#8217;un manuscrit du fonds de la Biblioth\u00e8que. \u00c0 la fin de l&#8217;atelier, les classes recevront un certificat de participation et chaque participant pourra emporter sa propre copie du manuscrit.[\/custom_accordion]<\/div><\/div><\/div><\/div><\/div><\/div><\/section>\n","protected":false},"excerpt":{"rendered":"La Biblioth\u00e8que nationale universitaire de Turin organise des ateliers \u00e9ducatifs pour les classes d&#8217;\u00e9coles primaires et secondaires accompagn\u00e9es d&#8217;enseignants. Les ateliers permettent de d\u00e9couvrir la biblioth\u00e8que, son histoire et son patrimoine, en combinant diff\u00e9rentes m\u00e9thodes d&#8217;apprentissage : visites guid\u00e9es interactives des collections, ateliers cr\u00e9atifs et consolidation des connaissances par le biais de jeux\/quiz. Deux dates...","protected":false},"author":19,"featured_media":0,"parent":0,"menu_order":2,"comment_status":"closed","ping_status":"closed","template":"","meta":{"_acf_changed":false,"footnotes":""},"category_page":[91],"class_list":["post-8825","page","type-page","status-publish","hentry","category_page-servizi-educativi"],"acf":[],"yoast_head":"<!-- This site is optimized with the Yoast SEO plugin v27.5 - https:\/\/yoast.com\/product\/yoast-seo-wordpress\/ -->\n<title>Didactique pour les \u00e9coles | Biblioteca Nazionale Universitaria di Torino<\/title>\n<meta name=\"robots\" content=\"index, follow, max-snippet:-1, max-image-preview:large, max-video-preview:-1\" \/>\n<link rel=\"canonical\" href=\"https:\/\/bnuto.cultura.gov.it\/fr\/didactique-pour-les-ecoles\/\" \/>\n<meta property=\"og:locale\" content=\"fr_FR\" \/>\n<meta property=\"og:type\" content=\"article\" \/>\n<meta property=\"og:title\" content=\"Didactique pour les \u00e9coles | Biblioteca Nazionale Universitaria di Torino\" \/>\n<meta property=\"og:url\" content=\"https:\/\/bnuto.cultura.gov.it\/fr\/didactique-pour-les-ecoles\/\" \/>\n<meta property=\"og:site_name\" content=\"Biblioteca Nazionale Universitaria di Torino\" \/>\n<meta property=\"article:modified_time\" content=\"2026-02-17T14:24:38+00:00\" \/>\n<meta name=\"twitter:card\" content=\"summary_large_image\" \/>\n<meta name=\"twitter:label1\" content=\"Est. reading time\" \/>\n\t<meta name=\"twitter:data1\" content=\"7 minutes\" \/>\n<script type=\"application\/ld+json\" class=\"yoast-schema-graph\">{\"@context\":\"https:\\\/\\\/schema.org\",\"@graph\":[{\"@type\":\"WebPage\",\"@id\":\"https:\\\/\\\/bnuto.cultura.gov.it\\\/fr\\\/didactique-pour-les-ecoles\\\/\",\"url\":\"https:\\\/\\\/bnuto.cultura.gov.it\\\/fr\\\/didactique-pour-les-ecoles\\\/\",\"name\":\"Didactique pour les \u00e9coles | Biblioteca Nazionale Universitaria di Torino\",\"isPartOf\":{\"@id\":\"https:\\\/\\\/bnuto.cultura.gov.it\\\/fr\\\/#website\"},\"datePublished\":\"2025-10-03T09:41:54+00:00\",\"dateModified\":\"2026-02-17T14:24:38+00:00\",\"breadcrumb\":{\"@id\":\"https:\\\/\\\/bnuto.cultura.gov.it\\\/fr\\\/didactique-pour-les-ecoles\\\/#breadcrumb\"},\"inLanguage\":\"fr-FR\",\"potentialAction\":[{\"@type\":\"ReadAction\",\"target\":[\"https:\\\/\\\/bnuto.cultura.gov.it\\\/fr\\\/didactique-pour-les-ecoles\\\/\"]}]},{\"@type\":\"BreadcrumbList\",\"@id\":\"https:\\\/\\\/bnuto.cultura.gov.it\\\/fr\\\/didactique-pour-les-ecoles\\\/#breadcrumb\",\"itemListElement\":[{\"@type\":\"ListItem\",\"position\":1,\"name\":\"Home\",\"item\":\"https:\\\/\\\/bnuto.cultura.gov.it\\\/fr\\\/\"},{\"@type\":\"ListItem\",\"position\":2,\"name\":\"Didactique pour les \u00e9coles\"}]},{\"@type\":\"WebSite\",\"@id\":\"https:\\\/\\\/bnuto.cultura.gov.it\\\/fr\\\/#website\",\"url\":\"https:\\\/\\\/bnuto.cultura.gov.it\\\/fr\\\/\",\"name\":\"Biblioteca Nazionale Universitaria di Torino\",\"description\":\"Un nuovo sito targato WordPress\",\"publisher\":{\"@id\":\"https:\\\/\\\/bnuto.cultura.gov.it\\\/fr\\\/#organization\"},\"potentialAction\":[{\"@type\":\"SearchAction\",\"target\":{\"@type\":\"EntryPoint\",\"urlTemplate\":\"https:\\\/\\\/bnuto.cultura.gov.it\\\/fr\\\/?s={search_term_string}\"},\"query-input\":{\"@type\":\"PropertyValueSpecification\",\"valueRequired\":true,\"valueName\":\"search_term_string\"}}],\"inLanguage\":\"fr-FR\"},{\"@type\":\"Organization\",\"@id\":\"https:\\\/\\\/bnuto.cultura.gov.it\\\/fr\\\/#organization\",\"name\":\"Biblioteca Nazionale Universitaria di Torino\",\"url\":\"https:\\\/\\\/bnuto.cultura.gov.it\\\/fr\\\/\",\"logo\":{\"@type\":\"ImageObject\",\"inLanguage\":\"fr-FR\",\"@id\":\"https:\\\/\\\/bnuto.cultura.gov.it\\\/fr\\\/#\\\/schema\\\/logo\\\/image\\\/\",\"url\":\"https:\\\/\\\/bnuto.cultura.gov.it\\\/wp-content\\\/uploads\\\/2022\\\/10\\\/logo-biblioteca-nazionale-nero.png\",\"contentUrl\":\"https:\\\/\\\/bnuto.cultura.gov.it\\\/wp-content\\\/uploads\\\/2022\\\/10\\\/logo-biblioteca-nazionale-nero.png\",\"width\":70,\"height\":77,\"caption\":\"Biblioteca Nazionale Universitaria di Torino\"},\"image\":{\"@id\":\"https:\\\/\\\/bnuto.cultura.gov.it\\\/fr\\\/#\\\/schema\\\/logo\\\/image\\\/\"}}]}<\/script>\n<!-- \/ Yoast SEO plugin. -->","yoast_head_json":{"title":"Didactique pour les \u00e9coles | Biblioteca Nazionale Universitaria di Torino","robots":{"index":"index","follow":"follow","max-snippet":"max-snippet:-1","max-image-preview":"max-image-preview:large","max-video-preview":"max-video-preview:-1"},"canonical":"https:\/\/bnuto.cultura.gov.it\/fr\/didactique-pour-les-ecoles\/","og_locale":"fr_FR","og_type":"article","og_title":"Didactique pour les \u00e9coles | Biblioteca Nazionale Universitaria di Torino","og_url":"https:\/\/bnuto.cultura.gov.it\/fr\/didactique-pour-les-ecoles\/","og_site_name":"Biblioteca Nazionale Universitaria di Torino","article_modified_time":"2026-02-17T14:24:38+00:00","twitter_card":"summary_large_image","twitter_misc":{"Est. reading time":"7 minutes"},"schema":{"@context":"https:\/\/schema.org","@graph":[{"@type":"WebPage","@id":"https:\/\/bnuto.cultura.gov.it\/fr\/didactique-pour-les-ecoles\/","url":"https:\/\/bnuto.cultura.gov.it\/fr\/didactique-pour-les-ecoles\/","name":"Didactique pour les \u00e9coles | Biblioteca Nazionale Universitaria di Torino","isPartOf":{"@id":"https:\/\/bnuto.cultura.gov.it\/fr\/#website"},"datePublished":"2025-10-03T09:41:54+00:00","dateModified":"2026-02-17T14:24:38+00:00","breadcrumb":{"@id":"https:\/\/bnuto.cultura.gov.it\/fr\/didactique-pour-les-ecoles\/#breadcrumb"},"inLanguage":"fr-FR","potentialAction":[{"@type":"ReadAction","target":["https:\/\/bnuto.cultura.gov.it\/fr\/didactique-pour-les-ecoles\/"]}]},{"@type":"BreadcrumbList","@id":"https:\/\/bnuto.cultura.gov.it\/fr\/didactique-pour-les-ecoles\/#breadcrumb","itemListElement":[{"@type":"ListItem","position":1,"name":"Home","item":"https:\/\/bnuto.cultura.gov.it\/fr\/"},{"@type":"ListItem","position":2,"name":"Didactique pour les \u00e9coles"}]},{"@type":"WebSite","@id":"https:\/\/bnuto.cultura.gov.it\/fr\/#website","url":"https:\/\/bnuto.cultura.gov.it\/fr\/","name":"Biblioteca Nazionale Universitaria di Torino","description":"Un nuovo sito targato WordPress","publisher":{"@id":"https:\/\/bnuto.cultura.gov.it\/fr\/#organization"},"potentialAction":[{"@type":"SearchAction","target":{"@type":"EntryPoint","urlTemplate":"https:\/\/bnuto.cultura.gov.it\/fr\/?s={search_term_string}"},"query-input":{"@type":"PropertyValueSpecification","valueRequired":true,"valueName":"search_term_string"}}],"inLanguage":"fr-FR"},{"@type":"Organization","@id":"https:\/\/bnuto.cultura.gov.it\/fr\/#organization","name":"Biblioteca Nazionale Universitaria di Torino","url":"https:\/\/bnuto.cultura.gov.it\/fr\/","logo":{"@type":"ImageObject","inLanguage":"fr-FR","@id":"https:\/\/bnuto.cultura.gov.it\/fr\/#\/schema\/logo\/image\/","url":"https:\/\/bnuto.cultura.gov.it\/wp-content\/uploads\/2022\/10\/logo-biblioteca-nazionale-nero.png","contentUrl":"https:\/\/bnuto.cultura.gov.it\/wp-content\/uploads\/2022\/10\/logo-biblioteca-nazionale-nero.png","width":70,"height":77,"caption":"Biblioteca Nazionale Universitaria di Torino"},"image":{"@id":"https:\/\/bnuto.cultura.gov.it\/fr\/#\/schema\/logo\/image\/"}}]}},"_links":{"self":[{"href":"https:\/\/bnuto.cultura.gov.it\/fr\/wp-json\/wp\/v2\/pages\/8825","targetHints":{"allow":["GET"]}}],"collection":[{"href":"https:\/\/bnuto.cultura.gov.it\/fr\/wp-json\/wp\/v2\/pages"}],"about":[{"href":"https:\/\/bnuto.cultura.gov.it\/fr\/wp-json\/wp\/v2\/types\/page"}],"author":[{"embeddable":true,"href":"https:\/\/bnuto.cultura.gov.it\/fr\/wp-json\/wp\/v2\/users\/19"}],"replies":[{"embeddable":true,"href":"https:\/\/bnuto.cultura.gov.it\/fr\/wp-json\/wp\/v2\/comments?post=8825"}],"version-history":[{"count":6,"href":"https:\/\/bnuto.cultura.gov.it\/fr\/wp-json\/wp\/v2\/pages\/8825\/revisions"}],"predecessor-version":[{"id":9532,"href":"https:\/\/bnuto.cultura.gov.it\/fr\/wp-json\/wp\/v2\/pages\/8825\/revisions\/9532"}],"wp:attachment":[{"href":"https:\/\/bnuto.cultura.gov.it\/fr\/wp-json\/wp\/v2\/media?parent=8825"}],"wp:term":[{"taxonomy":"category_page","embeddable":true,"href":"https:\/\/bnuto.cultura.gov.it\/fr\/wp-json\/wp\/v2\/category_page?post=8825"}],"curies":[{"name":"wp","href":"https:\/\/api.w.org\/{rel}","templated":true}]}}