{"id":8879,"date":"2025-10-03T11:43:43","date_gmt":"2025-10-03T09:43:43","guid":{"rendered":"https:\/\/bnuto.cultura.gov.it\/activites-pour-les-enfants-et-les-familles\/"},"modified":"2026-02-17T15:26:28","modified_gmt":"2026-02-17T14:26:28","slug":"activites-pour-les-enfants-et-les-familles","status":"publish","type":"page","link":"https:\/\/bnuto.cultura.gov.it\/fr\/activites-pour-les-enfants-et-les-familles\/","title":{"rendered":"Activit\u00e9s pour les enfants et les familles"},"content":{"rendered":"<section class=\"l-section wpb_row height_auto\"><div class=\"l-section-h i-cf\"><div class=\"g-cols vc_row via_flex valign_top type_default stacking_default\"><div class=\"vc_col-sm-12 wpb_column vc_column_container\"><div class=\"vc_column-inner\"><div class=\"wpb_wrapper\"><div class=\"wpb_text_column us_custom_2dbf7b3f\"><div class=\"wpb_wrapper\"><p>La Biblioth\u00e8que nationale universitaire de Turin propose des visites de d\u00e9couverte de ses collections pour les enfants et les familles. Pour apprendre ensemble en jouant.<\/p>\n<p>Les offres suivantes sont propos\u00e9es :<br \/>\n&#8211; <u>ateliers th\u00e9matiques pour les familles \u00e0<\/u> l&#8217;occasion des ouvertures sp\u00e9ciales de l&#8217;institut, o\u00f9 enfants et parents peuvent s&#8217;amuser ensemble et apprendre dans le cadre d&#8217;activit\u00e9s anim\u00e9es par le personnel de la biblioth\u00e8que.<br \/>\n&#8211; <u>parcours \u00e9ducatifs li\u00e9s aux<\/u> expositions temporaires et permanentes, accessibles gratuitement aux familles qui visitent les salles d&#8217;exposition pendant les heures d&#8217;ouverture de l&#8217;institut.<\/p>\n<\/div><\/div><div class=\"w-vwrapper us_custom_2e146df7 align_none valign_top\"><div class=\"wpb_text_column intestazione-accordion\"><div class=\"wpb_wrapper\"><p>Offre 2026<\/p>\n<\/div><\/div>[custom_accordion button_text=&#8221;ATELIERS FAMILIAUX&#8221; el_class=&#8221;accordion-servizi-educativi&#8221; title=&#8221;Le origini&#8221;]Ateliers cr\u00e9atifs destin\u00e9s aux enfants de 3 \u00e0 11 ans accompagn\u00e9s de leurs parents.<br \/>\nA la fin de l&#8217;activit\u00e9, chaque enfant recevra un certificat de participation.<br \/>\nLes r\u00e9servations sont obligatoires sur <a href=\"mailto:bu-to.didattica@cultura.gov.it\">bu-to.didattica@cultura.gov.it<\/a>.<\/p>\n<p>&nbsp;<\/p>\n<p><strong>Prochaine date disponible : 21 mars 2026 &#8211; 10h30 \u00e0 12h30<\/strong><br \/>\n<strong>Emozioni in musica<\/strong><br \/>\nAtelier pour les familles \u00e0 l&#8217;occasion de l&#8217;inauguration sp\u00e9ciale du samedi 21 mars.<br \/>\nLes enfants suivront une visite guid\u00e9e interactive \u00e0 l&#8217;int\u00e9rieur de l&#8217;exposition temporaire Marzo di Vivaldi, qui sera ouverte du 4 au 26 mars 2026 dans la Sala Juvarra. Ils participeront ensuite \u00e0 l&#8217;atelier musical Emozioni in musica, au cours duquel ils d\u00e9couvriront comment un morceau de Vivaldi peut \u00e9voquer des saisons, des couleurs, des sentiments et des situations. Ils seront ensuite invit\u00e9s \u00e0 dessiner leur propre histoire inspir\u00e9e par le morceau. \u00c0 la fin de l&#8217;atelier, chaque enfant pourra emporter son propre &#8220;tableau des \u00e9motions en musique&#8221;.[\/custom_accordion][custom_accordion button_text=&#8221;DES PARCOURS P\u00c9DAGOGIQUES LI\u00c9S AUX EXPOSITIONS&#8221; el_class=&#8221;accordion-servizi-educativi&#8221; title=&#8221;Le origini&#8221;]Itin\u00e9raires mis \u00e0 la disposition de toutes les familles qui visitent les expositions temporaires et permanentes de la Biblioth\u00e8que pour un usage autonome. Con\u00e7us pour rendre les expositions destin\u00e9es principalement aux adultes accessibles et int\u00e9ressantes pour les enfants \u00e9galement.<\/p>\n<p>&nbsp;<\/p>\n<p><strong>Salle Regina Margherita &#8211; permanente<\/strong><br \/>\nParcours p\u00e9dagogique de l&#8217;exposition permanente Regina Margherita sous la forme d&#8217;une carte de jeu accompagnant la visite de la collection.<br \/>\nLes cartes seront distribu\u00e9es au bureau d&#8217;accueil aux familles visitant l&#8217;exposition.<\/p>\n<p>&nbsp;<\/p>\n<p><strong>Nota Bene ! &#8211; du 4 au 26 mars 2026<\/strong><br \/>\nParcours \u00e9ducatif familial li\u00e9 \u00e0 l&#8217;exposition temporaire Marzo di Vivaldi.<\/p>\n<p>La visite propose un parcours \u00e0 travers les vitrines en suivant des l\u00e9gendes con\u00e7ues pour les plus jeunes, qui pr\u00e9sentent la figure de Vivaldi et les th\u00e8mes de l&#8217;exposition d&#8217;une mani\u00e8re adapt\u00e9e aux enfants. Pour conclure, petits et grands pourront s&#8217;essayer \u00e0 des jeux interactifs.[\/custom_accordion]<\/div><div class=\"w-grid us_post_list us_custom_50cc7d67 eventi-futuri type_grid layout_528 cols_1 preload_style_spinner\" id=\"us_post_list_a976\" style=\"--columns:1;--gap:1.5rem;\"><style>.layout_528 .w-grid-item-h{}.layout_528 .usg_post_image_1{width:165px!important}.layout_528 .usg_post_custom_field_1{color:#00496F!important;font-weight:700!important;margin:10px 10px 0px 10px!important}.layout_528 .usg_post_taxonomy_1{margin:0px 10px 10px 10px!important}.layout_528 .usg_post_title_1{color:#00496F!important;font-size:22px!important;line-height:28px!important;font-weight:800!important;margin:20px 20px 10px 10px!important}.layout_528 .usg_post_custom_field_4{font-weight:700!important;margin:10px 10px 0px 10px!important}<\/style><div class=\"w-grid-list\">\t<article class=\"w-grid-item size_1x1 post-10586 eventi-e-news type-eventi-e-news status-publish has-post-thumbnail hentry categories_event-attivita-per-bambini-e-famiglie categories_event-visite-guidate-e-laboratori\" data-id=\"10586\">\r\n\t\t<div class=\"w-grid-item-h\">\r\n\t\t\t\t\t\t<div class=\"w-hwrapper usg_hwrapper_2 grid-card-eventi align_none valign_top has-link\"><div class=\"w-post-elm post_image usg_post_image_1 has_width\"><img loading=\"lazy\" decoding=\"async\" width=\"1810\" height=\"2560\" src=\"https:\/\/bnuto.cultura.gov.it\/wp-content\/uploads\/2026\/04\/laboratorio_22_maggio-scaled.jpg\" class=\"attachment-full size-full wp-post-image\" alt=\"\" srcset=\"https:\/\/bnuto.cultura.gov.it\/wp-content\/uploads\/2026\/04\/laboratorio_22_maggio-scaled.jpg 1810w, https:\/\/bnuto.cultura.gov.it\/wp-content\/uploads\/2026\/04\/laboratorio_22_maggio-212x300.jpg 212w, https:\/\/bnuto.cultura.gov.it\/wp-content\/uploads\/2026\/04\/laboratorio_22_maggio-724x1024.jpg 724w, https:\/\/bnuto.cultura.gov.it\/wp-content\/uploads\/2026\/04\/laboratorio_22_maggio-318x450.jpg 318w\" sizes=\"auto, (max-width: 1810px) 100vw, 1810px\" \/><\/div><div class=\"w-vwrapper usg_vwrapper_1 align_none valign_top\" style=\"--vwrapper-gap:1.2rem\"><h3 class=\"w-post-elm post_title usg_post_title_1 has_text_color entry-title color_link_inherit\">Giro del mondo fra le pagine: in viaggio sfogliando il patrimonio della Biblioteca Nazionale Universitaria di Torino<\/h3><div class=\"w-post-elm post_taxonomy usg_post_taxonomy_1 category-eventi style_simple color_link_inherit\"><span class=\"term-139 term-attivita-per-bambini-e-famiglie\">Attivit\u00e0 per bambini e famiglie<\/span><b>, <\/b><span class=\"term-138 term-visite-guidate-e-laboratori\">Visite guidate e laboratori<\/span><\/div><div class=\"w-post-elm post_custom_field usg_post_custom_field_1 has_text_color type_text data-inizio-evento color_link_inherit\"><span class=\"w-post-elm-value\">22 May 2026<\/span><\/div><div class=\"w-post-elm post_custom_field usg_post_custom_field_4 type_text data-fine-evento color_link_inherit\"><span class=\"w-post-elm-value\"><\/span><\/div><\/div><a href=\"https:\/\/bnuto.cultura.gov.it\/fr\/evenements-et-actualites\/giro-del-mondo-fra-le-pagine-in-viaggio-sfogliando-il-patrimonio-della-biblioteca-nazionale-universitaria-di-torino\/\" class=\"w-vwrapper-link smooth-scroll\" aria-label=\"Link\"><\/a><\/div>\t\t<\/div>\r\n\t\t\t<\/article>\r\n\t<article class=\"w-grid-item size_1x1 post-10401 eventi-e-news type-eventi-e-news status-publish has-post-thumbnail hentry categories_event-attivita-per-bambini-e-famiglie categories_event-visite-guidate-e-laboratori\" data-id=\"10401\">\r\n\t\t<div class=\"w-grid-item-h\">\r\n\t\t\t\t\t\t<div class=\"w-hwrapper usg_hwrapper_2 grid-card-eventi align_none valign_top has-link\"><div class=\"w-post-elm post_image usg_post_image_1 has_width\"><img loading=\"lazy\" decoding=\"async\" width=\"1810\" height=\"2560\" src=\"https:\/\/bnuto.cultura.gov.it\/wp-content\/uploads\/2026\/04\/laboratorio_11_aprile_2026-2-scaled.jpg\" class=\"attachment-full size-full wp-post-image\" alt=\"\" srcset=\"https:\/\/bnuto.cultura.gov.it\/wp-content\/uploads\/2026\/04\/laboratorio_11_aprile_2026-2-scaled.jpg 1810w, https:\/\/bnuto.cultura.gov.it\/wp-content\/uploads\/2026\/04\/laboratorio_11_aprile_2026-2-212x300.jpg 212w, https:\/\/bnuto.cultura.gov.it\/wp-content\/uploads\/2026\/04\/laboratorio_11_aprile_2026-2-724x1024.jpg 724w, https:\/\/bnuto.cultura.gov.it\/wp-content\/uploads\/2026\/04\/laboratorio_11_aprile_2026-2-318x450.jpg 318w\" sizes=\"auto, (max-width: 1810px) 100vw, 1810px\" \/><\/div><div class=\"w-vwrapper usg_vwrapper_1 align_none valign_top\" style=\"--vwrapper-gap:1.2rem\"><h3 class=\"w-post-elm post_title usg_post_title_1 has_text_color entry-title color_link_inherit\">In viaggio tra sogno e realt\u00e0<\/h3><div class=\"w-post-elm post_taxonomy usg_post_taxonomy_1 category-eventi style_simple color_link_inherit\"><span class=\"term-139 term-attivita-per-bambini-e-famiglie\">Attivit\u00e0 per bambini e famiglie<\/span><b>, <\/b><span class=\"term-138 term-visite-guidate-e-laboratori\">Visite guidate e laboratori<\/span><\/div><div class=\"w-post-elm post_custom_field usg_post_custom_field_1 has_text_color type_text data-inizio-evento color_link_inherit\"><span class=\"w-post-elm-value\">11 April 2026<\/span><\/div><div class=\"w-post-elm post_custom_field usg_post_custom_field_4 type_text data-fine-evento color_link_inherit\"><span class=\"w-post-elm-value\"><\/span><\/div><\/div><a href=\"https:\/\/bnuto.cultura.gov.it\/fr\/evenements-et-actualites\/in-viaggio-tra-sogno-e-realta\/\" class=\"w-vwrapper-link smooth-scroll\" aria-label=\"Link\"><\/a><\/div>\t\t<\/div>\r\n\t\t\t<\/article>\r\n\t<article class=\"w-grid-item size_1x1 post-10275 eventi-e-news type-eventi-e-news status-publish has-post-thumbnail hentry categories_event-attivita-per-bambini-e-famiglie categories_event-visite-guidate-e-laboratori\" data-id=\"10275\">\r\n\t\t<div class=\"w-grid-item-h\">\r\n\t\t\t\t\t\t<div class=\"w-hwrapper usg_hwrapper_2 grid-card-eventi align_none valign_top has-link\"><div class=\"w-post-elm post_image usg_post_image_1 has_width\"><img loading=\"lazy\" decoding=\"async\" width=\"1810\" height=\"2560\" src=\"https:\/\/bnuto.cultura.gov.it\/wp-content\/uploads\/2026\/03\/locandina_def-5-scaled.jpg\" class=\"attachment-full size-full wp-post-image\" alt=\"\" srcset=\"https:\/\/bnuto.cultura.gov.it\/wp-content\/uploads\/2026\/03\/locandina_def-5-scaled.jpg 1810w, https:\/\/bnuto.cultura.gov.it\/wp-content\/uploads\/2026\/03\/locandina_def-5-212x300.jpg 212w, https:\/\/bnuto.cultura.gov.it\/wp-content\/uploads\/2026\/03\/locandina_def-5-724x1024.jpg 724w, https:\/\/bnuto.cultura.gov.it\/wp-content\/uploads\/2026\/03\/locandina_def-5-318x450.jpg 318w\" sizes=\"auto, (max-width: 1810px) 100vw, 1810px\" \/><\/div><div class=\"w-vwrapper usg_vwrapper_1 align_none valign_top\" style=\"--vwrapper-gap:1.2rem\"><h3 class=\"w-post-elm post_title usg_post_title_1 has_text_color entry-title color_link_inherit\">Emozioni in Musica<\/h3><div class=\"w-post-elm post_taxonomy usg_post_taxonomy_1 category-eventi style_simple color_link_inherit\"><span class=\"term-139 term-attivita-per-bambini-e-famiglie\">Attivit\u00e0 per bambini e famiglie<\/span><b>, <\/b><span class=\"term-138 term-visite-guidate-e-laboratori\">Visite guidate e laboratori<\/span><\/div><div class=\"w-post-elm post_custom_field usg_post_custom_field_1 has_text_color type_text data-inizio-evento color_link_inherit\"><span class=\"w-post-elm-value\">21 March 2026<\/span><\/div><div class=\"w-post-elm post_custom_field usg_post_custom_field_4 type_text data-fine-evento color_link_inherit\"><span class=\"w-post-elm-value\"><\/span><\/div><\/div><a href=\"https:\/\/bnuto.cultura.gov.it\/fr\/evenements-et-actualites\/emozioni-in-musica\/\" class=\"w-vwrapper-link smooth-scroll\" aria-label=\"Link\"><\/a><\/div>\t\t<\/div>\r\n\t\t\t<\/article>\r\n\t<article class=\"w-grid-item size_1x1 post-6367 eventi-e-news type-eventi-e-news status-publish has-post-thumbnail hentry categories_event-attivita-per-bambini-e-famiglie categories_event-visite-guidate-e-laboratori\" data-id=\"6367\">\r\n\t\t<div class=\"w-grid-item-h\">\r\n\t\t\t\t\t\t<div class=\"w-hwrapper usg_hwrapper_2 grid-card-eventi align_none valign_top has-link\"><div class=\"w-post-elm post_image usg_post_image_1 has_width\"><img loading=\"lazy\" decoding=\"async\" width=\"1792\" height=\"2560\" src=\"https:\/\/bnuto.cultura.gov.it\/wp-content\/uploads\/2025\/10\/DEF_locandina_2nov-scaled.jpg\" class=\"attachment-full size-full wp-post-image\" alt=\"Locandina apertura straordinaria 2 novembre 2025\" srcset=\"https:\/\/bnuto.cultura.gov.it\/wp-content\/uploads\/2025\/10\/DEF_locandina_2nov-scaled.jpg 1792w, https:\/\/bnuto.cultura.gov.it\/wp-content\/uploads\/2025\/10\/DEF_locandina_2nov-210x300.jpg 210w, https:\/\/bnuto.cultura.gov.it\/wp-content\/uploads\/2025\/10\/DEF_locandina_2nov-717x1024.jpg 717w, https:\/\/bnuto.cultura.gov.it\/wp-content\/uploads\/2025\/10\/DEF_locandina_2nov-315x450.jpg 315w\" sizes=\"auto, (max-width: 1792px) 100vw, 1792px\" \/><\/div><div class=\"w-vwrapper usg_vwrapper_1 align_none valign_top\" style=\"--vwrapper-gap:1.2rem\"><h3 class=\"w-post-elm post_title usg_post_title_1 has_text_color entry-title color_link_inherit\">Apertura straordinaria 2 novembre 2025<\/h3><div class=\"w-post-elm post_taxonomy usg_post_taxonomy_1 category-eventi style_simple color_link_inherit\"><span class=\"term-139 term-attivita-per-bambini-e-famiglie\">Attivit\u00e0 per bambini e famiglie<\/span><b>, <\/b><span class=\"term-138 term-visite-guidate-e-laboratori\">Visite guidate e laboratori<\/span><\/div><div class=\"w-post-elm post_custom_field usg_post_custom_field_1 has_text_color type_text data-inizio-evento color_link_inherit\"><span class=\"w-post-elm-value\">2 November 2025<\/span><\/div><div class=\"w-post-elm post_custom_field usg_post_custom_field_4 type_text data-fine-evento color_link_inherit\"><span class=\"w-post-elm-value\"><\/span><\/div><\/div><a href=\"https:\/\/bnuto.cultura.gov.it\/fr\/evenements-et-actualites\/apertura-straordinaria-2-novembre-2025\/\" class=\"w-vwrapper-link smooth-scroll\" aria-label=\"Link\"><\/a><\/div>\t\t<\/div>\r\n\t\t\t<\/article>\r\n<\/div><div class=\"g-loadmore hidden\"><div class=\"g-preloader type_1\"><div><\/div><\/div><\/div><div class=\"w-grid-list-json hidden\" onclick='return {&quot;max_num_pages&quot;:0,&quot;paginationBase&quot;:&quot;page&quot;,&quot;pagination&quot;:&quot;none&quot;,&quot;paged&quot;:1,&quot;ajaxData&quot;:{&quot;action&quot;:&quot;us_ajax_post_list&quot;,&quot;meta_type&quot;:&quot;post&quot;,&quot;object_id&quot;:0,&quot;template_vars&quot;:{&quot;shortcode_base&quot;:&quot;us_post_list&quot;,&quot;paged&quot;:1,&quot;max_num_pages&quot;:0,&quot;no_results&quot;:false,&quot;us_post_content_design_css&quot;:[],&quot;found_posts&quot;:0,&quot;per_page&quot;:999,&quot;items_count&quot;:4,&quot;orderby_random_seed&quot;:null,&quot;source&quot;:&quot;all&quot;,&quot;custom_field_name&quot;:&quot;&quot;,&quot;ids&quot;:&quot;&quot;,&quot;post_type&quot;:&quot;eventi-e-news&quot;,&quot;attachment_ids&quot;:null,&quot;include_post_thumbnail&quot;:0,&quot;post_author&quot;:&quot;any&quot;,&quot;post_author_ids&quot;:&quot;&quot;,&quot;apply_url_params&quot;:0,&quot;ignore_sticky_posts&quot;:1,&quot;exclude_children&quot;:0,&quot;exclude_current_post&quot;:&quot;0&quot;,&quot;exclude_prev_posts&quot;:0,&quot;exclude_past_events&quot;:0,&quot;enable_items_offset&quot;:0,&quot;items_offset&quot;:&quot;1&quot;,&quot;tax_query_relation&quot;:&quot;AND&quot;,&quot;tax_query&quot;:&quot;%5B%7B%22operator%22%3A%22IN%22%2C%22taxonomy%22%3A%22categories_event%22%2C%22terms%22%3A%22139%22%2C%22include_children%22%3A%220%22%7D%5D&quot;,&quot;meta_query_relation&quot;:&quot;none&quot;,&quot;meta_query&quot;:[{&quot;key&quot;:&quot;custom_field_name&quot;,&quot;compare&quot;:&quot;=&quot;,&quot;value&quot;:&quot;&quot;}],&quot;orderby&quot;:&quot;data-inizio-evento&quot;,&quot;orderby_custom_field&quot;:&quot;&quot;,&quot;orderby_custom_type&quot;:0,&quot;order_invert&quot;:&quot;1&quot;,&quot;show_all&quot;:&quot;1&quot;,&quot;quantity&quot;:&quot;12&quot;,&quot;posts_per_archive_page&quot;:0,&quot;no_items_action&quot;:&quot;message&quot;,&quot;no_items_message&quot;:&quot;No results found.&quot;,&quot;no_items_page_block&quot;:&quot;&quot;,&quot;pagination&quot;:&quot;none&quot;,&quot;pagination_style&quot;:&quot;&quot;,&quot;pagination_btn_text&quot;:&quot;Charger plus&quot;,&quot;pagination_btn_size&quot;:&quot;&quot;,&quot;pagination_btn_style&quot;:&quot;1&quot;,&quot;pagination_btn_fullwidth&quot;:0,&quot;items_layout&quot;:&quot;528&quot;,&quot;type&quot;:&quot;grid&quot;,&quot;items_valign&quot;:0,&quot;ignore_items_size&quot;:0,&quot;columns&quot;:&quot;1&quot;,&quot;items_gap&quot;:&quot;1.5rem&quot;,&quot;load_animation&quot;:&quot;none&quot;,&quot;items_preload_style&quot;:&quot;spinner&quot;,&quot;img_size&quot;:&quot;default&quot;,&quot;title_size&quot;:&quot;&quot;,&quot;items_ratio&quot;:&quot;default&quot;,&quot;items_ratio_width&quot;:&quot;21&quot;,&quot;items_ratio_height&quot;:&quot;9&quot;,&quot;overriding_link&quot;:&quot;%7B%22url%22%3A%22%22%7D&quot;,&quot;popup_page_template&quot;:&quot;0&quot;,&quot;popup_width&quot;:&quot;&quot;,&quot;popup_arrows&quot;:1,&quot;breakpoint_1_width&quot;:&quot;1367px&quot;,&quot;breakpoint_1_cols&quot;:&quot;default&quot;,&quot;breakpoint_1_quantity&quot;:&quot;&quot;,&quot;breakpoint_1_gap&quot;:&quot;&quot;,&quot;breakpoint_2_width&quot;:&quot;1367px&quot;,&quot;breakpoint_2_cols&quot;:&quot;2&quot;,&quot;breakpoint_2_quantity&quot;:&quot;&quot;,&quot;breakpoint_2_gap&quot;:&quot;&quot;,&quot;breakpoint_3_width&quot;:&quot;992px&quot;,&quot;breakpoint_3_cols&quot;:&quot;1&quot;,&quot;breakpoint_3_quantity&quot;:&quot;&quot;,&quot;breakpoint_3_gap&quot;:&quot;&quot;,&quot;conditions_operator&quot;:&quot;always&quot;,&quot;conditions&quot;:[],&quot;css&quot;:&quot;%7B%22default%22%3A%7B%22margin-bottom%22%3A%2230px%22%7D%7D&quot;,&quot;el_class&quot;:&quot;eventi-futuri&quot;,&quot;el_id&quot;:&quot;&quot;,&quot;enable_custom_html_atts&quot;:0,&quot;custom_html_atts&quot;:null,&quot;hide_on_states&quot;:&quot;&quot;,&quot;hide_for_sticky&quot;:0,&quot;hide_for_not_sticky&quot;:0,&quot;hide_below&quot;:&quot;0px&quot;,&quot;hide_above&quot;:&quot;0px&quot;,&quot;classes&quot;:&quot; us_custom_50cc7d67 eventi-futuri&quot;,&quot;design_css_class&quot;:&quot;us_custom_50cc7d67&quot;},&quot;found_posts&quot;:0,&quot;per_page&quot;:999},&quot;facetedFilter&quot;:[]}'><\/div><\/div><\/div><\/div><\/div><\/div><\/div><\/section>\n","protected":false},"excerpt":{"rendered":"","protected":false},"author":19,"featured_media":0,"parent":0,"menu_order":1,"comment_status":"closed","ping_status":"closed","template":"","meta":{"_acf_changed":false,"footnotes":""},"category_page":[91],"class_list":["post-8879","page","type-page","status-publish","hentry","category_page-servizi-educativi"],"acf":[],"yoast_head":"<!-- This site is optimized with the Yoast SEO plugin v27.5 - https:\/\/yoast.com\/product\/yoast-seo-wordpress\/ -->\n<title>Activit\u00e9s pour les enfants et les familles | Biblioteca Nazionale Universitaria di Torino<\/title>\n<meta name=\"robots\" content=\"index, follow, max-snippet:-1, max-image-preview:large, max-video-preview:-1\" \/>\n<link rel=\"canonical\" href=\"https:\/\/bnuto.cultura.gov.it\/fr\/activites-pour-les-enfants-et-les-familles\/\" \/>\n<meta property=\"og:locale\" content=\"fr_FR\" \/>\n<meta property=\"og:type\" content=\"article\" \/>\n<meta property=\"og:title\" content=\"Activit\u00e9s pour les enfants et les familles | Biblioteca Nazionale Universitaria di Torino\" \/>\n<meta property=\"og:url\" content=\"https:\/\/bnuto.cultura.gov.it\/fr\/activites-pour-les-enfants-et-les-familles\/\" \/>\n<meta property=\"og:site_name\" content=\"Biblioteca Nazionale Universitaria di Torino\" \/>\n<meta property=\"article:modified_time\" content=\"2026-02-17T14:26:28+00:00\" \/>\n<meta name=\"twitter:card\" content=\"summary_large_image\" \/>\n<meta name=\"twitter:label1\" content=\"Est. reading time\" \/>\n\t<meta name=\"twitter:data1\" content=\"3 minutes\" \/>\n<script type=\"application\/ld+json\" class=\"yoast-schema-graph\">{\"@context\":\"https:\\\/\\\/schema.org\",\"@graph\":[{\"@type\":\"WebPage\",\"@id\":\"https:\\\/\\\/bnuto.cultura.gov.it\\\/fr\\\/activites-pour-les-enfants-et-les-familles\\\/\",\"url\":\"https:\\\/\\\/bnuto.cultura.gov.it\\\/fr\\\/activites-pour-les-enfants-et-les-familles\\\/\",\"name\":\"Activit\u00e9s pour les enfants et les familles | Biblioteca Nazionale Universitaria di Torino\",\"isPartOf\":{\"@id\":\"https:\\\/\\\/bnuto.cultura.gov.it\\\/fr\\\/#website\"},\"datePublished\":\"2025-10-03T09:43:43+00:00\",\"dateModified\":\"2026-02-17T14:26:28+00:00\",\"breadcrumb\":{\"@id\":\"https:\\\/\\\/bnuto.cultura.gov.it\\\/fr\\\/activites-pour-les-enfants-et-les-familles\\\/#breadcrumb\"},\"inLanguage\":\"fr-FR\",\"potentialAction\":[{\"@type\":\"ReadAction\",\"target\":[\"https:\\\/\\\/bnuto.cultura.gov.it\\\/fr\\\/activites-pour-les-enfants-et-les-familles\\\/\"]}]},{\"@type\":\"BreadcrumbList\",\"@id\":\"https:\\\/\\\/bnuto.cultura.gov.it\\\/fr\\\/activites-pour-les-enfants-et-les-familles\\\/#breadcrumb\",\"itemListElement\":[{\"@type\":\"ListItem\",\"position\":1,\"name\":\"Home\",\"item\":\"https:\\\/\\\/bnuto.cultura.gov.it\\\/fr\\\/\"},{\"@type\":\"ListItem\",\"position\":2,\"name\":\"Activit\u00e9s pour les enfants et les familles\"}]},{\"@type\":\"WebSite\",\"@id\":\"https:\\\/\\\/bnuto.cultura.gov.it\\\/fr\\\/#website\",\"url\":\"https:\\\/\\\/bnuto.cultura.gov.it\\\/fr\\\/\",\"name\":\"Biblioteca Nazionale Universitaria di Torino\",\"description\":\"Un nuovo sito targato WordPress\",\"publisher\":{\"@id\":\"https:\\\/\\\/bnuto.cultura.gov.it\\\/fr\\\/#organization\"},\"potentialAction\":[{\"@type\":\"SearchAction\",\"target\":{\"@type\":\"EntryPoint\",\"urlTemplate\":\"https:\\\/\\\/bnuto.cultura.gov.it\\\/fr\\\/?s={search_term_string}\"},\"query-input\":{\"@type\":\"PropertyValueSpecification\",\"valueRequired\":true,\"valueName\":\"search_term_string\"}}],\"inLanguage\":\"fr-FR\"},{\"@type\":\"Organization\",\"@id\":\"https:\\\/\\\/bnuto.cultura.gov.it\\\/fr\\\/#organization\",\"name\":\"Biblioteca Nazionale Universitaria di Torino\",\"url\":\"https:\\\/\\\/bnuto.cultura.gov.it\\\/fr\\\/\",\"logo\":{\"@type\":\"ImageObject\",\"inLanguage\":\"fr-FR\",\"@id\":\"https:\\\/\\\/bnuto.cultura.gov.it\\\/fr\\\/#\\\/schema\\\/logo\\\/image\\\/\",\"url\":\"https:\\\/\\\/bnuto.cultura.gov.it\\\/wp-content\\\/uploads\\\/2022\\\/10\\\/logo-biblioteca-nazionale-nero.png\",\"contentUrl\":\"https:\\\/\\\/bnuto.cultura.gov.it\\\/wp-content\\\/uploads\\\/2022\\\/10\\\/logo-biblioteca-nazionale-nero.png\",\"width\":70,\"height\":77,\"caption\":\"Biblioteca Nazionale Universitaria di Torino\"},\"image\":{\"@id\":\"https:\\\/\\\/bnuto.cultura.gov.it\\\/fr\\\/#\\\/schema\\\/logo\\\/image\\\/\"}}]}<\/script>\n<!-- \/ Yoast SEO plugin. -->","yoast_head_json":{"title":"Activit\u00e9s pour les enfants et les familles | Biblioteca Nazionale Universitaria di Torino","robots":{"index":"index","follow":"follow","max-snippet":"max-snippet:-1","max-image-preview":"max-image-preview:large","max-video-preview":"max-video-preview:-1"},"canonical":"https:\/\/bnuto.cultura.gov.it\/fr\/activites-pour-les-enfants-et-les-familles\/","og_locale":"fr_FR","og_type":"article","og_title":"Activit\u00e9s pour les enfants et les familles | Biblioteca Nazionale Universitaria di Torino","og_url":"https:\/\/bnuto.cultura.gov.it\/fr\/activites-pour-les-enfants-et-les-familles\/","og_site_name":"Biblioteca Nazionale Universitaria di Torino","article_modified_time":"2026-02-17T14:26:28+00:00","twitter_card":"summary_large_image","twitter_misc":{"Est. reading time":"3 minutes"},"schema":{"@context":"https:\/\/schema.org","@graph":[{"@type":"WebPage","@id":"https:\/\/bnuto.cultura.gov.it\/fr\/activites-pour-les-enfants-et-les-familles\/","url":"https:\/\/bnuto.cultura.gov.it\/fr\/activites-pour-les-enfants-et-les-familles\/","name":"Activit\u00e9s pour les enfants et les familles | Biblioteca Nazionale Universitaria di Torino","isPartOf":{"@id":"https:\/\/bnuto.cultura.gov.it\/fr\/#website"},"datePublished":"2025-10-03T09:43:43+00:00","dateModified":"2026-02-17T14:26:28+00:00","breadcrumb":{"@id":"https:\/\/bnuto.cultura.gov.it\/fr\/activites-pour-les-enfants-et-les-familles\/#breadcrumb"},"inLanguage":"fr-FR","potentialAction":[{"@type":"ReadAction","target":["https:\/\/bnuto.cultura.gov.it\/fr\/activites-pour-les-enfants-et-les-familles\/"]}]},{"@type":"BreadcrumbList","@id":"https:\/\/bnuto.cultura.gov.it\/fr\/activites-pour-les-enfants-et-les-familles\/#breadcrumb","itemListElement":[{"@type":"ListItem","position":1,"name":"Home","item":"https:\/\/bnuto.cultura.gov.it\/fr\/"},{"@type":"ListItem","position":2,"name":"Activit\u00e9s pour les enfants et les familles"}]},{"@type":"WebSite","@id":"https:\/\/bnuto.cultura.gov.it\/fr\/#website","url":"https:\/\/bnuto.cultura.gov.it\/fr\/","name":"Biblioteca Nazionale Universitaria di Torino","description":"Un nuovo sito targato WordPress","publisher":{"@id":"https:\/\/bnuto.cultura.gov.it\/fr\/#organization"},"potentialAction":[{"@type":"SearchAction","target":{"@type":"EntryPoint","urlTemplate":"https:\/\/bnuto.cultura.gov.it\/fr\/?s={search_term_string}"},"query-input":{"@type":"PropertyValueSpecification","valueRequired":true,"valueName":"search_term_string"}}],"inLanguage":"fr-FR"},{"@type":"Organization","@id":"https:\/\/bnuto.cultura.gov.it\/fr\/#organization","name":"Biblioteca Nazionale Universitaria di Torino","url":"https:\/\/bnuto.cultura.gov.it\/fr\/","logo":{"@type":"ImageObject","inLanguage":"fr-FR","@id":"https:\/\/bnuto.cultura.gov.it\/fr\/#\/schema\/logo\/image\/","url":"https:\/\/bnuto.cultura.gov.it\/wp-content\/uploads\/2022\/10\/logo-biblioteca-nazionale-nero.png","contentUrl":"https:\/\/bnuto.cultura.gov.it\/wp-content\/uploads\/2022\/10\/logo-biblioteca-nazionale-nero.png","width":70,"height":77,"caption":"Biblioteca Nazionale Universitaria di Torino"},"image":{"@id":"https:\/\/bnuto.cultura.gov.it\/fr\/#\/schema\/logo\/image\/"}}]}},"_links":{"self":[{"href":"https:\/\/bnuto.cultura.gov.it\/fr\/wp-json\/wp\/v2\/pages\/8879","targetHints":{"allow":["GET"]}}],"collection":[{"href":"https:\/\/bnuto.cultura.gov.it\/fr\/wp-json\/wp\/v2\/pages"}],"about":[{"href":"https:\/\/bnuto.cultura.gov.it\/fr\/wp-json\/wp\/v2\/types\/page"}],"author":[{"embeddable":true,"href":"https:\/\/bnuto.cultura.gov.it\/fr\/wp-json\/wp\/v2\/users\/19"}],"replies":[{"embeddable":true,"href":"https:\/\/bnuto.cultura.gov.it\/fr\/wp-json\/wp\/v2\/comments?post=8879"}],"version-history":[{"count":5,"href":"https:\/\/bnuto.cultura.gov.it\/fr\/wp-json\/wp\/v2\/pages\/8879\/revisions"}],"predecessor-version":[{"id":9535,"href":"https:\/\/bnuto.cultura.gov.it\/fr\/wp-json\/wp\/v2\/pages\/8879\/revisions\/9535"}],"wp:attachment":[{"href":"https:\/\/bnuto.cultura.gov.it\/fr\/wp-json\/wp\/v2\/media?parent=8879"}],"wp:term":[{"taxonomy":"category_page","embeddable":true,"href":"https:\/\/bnuto.cultura.gov.it\/fr\/wp-json\/wp\/v2\/category_page?post=8879"}],"curies":[{"name":"wp","href":"https:\/\/api.w.org\/{rel}","templated":true}]}}