{"id":9187,"date":"2022-10-26T19:30:44","date_gmt":"2022-10-26T17:30:44","guid":{"rendered":"https:\/\/bnuto.cultura.gov.it\/visitez-la-bibliotheque\/reception\/"},"modified":"2026-02-16T17:04:45","modified_gmt":"2026-02-16T16:04:45","slug":"reception","status":"publish","type":"page","link":"https:\/\/bnuto.cultura.gov.it\/fr\/visitez-la-bibliotheque\/reception\/","title":{"rendered":"R\u00e9ception"},"content":{"rendered":"<section class=\"l-section wpb_row height_auto\"><div class=\"l-section-h i-cf\"><div class=\"g-cols vc_row via_flex valign_top type_default stacking_default\"><div class=\"vc_col-sm-12 wpb_column vc_column_container\"><div class=\"vc_column-inner\"><div class=\"wpb_wrapper\"><div class=\"wpb_text_column\"><div class=\"wpb_wrapper\"><p><strong>Situation :<\/strong> rez-de-chauss\u00e9e.<\/p>\n<p><strong>Acc\u00e8s :<\/strong><br \/>\nL&#8217;entr\u00e9e est gratuite.<br \/>\nPour acc\u00e9der aux salles d&#8217;\u00e9tude, vous devez \u00eatre \u00e2g\u00e9 <strong>de 16 ans<\/strong> au moins et vous inscrire sur place ou sur le <span style=\"text-decoration: underline;\"><a href=\"https:\/\/bnto.comperio.it\/modulo-di-iscrizione-alla-biblioteca-nazionale-universitaria-di-torino\/\" target=\"_blank\" rel=\"noopener\"><strong>formulaire d&#8217;inscription<\/strong><\/a><\/span>. Une <span style=\"text-decoration: underline;\">pi\u00e8ce d&#8217;identit\u00e9<\/span> et une <span style=\"text-decoration: underline;\">carte de sant\u00e9<\/span> <span style=\"text-decoration: underline;\">en cours de validit\u00e9<\/span> sont n\u00e9cessaires pour l&#8217;inscription sur place, qui servira de badge pour entrer apr\u00e8s l&#8217;inscription. <strong>Les enfants de moins de 16 ans<\/strong> doivent \u00eatre accompagn\u00e9s d&#8217;un parent ou d&#8217;un tuteur qui autorise leur entr\u00e9e dans la biblioth\u00e8que.<br \/>\nLes r\u00e9sidents \u00e9trangers sans carte de sant\u00e9 recevront une carte provisoire.<br \/>\nLes utilisateurs qui se rendent dans les salles d&#8217;\u00e9tude sont tenus de d\u00e9poser leurs sacs, porte-documents, sacs \u00e0 dos, parapluies et autres objets similaires dans les casiers pr\u00e9vus \u00e0 cet effet \u00e0 l&#8217;entr\u00e9e.<br \/>\nLa zone de r\u00e9ception est \u00e9quip\u00e9e d&#8217;un monte-personne pour faciliter l&#8217;acc\u00e8s des utilisateurs handicap\u00e9s.<br \/>\n<strong>Il n&#8217;est pas n\u00e9cessaire de s&#8217;inscrire pour entrer dans les halls d&#8217;exposition et l&#8217;auditorium et il n&#8217;y a pas de limite d&#8217;\u00e2ge.<\/strong><\/p>\n<p><strong>Services :<\/strong><\/p>\n<p>Les volumes emprunt\u00e9s peuvent \u00eatre rendus \u00e0 la r\u00e9ception. Deux postes permettent de consulter le catalogue en ligne de la Biblioth\u00e8que. Le patrimoine bibliographique n&#8217;est pas enti\u00e8rement contenu dans le catalogue en ligne, une partie est accessible en consultant le catalogue imprim\u00e9 au 2\u00e8me \u00e9tage.<br \/>\nDes fiches explicatives sur l&#8217;histoire de la Biblioth\u00e8que et les expositions permanentes dans la salle Regina Margherita et dans la salle d&#8217;histoire Erminia Caudana sont disponibles au comptoir.<br \/>\nPour tous les usagers, des toilettes \u00e9quip\u00e9es \u00e9galement pour les personnes handicap\u00e9es sont situ\u00e9es \u00e0 l&#8217;\u00e9tage -1, \u00e0 la mezzanine et \u00e0 l&#8217;\u00e9tage 1.<\/p>\n<\/div><\/div><\/div><\/div><\/div><\/div><\/div><\/section><section class=\"l-section wpb_row height_auto\"><div class=\"l-section-h i-cf\"><div class=\"g-cols vc_row via_flex valign_top type_default stacking_default\"><div class=\"vc_col-sm-12 wpb_column vc_column_container\"><div class=\"vc_column-inner\"><div class=\"wpb_wrapper\"><\/div><\/div><\/div><\/div><\/div><\/section>\n","protected":false},"excerpt":{"rendered":"Situation : rez-de-chauss\u00e9e. Acc\u00e8s : L&#8217;entr\u00e9e est gratuite. Pour acc\u00e9der aux salles d&#8217;\u00e9tude, vous devez \u00eatre \u00e2g\u00e9 de 16 ans au moins et vous inscrire sur place ou sur le formulaire d&#8217;inscription. Une pi\u00e8ce d&#8217;identit\u00e9 et une carte de sant\u00e9 en cours de validit\u00e9 sont n\u00e9cessaires pour l&#8217;inscription sur place, qui servira de badge pour...","protected":false},"author":7,"featured_media":0,"parent":8282,"menu_order":0,"comment_status":"closed","ping_status":"closed","template":"","meta":{"_acf_changed":false,"footnotes":""},"category_page":[],"class_list":["post-9187","page","type-page","status-publish","hentry"],"acf":[],"yoast_head":"<!-- This site is optimized with the Yoast SEO plugin v27.3 - https:\/\/yoast.com\/product\/yoast-seo-wordpress\/ -->\n<title>R\u00e9ception | Biblioteca Nazionale Universitaria di Torino<\/title>\n<meta name=\"robots\" content=\"index, follow, max-snippet:-1, max-image-preview:large, max-video-preview:-1\" \/>\n<link rel=\"canonical\" href=\"https:\/\/bnuto.cultura.gov.it\/fr\/visitez-la-bibliotheque\/reception\/\" \/>\n<meta property=\"og:locale\" content=\"fr_FR\" \/>\n<meta property=\"og:type\" content=\"article\" \/>\n<meta property=\"og:title\" content=\"R\u00e9ception | Biblioteca Nazionale Universitaria di Torino\" \/>\n<meta property=\"og:url\" content=\"https:\/\/bnuto.cultura.gov.it\/fr\/visitez-la-bibliotheque\/reception\/\" \/>\n<meta property=\"og:site_name\" content=\"Biblioteca Nazionale Universitaria di Torino\" \/>\n<meta property=\"article:modified_time\" content=\"2026-02-16T16:04:45+00:00\" \/>\n<meta name=\"twitter:card\" content=\"summary_large_image\" \/>\n<meta name=\"twitter:label1\" content=\"Est. reading time\" \/>\n\t<meta name=\"twitter:data1\" content=\"2 minutes\" \/>\n<script type=\"application\/ld+json\" class=\"yoast-schema-graph\">{\"@context\":\"https:\\\/\\\/schema.org\",\"@graph\":[{\"@type\":\"WebPage\",\"@id\":\"https:\\\/\\\/bnuto.cultura.gov.it\\\/fr\\\/visitez-la-bibliotheque\\\/reception\\\/\",\"url\":\"https:\\\/\\\/bnuto.cultura.gov.it\\\/fr\\\/visitez-la-bibliotheque\\\/reception\\\/\",\"name\":\"R\u00e9ception | Biblioteca Nazionale Universitaria di Torino\",\"isPartOf\":{\"@id\":\"https:\\\/\\\/bnuto.cultura.gov.it\\\/fr\\\/#website\"},\"datePublished\":\"2022-10-26T17:30:44+00:00\",\"dateModified\":\"2026-02-16T16:04:45+00:00\",\"breadcrumb\":{\"@id\":\"https:\\\/\\\/bnuto.cultura.gov.it\\\/fr\\\/visitez-la-bibliotheque\\\/reception\\\/#breadcrumb\"},\"inLanguage\":\"fr-FR\",\"potentialAction\":[{\"@type\":\"ReadAction\",\"target\":[\"https:\\\/\\\/bnuto.cultura.gov.it\\\/fr\\\/visitez-la-bibliotheque\\\/reception\\\/\"]}]},{\"@type\":\"BreadcrumbList\",\"@id\":\"https:\\\/\\\/bnuto.cultura.gov.it\\\/fr\\\/visitez-la-bibliotheque\\\/reception\\\/#breadcrumb\",\"itemListElement\":[{\"@type\":\"ListItem\",\"position\":1,\"name\":\"Home\",\"item\":\"https:\\\/\\\/bnuto.cultura.gov.it\\\/fr\\\/\"},{\"@type\":\"ListItem\",\"position\":2,\"name\":\"Visitez la biblioth\u00e8que\",\"item\":\"https:\\\/\\\/bnuto.cultura.gov.it\\\/fr\\\/visitez-la-bibliotheque\\\/\"},{\"@type\":\"ListItem\",\"position\":3,\"name\":\"R\u00e9ception\"}]},{\"@type\":\"WebSite\",\"@id\":\"https:\\\/\\\/bnuto.cultura.gov.it\\\/fr\\\/#website\",\"url\":\"https:\\\/\\\/bnuto.cultura.gov.it\\\/fr\\\/\",\"name\":\"Biblioteca Nazionale Universitaria di Torino\",\"description\":\"Un nuovo sito targato WordPress\",\"publisher\":{\"@id\":\"https:\\\/\\\/bnuto.cultura.gov.it\\\/fr\\\/#organization\"},\"potentialAction\":[{\"@type\":\"SearchAction\",\"target\":{\"@type\":\"EntryPoint\",\"urlTemplate\":\"https:\\\/\\\/bnuto.cultura.gov.it\\\/fr\\\/?s={search_term_string}\"},\"query-input\":{\"@type\":\"PropertyValueSpecification\",\"valueRequired\":true,\"valueName\":\"search_term_string\"}}],\"inLanguage\":\"fr-FR\"},{\"@type\":\"Organization\",\"@id\":\"https:\\\/\\\/bnuto.cultura.gov.it\\\/fr\\\/#organization\",\"name\":\"Biblioteca Nazionale Universitaria di Torino\",\"url\":\"https:\\\/\\\/bnuto.cultura.gov.it\\\/fr\\\/\",\"logo\":{\"@type\":\"ImageObject\",\"inLanguage\":\"fr-FR\",\"@id\":\"https:\\\/\\\/bnuto.cultura.gov.it\\\/fr\\\/#\\\/schema\\\/logo\\\/image\\\/\",\"url\":\"https:\\\/\\\/bnuto.cultura.gov.it\\\/wp-content\\\/uploads\\\/2022\\\/10\\\/logo-biblioteca-nazionale-nero.png\",\"contentUrl\":\"https:\\\/\\\/bnuto.cultura.gov.it\\\/wp-content\\\/uploads\\\/2022\\\/10\\\/logo-biblioteca-nazionale-nero.png\",\"width\":70,\"height\":77,\"caption\":\"Biblioteca Nazionale Universitaria di Torino\"},\"image\":{\"@id\":\"https:\\\/\\\/bnuto.cultura.gov.it\\\/fr\\\/#\\\/schema\\\/logo\\\/image\\\/\"}}]}<\/script>\n<!-- \/ Yoast SEO plugin. -->","yoast_head_json":{"title":"R\u00e9ception | Biblioteca Nazionale Universitaria di Torino","robots":{"index":"index","follow":"follow","max-snippet":"max-snippet:-1","max-image-preview":"max-image-preview:large","max-video-preview":"max-video-preview:-1"},"canonical":"https:\/\/bnuto.cultura.gov.it\/fr\/visitez-la-bibliotheque\/reception\/","og_locale":"fr_FR","og_type":"article","og_title":"R\u00e9ception | Biblioteca Nazionale Universitaria di Torino","og_url":"https:\/\/bnuto.cultura.gov.it\/fr\/visitez-la-bibliotheque\/reception\/","og_site_name":"Biblioteca Nazionale Universitaria di Torino","article_modified_time":"2026-02-16T16:04:45+00:00","twitter_card":"summary_large_image","twitter_misc":{"Est. reading time":"2 minutes"},"schema":{"@context":"https:\/\/schema.org","@graph":[{"@type":"WebPage","@id":"https:\/\/bnuto.cultura.gov.it\/fr\/visitez-la-bibliotheque\/reception\/","url":"https:\/\/bnuto.cultura.gov.it\/fr\/visitez-la-bibliotheque\/reception\/","name":"R\u00e9ception | Biblioteca Nazionale Universitaria di Torino","isPartOf":{"@id":"https:\/\/bnuto.cultura.gov.it\/fr\/#website"},"datePublished":"2022-10-26T17:30:44+00:00","dateModified":"2026-02-16T16:04:45+00:00","breadcrumb":{"@id":"https:\/\/bnuto.cultura.gov.it\/fr\/visitez-la-bibliotheque\/reception\/#breadcrumb"},"inLanguage":"fr-FR","potentialAction":[{"@type":"ReadAction","target":["https:\/\/bnuto.cultura.gov.it\/fr\/visitez-la-bibliotheque\/reception\/"]}]},{"@type":"BreadcrumbList","@id":"https:\/\/bnuto.cultura.gov.it\/fr\/visitez-la-bibliotheque\/reception\/#breadcrumb","itemListElement":[{"@type":"ListItem","position":1,"name":"Home","item":"https:\/\/bnuto.cultura.gov.it\/fr\/"},{"@type":"ListItem","position":2,"name":"Visitez la biblioth\u00e8que","item":"https:\/\/bnuto.cultura.gov.it\/fr\/visitez-la-bibliotheque\/"},{"@type":"ListItem","position":3,"name":"R\u00e9ception"}]},{"@type":"WebSite","@id":"https:\/\/bnuto.cultura.gov.it\/fr\/#website","url":"https:\/\/bnuto.cultura.gov.it\/fr\/","name":"Biblioteca Nazionale Universitaria di Torino","description":"Un nuovo sito targato WordPress","publisher":{"@id":"https:\/\/bnuto.cultura.gov.it\/fr\/#organization"},"potentialAction":[{"@type":"SearchAction","target":{"@type":"EntryPoint","urlTemplate":"https:\/\/bnuto.cultura.gov.it\/fr\/?s={search_term_string}"},"query-input":{"@type":"PropertyValueSpecification","valueRequired":true,"valueName":"search_term_string"}}],"inLanguage":"fr-FR"},{"@type":"Organization","@id":"https:\/\/bnuto.cultura.gov.it\/fr\/#organization","name":"Biblioteca Nazionale Universitaria di Torino","url":"https:\/\/bnuto.cultura.gov.it\/fr\/","logo":{"@type":"ImageObject","inLanguage":"fr-FR","@id":"https:\/\/bnuto.cultura.gov.it\/fr\/#\/schema\/logo\/image\/","url":"https:\/\/bnuto.cultura.gov.it\/wp-content\/uploads\/2022\/10\/logo-biblioteca-nazionale-nero.png","contentUrl":"https:\/\/bnuto.cultura.gov.it\/wp-content\/uploads\/2022\/10\/logo-biblioteca-nazionale-nero.png","width":70,"height":77,"caption":"Biblioteca Nazionale Universitaria di Torino"},"image":{"@id":"https:\/\/bnuto.cultura.gov.it\/fr\/#\/schema\/logo\/image\/"}}]}},"_links":{"self":[{"href":"https:\/\/bnuto.cultura.gov.it\/fr\/wp-json\/wp\/v2\/pages\/9187","targetHints":{"allow":["GET"]}}],"collection":[{"href":"https:\/\/bnuto.cultura.gov.it\/fr\/wp-json\/wp\/v2\/pages"}],"about":[{"href":"https:\/\/bnuto.cultura.gov.it\/fr\/wp-json\/wp\/v2\/types\/page"}],"author":[{"embeddable":true,"href":"https:\/\/bnuto.cultura.gov.it\/fr\/wp-json\/wp\/v2\/users\/7"}],"replies":[{"embeddable":true,"href":"https:\/\/bnuto.cultura.gov.it\/fr\/wp-json\/wp\/v2\/comments?post=9187"}],"version-history":[{"count":4,"href":"https:\/\/bnuto.cultura.gov.it\/fr\/wp-json\/wp\/v2\/pages\/9187\/revisions"}],"predecessor-version":[{"id":9199,"href":"https:\/\/bnuto.cultura.gov.it\/fr\/wp-json\/wp\/v2\/pages\/9187\/revisions\/9199"}],"up":[{"embeddable":true,"href":"https:\/\/bnuto.cultura.gov.it\/fr\/wp-json\/wp\/v2\/pages\/8282"}],"wp:attachment":[{"href":"https:\/\/bnuto.cultura.gov.it\/fr\/wp-json\/wp\/v2\/media?parent=9187"}],"wp:term":[{"taxonomy":"category_page","embeddable":true,"href":"https:\/\/bnuto.cultura.gov.it\/fr\/wp-json\/wp\/v2\/category_page?post=9187"}],"curies":[{"name":"wp","href":"https:\/\/api.w.org\/{rel}","templated":true}]}}