{"id":9243,"date":"2023-02-06T11:06:22","date_gmt":"2023-02-06T10:06:22","guid":{"rendered":"https:\/\/bnuto.cultura.gov.it\/visitez-la-bibliotheque\/auditorium-antonio-vivaldi\/"},"modified":"2026-02-27T12:01:38","modified_gmt":"2026-02-27T11:01:38","slug":"auditorium-antonio-vivaldi","status":"publish","type":"page","link":"https:\/\/bnuto.cultura.gov.it\/fr\/visitez-la-bibliotheque\/auditorium-antonio-vivaldi\/","title":{"rendered":"Auditorium Antonio Vivaldi"},"content":{"rendered":"<section class=\"l-section wpb_row height_auto\"><div class=\"l-section-h i-cf\"><div class=\"g-cols vc_row via_flex valign_top type_default stacking_default\"><div class=\"vc_col-sm-12 wpb_column vc_column_container\"><div class=\"vc_column-inner\"><div class=\"wpb_wrapper\"><div class=\"wpb_text_column\"><div class=\"wpb_wrapper\"><p><strong>Localisation :<\/strong> \u00c9tage -1<\/p>\n<p><strong>Acc\u00e8s :<\/strong><br \/>\nL&#8217;Auditorium est ouvert pendant les \u00e9v\u00e9nements : l&#8217;acc\u00e8s est gratuit. Les personnes \u00e0 mobilit\u00e9 r\u00e9duite peuvent y acc\u00e9der par un parcours d\u00e9di\u00e9.<\/p>\n<p><strong>Services :<\/strong><br \/>\nLa salle porte le nom du compositeur v\u00e9nitien dont les autographes (plus de 90 %) sont les plus importants connus au monde. L&#8217;auditorium, d&#8217;une capacit\u00e9 de 172 places, accueille des conf\u00e9rences, des congr\u00e8s, des pr\u00e9sentations de livres, des cours de formation et des concerts. Ces activit\u00e9s peuvent \u00eatre organis\u00e9es soit par l&#8217;Institut, soit par des tiers ou des particuliers moyennant le paiement d&#8217;un droit de concession.<br \/>\nLa salle, enti\u00e8rement r\u00e9nov\u00e9e dans les ann\u00e9es 2013-15, conserve les lampes en laiton de l&#8217;artiste Renzo G. Regosa r\u00e9alis\u00e9es entre 1974 et 1975.<br \/>\nUne annexe de l&#8217;Auditorium est la Maison Vivaldi, une salle accueillante o\u00f9 sont organis\u00e9es des expositions occasionnelles de documents de la Biblioth\u00e8que.<br \/>\n\u00c0 cet \u00e9tage se trouvent des toilettes \u00e9quip\u00e9es \u00e9galement pour les personnes handicap\u00e9es.<\/p>\n<p><a href=\"\/concessione-degli-spazi\/auditorium-vivaldi\/\"><strong>Pour demander une concession d&#8217;espace<\/strong><\/a><\/p>\n<\/div><\/div><\/div><\/div><\/div><\/div><\/div><\/section>\n","protected":false},"excerpt":{"rendered":"Localisation : \u00c9tage -1 Acc\u00e8s : L&#8217;Auditorium est ouvert pendant les \u00e9v\u00e9nements : l&#8217;acc\u00e8s est gratuit. Les personnes \u00e0 mobilit\u00e9 r\u00e9duite peuvent y acc\u00e9der par un parcours d\u00e9di\u00e9. Services : La salle porte le nom du compositeur v\u00e9nitien dont les autographes (plus de 90 %) sont les plus importants connus au monde. L&#8217;auditorium, d&#8217;une capacit\u00e9...","protected":false},"author":3,"featured_media":0,"parent":8282,"menu_order":4,"comment_status":"closed","ping_status":"closed","template":"","meta":{"_acf_changed":false,"footnotes":""},"category_page":[],"class_list":["post-9243","page","type-page","status-publish","hentry"],"acf":[],"yoast_head":"<!-- This site is optimized with the Yoast SEO plugin v27.5 - https:\/\/yoast.com\/product\/yoast-seo-wordpress\/ -->\n<title>Auditorium Antonio Vivaldi | Visitez la biblioth\u00e8que | Biblioteca Nazionale Universitaria di Torino<\/title>\n<meta name=\"robots\" content=\"index, follow, max-snippet:-1, max-image-preview:large, max-video-preview:-1\" \/>\n<link rel=\"canonical\" href=\"https:\/\/bnuto.cultura.gov.it\/fr\/visitez-la-bibliotheque\/auditorium-antonio-vivaldi\/\" \/>\n<meta property=\"og:locale\" content=\"fr_FR\" \/>\n<meta property=\"og:type\" content=\"article\" \/>\n<meta property=\"og:title\" content=\"Auditorium Antonio Vivaldi | Visitez la biblioth\u00e8que | Biblioteca Nazionale Universitaria di Torino\" \/>\n<meta property=\"og:url\" content=\"https:\/\/bnuto.cultura.gov.it\/fr\/visitez-la-bibliotheque\/auditorium-antonio-vivaldi\/\" \/>\n<meta property=\"og:site_name\" content=\"Biblioteca Nazionale Universitaria di Torino\" \/>\n<meta property=\"article:modified_time\" content=\"2026-02-27T11:01:38+00:00\" \/>\n<meta name=\"twitter:card\" content=\"summary_large_image\" \/>\n<meta name=\"twitter:label1\" content=\"Est. reading time\" \/>\n\t<meta name=\"twitter:data1\" content=\"1 minute\" \/>\n<script type=\"application\/ld+json\" class=\"yoast-schema-graph\">{\"@context\":\"https:\\\/\\\/schema.org\",\"@graph\":[{\"@type\":\"WebPage\",\"@id\":\"https:\\\/\\\/bnuto.cultura.gov.it\\\/fr\\\/visitez-la-bibliotheque\\\/auditorium-antonio-vivaldi\\\/\",\"url\":\"https:\\\/\\\/bnuto.cultura.gov.it\\\/fr\\\/visitez-la-bibliotheque\\\/auditorium-antonio-vivaldi\\\/\",\"name\":\"Auditorium Antonio Vivaldi | Visitez la biblioth\u00e8que | Biblioteca Nazionale Universitaria di Torino\",\"isPartOf\":{\"@id\":\"https:\\\/\\\/bnuto.cultura.gov.it\\\/fr\\\/#website\"},\"datePublished\":\"2023-02-06T10:06:22+00:00\",\"dateModified\":\"2026-02-27T11:01:38+00:00\",\"breadcrumb\":{\"@id\":\"https:\\\/\\\/bnuto.cultura.gov.it\\\/fr\\\/visitez-la-bibliotheque\\\/auditorium-antonio-vivaldi\\\/#breadcrumb\"},\"inLanguage\":\"fr-FR\",\"potentialAction\":[{\"@type\":\"ReadAction\",\"target\":[\"https:\\\/\\\/bnuto.cultura.gov.it\\\/fr\\\/visitez-la-bibliotheque\\\/auditorium-antonio-vivaldi\\\/\"]}]},{\"@type\":\"BreadcrumbList\",\"@id\":\"https:\\\/\\\/bnuto.cultura.gov.it\\\/fr\\\/visitez-la-bibliotheque\\\/auditorium-antonio-vivaldi\\\/#breadcrumb\",\"itemListElement\":[{\"@type\":\"ListItem\",\"position\":1,\"name\":\"Home\",\"item\":\"https:\\\/\\\/bnuto.cultura.gov.it\\\/fr\\\/\"},{\"@type\":\"ListItem\",\"position\":2,\"name\":\"Visitez la biblioth\u00e8que\",\"item\":\"https:\\\/\\\/bnuto.cultura.gov.it\\\/fr\\\/visitez-la-bibliotheque\\\/\"},{\"@type\":\"ListItem\",\"position\":3,\"name\":\"Auditorium Antonio Vivaldi\"}]},{\"@type\":\"WebSite\",\"@id\":\"https:\\\/\\\/bnuto.cultura.gov.it\\\/fr\\\/#website\",\"url\":\"https:\\\/\\\/bnuto.cultura.gov.it\\\/fr\\\/\",\"name\":\"Biblioteca Nazionale Universitaria di Torino\",\"description\":\"Un nuovo sito targato WordPress\",\"publisher\":{\"@id\":\"https:\\\/\\\/bnuto.cultura.gov.it\\\/fr\\\/#organization\"},\"potentialAction\":[{\"@type\":\"SearchAction\",\"target\":{\"@type\":\"EntryPoint\",\"urlTemplate\":\"https:\\\/\\\/bnuto.cultura.gov.it\\\/fr\\\/?s={search_term_string}\"},\"query-input\":{\"@type\":\"PropertyValueSpecification\",\"valueRequired\":true,\"valueName\":\"search_term_string\"}}],\"inLanguage\":\"fr-FR\"},{\"@type\":\"Organization\",\"@id\":\"https:\\\/\\\/bnuto.cultura.gov.it\\\/fr\\\/#organization\",\"name\":\"Biblioteca Nazionale Universitaria di Torino\",\"url\":\"https:\\\/\\\/bnuto.cultura.gov.it\\\/fr\\\/\",\"logo\":{\"@type\":\"ImageObject\",\"inLanguage\":\"fr-FR\",\"@id\":\"https:\\\/\\\/bnuto.cultura.gov.it\\\/fr\\\/#\\\/schema\\\/logo\\\/image\\\/\",\"url\":\"https:\\\/\\\/bnuto.cultura.gov.it\\\/wp-content\\\/uploads\\\/2022\\\/10\\\/logo-biblioteca-nazionale-nero.png\",\"contentUrl\":\"https:\\\/\\\/bnuto.cultura.gov.it\\\/wp-content\\\/uploads\\\/2022\\\/10\\\/logo-biblioteca-nazionale-nero.png\",\"width\":70,\"height\":77,\"caption\":\"Biblioteca Nazionale Universitaria di Torino\"},\"image\":{\"@id\":\"https:\\\/\\\/bnuto.cultura.gov.it\\\/fr\\\/#\\\/schema\\\/logo\\\/image\\\/\"}}]}<\/script>\n<!-- \/ Yoast SEO plugin. -->","yoast_head_json":{"title":"Auditorium Antonio Vivaldi | Visitez la biblioth\u00e8que | Biblioteca Nazionale Universitaria di Torino","robots":{"index":"index","follow":"follow","max-snippet":"max-snippet:-1","max-image-preview":"max-image-preview:large","max-video-preview":"max-video-preview:-1"},"canonical":"https:\/\/bnuto.cultura.gov.it\/fr\/visitez-la-bibliotheque\/auditorium-antonio-vivaldi\/","og_locale":"fr_FR","og_type":"article","og_title":"Auditorium Antonio Vivaldi | Visitez la biblioth\u00e8que | Biblioteca Nazionale Universitaria di Torino","og_url":"https:\/\/bnuto.cultura.gov.it\/fr\/visitez-la-bibliotheque\/auditorium-antonio-vivaldi\/","og_site_name":"Biblioteca Nazionale Universitaria di Torino","article_modified_time":"2026-02-27T11:01:38+00:00","twitter_card":"summary_large_image","twitter_misc":{"Est. reading time":"1 minute"},"schema":{"@context":"https:\/\/schema.org","@graph":[{"@type":"WebPage","@id":"https:\/\/bnuto.cultura.gov.it\/fr\/visitez-la-bibliotheque\/auditorium-antonio-vivaldi\/","url":"https:\/\/bnuto.cultura.gov.it\/fr\/visitez-la-bibliotheque\/auditorium-antonio-vivaldi\/","name":"Auditorium Antonio Vivaldi | Visitez la biblioth\u00e8que | Biblioteca Nazionale Universitaria di Torino","isPartOf":{"@id":"https:\/\/bnuto.cultura.gov.it\/fr\/#website"},"datePublished":"2023-02-06T10:06:22+00:00","dateModified":"2026-02-27T11:01:38+00:00","breadcrumb":{"@id":"https:\/\/bnuto.cultura.gov.it\/fr\/visitez-la-bibliotheque\/auditorium-antonio-vivaldi\/#breadcrumb"},"inLanguage":"fr-FR","potentialAction":[{"@type":"ReadAction","target":["https:\/\/bnuto.cultura.gov.it\/fr\/visitez-la-bibliotheque\/auditorium-antonio-vivaldi\/"]}]},{"@type":"BreadcrumbList","@id":"https:\/\/bnuto.cultura.gov.it\/fr\/visitez-la-bibliotheque\/auditorium-antonio-vivaldi\/#breadcrumb","itemListElement":[{"@type":"ListItem","position":1,"name":"Home","item":"https:\/\/bnuto.cultura.gov.it\/fr\/"},{"@type":"ListItem","position":2,"name":"Visitez la biblioth\u00e8que","item":"https:\/\/bnuto.cultura.gov.it\/fr\/visitez-la-bibliotheque\/"},{"@type":"ListItem","position":3,"name":"Auditorium Antonio Vivaldi"}]},{"@type":"WebSite","@id":"https:\/\/bnuto.cultura.gov.it\/fr\/#website","url":"https:\/\/bnuto.cultura.gov.it\/fr\/","name":"Biblioteca Nazionale Universitaria di Torino","description":"Un nuovo sito targato WordPress","publisher":{"@id":"https:\/\/bnuto.cultura.gov.it\/fr\/#organization"},"potentialAction":[{"@type":"SearchAction","target":{"@type":"EntryPoint","urlTemplate":"https:\/\/bnuto.cultura.gov.it\/fr\/?s={search_term_string}"},"query-input":{"@type":"PropertyValueSpecification","valueRequired":true,"valueName":"search_term_string"}}],"inLanguage":"fr-FR"},{"@type":"Organization","@id":"https:\/\/bnuto.cultura.gov.it\/fr\/#organization","name":"Biblioteca Nazionale Universitaria di Torino","url":"https:\/\/bnuto.cultura.gov.it\/fr\/","logo":{"@type":"ImageObject","inLanguage":"fr-FR","@id":"https:\/\/bnuto.cultura.gov.it\/fr\/#\/schema\/logo\/image\/","url":"https:\/\/bnuto.cultura.gov.it\/wp-content\/uploads\/2022\/10\/logo-biblioteca-nazionale-nero.png","contentUrl":"https:\/\/bnuto.cultura.gov.it\/wp-content\/uploads\/2022\/10\/logo-biblioteca-nazionale-nero.png","width":70,"height":77,"caption":"Biblioteca Nazionale Universitaria di Torino"},"image":{"@id":"https:\/\/bnuto.cultura.gov.it\/fr\/#\/schema\/logo\/image\/"}}]}},"_links":{"self":[{"href":"https:\/\/bnuto.cultura.gov.it\/fr\/wp-json\/wp\/v2\/pages\/9243","targetHints":{"allow":["GET"]}}],"collection":[{"href":"https:\/\/bnuto.cultura.gov.it\/fr\/wp-json\/wp\/v2\/pages"}],"about":[{"href":"https:\/\/bnuto.cultura.gov.it\/fr\/wp-json\/wp\/v2\/types\/page"}],"author":[{"embeddable":true,"href":"https:\/\/bnuto.cultura.gov.it\/fr\/wp-json\/wp\/v2\/users\/3"}],"replies":[{"embeddable":true,"href":"https:\/\/bnuto.cultura.gov.it\/fr\/wp-json\/wp\/v2\/comments?post=9243"}],"version-history":[{"count":5,"href":"https:\/\/bnuto.cultura.gov.it\/fr\/wp-json\/wp\/v2\/pages\/9243\/revisions"}],"predecessor-version":[{"id":9882,"href":"https:\/\/bnuto.cultura.gov.it\/fr\/wp-json\/wp\/v2\/pages\/9243\/revisions\/9882"}],"up":[{"embeddable":true,"href":"https:\/\/bnuto.cultura.gov.it\/fr\/wp-json\/wp\/v2\/pages\/8282"}],"wp:attachment":[{"href":"https:\/\/bnuto.cultura.gov.it\/fr\/wp-json\/wp\/v2\/media?parent=9243"}],"wp:term":[{"taxonomy":"category_page","embeddable":true,"href":"https:\/\/bnuto.cultura.gov.it\/fr\/wp-json\/wp\/v2\/category_page?post=9243"}],"curies":[{"name":"wp","href":"https:\/\/api.w.org\/{rel}","templated":true}]}}