{"id":9266,"date":"2025-07-08T09:56:05","date_gmt":"2025-07-08T07:56:05","guid":{"rendered":"https:\/\/bnuto.cultura.gov.it\/visitez-la-bibliotheque\/la-cour\/"},"modified":"2026-02-16T17:29:52","modified_gmt":"2026-02-16T16:29:52","slug":"la-cour","status":"publish","type":"page","link":"https:\/\/bnuto.cultura.gov.it\/fr\/visitez-la-bibliotheque\/la-cour\/","title":{"rendered":"La cour"},"content":{"rendered":"<section class=\"l-section wpb_row height_auto\"><div class=\"l-section-h i-cf\"><div class=\"g-cols vc_row via_flex valign_top type_default stacking_default\"><div class=\"vc_col-sm-12 wpb_column vc_column_container\"><div class=\"vc_column-inner\"><div class=\"wpb_wrapper\"><div class=\"wpb_text_column\"><div class=\"wpb_wrapper\"><p><strong>Localisation :<\/strong> mezzanine, \u00e0 droite.<\/p>\n<p><strong>Acc\u00e8s :<\/strong><br \/>\nGratuit. Les personnes \u00e0 mobilit\u00e9 r\u00e9duite peuvent y acc\u00e9der \u00e0 l&#8217;aide d&#8217;un \u00e9l\u00e9vateur, assist\u00e9 par le personnel d&#8217;accueil, directement depuis le hall d&#8217;entr\u00e9e principal. <\/p>\n<p><strong>Services :<\/strong><br \/>\nLa cour est un espace en plein air, \u00e0 l&#8217;int\u00e9rieur du b\u00e2timent de la biblioth\u00e8que, qui peut \u00eatre utilis\u00e9 toute l&#8217;ann\u00e9e. L&#8217;utilisateur peut s&#8217;y asseoir sur des si\u00e8ges entour\u00e9s de petits espaces verts. La cour abrite l&#8217;\u0153uvre en bronze coul\u00e9 de l&#8217;artiste-sculpteur Renzo G. Regosa, r\u00e9sultat de son \u00e9tude et de son exp\u00e9rimentation dans le domaine de la repr\u00e9sentation de la figure humaine.<\/p>\n<\/div><\/div><\/div><\/div><\/div><\/div><\/div><\/section>\n","protected":false},"excerpt":{"rendered":"Localisation : mezzanine, \u00e0 droite. Acc\u00e8s : Gratuit. Les personnes \u00e0 mobilit\u00e9 r\u00e9duite peuvent y acc\u00e9der \u00e0 l&#8217;aide d&#8217;un \u00e9l\u00e9vateur, assist\u00e9 par le personnel d&#8217;accueil, directement depuis le hall d&#8217;entr\u00e9e principal. Services : La cour est un espace en plein air, \u00e0 l&#8217;int\u00e9rieur du b\u00e2timent de la biblioth\u00e8que, qui peut \u00eatre utilis\u00e9 toute l&#8217;ann\u00e9e. L&#8217;utilisateur...","protected":false},"author":19,"featured_media":6596,"parent":8282,"menu_order":2,"comment_status":"closed","ping_status":"closed","template":"","meta":{"_acf_changed":false,"footnotes":""},"category_page":[],"class_list":["post-9266","page","type-page","status-publish","has-post-thumbnail","hentry"],"acf":[],"yoast_head":"<!-- This site is optimized with the Yoast SEO plugin v27.3 - https:\/\/yoast.com\/product\/yoast-seo-wordpress\/ -->\n<title>La cour | Biblioteca Nazionale Universitaria di Torino<\/title>\n<meta name=\"robots\" content=\"index, follow, max-snippet:-1, max-image-preview:large, max-video-preview:-1\" \/>\n<link rel=\"canonical\" href=\"https:\/\/bnuto.cultura.gov.it\/fr\/visitez-la-bibliotheque\/la-cour\/\" \/>\n<meta property=\"og:locale\" content=\"fr_FR\" \/>\n<meta property=\"og:type\" content=\"article\" \/>\n<meta property=\"og:title\" content=\"La cour | Biblioteca Nazionale Universitaria di Torino\" \/>\n<meta property=\"og:url\" content=\"https:\/\/bnuto.cultura.gov.it\/fr\/visitez-la-bibliotheque\/la-cour\/\" \/>\n<meta property=\"og:site_name\" content=\"Biblioteca Nazionale Universitaria di Torino\" \/>\n<meta property=\"article:modified_time\" content=\"2026-02-16T16:29:52+00:00\" \/>\n<meta property=\"og:image\" content=\"https:\/\/bnuto.cultura.gov.it\/wp-content\/uploads\/2022\/11\/sala-della-regina-biblioteca-nazionale-torino.jpg\" \/>\n\t<meta property=\"og:image:width\" content=\"900\" \/>\n\t<meta property=\"og:image:height\" content=\"1200\" \/>\n\t<meta property=\"og:image:type\" content=\"image\/jpeg\" \/>\n<meta name=\"twitter:card\" content=\"summary_large_image\" \/>\n<meta name=\"twitter:label1\" content=\"Est. reading time\" \/>\n\t<meta name=\"twitter:data1\" content=\"1 minute\" \/>\n<script type=\"application\/ld+json\" class=\"yoast-schema-graph\">{\"@context\":\"https:\\\/\\\/schema.org\",\"@graph\":[{\"@type\":\"WebPage\",\"@id\":\"https:\\\/\\\/bnuto.cultura.gov.it\\\/fr\\\/visitez-la-bibliotheque\\\/la-cour\\\/\",\"url\":\"https:\\\/\\\/bnuto.cultura.gov.it\\\/fr\\\/visitez-la-bibliotheque\\\/la-cour\\\/\",\"name\":\"La cour | Biblioteca Nazionale Universitaria di Torino\",\"isPartOf\":{\"@id\":\"https:\\\/\\\/bnuto.cultura.gov.it\\\/fr\\\/#website\"},\"primaryImageOfPage\":{\"@id\":\"https:\\\/\\\/bnuto.cultura.gov.it\\\/fr\\\/visitez-la-bibliotheque\\\/la-cour\\\/#primaryimage\"},\"image\":{\"@id\":\"https:\\\/\\\/bnuto.cultura.gov.it\\\/fr\\\/visitez-la-bibliotheque\\\/la-cour\\\/#primaryimage\"},\"thumbnailUrl\":\"https:\\\/\\\/bnuto.cultura.gov.it\\\/wp-content\\\/uploads\\\/2022\\\/11\\\/sala-della-regina-biblioteca-nazionale-torino.jpg\",\"datePublished\":\"2025-07-08T07:56:05+00:00\",\"dateModified\":\"2026-02-16T16:29:52+00:00\",\"breadcrumb\":{\"@id\":\"https:\\\/\\\/bnuto.cultura.gov.it\\\/fr\\\/visitez-la-bibliotheque\\\/la-cour\\\/#breadcrumb\"},\"inLanguage\":\"fr-FR\",\"potentialAction\":[{\"@type\":\"ReadAction\",\"target\":[\"https:\\\/\\\/bnuto.cultura.gov.it\\\/fr\\\/visitez-la-bibliotheque\\\/la-cour\\\/\"]}]},{\"@type\":\"ImageObject\",\"inLanguage\":\"fr-FR\",\"@id\":\"https:\\\/\\\/bnuto.cultura.gov.it\\\/fr\\\/visitez-la-bibliotheque\\\/la-cour\\\/#primaryimage\",\"url\":\"https:\\\/\\\/bnuto.cultura.gov.it\\\/wp-content\\\/uploads\\\/2022\\\/11\\\/sala-della-regina-biblioteca-nazionale-torino.jpg\",\"contentUrl\":\"https:\\\/\\\/bnuto.cultura.gov.it\\\/wp-content\\\/uploads\\\/2022\\\/11\\\/sala-della-regina-biblioteca-nazionale-torino.jpg\",\"width\":900,\"height\":1200},{\"@type\":\"BreadcrumbList\",\"@id\":\"https:\\\/\\\/bnuto.cultura.gov.it\\\/fr\\\/visitez-la-bibliotheque\\\/la-cour\\\/#breadcrumb\",\"itemListElement\":[{\"@type\":\"ListItem\",\"position\":1,\"name\":\"Home\",\"item\":\"https:\\\/\\\/bnuto.cultura.gov.it\\\/fr\\\/\"},{\"@type\":\"ListItem\",\"position\":2,\"name\":\"Visitez la biblioth\u00e8que\",\"item\":\"https:\\\/\\\/bnuto.cultura.gov.it\\\/fr\\\/visitez-la-bibliotheque\\\/\"},{\"@type\":\"ListItem\",\"position\":3,\"name\":\"La cour\"}]},{\"@type\":\"WebSite\",\"@id\":\"https:\\\/\\\/bnuto.cultura.gov.it\\\/fr\\\/#website\",\"url\":\"https:\\\/\\\/bnuto.cultura.gov.it\\\/fr\\\/\",\"name\":\"Biblioteca Nazionale Universitaria di Torino\",\"description\":\"Un nuovo sito targato WordPress\",\"publisher\":{\"@id\":\"https:\\\/\\\/bnuto.cultura.gov.it\\\/fr\\\/#organization\"},\"potentialAction\":[{\"@type\":\"SearchAction\",\"target\":{\"@type\":\"EntryPoint\",\"urlTemplate\":\"https:\\\/\\\/bnuto.cultura.gov.it\\\/fr\\\/?s={search_term_string}\"},\"query-input\":{\"@type\":\"PropertyValueSpecification\",\"valueRequired\":true,\"valueName\":\"search_term_string\"}}],\"inLanguage\":\"fr-FR\"},{\"@type\":\"Organization\",\"@id\":\"https:\\\/\\\/bnuto.cultura.gov.it\\\/fr\\\/#organization\",\"name\":\"Biblioteca Nazionale Universitaria di Torino\",\"url\":\"https:\\\/\\\/bnuto.cultura.gov.it\\\/fr\\\/\",\"logo\":{\"@type\":\"ImageObject\",\"inLanguage\":\"fr-FR\",\"@id\":\"https:\\\/\\\/bnuto.cultura.gov.it\\\/fr\\\/#\\\/schema\\\/logo\\\/image\\\/\",\"url\":\"https:\\\/\\\/bnuto.cultura.gov.it\\\/wp-content\\\/uploads\\\/2022\\\/10\\\/logo-biblioteca-nazionale-nero.png\",\"contentUrl\":\"https:\\\/\\\/bnuto.cultura.gov.it\\\/wp-content\\\/uploads\\\/2022\\\/10\\\/logo-biblioteca-nazionale-nero.png\",\"width\":70,\"height\":77,\"caption\":\"Biblioteca Nazionale Universitaria di Torino\"},\"image\":{\"@id\":\"https:\\\/\\\/bnuto.cultura.gov.it\\\/fr\\\/#\\\/schema\\\/logo\\\/image\\\/\"}}]}<\/script>\n<!-- \/ Yoast SEO plugin. -->","yoast_head_json":{"title":"La cour | Biblioteca Nazionale Universitaria di Torino","robots":{"index":"index","follow":"follow","max-snippet":"max-snippet:-1","max-image-preview":"max-image-preview:large","max-video-preview":"max-video-preview:-1"},"canonical":"https:\/\/bnuto.cultura.gov.it\/fr\/visitez-la-bibliotheque\/la-cour\/","og_locale":"fr_FR","og_type":"article","og_title":"La cour | Biblioteca Nazionale Universitaria di Torino","og_url":"https:\/\/bnuto.cultura.gov.it\/fr\/visitez-la-bibliotheque\/la-cour\/","og_site_name":"Biblioteca Nazionale Universitaria di Torino","article_modified_time":"2026-02-16T16:29:52+00:00","og_image":[{"width":900,"height":1200,"url":"https:\/\/bnuto.cultura.gov.it\/wp-content\/uploads\/2022\/11\/sala-della-regina-biblioteca-nazionale-torino.jpg","type":"image\/jpeg"}],"twitter_card":"summary_large_image","twitter_misc":{"Est. reading time":"1 minute"},"schema":{"@context":"https:\/\/schema.org","@graph":[{"@type":"WebPage","@id":"https:\/\/bnuto.cultura.gov.it\/fr\/visitez-la-bibliotheque\/la-cour\/","url":"https:\/\/bnuto.cultura.gov.it\/fr\/visitez-la-bibliotheque\/la-cour\/","name":"La cour | Biblioteca Nazionale Universitaria di Torino","isPartOf":{"@id":"https:\/\/bnuto.cultura.gov.it\/fr\/#website"},"primaryImageOfPage":{"@id":"https:\/\/bnuto.cultura.gov.it\/fr\/visitez-la-bibliotheque\/la-cour\/#primaryimage"},"image":{"@id":"https:\/\/bnuto.cultura.gov.it\/fr\/visitez-la-bibliotheque\/la-cour\/#primaryimage"},"thumbnailUrl":"https:\/\/bnuto.cultura.gov.it\/wp-content\/uploads\/2022\/11\/sala-della-regina-biblioteca-nazionale-torino.jpg","datePublished":"2025-07-08T07:56:05+00:00","dateModified":"2026-02-16T16:29:52+00:00","breadcrumb":{"@id":"https:\/\/bnuto.cultura.gov.it\/fr\/visitez-la-bibliotheque\/la-cour\/#breadcrumb"},"inLanguage":"fr-FR","potentialAction":[{"@type":"ReadAction","target":["https:\/\/bnuto.cultura.gov.it\/fr\/visitez-la-bibliotheque\/la-cour\/"]}]},{"@type":"ImageObject","inLanguage":"fr-FR","@id":"https:\/\/bnuto.cultura.gov.it\/fr\/visitez-la-bibliotheque\/la-cour\/#primaryimage","url":"https:\/\/bnuto.cultura.gov.it\/wp-content\/uploads\/2022\/11\/sala-della-regina-biblioteca-nazionale-torino.jpg","contentUrl":"https:\/\/bnuto.cultura.gov.it\/wp-content\/uploads\/2022\/11\/sala-della-regina-biblioteca-nazionale-torino.jpg","width":900,"height":1200},{"@type":"BreadcrumbList","@id":"https:\/\/bnuto.cultura.gov.it\/fr\/visitez-la-bibliotheque\/la-cour\/#breadcrumb","itemListElement":[{"@type":"ListItem","position":1,"name":"Home","item":"https:\/\/bnuto.cultura.gov.it\/fr\/"},{"@type":"ListItem","position":2,"name":"Visitez la biblioth\u00e8que","item":"https:\/\/bnuto.cultura.gov.it\/fr\/visitez-la-bibliotheque\/"},{"@type":"ListItem","position":3,"name":"La cour"}]},{"@type":"WebSite","@id":"https:\/\/bnuto.cultura.gov.it\/fr\/#website","url":"https:\/\/bnuto.cultura.gov.it\/fr\/","name":"Biblioteca Nazionale Universitaria di Torino","description":"Un nuovo sito targato WordPress","publisher":{"@id":"https:\/\/bnuto.cultura.gov.it\/fr\/#organization"},"potentialAction":[{"@type":"SearchAction","target":{"@type":"EntryPoint","urlTemplate":"https:\/\/bnuto.cultura.gov.it\/fr\/?s={search_term_string}"},"query-input":{"@type":"PropertyValueSpecification","valueRequired":true,"valueName":"search_term_string"}}],"inLanguage":"fr-FR"},{"@type":"Organization","@id":"https:\/\/bnuto.cultura.gov.it\/fr\/#organization","name":"Biblioteca Nazionale Universitaria di Torino","url":"https:\/\/bnuto.cultura.gov.it\/fr\/","logo":{"@type":"ImageObject","inLanguage":"fr-FR","@id":"https:\/\/bnuto.cultura.gov.it\/fr\/#\/schema\/logo\/image\/","url":"https:\/\/bnuto.cultura.gov.it\/wp-content\/uploads\/2022\/10\/logo-biblioteca-nazionale-nero.png","contentUrl":"https:\/\/bnuto.cultura.gov.it\/wp-content\/uploads\/2022\/10\/logo-biblioteca-nazionale-nero.png","width":70,"height":77,"caption":"Biblioteca Nazionale Universitaria di Torino"},"image":{"@id":"https:\/\/bnuto.cultura.gov.it\/fr\/#\/schema\/logo\/image\/"}}]}},"_links":{"self":[{"href":"https:\/\/bnuto.cultura.gov.it\/fr\/wp-json\/wp\/v2\/pages\/9266","targetHints":{"allow":["GET"]}}],"collection":[{"href":"https:\/\/bnuto.cultura.gov.it\/fr\/wp-json\/wp\/v2\/pages"}],"about":[{"href":"https:\/\/bnuto.cultura.gov.it\/fr\/wp-json\/wp\/v2\/types\/page"}],"author":[{"embeddable":true,"href":"https:\/\/bnuto.cultura.gov.it\/fr\/wp-json\/wp\/v2\/users\/19"}],"replies":[{"embeddable":true,"href":"https:\/\/bnuto.cultura.gov.it\/fr\/wp-json\/wp\/v2\/comments?post=9266"}],"version-history":[{"count":2,"href":"https:\/\/bnuto.cultura.gov.it\/fr\/wp-json\/wp\/v2\/pages\/9266\/revisions"}],"predecessor-version":[{"id":9268,"href":"https:\/\/bnuto.cultura.gov.it\/fr\/wp-json\/wp\/v2\/pages\/9266\/revisions\/9268"}],"up":[{"embeddable":true,"href":"https:\/\/bnuto.cultura.gov.it\/fr\/wp-json\/wp\/v2\/pages\/8282"}],"wp:featuredmedia":[{"embeddable":true,"href":"https:\/\/bnuto.cultura.gov.it\/fr\/wp-json\/wp\/v2\/media\/6596"}],"wp:attachment":[{"href":"https:\/\/bnuto.cultura.gov.it\/fr\/wp-json\/wp\/v2\/media?parent=9266"}],"wp:term":[{"taxonomy":"category_page","embeddable":true,"href":"https:\/\/bnuto.cultura.gov.it\/fr\/wp-json\/wp\/v2\/category_page?post=9266"}],"curies":[{"name":"wp","href":"https:\/\/api.w.org\/{rel}","templated":true}]}}