{"id":9278,"date":"2022-10-25T11:42:03","date_gmt":"2022-10-25T09:42:03","guid":{"rendered":"https:\/\/bnuto.cultura.gov.it\/visitez-la-bibliotheque\/fondation-luigi-firpo\/"},"modified":"2026-02-27T11:14:59","modified_gmt":"2026-02-27T10:14:59","slug":"fondation-luigi-firpo","status":"publish","type":"page","link":"https:\/\/bnuto.cultura.gov.it\/fr\/visitez-la-bibliotheque\/fondation-luigi-firpo\/","title":{"rendered":"Fondation Luigi Firpo"},"content":{"rendered":"<section class=\"l-section wpb_row height_auto\"><div class=\"l-section-h i-cf\"><div class=\"g-cols vc_row via_flex valign_top type_default stacking_default\"><div class=\"vc_col-sm-12 wpb_column vc_column_container\"><div class=\"vc_column-inner\"><div class=\"wpb_wrapper\"><div class=\"wpb_text_column\"><div class=\"wpb_wrapper\"><p><strong>Situation :<\/strong> Premier \u00e9tage<\/p>\n<p>Acc\u00e8s <strong>:<\/strong><br \/>\nL&#8217;acc\u00e8s \u00e0 la biblioth\u00e8que de la Fondation est soumis \u00e0 une inscription avec une pi\u00e8ce d&#8217;identit\u00e9. Pour la consultation du fonds ancien, une lettre d&#8217;introduction motiv\u00e9e et sign\u00e9e par un universitaire, sur papier \u00e0 en-t\u00eate de l&#8217;universit\u00e9 ou de l&#8217;organisme de recherche, est n\u00e9cessaire.<\/p>\n<p><strong>Services :<\/strong><br \/>\nDans la salle d&#8217;\u00e9tude de la Fondation, il est possible de :<br \/>\nconsulter les livres des collections<br \/>\nreproduire les \u0153uvres appartenant \u00e0 la Biblioth\u00e8que pour un usage personnel et \u00e0 des fins d&#8217;\u00e9tude, dans le respect de la l\u00e9gislation en vigueur sur les droits d&#8217;auteur et les exigences de conservation<br \/>\nIl est conseill\u00e9 de faire une r\u00e9servation par e-mail, en indiquant les volumes que vous souhaitez consulter ; le catalogue peut \u00eatre consult\u00e9 en ligne sur le site web. Il n&#8217;y a pas de service de pr\u00eat mais il est possible d&#8217;acc\u00e9der \u00e0 la livraison de <em>documents<\/em> (DD) &#8211; livraison de documents envoy\u00e9s en Italie et \u00e0 l&#8217;\u00e9tranger.<br \/>\nUn service de <em>r\u00e9f\u00e9rence<\/em> est assur\u00e9 par le personnel.<br \/>\nDans la salle de s\u00e9minaire, la Fondation organise des r\u00e9unions publiques telles que des conf\u00e9rences, des congr\u00e8s et des cours magistraux qui sont accessibles sans inscription. Pour obtenir des informations sur les initiatives, vous pouvez vous inscrire sur la liste de diffusion en contactant le secr\u00e9tariat.<\/p>\n<\/div><\/div><\/div><\/div><\/div><\/div><\/div><\/section>\n","protected":false},"excerpt":{"rendered":"Situation : Premier \u00e9tage Acc\u00e8s : L&#8217;acc\u00e8s \u00e0 la biblioth\u00e8que de la Fondation est soumis \u00e0 une inscription avec une pi\u00e8ce d&#8217;identit\u00e9. Pour la consultation du fonds ancien, une lettre d&#8217;introduction motiv\u00e9e et sign\u00e9e par un universitaire, sur papier \u00e0 en-t\u00eate de l&#8217;universit\u00e9 ou de l&#8217;organisme de recherche, est n\u00e9cessaire. Services : Dans la salle...","protected":false},"author":7,"featured_media":0,"parent":8282,"menu_order":6,"comment_status":"closed","ping_status":"closed","template":"","meta":{"_acf_changed":false,"footnotes":""},"category_page":[],"class_list":["post-9278","page","type-page","status-publish","hentry"],"acf":[],"yoast_head":"<!-- This site is optimized with the Yoast SEO plugin v27.4 - https:\/\/yoast.com\/product\/yoast-seo-wordpress\/ -->\n<title>Fondation Luigi Firpo | Visitez la biblioth\u00e8que | Biblioteca Nazionale Universitaria di Torino<\/title>\n<meta name=\"robots\" content=\"index, follow, max-snippet:-1, max-image-preview:large, max-video-preview:-1\" \/>\n<link rel=\"canonical\" href=\"https:\/\/bnuto.cultura.gov.it\/fr\/visitez-la-bibliotheque\/fondation-luigi-firpo\/\" \/>\n<meta property=\"og:locale\" content=\"fr_FR\" \/>\n<meta property=\"og:type\" content=\"article\" \/>\n<meta property=\"og:title\" content=\"Fondation Luigi Firpo | Visitez la biblioth\u00e8que | Biblioteca Nazionale Universitaria di Torino\" \/>\n<meta property=\"og:url\" content=\"https:\/\/bnuto.cultura.gov.it\/fr\/visitez-la-bibliotheque\/fondation-luigi-firpo\/\" \/>\n<meta property=\"og:site_name\" content=\"Biblioteca Nazionale Universitaria di Torino\" \/>\n<meta property=\"article:modified_time\" content=\"2026-02-27T10:14:59+00:00\" \/>\n<meta name=\"twitter:card\" content=\"summary_large_image\" \/>\n<meta name=\"twitter:label1\" content=\"Est. reading time\" \/>\n\t<meta name=\"twitter:data1\" content=\"2 minutes\" \/>\n<script type=\"application\/ld+json\" class=\"yoast-schema-graph\">{\"@context\":\"https:\\\/\\\/schema.org\",\"@graph\":[{\"@type\":\"WebPage\",\"@id\":\"https:\\\/\\\/bnuto.cultura.gov.it\\\/fr\\\/visitez-la-bibliotheque\\\/fondation-luigi-firpo\\\/\",\"url\":\"https:\\\/\\\/bnuto.cultura.gov.it\\\/fr\\\/visitez-la-bibliotheque\\\/fondation-luigi-firpo\\\/\",\"name\":\"Fondation Luigi Firpo | Visitez la biblioth\u00e8que | Biblioteca Nazionale Universitaria di Torino\",\"isPartOf\":{\"@id\":\"https:\\\/\\\/bnuto.cultura.gov.it\\\/fr\\\/#website\"},\"datePublished\":\"2022-10-25T09:42:03+00:00\",\"dateModified\":\"2026-02-27T10:14:59+00:00\",\"breadcrumb\":{\"@id\":\"https:\\\/\\\/bnuto.cultura.gov.it\\\/fr\\\/visitez-la-bibliotheque\\\/fondation-luigi-firpo\\\/#breadcrumb\"},\"inLanguage\":\"fr-FR\",\"potentialAction\":[{\"@type\":\"ReadAction\",\"target\":[\"https:\\\/\\\/bnuto.cultura.gov.it\\\/fr\\\/visitez-la-bibliotheque\\\/fondation-luigi-firpo\\\/\"]}]},{\"@type\":\"BreadcrumbList\",\"@id\":\"https:\\\/\\\/bnuto.cultura.gov.it\\\/fr\\\/visitez-la-bibliotheque\\\/fondation-luigi-firpo\\\/#breadcrumb\",\"itemListElement\":[{\"@type\":\"ListItem\",\"position\":1,\"name\":\"Home\",\"item\":\"https:\\\/\\\/bnuto.cultura.gov.it\\\/fr\\\/\"},{\"@type\":\"ListItem\",\"position\":2,\"name\":\"Visitez la biblioth\u00e8que\",\"item\":\"https:\\\/\\\/bnuto.cultura.gov.it\\\/fr\\\/visitez-la-bibliotheque\\\/\"},{\"@type\":\"ListItem\",\"position\":3,\"name\":\"Fondation Luigi Firpo\"}]},{\"@type\":\"WebSite\",\"@id\":\"https:\\\/\\\/bnuto.cultura.gov.it\\\/fr\\\/#website\",\"url\":\"https:\\\/\\\/bnuto.cultura.gov.it\\\/fr\\\/\",\"name\":\"Biblioteca Nazionale Universitaria di Torino\",\"description\":\"Un nuovo sito targato WordPress\",\"publisher\":{\"@id\":\"https:\\\/\\\/bnuto.cultura.gov.it\\\/fr\\\/#organization\"},\"potentialAction\":[{\"@type\":\"SearchAction\",\"target\":{\"@type\":\"EntryPoint\",\"urlTemplate\":\"https:\\\/\\\/bnuto.cultura.gov.it\\\/fr\\\/?s={search_term_string}\"},\"query-input\":{\"@type\":\"PropertyValueSpecification\",\"valueRequired\":true,\"valueName\":\"search_term_string\"}}],\"inLanguage\":\"fr-FR\"},{\"@type\":\"Organization\",\"@id\":\"https:\\\/\\\/bnuto.cultura.gov.it\\\/fr\\\/#organization\",\"name\":\"Biblioteca Nazionale Universitaria di Torino\",\"url\":\"https:\\\/\\\/bnuto.cultura.gov.it\\\/fr\\\/\",\"logo\":{\"@type\":\"ImageObject\",\"inLanguage\":\"fr-FR\",\"@id\":\"https:\\\/\\\/bnuto.cultura.gov.it\\\/fr\\\/#\\\/schema\\\/logo\\\/image\\\/\",\"url\":\"https:\\\/\\\/bnuto.cultura.gov.it\\\/wp-content\\\/uploads\\\/2022\\\/10\\\/logo-biblioteca-nazionale-nero.png\",\"contentUrl\":\"https:\\\/\\\/bnuto.cultura.gov.it\\\/wp-content\\\/uploads\\\/2022\\\/10\\\/logo-biblioteca-nazionale-nero.png\",\"width\":70,\"height\":77,\"caption\":\"Biblioteca Nazionale Universitaria di Torino\"},\"image\":{\"@id\":\"https:\\\/\\\/bnuto.cultura.gov.it\\\/fr\\\/#\\\/schema\\\/logo\\\/image\\\/\"}}]}<\/script>\n<!-- \/ Yoast SEO plugin. -->","yoast_head_json":{"title":"Fondation Luigi Firpo | Visitez la biblioth\u00e8que | Biblioteca Nazionale Universitaria di Torino","robots":{"index":"index","follow":"follow","max-snippet":"max-snippet:-1","max-image-preview":"max-image-preview:large","max-video-preview":"max-video-preview:-1"},"canonical":"https:\/\/bnuto.cultura.gov.it\/fr\/visitez-la-bibliotheque\/fondation-luigi-firpo\/","og_locale":"fr_FR","og_type":"article","og_title":"Fondation Luigi Firpo | Visitez la biblioth\u00e8que | Biblioteca Nazionale Universitaria di Torino","og_url":"https:\/\/bnuto.cultura.gov.it\/fr\/visitez-la-bibliotheque\/fondation-luigi-firpo\/","og_site_name":"Biblioteca Nazionale Universitaria di Torino","article_modified_time":"2026-02-27T10:14:59+00:00","twitter_card":"summary_large_image","twitter_misc":{"Est. reading time":"2 minutes"},"schema":{"@context":"https:\/\/schema.org","@graph":[{"@type":"WebPage","@id":"https:\/\/bnuto.cultura.gov.it\/fr\/visitez-la-bibliotheque\/fondation-luigi-firpo\/","url":"https:\/\/bnuto.cultura.gov.it\/fr\/visitez-la-bibliotheque\/fondation-luigi-firpo\/","name":"Fondation Luigi Firpo | Visitez la biblioth\u00e8que | Biblioteca Nazionale Universitaria di Torino","isPartOf":{"@id":"https:\/\/bnuto.cultura.gov.it\/fr\/#website"},"datePublished":"2022-10-25T09:42:03+00:00","dateModified":"2026-02-27T10:14:59+00:00","breadcrumb":{"@id":"https:\/\/bnuto.cultura.gov.it\/fr\/visitez-la-bibliotheque\/fondation-luigi-firpo\/#breadcrumb"},"inLanguage":"fr-FR","potentialAction":[{"@type":"ReadAction","target":["https:\/\/bnuto.cultura.gov.it\/fr\/visitez-la-bibliotheque\/fondation-luigi-firpo\/"]}]},{"@type":"BreadcrumbList","@id":"https:\/\/bnuto.cultura.gov.it\/fr\/visitez-la-bibliotheque\/fondation-luigi-firpo\/#breadcrumb","itemListElement":[{"@type":"ListItem","position":1,"name":"Home","item":"https:\/\/bnuto.cultura.gov.it\/fr\/"},{"@type":"ListItem","position":2,"name":"Visitez la biblioth\u00e8que","item":"https:\/\/bnuto.cultura.gov.it\/fr\/visitez-la-bibliotheque\/"},{"@type":"ListItem","position":3,"name":"Fondation Luigi Firpo"}]},{"@type":"WebSite","@id":"https:\/\/bnuto.cultura.gov.it\/fr\/#website","url":"https:\/\/bnuto.cultura.gov.it\/fr\/","name":"Biblioteca Nazionale Universitaria di Torino","description":"Un nuovo sito targato WordPress","publisher":{"@id":"https:\/\/bnuto.cultura.gov.it\/fr\/#organization"},"potentialAction":[{"@type":"SearchAction","target":{"@type":"EntryPoint","urlTemplate":"https:\/\/bnuto.cultura.gov.it\/fr\/?s={search_term_string}"},"query-input":{"@type":"PropertyValueSpecification","valueRequired":true,"valueName":"search_term_string"}}],"inLanguage":"fr-FR"},{"@type":"Organization","@id":"https:\/\/bnuto.cultura.gov.it\/fr\/#organization","name":"Biblioteca Nazionale Universitaria di Torino","url":"https:\/\/bnuto.cultura.gov.it\/fr\/","logo":{"@type":"ImageObject","inLanguage":"fr-FR","@id":"https:\/\/bnuto.cultura.gov.it\/fr\/#\/schema\/logo\/image\/","url":"https:\/\/bnuto.cultura.gov.it\/wp-content\/uploads\/2022\/10\/logo-biblioteca-nazionale-nero.png","contentUrl":"https:\/\/bnuto.cultura.gov.it\/wp-content\/uploads\/2022\/10\/logo-biblioteca-nazionale-nero.png","width":70,"height":77,"caption":"Biblioteca Nazionale Universitaria di Torino"},"image":{"@id":"https:\/\/bnuto.cultura.gov.it\/fr\/#\/schema\/logo\/image\/"}}]}},"_links":{"self":[{"href":"https:\/\/bnuto.cultura.gov.it\/fr\/wp-json\/wp\/v2\/pages\/9278","targetHints":{"allow":["GET"]}}],"collection":[{"href":"https:\/\/bnuto.cultura.gov.it\/fr\/wp-json\/wp\/v2\/pages"}],"about":[{"href":"https:\/\/bnuto.cultura.gov.it\/fr\/wp-json\/wp\/v2\/types\/page"}],"author":[{"embeddable":true,"href":"https:\/\/bnuto.cultura.gov.it\/fr\/wp-json\/wp\/v2\/users\/7"}],"replies":[{"embeddable":true,"href":"https:\/\/bnuto.cultura.gov.it\/fr\/wp-json\/wp\/v2\/comments?post=9278"}],"version-history":[{"count":3,"href":"https:\/\/bnuto.cultura.gov.it\/fr\/wp-json\/wp\/v2\/pages\/9278\/revisions"}],"predecessor-version":[{"id":9871,"href":"https:\/\/bnuto.cultura.gov.it\/fr\/wp-json\/wp\/v2\/pages\/9278\/revisions\/9871"}],"up":[{"embeddable":true,"href":"https:\/\/bnuto.cultura.gov.it\/fr\/wp-json\/wp\/v2\/pages\/8282"}],"wp:attachment":[{"href":"https:\/\/bnuto.cultura.gov.it\/fr\/wp-json\/wp\/v2\/media?parent=9278"}],"wp:term":[{"taxonomy":"category_page","embeddable":true,"href":"https:\/\/bnuto.cultura.gov.it\/fr\/wp-json\/wp\/v2\/category_page?post=9278"}],"curies":[{"name":"wp","href":"https:\/\/api.w.org\/{rel}","templated":true}]}}