{"id":9485,"date":"2026-02-10T17:01:08","date_gmt":"2026-02-10T16:01:08","guid":{"rendered":"https:\/\/bnuto.cultura.gov.it\/partenariats\/fondation-luigi-firpo\/"},"modified":"2026-02-27T11:15:27","modified_gmt":"2026-02-27T10:15:27","slug":"fondation-luigi-firpo","status":"publish","type":"page","link":"https:\/\/bnuto.cultura.gov.it\/fr\/partenariats\/fondation-luigi-firpo\/","title":{"rendered":"Fondation Luigi Firpo"},"content":{"rendered":"<section class=\"l-section wpb_row height_auto\"><div class=\"l-section-h i-cf\"><div class=\"g-cols vc_row via_flex valign_top type_default stacking_default\"><div class=\"vc_col-sm-12 wpb_column vc_column_container\"><div class=\"vc_column-inner\"><div class=\"wpb_wrapper\"><div class=\"wpb_text_column\"><div class=\"wpb_wrapper\"><p>La Fondation Luigi Firpo, cr\u00e9\u00e9e en 1989, est li\u00e9e au nom et \u00e0 l&#8217;activit\u00e9 scientifique multiforme de Luigi Firpo, sp\u00e9cialiste des doctrines politiques.<\/p>\n<p>La Fondation organise des s\u00e9minaires, des conf\u00e9rences et des expos\u00e9s dans le hall, qui sont accessibles sans inscription. Pour obtenir des informations sur les initiatives, vous pouvez vous inscrire sur la liste de diffusion en contactant le secr\u00e9tariat.<\/p>\n<p>Elle est \u00e9galement possible dans la salle d&#8217;\u00e9tude de la Fondation :<\/p>\n<ul>\n<li>consulter les ouvrages des collections ;<\/li>\n<li>reproduire par leurs propres moyens les \u0153uvres appartenant \u00e0 la Biblioth\u00e8que pour leur usage personnel et \u00e0 des fins d&#8217;\u00e9tude, dans le respect de la l\u00e9gislation en vigueur en mati\u00e8re de droits d&#8217;auteur et des exigences de conservation.<\/li>\n<\/ul>\n<p><span>Il est conseill\u00e9 de r\u00e9server par e-mail en indiquant les volumes que vous souhaitez consulter ; le catalogue peut \u00eatre consult\u00e9 en ligne sur le site web. Il n&#8217;y a pas de service de pr\u00eat, mais il est possible d&#8217;acc\u00e9der \u00e0 la livraison de documents (DD) &#8211; livraison de documents envoy\u00e9s en Italie et \u00e0 l&#8217;\u00e9tranger &#8211; assur\u00e9e par le personnel du service de r\u00e9f\u00e9rence. <\/span><\/p>\n<\/div><\/div><\/div><\/div><\/div><\/div><\/div><\/section>\n","protected":false},"excerpt":{"rendered":"La Fondation Luigi Firpo, cr\u00e9\u00e9e en 1989, est li\u00e9e au nom et \u00e0 l&#8217;activit\u00e9 scientifique multiforme de Luigi Firpo, sp\u00e9cialiste des doctrines politiques. La Fondation organise des s\u00e9minaires, des conf\u00e9rences et des expos\u00e9s dans le hall, qui sont accessibles sans inscription. Pour obtenir des informations sur les initiatives, vous pouvez vous inscrire sur la liste...","protected":false},"author":25,"featured_media":0,"parent":8912,"menu_order":5,"comment_status":"closed","ping_status":"closed","template":"","meta":{"_acf_changed":false,"footnotes":""},"category_page":[],"class_list":["post-9485","page","type-page","status-publish","hentry"],"acf":[],"yoast_head":"<!-- This site is optimized with the Yoast SEO plugin v27.6 - https:\/\/yoast.com\/product\/yoast-seo-wordpress\/ -->\n<title>Fondation Luigi Firpo | Partenariats | Biblioteca Nazionale Universitaria di Torino<\/title>\n<meta name=\"description\" content=\"La Fondation Luigi Firpo, cr\u00e9\u00e9e en 1989, est li\u00e9e au nom et \u00e0 l&#039;activit\u00e9 scientifique multiforme de Luigi Firpo\" \/>\n<meta name=\"robots\" content=\"index, follow, max-snippet:-1, max-image-preview:large, max-video-preview:-1\" \/>\n<link rel=\"canonical\" href=\"https:\/\/bnuto.cultura.gov.it\/fr\/partenariats\/fondation-luigi-firpo\/\" \/>\n<meta property=\"og:locale\" content=\"fr_FR\" \/>\n<meta property=\"og:type\" content=\"article\" \/>\n<meta property=\"og:title\" content=\"Fondation Luigi Firpo | Partenariats | Biblioteca Nazionale Universitaria di Torino\" \/>\n<meta property=\"og:description\" content=\"La Fondation Luigi Firpo, cr\u00e9\u00e9e en 1989, est li\u00e9e au nom et \u00e0 l&#039;activit\u00e9 scientifique multiforme de Luigi Firpo\" \/>\n<meta property=\"og:url\" content=\"https:\/\/bnuto.cultura.gov.it\/fr\/partenariats\/fondation-luigi-firpo\/\" \/>\n<meta property=\"og:site_name\" content=\"Biblioteca Nazionale Universitaria di Torino\" \/>\n<meta property=\"article:modified_time\" content=\"2026-02-27T10:15:27+00:00\" \/>\n<meta name=\"twitter:card\" content=\"summary_large_image\" \/>\n<meta name=\"twitter:label1\" content=\"Est. reading time\" \/>\n\t<meta name=\"twitter:data1\" content=\"1 minute\" \/>\n<script type=\"application\/ld+json\" class=\"yoast-schema-graph\">{\"@context\":\"https:\\\/\\\/schema.org\",\"@graph\":[{\"@type\":\"WebPage\",\"@id\":\"https:\\\/\\\/bnuto.cultura.gov.it\\\/fr\\\/partenariats\\\/fondation-luigi-firpo\\\/\",\"url\":\"https:\\\/\\\/bnuto.cultura.gov.it\\\/fr\\\/partenariats\\\/fondation-luigi-firpo\\\/\",\"name\":\"Fondation Luigi Firpo | Partenariats | Biblioteca Nazionale Universitaria di Torino\",\"isPartOf\":{\"@id\":\"https:\\\/\\\/bnuto.cultura.gov.it\\\/fr\\\/#website\"},\"datePublished\":\"2026-02-10T16:01:08+00:00\",\"dateModified\":\"2026-02-27T10:15:27+00:00\",\"description\":\"La Fondation Luigi Firpo, cr\u00e9\u00e9e en 1989, est li\u00e9e au nom et \u00e0 l'activit\u00e9 scientifique multiforme de Luigi Firpo\",\"breadcrumb\":{\"@id\":\"https:\\\/\\\/bnuto.cultura.gov.it\\\/fr\\\/partenariats\\\/fondation-luigi-firpo\\\/#breadcrumb\"},\"inLanguage\":\"fr-FR\",\"potentialAction\":[{\"@type\":\"ReadAction\",\"target\":[\"https:\\\/\\\/bnuto.cultura.gov.it\\\/fr\\\/partenariats\\\/fondation-luigi-firpo\\\/\"]}]},{\"@type\":\"BreadcrumbList\",\"@id\":\"https:\\\/\\\/bnuto.cultura.gov.it\\\/fr\\\/partenariats\\\/fondation-luigi-firpo\\\/#breadcrumb\",\"itemListElement\":[{\"@type\":\"ListItem\",\"position\":1,\"name\":\"Home\",\"item\":\"https:\\\/\\\/bnuto.cultura.gov.it\\\/fr\\\/\"},{\"@type\":\"ListItem\",\"position\":2,\"name\":\"Partenariats\",\"item\":\"https:\\\/\\\/bnuto.cultura.gov.it\\\/fr\\\/partenariats\\\/\"},{\"@type\":\"ListItem\",\"position\":3,\"name\":\"Fondation Luigi Firpo\"}]},{\"@type\":\"WebSite\",\"@id\":\"https:\\\/\\\/bnuto.cultura.gov.it\\\/fr\\\/#website\",\"url\":\"https:\\\/\\\/bnuto.cultura.gov.it\\\/fr\\\/\",\"name\":\"Biblioteca Nazionale Universitaria di Torino\",\"description\":\"Un nuovo sito targato WordPress\",\"publisher\":{\"@id\":\"https:\\\/\\\/bnuto.cultura.gov.it\\\/fr\\\/#organization\"},\"potentialAction\":[{\"@type\":\"SearchAction\",\"target\":{\"@type\":\"EntryPoint\",\"urlTemplate\":\"https:\\\/\\\/bnuto.cultura.gov.it\\\/fr\\\/?s={search_term_string}\"},\"query-input\":{\"@type\":\"PropertyValueSpecification\",\"valueRequired\":true,\"valueName\":\"search_term_string\"}}],\"inLanguage\":\"fr-FR\"},{\"@type\":\"Organization\",\"@id\":\"https:\\\/\\\/bnuto.cultura.gov.it\\\/fr\\\/#organization\",\"name\":\"Biblioteca Nazionale Universitaria di Torino\",\"url\":\"https:\\\/\\\/bnuto.cultura.gov.it\\\/fr\\\/\",\"logo\":{\"@type\":\"ImageObject\",\"inLanguage\":\"fr-FR\",\"@id\":\"https:\\\/\\\/bnuto.cultura.gov.it\\\/fr\\\/#\\\/schema\\\/logo\\\/image\\\/\",\"url\":\"https:\\\/\\\/bnuto.cultura.gov.it\\\/wp-content\\\/uploads\\\/2022\\\/10\\\/logo-biblioteca-nazionale-nero.png\",\"contentUrl\":\"https:\\\/\\\/bnuto.cultura.gov.it\\\/wp-content\\\/uploads\\\/2022\\\/10\\\/logo-biblioteca-nazionale-nero.png\",\"width\":70,\"height\":77,\"caption\":\"Biblioteca Nazionale Universitaria di Torino\"},\"image\":{\"@id\":\"https:\\\/\\\/bnuto.cultura.gov.it\\\/fr\\\/#\\\/schema\\\/logo\\\/image\\\/\"}}]}<\/script>\n<!-- \/ Yoast SEO plugin. -->","yoast_head_json":{"title":"Fondation Luigi Firpo | Partenariats | Biblioteca Nazionale Universitaria di Torino","description":"La Fondation Luigi Firpo, cr\u00e9\u00e9e en 1989, est li\u00e9e au nom et \u00e0 l'activit\u00e9 scientifique multiforme de Luigi Firpo","robots":{"index":"index","follow":"follow","max-snippet":"max-snippet:-1","max-image-preview":"max-image-preview:large","max-video-preview":"max-video-preview:-1"},"canonical":"https:\/\/bnuto.cultura.gov.it\/fr\/partenariats\/fondation-luigi-firpo\/","og_locale":"fr_FR","og_type":"article","og_title":"Fondation Luigi Firpo | Partenariats | Biblioteca Nazionale Universitaria di Torino","og_description":"La Fondation Luigi Firpo, cr\u00e9\u00e9e en 1989, est li\u00e9e au nom et \u00e0 l'activit\u00e9 scientifique multiforme de Luigi Firpo","og_url":"https:\/\/bnuto.cultura.gov.it\/fr\/partenariats\/fondation-luigi-firpo\/","og_site_name":"Biblioteca Nazionale Universitaria di Torino","article_modified_time":"2026-02-27T10:15:27+00:00","twitter_card":"summary_large_image","twitter_misc":{"Est. reading time":"1 minute"},"schema":{"@context":"https:\/\/schema.org","@graph":[{"@type":"WebPage","@id":"https:\/\/bnuto.cultura.gov.it\/fr\/partenariats\/fondation-luigi-firpo\/","url":"https:\/\/bnuto.cultura.gov.it\/fr\/partenariats\/fondation-luigi-firpo\/","name":"Fondation Luigi Firpo | Partenariats | Biblioteca Nazionale Universitaria di Torino","isPartOf":{"@id":"https:\/\/bnuto.cultura.gov.it\/fr\/#website"},"datePublished":"2026-02-10T16:01:08+00:00","dateModified":"2026-02-27T10:15:27+00:00","description":"La Fondation Luigi Firpo, cr\u00e9\u00e9e en 1989, est li\u00e9e au nom et \u00e0 l'activit\u00e9 scientifique multiforme de Luigi Firpo","breadcrumb":{"@id":"https:\/\/bnuto.cultura.gov.it\/fr\/partenariats\/fondation-luigi-firpo\/#breadcrumb"},"inLanguage":"fr-FR","potentialAction":[{"@type":"ReadAction","target":["https:\/\/bnuto.cultura.gov.it\/fr\/partenariats\/fondation-luigi-firpo\/"]}]},{"@type":"BreadcrumbList","@id":"https:\/\/bnuto.cultura.gov.it\/fr\/partenariats\/fondation-luigi-firpo\/#breadcrumb","itemListElement":[{"@type":"ListItem","position":1,"name":"Home","item":"https:\/\/bnuto.cultura.gov.it\/fr\/"},{"@type":"ListItem","position":2,"name":"Partenariats","item":"https:\/\/bnuto.cultura.gov.it\/fr\/partenariats\/"},{"@type":"ListItem","position":3,"name":"Fondation Luigi Firpo"}]},{"@type":"WebSite","@id":"https:\/\/bnuto.cultura.gov.it\/fr\/#website","url":"https:\/\/bnuto.cultura.gov.it\/fr\/","name":"Biblioteca Nazionale Universitaria di Torino","description":"Un nuovo sito targato WordPress","publisher":{"@id":"https:\/\/bnuto.cultura.gov.it\/fr\/#organization"},"potentialAction":[{"@type":"SearchAction","target":{"@type":"EntryPoint","urlTemplate":"https:\/\/bnuto.cultura.gov.it\/fr\/?s={search_term_string}"},"query-input":{"@type":"PropertyValueSpecification","valueRequired":true,"valueName":"search_term_string"}}],"inLanguage":"fr-FR"},{"@type":"Organization","@id":"https:\/\/bnuto.cultura.gov.it\/fr\/#organization","name":"Biblioteca Nazionale Universitaria di Torino","url":"https:\/\/bnuto.cultura.gov.it\/fr\/","logo":{"@type":"ImageObject","inLanguage":"fr-FR","@id":"https:\/\/bnuto.cultura.gov.it\/fr\/#\/schema\/logo\/image\/","url":"https:\/\/bnuto.cultura.gov.it\/wp-content\/uploads\/2022\/10\/logo-biblioteca-nazionale-nero.png","contentUrl":"https:\/\/bnuto.cultura.gov.it\/wp-content\/uploads\/2022\/10\/logo-biblioteca-nazionale-nero.png","width":70,"height":77,"caption":"Biblioteca Nazionale Universitaria di Torino"},"image":{"@id":"https:\/\/bnuto.cultura.gov.it\/fr\/#\/schema\/logo\/image\/"}}]}},"_links":{"self":[{"href":"https:\/\/bnuto.cultura.gov.it\/fr\/wp-json\/wp\/v2\/pages\/9485","targetHints":{"allow":["GET"]}}],"collection":[{"href":"https:\/\/bnuto.cultura.gov.it\/fr\/wp-json\/wp\/v2\/pages"}],"about":[{"href":"https:\/\/bnuto.cultura.gov.it\/fr\/wp-json\/wp\/v2\/types\/page"}],"author":[{"embeddable":true,"href":"https:\/\/bnuto.cultura.gov.it\/fr\/wp-json\/wp\/v2\/users\/25"}],"replies":[{"embeddable":true,"href":"https:\/\/bnuto.cultura.gov.it\/fr\/wp-json\/wp\/v2\/comments?post=9485"}],"version-history":[{"count":2,"href":"https:\/\/bnuto.cultura.gov.it\/fr\/wp-json\/wp\/v2\/pages\/9485\/revisions"}],"predecessor-version":[{"id":9487,"href":"https:\/\/bnuto.cultura.gov.it\/fr\/wp-json\/wp\/v2\/pages\/9485\/revisions\/9487"}],"up":[{"embeddable":true,"href":"https:\/\/bnuto.cultura.gov.it\/fr\/wp-json\/wp\/v2\/pages\/8912"}],"wp:attachment":[{"href":"https:\/\/bnuto.cultura.gov.it\/fr\/wp-json\/wp\/v2\/media?parent=9485"}],"wp:term":[{"taxonomy":"category_page","embeddable":true,"href":"https:\/\/bnuto.cultura.gov.it\/fr\/wp-json\/wp\/v2\/category_page?post=9485"}],"curies":[{"name":"wp","href":"https:\/\/api.w.org\/{rel}","templated":true}]}}